{"id":1919,"date":"2021-08-03T15:58:03","date_gmt":"2021-08-03T15:58:03","guid":{"rendered":"https:\/\/www.acto-tunisie.com\/?post_type=product&#038;p=1919"},"modified":"2021-08-03T15:58:03","modified_gmt":"2021-08-03T15:58:03","slug":"acto-baby-spray","status":"publish","type":"product","link":"https:\/\/www.acto-tunisie.com\/fr\/produit\/acto-baby-spray\/","title":{"rendered":"ACTO\u00ae BABY SPRAY"},"content":{"rendered":"<p class=\" translation-block\"><strong>ACTO<\/strong><strong><sup>\u00ae<\/sup><\/strong><strong>&nbsp;Baby Spray<\/strong>, is used to clean the diaper area of your baby when you change the diaper. It is suitable even for the most sensitive skins due to its non-irritating and safe formulation. It cleans and moistens the skin that helps to reduce the skin tension<\/p>\n<p>Il peut \u00eatre utilis\u00e9 sur toute la peau, \u00e0 l'exception du visage.<\/p>\n<p class=\" translation-block\"><strong>ACTO<\/strong><strong><sup>\u00ae<\/sup><\/strong><strong>&nbsp;Baby Spray<\/strong>, is used to cleanse the diaper area of your baby and protects against diaper rashes. The non \u2013 irritant and safe formulation is ideal for sensitive skin. It cleans and moisturizes the sensitive baby skin. This solution in an ideal formulation is able to prevent the formation of the diaper rash and irritation.<\/p>\n<p>\u00c9viter la sensation de br\u00fblure. R\u00e9duction de la tension de la peau et \u00e9limination de la raideur. Convient \u00e0 toute la peau sauf le visage.<\/p>\n<hr \/>\n<p><strong>Composition chimique<\/strong><\/p>\n<p>Aqua, Propyl\u00e8ne Glycol, Poloxamer 188, Panthenol, Polyaminpropyl biguanide.<\/p>\n<hr \/>\n<p><strong>M\u00e9thode d'utilisation.<\/strong><\/p>\n<p class=\" translation-block\"><strong>ACTO<\/strong><strong><sup>\u00ae<\/sup><\/strong><strong>&nbsp;Baby Spray&nbsp;<\/strong>usage is practical and safe. It can be sprayed directly onto the diaper region and dried with a cotton or soft clean cloth.<\/p>\n<p>En option, la zone peut \u00eatre essuy\u00e9e en vaporisant du coton ou un tissu. Si votre b\u00e9b\u00e9 fait pipi, une ou deux lingettes suffisent<\/p>\n<p>Si votre b\u00e9b\u00e9 fait caca, vous devez d'abord nettoyer compl\u00e8tement la zone et appliquer le produit de nettoyage.<\/p>\n<hr \/>\n<p><strong>Emballage<\/strong><\/p>\n<table width=\"1120\">\n<thead>\n<tr>\n<td><strong>Unit\u00e9<\/strong><\/td>\n<td><strong>Pi\u00e8ces dans le carton<\/strong><\/td>\n<td><strong>Article n\u00b0.<\/strong><\/td>\n<\/tr>\n<\/thead>\n<tbody>\n<tr>\n<td>100 ml<\/td>\n<td>100<\/td>\n<td>08.4789.100<\/td>\n<\/tr>\n<\/tbody>\n<\/table>\n<p>&nbsp;<\/p>","protected":false},"excerpt":{"rendered":"<p><strong>Spray de soin pour la zone des couches<\/strong><\/p>\n<ul>\n<li>Prot\u00e8ge la peau sensible de votre b\u00e9b\u00e9 contre les influences ext\u00e9rieures.<\/li>\n<li>Nourrit la peau et emp\u00eache son dess\u00e8chement<\/li>\n<li>R\u00e9duit la tension de la peau et \u00e9limine la s\u00e9cheresse.<\/li>\n<li>Pr\u00e9vient les \u00e9ruptions et les irritations<\/li>\n<li>Prot\u00e8ge la peau de votre b\u00e9b\u00e9<\/li>\n<li>Utilisations pratiques<\/li>\n<li>Sans alcool et sans paraben<\/li>\n<li>Test\u00e9 et approuv\u00e9 par l'Institut allemand Dermatest.<\/li>\n<\/ul>\n<p>&nbsp;<\/p>","protected":false},"featured_media":1920,"comment_status":"open","ping_status":"closed","template":"","meta":{"spay_email":""},"product_cat":[164],"product_tag":[],"_links":{"self":[{"href":"https:\/\/www.acto-tunisie.com\/fr\/wp-json\/wp\/v2\/product\/1919"}],"collection":[{"href":"https:\/\/www.acto-tunisie.com\/fr\/wp-json\/wp\/v2\/product"}],"about":[{"href":"https:\/\/www.acto-tunisie.com\/fr\/wp-json\/wp\/v2\/types\/product"}],"replies":[{"embeddable":true,"href":"https:\/\/www.acto-tunisie.com\/fr\/wp-json\/wp\/v2\/comments?post=1919"}],"wp:featuredmedia":[{"embeddable":true,"href":"https:\/\/www.acto-tunisie.com\/fr\/wp-json\/wp\/v2\/media\/1920"}],"wp:attachment":[{"href":"https:\/\/www.acto-tunisie.com\/fr\/wp-json\/wp\/v2\/media?parent=1919"}],"wp:term":[{"taxonomy":"product_cat","embeddable":true,"href":"https:\/\/www.acto-tunisie.com\/fr\/wp-json\/wp\/v2\/product_cat?post=1919"},{"taxonomy":"product_tag","embeddable":true,"href":"https:\/\/www.acto-tunisie.com\/fr\/wp-json\/wp\/v2\/product_tag?post=1919"}],"curies":[{"name":"wp","href":"https:\/\/api.w.org\/{rel}","templated":true}]}}