{"id":1917,"date":"2021-08-03T15:56:10","date_gmt":"2021-08-03T15:56:10","guid":{"rendered":"https:\/\/www.acto-tunisie.com\/?post_type=product&#038;p=1917"},"modified":"2021-08-03T15:56:10","modified_gmt":"2021-08-03T15:56:10","slug":"acto-baby-gel","status":"publish","type":"product","link":"https:\/\/www.acto-tunisie.com\/fr\/produit\/acto-baby-gel\/","title":{"rendered":"ACTO\u00ae BABY GEL"},"content":{"rendered":"<p class=\" translation-block\"><strong>ACTO<\/strong><strong><sup>\u00ae<\/sup><\/strong><strong>&nbsp;Baby Gel<\/strong>, is used to moisten the diaper area of your baby when you change the diaper. It is suitable even for the most sensitive skins due to its non-irritating and safe formulation. It cleans and moistens the skin that helps to reduce the skin tension.<\/p>\n<p>Il peut \u00eatre utilis\u00e9 sur toute la peau, \u00e0 l'exception du visage.<\/p>\n<p>Il est utilis\u00e9 pour prot\u00e9ger la peau sensible de votre b\u00e9b\u00e9 des influences ext\u00e9rieures, pr\u00e9venir le d\u00e9veloppement de douleurs et d'\u00e9ruptions cutan\u00e9es dans la r\u00e9gion des couches. Il nourrit \u00e9galement la peau, pr\u00e9vient la d\u00e9shydratation, r\u00e9duit et \u00e9limine les tensions cutan\u00e9es. Il convient aux peaux les plus sensibles gr\u00e2ce \u00e0 sa formulation s\u00fbre et non irritante.<\/p>\n<hr \/>\n<p><strong>Composition chimique<\/strong><\/p>\n<p>Aqua, Glyc\u00e9rine, Hydroxyethylcellulose, Panthenol, Polyaminopropyl Biguanide, Poloxamer 407 ve Copolym\u00e8re Styr\u00e8ne\/Acrylates.<\/p>\n<hr \/>\n<p><strong>M\u00e9thode d'utilisation.<\/strong><\/p>\n<p>Il pr\u00e9vient la formation de l'\u00e9ryth\u00e8me fessier en gardant la zone propre et s\u00e8che. Remplacez imm\u00e9diatement les couches tremp\u00e9es et sales. Appliquez une quantit\u00e9 suffisante de gel pour b\u00e9b\u00e9 ACTO\u00ae \u00e0 chaque changement de couche. R\u00e9p\u00e9tez l'op\u00e9ration si n\u00e9cessaire.<\/p>\n<hr \/>\n<p><strong>Emballage<\/strong><\/p>\n<table width=\"1120\">\n<thead>\n<tr>\n<td><strong>Unit\u00e9<\/strong><\/td>\n<td><strong>Pi\u00e8ces dans le carton<\/strong><\/td>\n<td><strong>Article n\u00b0.<\/strong><\/td>\n<\/tr>\n<\/thead>\n<tbody>\n<tr>\n<td>50 ml<\/td>\n<td>100<\/td>\n<td>08.1096.50<\/td>\n<\/tr>\n<\/tbody>\n<\/table>\n<p>&nbsp;<\/p>","protected":false},"excerpt":{"rendered":"<p><strong>Gel de soin pour la zone des couches<\/strong><\/p>\n<ul>\n<li>Prot\u00e8ge la peau sensible de votre b\u00e9b\u00e9 contre les influences ext\u00e9rieures.<\/li>\n<li>Nourrit la peau et emp\u00eache son dess\u00e8chement<\/li>\n<li>R\u00e9duit la tension de la peau et \u00e9limine la s\u00e9cheresse.<\/li>\n<li>Pr\u00e9vient les \u00e9ruptions et les irritations<\/li>\n<li>Prot\u00e8ge la peau de votre b\u00e9b\u00e9<\/li>\n<li>Utilisations pratiques<\/li>\n<li>Sans alcool et sans paraben<\/li>\n<li>Test\u00e9 et approuv\u00e9 par l'Institut allemand Dermatest.<\/li>\n<\/ul>\n<p>&nbsp;<\/p>","protected":false},"featured_media":1918,"comment_status":"open","ping_status":"closed","template":"","meta":{"spay_email":""},"product_cat":[164],"product_tag":[],"_links":{"self":[{"href":"https:\/\/www.acto-tunisie.com\/fr\/wp-json\/wp\/v2\/product\/1917"}],"collection":[{"href":"https:\/\/www.acto-tunisie.com\/fr\/wp-json\/wp\/v2\/product"}],"about":[{"href":"https:\/\/www.acto-tunisie.com\/fr\/wp-json\/wp\/v2\/types\/product"}],"replies":[{"embeddable":true,"href":"https:\/\/www.acto-tunisie.com\/fr\/wp-json\/wp\/v2\/comments?post=1917"}],"wp:featuredmedia":[{"embeddable":true,"href":"https:\/\/www.acto-tunisie.com\/fr\/wp-json\/wp\/v2\/media\/1918"}],"wp:attachment":[{"href":"https:\/\/www.acto-tunisie.com\/fr\/wp-json\/wp\/v2\/media?parent=1917"}],"wp:term":[{"taxonomy":"product_cat","embeddable":true,"href":"https:\/\/www.acto-tunisie.com\/fr\/wp-json\/wp\/v2\/product_cat?post=1917"},{"taxonomy":"product_tag","embeddable":true,"href":"https:\/\/www.acto-tunisie.com\/fr\/wp-json\/wp\/v2\/product_tag?post=1917"}],"curies":[{"name":"wp","href":"https:\/\/api.w.org\/{rel}","templated":true}]}}