{"id":1915,"date":"2021-08-03T15:54:00","date_gmt":"2021-08-03T15:54:00","guid":{"rendered":"https:\/\/www.acto-tunisie.com\/?post_type=product&#038;p=1915"},"modified":"2021-08-03T15:54:00","modified_gmt":"2021-08-03T15:54:00","slug":"acto-aloe-vera-hand-cream","status":"publish","type":"product","link":"https:\/\/www.acto-tunisie.com\/fr\/produit\/acto-aloe-vera-hand-cream\/","title":{"rendered":"ACTO\u00ae ALOE VERA Hand Cream"},"content":{"rendered":"<p class=\" translation-block\"><strong>Acto<\/strong><strong><sup>\u00ae<\/sup><\/strong><strong>&nbsp;Aloe Vera&nbsp;<\/strong>Hand Cream, has regenerating and restorative properties for skin cells on the basis of the Aloe Vera extract. Due to its mild formulation, the hand cream is absorbed easily by the skin and provides longlasting moisturizing and soothing effects. Aloe Vera, the miraculous essence of nature is always with you now.<\/p>\n<hr \/>\n<p><strong>Composition chimique<\/strong><\/p>\n<p>Aqua, Paraffinum Liquidum, Cetearyl Alcohol, Ceteareth-25, Glyceril Stearate, Aloe Barbadensis Extract, EDTA, Parfum, Phenoxyethanol, Sodium Benzoate.<\/p>\n<hr \/>\n<p><strong>M\u00e9thode d'utilisation.<\/strong><\/p>\n<div class=\"panel panel-default\">\n<div id=\"a_properties\" class=\"panel-collapse collapse in\" role=\"tabpanel\" aria-labelledby=\"\">\n<div class=\"panel-body\">Appliquer une quantit\u00e9 de cr\u00e8me de la taille d'un petit pois sur des mains propres et s\u00e8ches et bien faire p\u00e9n\u00e9trer dans la peau \u00e0 chaque fois. R\u00e9guli\u00e8rement tout au long de la journ\u00e9e. Convient \u00e0 tous les types de peau.<\/div>\n<\/div>\n<\/div>\n<hr \/>\n<p><strong>Emballage<\/strong>\u200b<\/p>\n<table width=\"1120\">\n<thead>\n<tr>\n<td><strong>Unit\u00e9<\/strong><\/td>\n<td><strong>Pi\u00e8ces dans le carton<\/strong><\/td>\n<td><strong>Article n\u00b0.<\/strong><\/td>\n<\/tr>\n<\/thead>\n<tbody>\n<tr>\n<td data-title=\"Unit\">30 ml<\/td>\n<td data-title=\"Pieces in Box\"><\/td>\n<td data-title=\"Article-No.\">08.3285.30<\/td>\n<\/tr>\n<tr>\n<td data-title=\"Unit\">50 ml<\/td>\n<td data-title=\"Pieces in Box\">160<\/td>\n<td data-title=\"Article-No.\">08.3285.50<\/td>\n<\/tr>\n<\/tbody>\n<\/table>\n<p>&nbsp;<\/p>","protected":false},"excerpt":{"rendered":"<ul>\n<li>L'essence miraculeuse de la nature<\/li>\n<li>Absorb\u00e9 facilement par la peau<\/li>\n<li>Sans sentir l'adh\u00e9rence<\/li>\n<li>Convient \u00e0 tous les types de peau<\/li>\n<li>R\u00e9g\u00e9n\u00e9rant et r\u00e9parateur<\/li>\n<li>Effets hydratants et apaisants de longue dur\u00e9e<\/li>\n<\/ul>\n<p>&nbsp;<\/p>","protected":false},"featured_media":1916,"comment_status":"open","ping_status":"closed","template":"","meta":{"spay_email":""},"product_cat":[160],"product_tag":[],"_links":{"self":[{"href":"https:\/\/www.acto-tunisie.com\/fr\/wp-json\/wp\/v2\/product\/1915"}],"collection":[{"href":"https:\/\/www.acto-tunisie.com\/fr\/wp-json\/wp\/v2\/product"}],"about":[{"href":"https:\/\/www.acto-tunisie.com\/fr\/wp-json\/wp\/v2\/types\/product"}],"replies":[{"embeddable":true,"href":"https:\/\/www.acto-tunisie.com\/fr\/wp-json\/wp\/v2\/comments?post=1915"}],"wp:featuredmedia":[{"embeddable":true,"href":"https:\/\/www.acto-tunisie.com\/fr\/wp-json\/wp\/v2\/media\/1916"}],"wp:attachment":[{"href":"https:\/\/www.acto-tunisie.com\/fr\/wp-json\/wp\/v2\/media?parent=1915"}],"wp:term":[{"taxonomy":"product_cat","embeddable":true,"href":"https:\/\/www.acto-tunisie.com\/fr\/wp-json\/wp\/v2\/product_cat?post=1915"},{"taxonomy":"product_tag","embeddable":true,"href":"https:\/\/www.acto-tunisie.com\/fr\/wp-json\/wp\/v2\/product_tag?post=1915"}],"curies":[{"name":"wp","href":"https:\/\/api.w.org\/{rel}","templated":true}]}}