{"id":1913,"date":"2021-08-03T15:50:04","date_gmt":"2021-08-03T15:50:04","guid":{"rendered":"https:\/\/www.acto-tunisie.com\/?post_type=product&#038;p=1913"},"modified":"2021-08-03T15:50:04","modified_gmt":"2021-08-03T15:50:04","slug":"actodish-manuel","status":"publish","type":"product","link":"https:\/\/www.acto-tunisie.com\/fr\/produit\/actodish-manuel\/","title":{"rendered":"ACTODISH\u00ae MANUEL"},"content":{"rendered":"<p class=\" translation-block\"><strong><em>Actodish<\/em><\/strong><strong><em><sup>\u00ae<\/sup><\/em><\/strong><strong><em>&nbsp;Manuel&nbsp;<\/em><\/strong>is a manual dishwashing product designed for industrial kitchens. Its effective formula helps to clean off any tenacious dirt, stains and oil stains easily. Its highly foaming composition helps to deliver high performance during dishwashing. The pH-value is compatible with skin. It is pleasant-smelling, easy to rinse and leaves no spots.<\/p>\n<hr \/>\n<p><strong>Composition chimique<\/strong><\/p>\n<p>15 - 30% d'agent de surface anionique, < 5% d'agent de surface non ionique, < 5% d'agent de surface amphot\u00e8re, Limon\u00e8ne, conservateur<\/p>\n<hr \/>\n<p><strong>M\u00e9thode d'utilisation.<\/strong><\/p>\n<p>L'utilisation d'eau chaude donne des r\u00e9sultats plus efficaces. Apr\u00e8s avoir dissous une quantit\u00e9 ad\u00e9quate du produit dans l'eau, on proc\u00e8de au lavage \u00e0 l'aide d'une brosse et d'une \u00e9ponge. Le produit peut \u00eatre vers\u00e9 directement sur les taches tenaces. Rincer la vaisselle \u00e0 grande eau apr\u00e8s le lavage.<\/p>\n<p><strong>Uniquement pour un usage professionnel.<\/strong><\/p>\n<p class=\" translation-block\"><strong>Usage Amount:&nbsp;<\/strong>2-5 ml\/L<\/p>\n<hr \/>\n<p><strong>Emballage<\/strong><\/p>\n<table width=\"1120\">\n<thead>\n<tr>\n<td><strong>Unit\u00e9<\/strong><\/td>\n<td><strong>Pi\u00e8ces dans le carton<\/strong><\/td>\n<td><strong>Article n\u00b0.<\/strong><\/td>\n<\/tr>\n<\/thead>\n<tbody>\n<tr>\n<td>1 L<\/td>\n<td>10<\/td>\n<td>07.3597.1<\/td>\n<\/tr>\n<tr>\n<td>5 L<\/td>\n<td>4<\/td>\n<td>07.3597.5<\/td>\n<\/tr>\n<tr>\n<td>20 L<\/td>\n<td>1<\/td>\n<td>107.3597.20<\/td>\n<\/tr>\n<\/tbody>\n<\/table>\n<p>&nbsp;<\/p>","protected":false},"excerpt":{"rendered":"<div class=\"elementor-element elementor-element-168bfed5 elementor-widget elementor-widget-text-editor\" data-id=\"168bfed5\" data-element_type=\"widget\" data-widget_type=\"text-editor.default\">\n<div class=\"elementor-widget-container\">\n<div class=\"elementor-text-editor elementor-clearfix\"><strong>Produit de lavage manuel de la vaisselle<\/strong><\/div>\n<\/div>\n<\/div>","protected":false},"featured_media":1914,"comment_status":"open","ping_status":"closed","template":"","meta":{"spay_email":""},"product_cat":[157],"product_tag":[],"_links":{"self":[{"href":"https:\/\/www.acto-tunisie.com\/fr\/wp-json\/wp\/v2\/product\/1913"}],"collection":[{"href":"https:\/\/www.acto-tunisie.com\/fr\/wp-json\/wp\/v2\/product"}],"about":[{"href":"https:\/\/www.acto-tunisie.com\/fr\/wp-json\/wp\/v2\/types\/product"}],"replies":[{"embeddable":true,"href":"https:\/\/www.acto-tunisie.com\/fr\/wp-json\/wp\/v2\/comments?post=1913"}],"wp:featuredmedia":[{"embeddable":true,"href":"https:\/\/www.acto-tunisie.com\/fr\/wp-json\/wp\/v2\/media\/1914"}],"wp:attachment":[{"href":"https:\/\/www.acto-tunisie.com\/fr\/wp-json\/wp\/v2\/media?parent=1913"}],"wp:term":[{"taxonomy":"product_cat","embeddable":true,"href":"https:\/\/www.acto-tunisie.com\/fr\/wp-json\/wp\/v2\/product_cat?post=1913"},{"taxonomy":"product_tag","embeddable":true,"href":"https:\/\/www.acto-tunisie.com\/fr\/wp-json\/wp\/v2\/product_tag?post=1913"}],"curies":[{"name":"wp","href":"https:\/\/api.w.org\/{rel}","templated":true}]}}