{"id":1908,"date":"2021-08-03T15:23:39","date_gmt":"2021-08-03T15:23:39","guid":{"rendered":"https:\/\/www.acto-tunisie.com\/?post_type=product&#038;p=1908"},"modified":"2021-08-03T15:23:39","modified_gmt":"2021-08-03T15:23:39","slug":"actomat-oxy","status":"publish","type":"product","link":"https:\/\/www.acto-tunisie.com\/fr\/produit\/actomat-oxy\/","title":{"rendered":"ACTOMAT\u00ae OXY"},"content":{"rendered":"<p class=\" translation-block\"><strong><em>Actomat<\/em><\/strong><strong><em><sup>\u00ae<\/sup><\/em><\/strong><strong><em>&nbsp;Oxy&nbsp;<\/em><\/strong>is an oxygen-based bleacher and a stain remover developed for all professional laundries.<\/p>\n<p class=\" translation-block\">Serves as a bleacher for all types of clothes including colored and white ones. Due to its low viscosity, it is homogeneously spread in the water. Takes maximum effect at 70-90 C and in alkaline setting (pH 9 to 11). Must be used together with&nbsp;<strong><em>Actomat<\/em><\/strong><strong><em><sup>\u00ae<\/sup><\/em><\/strong><strong><em>&nbsp;Klass,<\/em><\/strong>&nbsp;the alkaline auxiliary washing agent.<\/p>\n<p>*Formule de peroxyde d'hydrog\u00e8ne stabilis\u00e9e *Ne provoque aucune tache de chlorhexidine *Compatible avec tous les types de d\u00e9tergents<\/p>\n<p class=\" translation-block\">**For blood stains, perform a pre-washing process with an enzymatic detergent and then put&nbsp;<strong><em>Actomat<\/em><\/strong><strong><em><sup>\u00ae<\/sup><\/em><\/strong><strong><em>&nbsp;Oxy&nbsp;<\/em><\/strong>to use. In case of direct contact with any blood stain, blood and peroxide react and create tenacious stains.<\/p>\n<hr \/>\n<p><strong>M\u00e9thode d'utilisation.<\/strong><\/p>\n<p class=\" translation-block\"><strong><em>Actomat<\/em><\/strong><strong><em><sup>\u00ae<\/sup><\/em><\/strong><strong><em>&nbsp;Oxy&nbsp;<\/em><\/strong>is used together with a dosage unit in professional laundries such as in hospitals, restaurants and hotels. Suitable for all types of textile (except polyamide). The dosage is set according to the washing cycle and the type of stain.<\/p>\n<p>D\u00e9velopp\u00e9 pour un usage professionnel.<\/p>\n<p>Quantit\u00e9 d'Oxy ACTOMAT (ml\/kg*)<\/p>\n<p>2-5<\/p>\n<p><em>*Poids du tissu sec<\/em><\/p>\n<p><em>Respectez les instructions du fabricant du lave-linge.<\/em><\/p>\n<hr \/>\n<p><strong>Emballage<\/strong><\/p>\n<table width=\"1120\">\n<thead>\n<tr>\n<td><strong>Unit\u00e9<\/strong><\/td>\n<td><strong>Pi\u00e8ces dans le carton<\/strong><\/td>\n<td><strong>Article n\u00b0.<\/strong><\/td>\n<\/tr>\n<\/thead>\n<tbody>\n<tr>\n<td>5 L<\/td>\n<td>4<\/td>\n<td>07.3502.5<\/td>\n<\/tr>\n<tr>\n<td>20 L<\/td>\n<td>1<\/td>\n<td>07.3502.20<\/td>\n<\/tr>\n<\/tbody>\n<\/table>\n<p>&nbsp;<\/p>","protected":false},"excerpt":{"rendered":"<div class=\"elementor-element elementor-element-168bfed5 elementor-widget elementor-widget-text-editor\" data-id=\"168bfed5\" data-element_type=\"widget\" data-widget_type=\"text-editor.default\">\n<div class=\"elementor-widget-container\">\n<div class=\"elementor-text-editor elementor-clearfix\"><strong>Blanchisseur \u00e0 base d'oxyg\u00e8ne<\/strong><\/div>\n<\/div>\n<\/div>\n<div class=\"elementor-element elementor-element-6321029 elementor-widget elementor-widget-image\" data-id=\"6321029\" data-element_type=\"widget\" data-widget_type=\"image.default\">\n<div class=\"elementor-widget-container\"><\/div>\n<\/div>","protected":false},"featured_media":1911,"comment_status":"open","ping_status":"closed","template":"","meta":{"spay_email":""},"product_cat":[163],"product_tag":[],"_links":{"self":[{"href":"https:\/\/www.acto-tunisie.com\/fr\/wp-json\/wp\/v2\/product\/1908"}],"collection":[{"href":"https:\/\/www.acto-tunisie.com\/fr\/wp-json\/wp\/v2\/product"}],"about":[{"href":"https:\/\/www.acto-tunisie.com\/fr\/wp-json\/wp\/v2\/types\/product"}],"replies":[{"embeddable":true,"href":"https:\/\/www.acto-tunisie.com\/fr\/wp-json\/wp\/v2\/comments?post=1908"}],"wp:featuredmedia":[{"embeddable":true,"href":"https:\/\/www.acto-tunisie.com\/fr\/wp-json\/wp\/v2\/media\/1911"}],"wp:attachment":[{"href":"https:\/\/www.acto-tunisie.com\/fr\/wp-json\/wp\/v2\/media?parent=1908"}],"wp:term":[{"taxonomy":"product_cat","embeddable":true,"href":"https:\/\/www.acto-tunisie.com\/fr\/wp-json\/wp\/v2\/product_cat?post=1908"},{"taxonomy":"product_tag","embeddable":true,"href":"https:\/\/www.acto-tunisie.com\/fr\/wp-json\/wp\/v2\/product_tag?post=1908"}],"curies":[{"name":"wp","href":"https:\/\/api.w.org\/{rel}","templated":true}]}}