{"id":1907,"date":"2021-08-03T15:23:05","date_gmt":"2021-08-03T15:23:05","guid":{"rendered":"https:\/\/www.acto-tunisie.com\/?post_type=product&#038;p=1907"},"modified":"2021-08-03T15:23:05","modified_gmt":"2021-08-03T15:23:05","slug":"actomat-klass","status":"publish","type":"product","link":"https:\/\/www.acto-tunisie.com\/fr\/produit\/actomat-klass\/","title":{"rendered":"ACTOMAT\u00ae KLASS"},"content":{"rendered":"<p class=\" translation-block\"><strong><em>Actomat<\/em><\/strong><strong><em><sup>\u00ae<\/sup><\/em><\/strong><strong><em>&nbsp;Klass&nbsp;<\/em><\/strong>is a neutralization agent developed for use in all professional laundries.<\/p>\n<p>Il est ajout\u00e9 \u00e0 l'eau de rin\u00e7age final afin d'\u00e9liminer l'alcalinit\u00e9 laiss\u00e9e par les produits de lavage alcalins sur les v\u00eatements. Sa formule sp\u00e9ciale permet de ne laisser aucun r\u00e9sidu sur les v\u00eatements. Ainsi, la duret\u00e9 et le jaunissement des v\u00eatements sont \u00e9vit\u00e9s. L'acide formique contenu dans sa formule est compl\u00e8tement \u00e9limin\u00e9 des v\u00eatements pendant le processus de s\u00e9chage.<\/p>\n<hr \/>\n<p><strong>M\u00e9thode d'utilisation.<\/strong><\/p>\n<p class=\" translation-block\"><strong><em>Actomat<\/em><\/strong><strong><em><sup>\u00ae<\/sup><\/em><\/strong><strong><em>&nbsp;Klass<\/em><\/strong>&nbsp;is used together with the dosage unit in professional laundries of hospitals, restaurants and hotels. Suitable for all types of textile. The dosage must be set by taking the water alkalinity, the amount of clothes and the type of the machine\/washing cycle into account. Developed for professional use.<\/p>\n<p>Quantit\u00e9 d'ACTOMAT Klass (ml\/kg*)<br \/>\n1,5-5<\/p>\n<p>*Poids du tissu sec<\/p>\n<p>Respecter les instructions du fabricant du lave-linge.<\/p>\n<hr \/>\n<p><strong>Emballage<\/strong><\/p>\n<table width=\"1120\">\n<thead>\n<tr>\n<td><strong>Unit\u00e9<\/strong><\/td>\n<td><strong>Pi\u00e8ces dans le carton<\/strong><\/td>\n<td><strong>Article n\u00b0.<\/strong><\/td>\n<\/tr>\n<\/thead>\n<tbody>\n<tr>\n<td>5 L<\/td>\n<td>4<\/td>\n<td>07.3302.5<\/td>\n<\/tr>\n<tr>\n<td>20 L<\/td>\n<td>1<\/td>\n<td>07.3302.20<\/td>\n<\/tr>\n<\/tbody>\n<\/table>\n<p>&nbsp;<\/p>","protected":false},"excerpt":{"rendered":"<div class=\"elementor-element elementor-element-168bfed5 elementor-widget elementor-widget-text-editor\" data-id=\"168bfed5\" data-element_type=\"widget\" data-widget_type=\"text-editor.default\">\n<div class=\"elementor-widget-container\">\n<div class=\"elementor-text-editor elementor-clearfix\">\n<p><strong>D\u00e9tergent acide<\/strong><\/p>\n<\/div>\n<\/div>\n<\/div>","protected":false},"featured_media":1910,"comment_status":"open","ping_status":"closed","template":"","meta":{"spay_email":""},"product_cat":[163],"product_tag":[],"_links":{"self":[{"href":"https:\/\/www.acto-tunisie.com\/fr\/wp-json\/wp\/v2\/product\/1907"}],"collection":[{"href":"https:\/\/www.acto-tunisie.com\/fr\/wp-json\/wp\/v2\/product"}],"about":[{"href":"https:\/\/www.acto-tunisie.com\/fr\/wp-json\/wp\/v2\/types\/product"}],"replies":[{"embeddable":true,"href":"https:\/\/www.acto-tunisie.com\/fr\/wp-json\/wp\/v2\/comments?post=1907"}],"wp:featuredmedia":[{"embeddable":true,"href":"https:\/\/www.acto-tunisie.com\/fr\/wp-json\/wp\/v2\/media\/1910"}],"wp:attachment":[{"href":"https:\/\/www.acto-tunisie.com\/fr\/wp-json\/wp\/v2\/media?parent=1907"}],"wp:term":[{"taxonomy":"product_cat","embeddable":true,"href":"https:\/\/www.acto-tunisie.com\/fr\/wp-json\/wp\/v2\/product_cat?post=1907"},{"taxonomy":"product_tag","embeddable":true,"href":"https:\/\/www.acto-tunisie.com\/fr\/wp-json\/wp\/v2\/product_tag?post=1907"}],"curies":[{"name":"wp","href":"https:\/\/api.w.org\/{rel}","templated":true}]}}