{"id":1897,"date":"2021-08-03T15:12:27","date_gmt":"2021-08-03T15:12:27","guid":{"rendered":"https:\/\/www.acto-tunisie.com\/?post_type=product&#038;p=1897"},"modified":"2021-08-03T15:12:27","modified_gmt":"2021-08-03T15:12:27","slug":"acto-multi-cleaner-5l","status":"publish","type":"product","link":"https:\/\/www.acto-tunisie.com\/fr\/produit\/acto-multi-cleaner-5l\/","title":{"rendered":"ACTO\u00ae MULTI CLEANER 5L"},"content":{"rendered":"<p class=\" translation-block\"><strong>Acto<\/strong><strong><sup>\u00ae<\/sup><\/strong><strong>&nbsp;Multi Cleaner<\/strong>&nbsp;is developed to clean off dirt, stain and oil stains in all washable\/wipeable surfaces. Provides perfect cleaning without damaging the surfaces. Suitable for fabrics in kitchens, bathrooms and common areas.<\/p>\n<hr \/>\n<p><strong>Composition chimique<\/strong><\/p>\n<p><5% d'hydroxyde de sodium, <5% d'agent de surface anionique, <1% d'hydroxyde de potassium, agent ch\u00e9lateur, parfum.<\/p>\n<hr \/>\n<p><strong>M\u00e9thode d'utilisation.<\/strong><\/p>\n<p>Pour les surfaces telles que le PVC, le carrelage, le marbre, le bois et la c\u00e9ramique ; vaporiser le produit sur la surface. Appliquez-le avec un chiffon ou une \u00e9ponge. Ensuite, rincez la surface avec de l'eau ou un chiffon humide. Peut \u00eatre utilis\u00e9 comme shampooing pour le nettoyage des tapis, fauteuils et sols en le diluant 5 fois. Vaporiser et frotter directement sur la surface pour les taches tenaces. Rincer la surface avec un chiffon humide en suivant la proc\u00e9dure de nettoyage. Sert de nettoyant g\u00e9n\u00e9ral pour les rideaux etc. dans une machine \u00e0 laver. La quantit\u00e9 de mousse produite est adapt\u00e9e \u00e0 l'utilisation en machine.<\/p>\n<p>&nbsp;<\/p>\n<p class=\" translation-block\"><strong>Acto<\/strong><strong><sup>\u00ae<\/sup><\/strong><strong>&nbsp;Multi Cleaner<\/strong>&nbsp;should be dosed with max. 100 ml as a washing auxiliary and 100 to 150 ml as a main washing agent. Comply with the instructions of your washing machine manufacturer.<\/p>\n<p>&nbsp;<\/p>\n<p>Uniquement pour un usage professionnel.<\/p>\n<hr \/>\n<p><strong>Emballage<\/strong><\/p>\n<table width=\"1120\">\n<thead>\n<tr>\n<td><strong>Unit\u00e9<\/strong><\/td>\n<td><strong>Pi\u00e8ces dans le carton<\/strong><\/td>\n<td><strong>Article n\u00b0.<\/strong><\/td>\n<\/tr>\n<\/thead>\n<tbody>\n<tr>\n<td>500 ml<\/td>\n<td>20<\/td>\n<td>07.1920.500<\/td>\n<\/tr>\n<tr>\n<td>750 ml<\/td>\n<td>15<\/td>\n<td>07.1920.750<\/td>\n<\/tr>\n<tr>\n<td>1 L<\/td>\n<td>12<\/td>\n<td>07.1920.1<\/td>\n<\/tr>\n<tr>\n<td>5 L<\/td>\n<td>4<\/td>\n<td>07.1920.5<\/td>\n<\/tr>\n<tr>\n<td>20 L<\/td>\n<td>1<\/td>\n<td>107.1920.20<\/td>\n<\/tr>\n<\/tbody>\n<\/table>\n<p>&nbsp;<\/p>","protected":false},"excerpt":{"rendered":"<div class=\"elementor-element elementor-element-168bfed5 elementor-widget elementor-widget-text-editor\" data-id=\"168bfed5\" data-element_type=\"widget\" data-widget_type=\"text-editor.default\">\n<div class=\"elementor-widget-container\">\n<div class=\"elementor-text-editor elementor-clearfix\"><strong>Une solution globale pour \u00e9liminer la salet\u00e9<\/strong><\/div>\n<\/div>\n<\/div>\n<div class=\"elementor-element elementor-element-6321029 elementor-widget elementor-widget-image\" data-id=\"6321029\" data-element_type=\"widget\" data-widget_type=\"image.default\">\n<div class=\"elementor-widget-container\"><\/div>\n<\/div>","protected":false},"featured_media":1899,"comment_status":"open","ping_status":"closed","template":"","meta":{"spay_email":""},"product_cat":[161],"product_tag":[],"_links":{"self":[{"href":"https:\/\/www.acto-tunisie.com\/fr\/wp-json\/wp\/v2\/product\/1897"}],"collection":[{"href":"https:\/\/www.acto-tunisie.com\/fr\/wp-json\/wp\/v2\/product"}],"about":[{"href":"https:\/\/www.acto-tunisie.com\/fr\/wp-json\/wp\/v2\/types\/product"}],"replies":[{"embeddable":true,"href":"https:\/\/www.acto-tunisie.com\/fr\/wp-json\/wp\/v2\/comments?post=1897"}],"wp:featuredmedia":[{"embeddable":true,"href":"https:\/\/www.acto-tunisie.com\/fr\/wp-json\/wp\/v2\/media\/1899"}],"wp:attachment":[{"href":"https:\/\/www.acto-tunisie.com\/fr\/wp-json\/wp\/v2\/media?parent=1897"}],"wp:term":[{"taxonomy":"product_cat","embeddable":true,"href":"https:\/\/www.acto-tunisie.com\/fr\/wp-json\/wp\/v2\/product_cat?post=1897"},{"taxonomy":"product_tag","embeddable":true,"href":"https:\/\/www.acto-tunisie.com\/fr\/wp-json\/wp\/v2\/product_tag?post=1897"}],"curies":[{"name":"wp","href":"https:\/\/api.w.org\/{rel}","templated":true}]}}