{"id":1895,"date":"2021-08-03T15:10:19","date_gmt":"2021-08-03T15:10:19","guid":{"rendered":"https:\/\/www.acto-tunisie.com\/?post_type=product&#038;p=1895"},"modified":"2021-08-03T15:10:19","modified_gmt":"2021-08-03T15:10:19","slug":"acto-chloro","status":"publish","type":"product","link":"https:\/\/www.acto-tunisie.com\/fr\/produit\/acto-chloro\/","title":{"rendered":"Acto Chloro"},"content":{"rendered":"<p class=\" translation-block\"><strong>Acto<\/strong><strong><sup>\u00ae<\/sup><\/strong><strong>&nbsp;Chloro<\/strong>&nbsp;is an alkaline cleaning product with chlorine content. Due to its complex formula, it provides quick and efficient cleaning. Easily removes oils, dirt, tenacious stains.<\/p>\n<p>&nbsp;<\/p>\n<p>Procure des surfaces brillantes et impeccables. Rafra\u00eechit l'air ambiant. \u00c9limine toute mauvaise odeur. Il peut \u00eatre utilis\u00e9 dans de nombreux endroits tels que les zones de production alimentaire, les cuisines industrielles, les espaces publics, les salles de bains, les toilettes et les buanderies. Gr\u00e2ce \u00e0 sa formule visqueuse, il s'adsorbe sur les surfaces utilis\u00e9es et donne un effet durable.<\/p>\n<hr \/>\n<p><strong>Composition chimique<\/strong><\/p>\n<p><5% d'hydroxyde de sodium, <5% d'agent de surface anionique, <1% d'hydroxyde de potassium, agent ch\u00e9lateur, parfum.<\/p>\n<hr \/>\n<p><strong>M\u00e9thode d'utilisation.<\/strong><\/p>\n<p class=\" translation-block\"><strong>Acto<\/strong><strong><sup>\u00ae<\/sup><\/strong><strong>&nbsp;Chloro<\/strong>&nbsp;can be used on all washable, alkaline and chlorine resistant surfaces. It can be used in dishwashing and laundering as auxiliary washing agent and stain remover.<\/p>\n<p>La mousse r\u00e9glable emp\u00eache la formation excessive de mousse. Il s'utilise sans dilution dans les endroits tels que les cuvettes de toilettes, les \u00e9viers, les planches \u00e0 d\u00e9couper, les baignoires. 10-15 ml \/ L sur les surfaces dures - 5-10 ml \/ L sur le linge blanc. Apr\u00e8s utilisation, le linge et les surfaces en contact avec les aliments doivent \u00eatre soigneusement rinc\u00e9s.<\/p>\n<p>Ne pas utiliser sur le m\u00e9tal de pr\u00e9cision, l'aluminium, les surfaces non r\u00e9sistantes au chlore, le linge color\u00e9. V\u00e9rifier la compatibilit\u00e9 des mat\u00e9riaux avant l'utilisation.<\/p>\n<hr \/>\n<p><strong>Emballage<\/strong><\/p>\n<table width=\"1120\">\n<thead>\n<tr>\n<td><strong>Unit\u00e9<\/strong><\/td>\n<td><strong>Pi\u00e8ces dans le carton<\/strong><\/td>\n<td><strong>Article n\u00b0.<\/strong><\/td>\n<\/tr>\n<\/thead>\n<tbody>\n<tr>\n<td>750 ml<\/td>\n<td>15<\/td>\n<td>07.3587.750<\/td>\n<\/tr>\n<tr>\n<td>5 L<\/td>\n<td>4<\/td>\n<td>107.3587.5<\/td>\n<\/tr>\n<\/tbody>\n<\/table>\n<p>&nbsp;<\/p>","protected":false},"excerpt":{"rendered":"<p><strong>Nettoyant contenant du chlore<\/strong><\/p>","protected":false},"featured_media":1896,"comment_status":"open","ping_status":"closed","template":"","meta":{"spay_email":""},"product_cat":[161],"product_tag":[],"_links":{"self":[{"href":"https:\/\/www.acto-tunisie.com\/fr\/wp-json\/wp\/v2\/product\/1895"}],"collection":[{"href":"https:\/\/www.acto-tunisie.com\/fr\/wp-json\/wp\/v2\/product"}],"about":[{"href":"https:\/\/www.acto-tunisie.com\/fr\/wp-json\/wp\/v2\/types\/product"}],"replies":[{"embeddable":true,"href":"https:\/\/www.acto-tunisie.com\/fr\/wp-json\/wp\/v2\/comments?post=1895"}],"wp:featuredmedia":[{"embeddable":true,"href":"https:\/\/www.acto-tunisie.com\/fr\/wp-json\/wp\/v2\/media\/1896"}],"wp:attachment":[{"href":"https:\/\/www.acto-tunisie.com\/fr\/wp-json\/wp\/v2\/media?parent=1895"}],"wp:term":[{"taxonomy":"product_cat","embeddable":true,"href":"https:\/\/www.acto-tunisie.com\/fr\/wp-json\/wp\/v2\/product_cat?post=1895"},{"taxonomy":"product_tag","embeddable":true,"href":"https:\/\/www.acto-tunisie.com\/fr\/wp-json\/wp\/v2\/product_tag?post=1895"}],"curies":[{"name":"wp","href":"https:\/\/api.w.org\/{rel}","templated":true}]}}