{"id":1848,"date":"2021-08-03T14:15:50","date_gmt":"2021-08-03T14:15:50","guid":{"rendered":"https:\/\/www.acto-tunisie.com\/?post_type=product&#038;p=1848"},"modified":"2021-08-03T14:16:36","modified_gmt":"2021-08-03T14:16:36","slug":"actolind-foam","status":"publish","type":"product","link":"https:\/\/www.acto-tunisie.com\/fr\/produit\/actolind-foam\/","title":{"rendered":"ACTOLIND\u00ae FOAM"},"content":{"rendered":"<p class=\" translation-block\"><strong>Actolind\u00ae&nbsp; Foam<\/strong> has been developed for daily cleaning. The active ingredient allantoin has a soothing effect and accelerates cell developement, cell formation or even cell regeneration. Panthenol in turn has nourishing properties by increasing the moisture retention capacity of the skin, relieves itching and supports the skin cells in the formation of new skin. <strong>Actolind\u00ae&nbsp; Foam<\/strong> is therefore ideal for care and cleansing of skin and hands.<\/p>\n<hr \/>\n<p><strong>Composition chimique<\/strong><\/p>\n<p>Aqua ; Isobutane ; PEG-7 Glyceryl Cocoate ; Cocamidopropyl Betaine ; PEG-75 Lanolin ; Cocamide DEA ; Glycerin ; Polyaminopropyl Biguanide ; Panthenol ; Allantoin ; Acide Citrique ; Ethylhexylglycerin ; Phenoxyethanol ; Parfum.<\/p>\n<hr \/>\n<p><strong>M\u00e9thode d'utilisation.<\/strong><\/p>\n<p class=\" translation-block\"><strong>Actolind\u00ae&nbsp; Foam<\/strong> is ready-to-use and can be used immediately, anytime and anywhere. Shake well before application and use the spray can with the nozzle down. Foam the skin areas to be cleaned with a distance of approx. 20 cm, allow to soak in for a short time and then wipe off with a disposable cloths.<\/p>\n<p>Actolind\u00ae Foam peut \u00eatre utilis\u00e9 sur tout le corps !<\/p>\n<hr \/>\n<p><strong>Usage recommand\u00e9:<\/strong><\/p>\n<p>Avant l'utilisation, bien secouer de fa\u00e7on \u00e0 ce que la t\u00eate soit orient\u00e9e vers le bas. 20 cm de la zone \u00e0 nettoyer. Votre mousse est compacte. Attendez bri\u00e8vement que la mousse fasse effet, puis essuyez-la avec une lingette jetable.<\/p>\n<hr \/>\n<p><strong>Emballage<\/strong>\u200b<\/p>\n<table class=\"rg-table\" summary=\"Hed\">\n<thead>\n<tr>\n<th class=\"text\">Unit\u00e9<\/th>\n<th class=\"text\">Pi\u00e8ces dans le carton<\/th>\n<th class=\"text\">Article n\u00b0.<\/th>\n<\/tr>\n<\/thead>\n<tbody>\n<tr>\n<td class=\"text\" data-title=\"Unit\">100 ml<\/td>\n<td class=\"text\" data-title=\"Pieces in Box\">12<\/td>\n<td class=\"text\" data-title=\"Article-No.\">06.3265.100<\/td>\n<\/tr>\n<tr>\n<td class=\"text\" data-title=\"Unit\">500 ml<\/td>\n<td class=\"text\" data-title=\"Pieces in Box\">6<\/td>\n<td class=\"text\" data-title=\"Article-No.\">06.3265.600<\/td>\n<\/tr>\n<\/tbody>\n<\/table>","protected":false},"excerpt":{"rendered":"<p><strong>Mousse nettoyante et soignante pour le corps<\/strong><\/p>\n<ul>\n<li>Il nettoie la peau en douceur, \u00e9limine les mauvaises odeurs et r\u00e9duit les germes.<\/li>\n<li>Elle offre un service de nettoyage pratique pour les patients hospitalis\u00e9s<\/li>\n<li>Il assure l'hygi\u00e8ne sans qu'il soit n\u00e9cessaire de rincer.<\/li>\n<li>Il maintient l'\u00e9quilibre naturel de l'hydratation du corps<\/li>\n<li>Il permet \u00e0 l'utilisateur de 55 impl\u00e9mentations<\/li>\n<li>Il ne s'agit pas d'alcool<\/li>\n<li>Il ne contient pas de gaz chlorofluorocarbon\u00e9s.<\/li>\n<li>Test\u00e9 dermatologiquement et \u00e9valu\u00e9 comme \"tr\u00e8s bon\".<\/li>\n<\/ul>","protected":false},"featured_media":1849,"comment_status":"open","ping_status":"closed","template":"","meta":{"spay_email":""},"product_cat":[160],"product_tag":[],"_links":{"self":[{"href":"https:\/\/www.acto-tunisie.com\/fr\/wp-json\/wp\/v2\/product\/1848"}],"collection":[{"href":"https:\/\/www.acto-tunisie.com\/fr\/wp-json\/wp\/v2\/product"}],"about":[{"href":"https:\/\/www.acto-tunisie.com\/fr\/wp-json\/wp\/v2\/types\/product"}],"replies":[{"embeddable":true,"href":"https:\/\/www.acto-tunisie.com\/fr\/wp-json\/wp\/v2\/comments?post=1848"}],"wp:featuredmedia":[{"embeddable":true,"href":"https:\/\/www.acto-tunisie.com\/fr\/wp-json\/wp\/v2\/media\/1849"}],"wp:attachment":[{"href":"https:\/\/www.acto-tunisie.com\/fr\/wp-json\/wp\/v2\/media?parent=1848"}],"wp:term":[{"taxonomy":"product_cat","embeddable":true,"href":"https:\/\/www.acto-tunisie.com\/fr\/wp-json\/wp\/v2\/product_cat?post=1848"},{"taxonomy":"product_tag","embeddable":true,"href":"https:\/\/www.acto-tunisie.com\/fr\/wp-json\/wp\/v2\/product_tag?post=1848"}],"curies":[{"name":"wp","href":"https:\/\/api.w.org\/{rel}","templated":true}]}}