{"id":1663,"date":"2021-07-12T12:54:53","date_gmt":"2021-07-12T12:54:53","guid":{"rendered":"http:\/\/www.acto-tunisie.com\/?post_type=product&#038;p=1663"},"modified":"2021-07-26T19:56:31","modified_gmt":"2021-07-26T19:56:31","slug":"acto-descaler-powder","status":"publish","type":"product","link":"https:\/\/www.acto-tunisie.com\/fr\/produit\/acto-descaler-powder\/","title":{"rendered":"ACTO\u00ae DESCALER POWDER"},"content":{"rendered":"<div class=\"elementor-element elementor-element-6979955f elementor-widget elementor-widget-text-editor\" data-id=\"6979955f\" data-element_type=\"widget\" data-widget_type=\"text-editor.default\">\n<div class=\"elementor-widget-container\">\n<div class=\"elementor-text-editor elementor-clearfix\">\n<p class=\" translation-block\"><strong>Acto<sup>\u00ae<\/sup>&nbsp;Descaler Powder<\/strong>&nbsp;is a descaler developed for all types of filter coffee machines and kettles. Cleans the lime layer and deposits formed in your machines. Regular use \u2013 ideally every 3 months \u2013 increases the efficiency of your machines, extending its service life. Provides excellent cleaning without corrosive effects and toxic residues.<\/p>\n<\/div>\n<\/div>\n<\/div>\n<div class=\"elementor-element elementor-element-2978744c elementor-position-left elementor-vertical-align-middle elementor-view-default elementor-widget elementor-widget-icon-box\" data-id=\"2978744c\" data-element_type=\"widget\" data-widget_type=\"icon-box.default\">\n<div class=\"elementor-widget-container\">\n<div class=\"elementor-icon-box-wrapper\">\n<div class=\"elementor-icon-box-icon\">\n<hr \/>\n<\/div>\n<div class=\"elementor-icon-box-content\">\n<p class=\"elementor-icon-box-title\"><strong>Composition chimique<\/strong><\/p>\n<\/div>\n<\/div>\n<\/div>\n<\/div>\n<div class=\"elementor-element elementor-element-58d50a54 elementor-widget elementor-widget-text-editor\" data-id=\"58d50a54\" data-element_type=\"widget\" data-widget_type=\"text-editor.default\">\n<div class=\"elementor-widget-container\">\n<div class=\"elementor-text-editor elementor-clearfix\">\n<p>Acide sulfamique \u00e0 40%.<\/p>\n<\/div>\n<\/div>\n<\/div>\n<div class=\"elementor-element elementor-element-79fcc1e elementor-position-left elementor-vertical-align-middle elementor-view-default elementor-widget elementor-widget-icon-box\" data-id=\"79fcc1e\" data-element_type=\"widget\" data-widget_type=\"icon-box.default\">\n<div class=\"elementor-widget-container\">\n<div class=\"elementor-icon-box-wrapper\">\n<div class=\"elementor-icon-box-icon\">\n<hr \/>\n<\/div>\n<div class=\"elementor-icon-box-content\">\n<p class=\"elementor-icon-box-title\"><strong>M\u00e9thode d'utilisation.<\/strong><\/p>\n<\/div>\n<\/div>\n<\/div>\n<\/div>\n<div class=\"elementor-element elementor-element-b05c231 elementor-widget elementor-widget-text-editor\" data-id=\"b05c231\" data-element_type=\"widget\" data-widget_type=\"text-editor.default\">\n<div class=\"elementor-widget-container\">\n<div class=\"elementor-text-editor elementor-clearfix\">\n<p class=\" translation-block\"><strong>Acto<sup>\u00ae<\/sup>&nbsp;Descaler Powde<\/strong>r is developed for the domestic and professional use. Please observe the machine manufacturer\u2019s operating instructions. Pour one package of Acto\u00ae Descaler Powder (25 g) into the water tank of your filter coffee machine or kettle. Add 1000 ml of water into the water tank\/kettle. Let the mixture of Acto\u00ae Descaler Powder and water boil for 2-3 minutes (You can extend the boiling time, if the lime scale is not removed completely). Then pour away the water with the lime deposits. Rinse with plenty of water.<\/p>\n<\/div>\n<\/div>\n<\/div>\n<div class=\"elementor-element elementor-element-7ac32590 elementor-position-left elementor-vertical-align-middle elementor-view-default elementor-widget elementor-widget-icon-box\" data-id=\"7ac32590\" data-element_type=\"widget\" data-widget_type=\"icon-box.default\">\n<div class=\"elementor-widget-container\">\n<div class=\"elementor-icon-box-wrapper\">\n<div class=\"elementor-icon-box-icon\">\n<hr \/>\n<\/div>\n<div class=\"elementor-icon-box-content\">\n<p class=\"elementor-icon-box-title\"><strong>Emballage<\/strong><\/p>\n<\/div>\n<\/div>\n<\/div>\n<\/div>\n<div class=\"elementor-element elementor-element-63ce9f9e elementor-widget elementor-widget-text-editor\" data-id=\"63ce9f9e\" data-element_type=\"widget\" data-widget_type=\"text-editor.default\">\n<div class=\"elementor-widget-container\">\n<div class=\"elementor-text-editor elementor-clearfix\">\n<table class=\"rg-table\" summary=\"Hed\">\n<thead>\n<tr>\n<th class=\"text\">Unit\u00e9<\/th>\n<th class=\"text\">Pi\u00e8ces dans le carton<\/th>\n<th class=\"text\">Article n\u00b0.<\/th>\n<\/tr>\n<\/thead>\n<tbody>\n<tr>\n<td class=\"text\" data-title=\"Unit\">25 gr<\/td>\n<td class=\"text\" data-title=\"Pieces in Box\">100<\/td>\n<td class=\"text\" data-title=\"Article-No.\">07.36668.25<\/td>\n<\/tr>\n<tr>\n<td class=\"text\" data-title=\"Unit\">50 gr<\/td>\n<td class=\"text\" data-title=\"Pieces in Box\">100<\/td>\n<td class=\"text\" data-title=\"Article-No.\">07.36668.50<\/td>\n<\/tr>\n<\/tbody>\n<\/table>\n<\/div>\n<\/div>\n<\/div>","protected":false},"excerpt":{"rendered":"<div class=\"elementor-element elementor-element-168bfed5 elementor-widget elementor-widget-text-editor\" data-id=\"168bfed5\" data-element_type=\"widget\" data-widget_type=\"text-editor.default\">\n<div class=\"elementor-widget-container\">\n<div class=\"elementor-text-editor elementor-clearfix\">\n<p><strong>Poudre de d\u00e9tartrage pour les machines \u00e0 caf\u00e9<\/strong><\/p>\n<\/div>\n<\/div>\n<\/div>\n<div class=\"elementor-element elementor-element-6321029 elementor-widget elementor-widget-image\" data-id=\"6321029\" data-element_type=\"widget\" data-widget_type=\"image.default\">\n<div class=\"elementor-widget-container\"><img loading=\"lazy\" class=\"alignnone size-full wp-image-1664\" title=\"Acto Descaler Powder ikon\" src=\"http:\/\/www.acto-tunisie.com\/wp-content\/uploads\/2021\/07\/Acto-Descaler-Powder-ikon.jpg\" alt=\"Acto Descaler Powder ikon\" width=\"288\" height=\"142\" srcset=\"https:\/\/www.acto-tunisie.com\/wp-content\/uploads\/2021\/07\/Acto-Descaler-Powder-ikon.jpg 288w, https:\/\/www.acto-tunisie.com\/wp-content\/uploads\/2021\/07\/Acto-Descaler-Powder-ikon-16x8.jpg 16w\" sizes=\"(max-width: 288px) 100vw, 288px\" \/><\/div>\n<\/div>","protected":false},"featured_media":1665,"comment_status":"open","ping_status":"closed","template":"","meta":{"spay_email":""},"product_cat":[156,157],"product_tag":[],"_links":{"self":[{"href":"https:\/\/www.acto-tunisie.com\/fr\/wp-json\/wp\/v2\/product\/1663"}],"collection":[{"href":"https:\/\/www.acto-tunisie.com\/fr\/wp-json\/wp\/v2\/product"}],"about":[{"href":"https:\/\/www.acto-tunisie.com\/fr\/wp-json\/wp\/v2\/types\/product"}],"replies":[{"embeddable":true,"href":"https:\/\/www.acto-tunisie.com\/fr\/wp-json\/wp\/v2\/comments?post=1663"}],"wp:featuredmedia":[{"embeddable":true,"href":"https:\/\/www.acto-tunisie.com\/fr\/wp-json\/wp\/v2\/media\/1665"}],"wp:attachment":[{"href":"https:\/\/www.acto-tunisie.com\/fr\/wp-json\/wp\/v2\/media?parent=1663"}],"wp:term":[{"taxonomy":"product_cat","embeddable":true,"href":"https:\/\/www.acto-tunisie.com\/fr\/wp-json\/wp\/v2\/product_cat?post=1663"},{"taxonomy":"product_tag","embeddable":true,"href":"https:\/\/www.acto-tunisie.com\/fr\/wp-json\/wp\/v2\/product_tag?post=1663"}],"curies":[{"name":"wp","href":"https:\/\/api.w.org\/{rel}","templated":true}]}}