{"id":1653,"date":"2021-07-12T12:45:26","date_gmt":"2021-07-12T12:45:26","guid":{"rendered":"http:\/\/www.acto-tunisie.com\/?post_type=product&#038;p=1653"},"modified":"2021-07-26T19:59:21","modified_gmt":"2021-07-26T19:59:21","slug":"actoven-power-rinse","status":"publish","type":"product","link":"https:\/\/www.acto-tunisie.com\/fr\/produit\/actoven-power-rinse\/","title":{"rendered":"ACTOVEN\u00ae POWER RINSE"},"content":{"rendered":"<div class=\"elementor-element elementor-element-6979955f elementor-widget elementor-widget-text-editor\" data-id=\"6979955f\" data-element_type=\"widget\" data-widget_type=\"text-editor.default\">\n<div class=\"elementor-widget-container\">\n<div class=\"elementor-text-editor elementor-clearfix\">\n<p class=\" translation-block\"><strong><em>Actoven<sup>\u00ae<\/sup>&nbsp;Power Rinse&nbsp;<\/em><\/strong>is developed for easy and fast cleaning of convection ovens with integrated cleaning system.<\/p>\n<p>Convient pour un usage quotidien. Assure la neutralisation apr\u00e8s le lavage avec l'agent alcalin. Elimine en profondeur les r\u00e9sidus calcaires et alcalins.<\/p>\n<\/div>\n<\/div>\n<\/div>\n<div class=\"elementor-element elementor-element-2978744c elementor-position-left elementor-vertical-align-middle elementor-view-default elementor-widget elementor-widget-icon-box\" data-id=\"2978744c\" data-element_type=\"widget\" data-widget_type=\"icon-box.default\">\n<div class=\"elementor-widget-container\">\n<div class=\"elementor-icon-box-wrapper\">\n<div class=\"elementor-icon-box-content\">\n<hr \/>\n<p class=\"elementor-icon-box-title\"><strong>Composition chimique<\/strong><\/p>\n<\/div>\n<\/div>\n<\/div>\n<\/div>\n<div class=\"elementor-element elementor-element-58d50a54 elementor-widget elementor-widget-text-editor\" data-id=\"58d50a54\" data-element_type=\"widget\" data-widget_type=\"text-editor.default\">\n<div class=\"elementor-widget-container\">\n<div class=\"elementor-text-editor elementor-clearfix\">\n<p>< 5% d'agent de surface non ionique, 5 - 15% d'\u00e9thanol,<\/p>\n<p>5 - 15% d'acide citrique<\/p>\n<\/div>\n<\/div>\n<\/div>\n<div class=\"elementor-element elementor-element-79fcc1e elementor-position-left elementor-vertical-align-middle elementor-view-default elementor-widget elementor-widget-icon-box\" data-id=\"79fcc1e\" data-element_type=\"widget\" data-widget_type=\"icon-box.default\">\n<div class=\"elementor-widget-container\">\n<div class=\"elementor-icon-box-wrapper\">\n<div class=\"elementor-icon-box-content\">\n<hr \/>\n<p class=\"elementor-icon-box-title\"><strong>M\u00e9thode d'utilisation.<\/strong><\/p>\n<\/div>\n<\/div>\n<\/div>\n<\/div>\n<div class=\"elementor-element elementor-element-b05c231 elementor-widget elementor-widget-text-editor\" data-id=\"b05c231\" data-element_type=\"widget\" data-widget_type=\"text-editor.default\">\n<div class=\"elementor-widget-container\">\n<div class=\"elementor-text-editor elementor-clearfix\">\n<p>D\u00e9barrassez-vous des taches \u00e0 l'int\u00e9rieur du four pour lancer la proc\u00e9dure de lavage. Pour les fours \u00e0 convection, utilisez le cycle adapt\u00e9 \u00e0 la pompe doseuse. Pour les fours ordinaires, vaporisez la surface apr\u00e8s le lavage. Laissez le produit sur la surface pendant 5 \u00e0 10 minutes et rincez avec un chiffon humide.<\/p>\n<p><strong>Uniquement pour un usage professionnel.<\/strong><\/p>\n<\/div>\n<\/div>\n<\/div>\n<div class=\"elementor-element elementor-element-7ac32590 elementor-position-left elementor-vertical-align-middle elementor-view-default elementor-widget elementor-widget-icon-box\" data-id=\"7ac32590\" data-element_type=\"widget\" data-widget_type=\"icon-box.default\">\n<div class=\"elementor-widget-container\">\n<div class=\"elementor-icon-box-wrapper\">\n<div class=\"elementor-icon-box-content\">\n<hr \/>\n<p class=\"elementor-icon-box-title\"><strong>Emballage<\/strong><\/p>\n<\/div>\n<\/div>\n<\/div>\n<\/div>\n<div class=\"elementor-element elementor-element-63ce9f9e elementor-widget elementor-widget-text-editor\" data-id=\"63ce9f9e\" data-element_type=\"widget\" data-widget_type=\"text-editor.default\">\n<div class=\"elementor-widget-container\">\n<div class=\"elementor-text-editor elementor-clearfix\">\n<table class=\"rg-table\" summary=\"Hed\">\n<thead>\n<tr>\n<th class=\"text\">Unit\u00e9<\/th>\n<th class=\"text\">Pi\u00e8ces dans le carton<\/th>\n<th class=\"text\">Article n\u00b0.<\/th>\n<\/tr>\n<\/thead>\n<tbody>\n<tr>\n<td class=\"text\" data-title=\"Unit\">5 L<\/td>\n<td class=\"text\" data-title=\"Pieces in Box\">4<\/td>\n<td class=\"text\" data-title=\"Article-No.\">07.3355.5<\/td>\n<\/tr>\n<tr>\n<td class=\"text\" data-title=\"Unit\">20 L<\/td>\n<td class=\"text\" data-title=\"Pieces in Box\">1<\/td>\n<td class=\"text\" data-title=\"Article-No.\">07.3355.20<\/td>\n<\/tr>\n<\/tbody>\n<\/table>\n<\/div>\n<\/div>\n<\/div>","protected":false},"excerpt":{"rendered":"<div class=\"elementor-element elementor-element-168bfed5 elementor-widget elementor-widget-text-editor\" data-id=\"168bfed5\" data-element_type=\"widget\" data-widget_type=\"text-editor.default\">\n<div class=\"elementor-widget-container\">\n<div class=\"elementor-text-editor elementor-clearfix\">\n<p><strong>Agent de rin\u00e7age pour les fours avec syst\u00e8me de nettoyage int\u00e9gr\u00e9<br \/>\n<\/strong><\/p>\n<\/div>\n<\/div>\n<\/div>\n<div class=\"elementor-element elementor-element-6321029 elementor-widget elementor-widget-image\" data-id=\"6321029\" data-element_type=\"widget\" data-widget_type=\"image.default\">\n<div class=\"elementor-widget-container\"><img loading=\"lazy\" class=\"alignnone size-full wp-image-1655\" title=\"Actoven Power Rinse TR ikon\" src=\"http:\/\/www.acto-tunisie.com\/wp-content\/uploads\/2021\/07\/Actoven-Power-Rinse-TR-ikon.jpg\" alt=\"Actoven Power Rinse TR ikon\" width=\"277\" height=\"144\" srcset=\"https:\/\/www.acto-tunisie.com\/wp-content\/uploads\/2021\/07\/Actoven-Power-Rinse-TR-ikon.jpg 277w, https:\/\/www.acto-tunisie.com\/wp-content\/uploads\/2021\/07\/Actoven-Power-Rinse-TR-ikon-16x8.jpg 16w\" sizes=\"(max-width: 277px) 100vw, 277px\" \/><\/div>\n<\/div>","protected":false},"featured_media":1654,"comment_status":"open","ping_status":"closed","template":"","meta":{"spay_email":""},"product_cat":[156,157],"product_tag":[],"_links":{"self":[{"href":"https:\/\/www.acto-tunisie.com\/fr\/wp-json\/wp\/v2\/product\/1653"}],"collection":[{"href":"https:\/\/www.acto-tunisie.com\/fr\/wp-json\/wp\/v2\/product"}],"about":[{"href":"https:\/\/www.acto-tunisie.com\/fr\/wp-json\/wp\/v2\/types\/product"}],"replies":[{"embeddable":true,"href":"https:\/\/www.acto-tunisie.com\/fr\/wp-json\/wp\/v2\/comments?post=1653"}],"wp:featuredmedia":[{"embeddable":true,"href":"https:\/\/www.acto-tunisie.com\/fr\/wp-json\/wp\/v2\/media\/1654"}],"wp:attachment":[{"href":"https:\/\/www.acto-tunisie.com\/fr\/wp-json\/wp\/v2\/media?parent=1653"}],"wp:term":[{"taxonomy":"product_cat","embeddable":true,"href":"https:\/\/www.acto-tunisie.com\/fr\/wp-json\/wp\/v2\/product_cat?post=1653"},{"taxonomy":"product_tag","embeddable":true,"href":"https:\/\/www.acto-tunisie.com\/fr\/wp-json\/wp\/v2\/product_tag?post=1653"}],"curies":[{"name":"wp","href":"https:\/\/api.w.org\/{rel}","templated":true}]}}