{"id":1650,"date":"2021-07-12T12:35:48","date_gmt":"2021-07-12T12:35:48","guid":{"rendered":"http:\/\/www.acto-tunisie.com\/?post_type=product&#038;p=1650"},"modified":"2021-07-26T20:00:04","modified_gmt":"2021-07-26T20:00:04","slug":"actoven-clean","status":"publish","type":"product","link":"https:\/\/www.acto-tunisie.com\/fr\/produit\/actoven-clean\/","title":{"rendered":"ACTOVEN\u00ae CLEAN"},"content":{"rendered":"<div class=\"elementor-element elementor-element-6979955f elementor-widget elementor-widget-text-editor\" data-id=\"6979955f\" data-element_type=\"widget\" data-widget_type=\"text-editor.default\">\n<div class=\"elementor-widget-container\">\n<div class=\"elementor-text-editor elementor-clearfix\">\n<p class=\" translation-block\"><strong>Actoven<sup>\u00ae<\/sup>&nbsp;Clean&nbsp;<\/strong>is a cleaning and degreasing product developed for ovens with an integrated cleaning system. The concentrated formula helps to clean off tenacious stains and grill residues in one go.<\/p>\n<p class=\" translation-block\">Easy, effective and quick daily cleaning for convection ovens and ovens with an automatic cleaning system.&nbsp;<strong>Actoven<sup>\u00ae<\/sup>&nbsp;Clean&nbsp;<\/strong>should be used in company with<strong>&nbsp;Actoven<sup>\u00ae<\/sup>&nbsp;Power Rinse<\/strong>.<\/p>\n<\/div>\n<\/div>\n<\/div>\n<div class=\"elementor-element elementor-element-2978744c elementor-position-left elementor-vertical-align-middle elementor-view-default elementor-widget elementor-widget-icon-box\" data-id=\"2978744c\" data-element_type=\"widget\" data-widget_type=\"icon-box.default\">\n<div class=\"elementor-widget-container\">\n<div class=\"elementor-icon-box-wrapper\">\n<div class=\"elementor-icon-box-content\">\n<hr \/>\n<p class=\"elementor-icon-box-title\"><strong>Composition chimique<\/strong><\/p>\n<\/div>\n<\/div>\n<\/div>\n<\/div>\n<div class=\"elementor-element elementor-element-58d50a54 elementor-widget elementor-widget-text-editor\" data-id=\"58d50a54\" data-element_type=\"widget\" data-widget_type=\"text-editor.default\">\n<div class=\"elementor-widget-container\">\n<div class=\"elementor-text-editor elementor-clearfix\">\n<p>5 - 15% d'hydroxyde de potassium, < 5% d'agent tensioactif non ionique, < 5% d'inhibiteur de corrosion, < 5% d'acide \u00e9thyl\u00e8nediamine t\u00e9tra ac\u00e9tique.<\/p>\n<\/div>\n<\/div>\n<\/div>\n<div class=\"elementor-element elementor-element-79fcc1e elementor-position-left elementor-vertical-align-middle elementor-view-default elementor-widget elementor-widget-icon-box\" data-id=\"79fcc1e\" data-element_type=\"widget\" data-widget_type=\"icon-box.default\">\n<div class=\"elementor-widget-container\">\n<div class=\"elementor-icon-box-wrapper\">\n<div class=\"elementor-icon-box-content\">\n<hr \/>\n<p class=\"elementor-icon-box-title\"><strong>M\u00e9thode d'utilisation.<\/strong><\/p>\n<\/div>\n<\/div>\n<\/div>\n<\/div>\n<div class=\"elementor-element elementor-element-b05c231 elementor-widget elementor-widget-text-editor\" data-id=\"b05c231\" data-element_type=\"widget\" data-widget_type=\"text-editor.default\">\n<div class=\"elementor-widget-container\">\n<div class=\"elementor-text-editor elementor-clearfix\">\n<p class=\" translation-block\">Get rid of rough stains within the oven. Can be used hot or cold (max 50 \u00b0C). The dosage of&nbsp;<strong><em>Actoven<sup>\u00ae<\/sup>&nbsp;Clean<\/em><\/strong>&nbsp;is determined by how dirty the oven is. Washing is performed by means of an automatic system. Comply with the instructions of your machine manufacturer. Use&nbsp;<strong><em>Actoven<sup>\u00ae<\/sup>&nbsp;Power Rinse<\/em><\/strong> after washing.<\/p>\n<\/div>\n<\/div>\n<\/div>\n<div class=\"elementor-element elementor-element-7ac32590 elementor-position-left elementor-vertical-align-middle elementor-view-default elementor-widget elementor-widget-icon-box\" data-id=\"7ac32590\" data-element_type=\"widget\" data-widget_type=\"icon-box.default\">\n<div class=\"elementor-widget-container\">\n<div class=\"elementor-icon-box-wrapper\">\n<div class=\"elementor-icon-box-content\">\n<hr \/>\n<p class=\"elementor-icon-box-title\"><strong>Emballage<\/strong>\u200b<\/p>\n<\/div>\n<\/div>\n<\/div>\n<\/div>\n<div class=\"elementor-element elementor-element-63ce9f9e elementor-widget elementor-widget-text-editor\" data-id=\"63ce9f9e\" data-element_type=\"widget\" data-widget_type=\"text-editor.default\">\n<div class=\"elementor-widget-container\">\n<div class=\"elementor-text-editor elementor-clearfix\">\n<table class=\"rg-table\" summary=\"Hed\">\n<thead>\n<tr>\n<th class=\"text\">Unit\u00e9<\/th>\n<th class=\"text\">Pi\u00e8ces dans le carton<\/th>\n<th class=\"text\">Article n\u00b0.<\/th>\n<\/tr>\n<\/thead>\n<tbody>\n<tr>\n<td class=\"text\" data-title=\"Unit\">5 L<\/td>\n<td class=\"text\" data-title=\"Pieces in Box\">4<\/td>\n<td class=\"text\" data-title=\"Article-No.\">07.1878.5<\/td>\n<\/tr>\n<tr>\n<td class=\"text\" data-title=\"Unit\">20 L<\/td>\n<td class=\"text\" data-title=\"Pieces in Box\">1<\/td>\n<td class=\"text\" data-title=\"Article-No.\">07.1878.20<\/td>\n<\/tr>\n<\/tbody>\n<\/table>\n<\/div>\n<\/div>\n<\/div>","protected":false},"excerpt":{"rendered":"<div class=\"elementor-element elementor-element-168bfed5 elementor-widget elementor-widget-text-editor\" data-id=\"168bfed5\" data-element_type=\"widget\" data-widget_type=\"text-editor.default\">\n<div class=\"elementor-widget-container\">\n<div class=\"elementor-text-editor elementor-clearfix\">\n<p><strong>Agent de nettoyage alcalin pour les fours avec syst\u00e8me de nettoyage int\u00e9gr\u00e9<br \/>\n<\/strong><\/p>\n<\/div>\n<\/div>\n<\/div>\n<div class=\"elementor-element elementor-element-6321029 elementor-widget elementor-widget-image\" data-id=\"6321029\" data-element_type=\"widget\" data-widget_type=\"image.default\">\n<div class=\"elementor-widget-container\"><img loading=\"lazy\" class=\"alignnone size-full wp-image-1651\" title=\"Actoven Clean TR ikon\" src=\"http:\/\/www.acto-tunisie.com\/wp-content\/uploads\/2021\/07\/Actoven-Clean-TR-ikon.jpg\" alt=\"Actoven Clean TR ikon\" width=\"276\" height=\"138\" srcset=\"https:\/\/www.acto-tunisie.com\/wp-content\/uploads\/2021\/07\/Actoven-Clean-TR-ikon.jpg 276w, https:\/\/www.acto-tunisie.com\/wp-content\/uploads\/2021\/07\/Actoven-Clean-TR-ikon-16x8.jpg 16w\" sizes=\"(max-width: 276px) 100vw, 276px\" \/><\/div>\n<\/div>","protected":false},"featured_media":1652,"comment_status":"open","ping_status":"closed","template":"","meta":{"spay_email":""},"product_cat":[156,157],"product_tag":[],"_links":{"self":[{"href":"https:\/\/www.acto-tunisie.com\/fr\/wp-json\/wp\/v2\/product\/1650"}],"collection":[{"href":"https:\/\/www.acto-tunisie.com\/fr\/wp-json\/wp\/v2\/product"}],"about":[{"href":"https:\/\/www.acto-tunisie.com\/fr\/wp-json\/wp\/v2\/types\/product"}],"replies":[{"embeddable":true,"href":"https:\/\/www.acto-tunisie.com\/fr\/wp-json\/wp\/v2\/comments?post=1650"}],"wp:featuredmedia":[{"embeddable":true,"href":"https:\/\/www.acto-tunisie.com\/fr\/wp-json\/wp\/v2\/media\/1652"}],"wp:attachment":[{"href":"https:\/\/www.acto-tunisie.com\/fr\/wp-json\/wp\/v2\/media?parent=1650"}],"wp:term":[{"taxonomy":"product_cat","embeddable":true,"href":"https:\/\/www.acto-tunisie.com\/fr\/wp-json\/wp\/v2\/product_cat?post=1650"},{"taxonomy":"product_tag","embeddable":true,"href":"https:\/\/www.acto-tunisie.com\/fr\/wp-json\/wp\/v2\/product_tag?post=1650"}],"curies":[{"name":"wp","href":"https:\/\/api.w.org\/{rel}","templated":true}]}}