{"id":1638,"date":"2021-07-12T12:26:56","date_gmt":"2021-07-12T12:26:56","guid":{"rendered":"http:\/\/www.acto-tunisie.com\/?post_type=product&#038;p=1638"},"modified":"2021-07-22T10:25:57","modified_gmt":"2021-07-22T10:25:57","slug":"actosolid-clean","status":"publish","type":"product","link":"https:\/\/www.acto-tunisie.com\/fr\/produit\/actosolid-clean\/","title":{"rendered":"ACTOSOLID\u00ae CLEAN"},"content":{"rendered":"<div class=\"elementor-element elementor-element-6979955f elementor-widget elementor-widget-text-editor\" data-id=\"6979955f\" data-element_type=\"widget\" data-widget_type=\"text-editor.default\">\n<div class=\"elementor-widget-container\">\n<div class=\"elementor-text-editor elementor-clearfix\">\n<p class=\" translation-block\"><strong>Actosolid<sup>\u00ae<\/sup>&nbsp;Clean<\/strong>&nbsp;is a concentrated and alkaline powder dishwasher detergent that fits for moderately hard water. It is developed for industrial dishwashers. It removes dried stains, cleans off oil stains and dirt.<\/p>\n<p>Haute efficacit\u00e9 sans aucun dommage pour les assiettes et les verres. \u00c9limine toute mauvaise odeur dans les lave-vaisselle et sur la vaisselle.<\/p>\n<p class=\" translation-block\">Should be used in company with&nbsp;<strong>Actodish<sup>\u00ae<\/sup>&nbsp;Rinse.<\/strong> Prevents any lime build-up when used in a proper amount.<\/p>\n<\/div>\n<\/div>\n<\/div>\n<div class=\"elementor-element elementor-element-2978744c elementor-position-left elementor-vertical-align-middle elementor-view-default elementor-widget elementor-widget-icon-box\" data-id=\"2978744c\" data-element_type=\"widget\" data-widget_type=\"icon-box.default\">\n<div class=\"elementor-widget-container\">\n<div class=\"elementor-icon-box-wrapper\">\n<div class=\"elementor-icon-box-content\">\n<hr \/>\n<p class=\"elementor-icon-box-title\"><strong>Composition chimique<\/strong><\/p>\n<\/div>\n<\/div>\n<\/div>\n<\/div>\n<div class=\"elementor-element elementor-element-58d50a54 elementor-widget elementor-widget-text-editor\" data-id=\"58d50a54\" data-element_type=\"widget\" data-widget_type=\"text-editor.default\">\n<div class=\"elementor-widget-container\">\n<div class=\"elementor-text-editor elementor-clearfix\">\n<p>5 - 15% Hydroxyde de sodium, < 5% Acide \u00e9thyl\u00e8nediamine t\u00e9tra ac\u00e9tique, < 1% Inhibiteur de corrosion<\/p>\n<\/div>\n<\/div>\n<\/div>\n<div class=\"elementor-element elementor-element-79fcc1e elementor-position-left elementor-vertical-align-middle elementor-view-default elementor-widget elementor-widget-icon-box\" data-id=\"79fcc1e\" data-element_type=\"widget\" data-widget_type=\"icon-box.default\">\n<div class=\"elementor-widget-container\">\n<div class=\"elementor-icon-box-wrapper\">\n<div class=\"elementor-icon-box-content\">\n<hr \/>\n<p class=\"elementor-icon-box-title\"><strong>M\u00e9thode d'utilisation.<\/strong><\/p>\n<\/div>\n<\/div>\n<\/div>\n<\/div>\n<div class=\"elementor-element elementor-element-b05c231 elementor-widget elementor-widget-text-editor\" data-id=\"b05c231\" data-element_type=\"widget\" data-widget_type=\"text-editor.default\">\n<div class=\"elementor-widget-container\">\n<div class=\"elementor-text-editor elementor-clearfix\">\n<p>Compatible avec le syst\u00e8me de dosage des lave-vaisselle industriels. La quantit\u00e9 d'utilisation est d\u00e9termin\u00e9e en fonction de la duret\u00e9 de l'eau.<\/p>\n<p><strong>Uniquement pour un usage professionnel.<\/strong><\/p>\n<p class=\" translation-block\">Add 1-2.5 g\/L&nbsp;<strong><em>Actosolid<sup>\u00ae<\/sup>&nbsp;Clean<\/em><\/strong>&nbsp;into the detergent chamber of your machine. Use&nbsp;<strong><em>Actodish<sup>\u00ae<\/sup>&nbsp;Rinse<\/em><\/strong> for rinsing.<\/p>\n<\/div>\n<\/div>\n<\/div>\n<div class=\"elementor-element elementor-element-7ac32590 elementor-position-left elementor-vertical-align-middle elementor-view-default elementor-widget elementor-widget-icon-box\" data-id=\"7ac32590\" data-element_type=\"widget\" data-widget_type=\"icon-box.default\">\n<div class=\"elementor-widget-container\">\n<div class=\"elementor-icon-box-wrapper\">\n<div class=\"elementor-icon-box-content\">\n<hr \/>\n<p class=\"elementor-icon-box-title\"><strong>Emballage<\/strong>\u200b<\/p>\n<\/div>\n<\/div>\n<\/div>\n<\/div>\n<div class=\"elementor-element elementor-element-63ce9f9e elementor-widget elementor-widget-text-editor\" data-id=\"63ce9f9e\" data-element_type=\"widget\" data-widget_type=\"text-editor.default\">\n<div class=\"elementor-widget-container\">\n<div class=\"elementor-text-editor elementor-clearfix\">\n<table class=\"rg-table\" summary=\"Hed\">\n<thead>\n<tr>\n<th class=\"text\">Unit\u00e9<\/th>\n<th class=\"text\">Pi\u00e8ces dans le carton<\/th>\n<th class=\"text\">Article n\u00b0.<\/th>\n<\/tr>\n<\/thead>\n<tbody>\n<tr>\n<td class=\"text\" data-title=\"Unit\">1 Kg<\/td>\n<td class=\"text\" data-title=\"Pieces in Box\">10<\/td>\n<td class=\"text\" data-title=\"Article-No.\">07.3365.1<\/td>\n<\/tr>\n<tr>\n<td class=\"text\" data-title=\"Unit\">5 Kg<\/td>\n<td class=\"text\" data-title=\"Pieces in Box\">1<\/td>\n<td class=\"text\" data-title=\"Article-No.\">07.3365.5<\/td>\n<\/tr>\n<\/tbody>\n<\/table>\n<\/div>\n<\/div>\n<\/div>","protected":false},"excerpt":{"rendered":"<div class=\"elementor-element elementor-element-168bfed5 elementor-widget elementor-widget-text-editor\" data-id=\"168bfed5\" data-element_type=\"widget\" data-widget_type=\"text-editor.default\">\n<div class=\"elementor-widget-container\">\n<div class=\"elementor-text-editor elementor-clearfix\"><strong>Principal agent de lavage pour les lave-vaisselle industriels<\/strong><\/div>\n<\/div>\n<\/div>\n<div class=\"elementor-element elementor-element-6321029 elementor-widget elementor-widget-image\" data-id=\"6321029\" data-element_type=\"widget\" data-widget_type=\"image.default\">\n<div class=\"elementor-widget-container\"><img loading=\"lazy\" class=\"alignnone size-full wp-image-1639\" title=\"Actosolid Clean TR ikon\" src=\"http:\/\/www.acto-tunisie.com\/wp-content\/uploads\/2021\/07\/Actosolid-Clean-TR-ikon.jpg\" alt=\"Actosolid Clean TR ikon\" width=\"324\" height=\"170\" srcset=\"https:\/\/www.acto-tunisie.com\/wp-content\/uploads\/2021\/07\/Actosolid-Clean-TR-ikon.jpg 324w, https:\/\/www.acto-tunisie.com\/wp-content\/uploads\/2021\/07\/Actosolid-Clean-TR-ikon-300x157.jpg 300w, https:\/\/www.acto-tunisie.com\/wp-content\/uploads\/2021\/07\/Actosolid-Clean-TR-ikon-16x8.jpg 16w\" sizes=\"(max-width: 324px) 100vw, 324px\" \/><\/div>\n<\/div>","protected":false},"featured_media":1640,"comment_status":"open","ping_status":"closed","template":"","meta":{"spay_email":""},"product_cat":[156,157],"product_tag":[],"_links":{"self":[{"href":"https:\/\/www.acto-tunisie.com\/fr\/wp-json\/wp\/v2\/product\/1638"}],"collection":[{"href":"https:\/\/www.acto-tunisie.com\/fr\/wp-json\/wp\/v2\/product"}],"about":[{"href":"https:\/\/www.acto-tunisie.com\/fr\/wp-json\/wp\/v2\/types\/product"}],"replies":[{"embeddable":true,"href":"https:\/\/www.acto-tunisie.com\/fr\/wp-json\/wp\/v2\/comments?post=1638"}],"wp:featuredmedia":[{"embeddable":true,"href":"https:\/\/www.acto-tunisie.com\/fr\/wp-json\/wp\/v2\/media\/1640"}],"wp:attachment":[{"href":"https:\/\/www.acto-tunisie.com\/fr\/wp-json\/wp\/v2\/media?parent=1638"}],"wp:term":[{"taxonomy":"product_cat","embeddable":true,"href":"https:\/\/www.acto-tunisie.com\/fr\/wp-json\/wp\/v2\/product_cat?post=1638"},{"taxonomy":"product_tag","embeddable":true,"href":"https:\/\/www.acto-tunisie.com\/fr\/wp-json\/wp\/v2\/product_tag?post=1638"}],"curies":[{"name":"wp","href":"https:\/\/api.w.org\/{rel}","templated":true}]}}