{"id":1635,"date":"2021-07-12T12:25:00","date_gmt":"2021-07-12T12:25:00","guid":{"rendered":"http:\/\/www.acto-tunisie.com\/?post_type=product&#038;p=1635"},"modified":"2021-07-26T20:05:10","modified_gmt":"2021-07-26T20:05:10","slug":"actodish-liquid","status":"publish","type":"product","link":"https:\/\/www.acto-tunisie.com\/fr\/produit\/actodish-liquid\/","title":{"rendered":"ACTODISH\u00ae LIQUID"},"content":{"rendered":"<div class=\"elementor-element elementor-element-6979955f elementor-widget elementor-widget-text-editor\" data-id=\"6979955f\" data-element_type=\"widget\" data-widget_type=\"text-editor.default\">\n<div class=\"elementor-widget-container\">\n<div class=\"elementor-text-editor elementor-clearfix\">\n<p class=\" translation-block\"><strong>Actodish<sup>\u00ae<\/sup>&nbsp;Liquid<\/strong>&nbsp;is developed for industrial dishwashers. It removes dried stains and cleans off oil stains and dirt. High effectiveness without any damage to plates and glasses. Eliminates any malodor in dishwashers and on dishes. Must be used in company with&nbsp;<strong>Actodish<sup>\u00ae<\/sup>&nbsp;Rinse<\/strong>. Prevents lime buildup when used in a proper amount.<\/p>\n<\/div>\n<\/div>\n<\/div>\n<div class=\"elementor-element elementor-element-2978744c elementor-position-left elementor-vertical-align-middle elementor-view-default elementor-widget elementor-widget-icon-box\" data-id=\"2978744c\" data-element_type=\"widget\" data-widget_type=\"icon-box.default\">\n<div class=\"elementor-widget-container\">\n<div class=\"elementor-icon-box-wrapper\">\n<div class=\"elementor-icon-box-content\">\n<hr \/>\n<p class=\"elementor-icon-box-title\"><strong>Composition chimique<\/strong><\/p>\n<\/div>\n<\/div>\n<\/div>\n<\/div>\n<div class=\"elementor-element elementor-element-58d50a54 elementor-widget elementor-widget-text-editor\" data-id=\"58d50a54\" data-element_type=\"widget\" data-widget_type=\"text-editor.default\">\n<div class=\"elementor-widget-container\">\n<div class=\"elementor-text-editor elementor-clearfix\">\n<p>5 - 15% Hydroxyde de sodium, < 5% Acide \u00e9thyl\u00e8nediamine t\u00e9tra ac\u00e9tique, < 1% Inhibiteur de corrosion<\/p>\n<\/div>\n<\/div>\n<\/div>\n<div class=\"elementor-element elementor-element-79fcc1e elementor-position-left elementor-vertical-align-middle elementor-view-default elementor-widget elementor-widget-icon-box\" data-id=\"79fcc1e\" data-element_type=\"widget\" data-widget_type=\"icon-box.default\">\n<div class=\"elementor-widget-container\">\n<div class=\"elementor-icon-box-wrapper\">\n<div class=\"elementor-icon-box-content\">\n<hr \/>\n<p class=\"elementor-icon-box-title\"><strong>M\u00e9thode d'utilisation.<\/strong><\/p>\n<\/div>\n<\/div>\n<\/div>\n<\/div>\n<div class=\"elementor-element elementor-element-b05c231 elementor-widget elementor-widget-text-editor\" data-id=\"b05c231\" data-element_type=\"widget\" data-widget_type=\"text-editor.default\">\n<div class=\"elementor-widget-container\">\n<div class=\"elementor-text-editor elementor-clearfix\">\n<p>Compatible with the dosage system of industrial dishwashers. The amount of use is determined with regard to water hardness, and kept at the same level due to the dosage unit.<\/p>\n<p>Uniquement pour un usage professionnel.<\/p>\n<p class=\" translation-block\"><strong>For Hard Water :<\/strong>&nbsp;4-6 ml\/L<br>\n<strong>For Soft Water :<\/strong> 2-4 ml\/L<\/p>\n<\/div>\n<\/div>\n<\/div>\n<div class=\"elementor-element elementor-element-7ac32590 elementor-position-left elementor-vertical-align-middle elementor-view-default elementor-widget elementor-widget-icon-box\" data-id=\"7ac32590\" data-element_type=\"widget\" data-widget_type=\"icon-box.default\">\n<div class=\"elementor-widget-container\">\n<div class=\"elementor-icon-box-wrapper\">\n<div class=\"elementor-icon-box-content\">\n<hr \/>\n<p class=\"elementor-icon-box-title\"><strong>Emballage<\/strong>\u200b<\/p>\n<\/div>\n<\/div>\n<\/div>\n<\/div>\n<div class=\"elementor-element elementor-element-63ce9f9e elementor-widget elementor-widget-text-editor\" data-id=\"63ce9f9e\" data-element_type=\"widget\" data-widget_type=\"text-editor.default\">\n<div class=\"elementor-widget-container\">\n<div class=\"elementor-text-editor elementor-clearfix\">\n<table class=\"rg-table\" summary=\"Hed\">\n<thead>\n<tr>\n<th class=\"text\">Unit\u00e9<\/th>\n<th class=\"text\">Pi\u00e8ces dans le carton<\/th>\n<th class=\"text\">Article n\u00b0.<\/th>\n<\/tr>\n<\/thead>\n<tbody>\n<tr>\n<td class=\"text\" data-title=\"Unit\">5 L<\/td>\n<td class=\"text\" data-title=\"Pieces in Box\">4<\/td>\n<td class=\"text\" data-title=\"Article-No.\">07.1888.5<\/td>\n<\/tr>\n<tr>\n<td class=\"text\" data-title=\"Unit\">20 L<\/td>\n<td class=\"text\" data-title=\"Pieces in Box\">1<\/td>\n<td class=\"text\" data-title=\"Article-No.\">07.1888.20<\/td>\n<\/tr>\n<\/tbody>\n<\/table>\n<\/div>\n<\/div>\n<\/div>","protected":false},"excerpt":{"rendered":"<div class=\"elementor-element elementor-element-168bfed5 elementor-widget elementor-widget-text-editor\" data-id=\"168bfed5\" data-element_type=\"widget\" data-widget_type=\"text-editor.default\">\n<div class=\"elementor-widget-container\">\n<div class=\"elementor-text-editor elementor-clearfix\"><strong>Industrial Liquid Dishwasher Detergent<\/strong><\/div>\n<\/div>\n<\/div>\n<div class=\"elementor-element elementor-element-6321029 elementor-widget elementor-widget-image\" data-id=\"6321029\" data-element_type=\"widget\" data-widget_type=\"image.default\">\n<div class=\"elementor-widget-container\"><img loading=\"lazy\" class=\"alignnone size-full wp-image-1636\" title=\"Actodish Liquid TR 5L ikon\" src=\"http:\/\/www.acto-tunisie.com\/wp-content\/uploads\/2021\/07\/Actodish-Liquid-TR-5L-ikon.jpg\" alt=\"Actodish Liquid TR 5L ikon\" width=\"325\" height=\"176\" srcset=\"https:\/\/www.acto-tunisie.com\/wp-content\/uploads\/2021\/07\/Actodish-Liquid-TR-5L-ikon.jpg 325w, https:\/\/www.acto-tunisie.com\/wp-content\/uploads\/2021\/07\/Actodish-Liquid-TR-5L-ikon-300x162.jpg 300w, https:\/\/www.acto-tunisie.com\/wp-content\/uploads\/2021\/07\/Actodish-Liquid-TR-5L-ikon-16x9.jpg 16w\" sizes=\"(max-width: 325px) 100vw, 325px\" \/><\/div>\n<\/div>","protected":false},"featured_media":1637,"comment_status":"open","ping_status":"closed","template":"","meta":{"spay_email":""},"product_cat":[156,157],"product_tag":[],"_links":{"self":[{"href":"https:\/\/www.acto-tunisie.com\/fr\/wp-json\/wp\/v2\/product\/1635"}],"collection":[{"href":"https:\/\/www.acto-tunisie.com\/fr\/wp-json\/wp\/v2\/product"}],"about":[{"href":"https:\/\/www.acto-tunisie.com\/fr\/wp-json\/wp\/v2\/types\/product"}],"replies":[{"embeddable":true,"href":"https:\/\/www.acto-tunisie.com\/fr\/wp-json\/wp\/v2\/comments?post=1635"}],"wp:featuredmedia":[{"embeddable":true,"href":"https:\/\/www.acto-tunisie.com\/fr\/wp-json\/wp\/v2\/media\/1637"}],"wp:attachment":[{"href":"https:\/\/www.acto-tunisie.com\/fr\/wp-json\/wp\/v2\/media?parent=1635"}],"wp:term":[{"taxonomy":"product_cat","embeddable":true,"href":"https:\/\/www.acto-tunisie.com\/fr\/wp-json\/wp\/v2\/product_cat?post=1635"},{"taxonomy":"product_tag","embeddable":true,"href":"https:\/\/www.acto-tunisie.com\/fr\/wp-json\/wp\/v2\/product_tag?post=1635"}],"curies":[{"name":"wp","href":"https:\/\/api.w.org\/{rel}","templated":true}]}}