{"id":1630,"date":"2021-07-12T11:20:54","date_gmt":"2021-07-12T11:20:54","guid":{"rendered":"http:\/\/www.acto-tunisie.com\/?post_type=product&#038;p=1630"},"modified":"2021-07-12T11:20:54","modified_gmt":"2021-07-12T11:20:54","slug":"acto-plastic-dispenser","status":"publish","type":"product","link":"https:\/\/www.acto-tunisie.com\/fr\/produit\/acto-plastic-dispenser\/","title":{"rendered":"Acto\u00ae Plastic Dispenser"},"content":{"rendered":"<p>Le distributeur de plastique peut \u00eatre utilis\u00e9 avec des liquides de toute densit\u00e9. Il se compose de trois parties : le corps ext\u00e9rieur r\u00e9sistant aux chocs, le bras adapt\u00e9 \u00e0 l'impression du coude qui emp\u00eache le contact avec la main, et la couche inf\u00e9rieure. Il existe deux options de pompe diff\u00e9rentes. Il peut \u00eatre facilement mont\u00e9 sur des murs en b\u00e9ton et en bois. Il existe un appareil disponible au chevet du patient. Le distributeur est r\u00e9sistant aux produits de nettoyage et peut \u00eatre facilement nettoy\u00e9.<\/p>\n<p>La bouteille de d\u00e9sinfectant\/liquide appropri\u00e9e est plac\u00e9e directement dans le distributeur afin d'\u00e9liminer tout risque de contamination. Aucun remplissage n'est effectu\u00e9 \u00e0 partir d'une autre bouteille ou d'un autre bidon.<\/p>","protected":false},"excerpt":{"rendered":"<p>Le distributeur mural en plastique est con\u00e7u pour \u00eatre utilis\u00e9 dans tous les endroits o\u00f9 l'on utilise du savon et du d\u00e9sinfectant pour les mains et la peau.<\/p>\n<p>Il est \u00e9l\u00e9gant et utile.<\/p>","protected":false},"featured_media":1631,"comment_status":"open","ping_status":"closed","template":"","meta":{"spay_email":""},"product_cat":[155],"product_tag":[],"_links":{"self":[{"href":"https:\/\/www.acto-tunisie.com\/fr\/wp-json\/wp\/v2\/product\/1630"}],"collection":[{"href":"https:\/\/www.acto-tunisie.com\/fr\/wp-json\/wp\/v2\/product"}],"about":[{"href":"https:\/\/www.acto-tunisie.com\/fr\/wp-json\/wp\/v2\/types\/product"}],"replies":[{"embeddable":true,"href":"https:\/\/www.acto-tunisie.com\/fr\/wp-json\/wp\/v2\/comments?post=1630"}],"wp:featuredmedia":[{"embeddable":true,"href":"https:\/\/www.acto-tunisie.com\/fr\/wp-json\/wp\/v2\/media\/1631"}],"wp:attachment":[{"href":"https:\/\/www.acto-tunisie.com\/fr\/wp-json\/wp\/v2\/media?parent=1630"}],"wp:term":[{"taxonomy":"product_cat","embeddable":true,"href":"https:\/\/www.acto-tunisie.com\/fr\/wp-json\/wp\/v2\/product_cat?post=1630"},{"taxonomy":"product_tag","embeddable":true,"href":"https:\/\/www.acto-tunisie.com\/fr\/wp-json\/wp\/v2\/product_tag?post=1630"}],"curies":[{"name":"wp","href":"https:\/\/api.w.org\/{rel}","templated":true}]}}