{"id":1629,"date":"2021-07-12T11:01:11","date_gmt":"2021-07-12T11:01:11","guid":{"rendered":"http:\/\/www.acto-tunisie.com\/?post_type=product&#038;p=1629"},"modified":"2021-07-12T11:01:11","modified_gmt":"2021-07-12T11:01:11","slug":"disinfection-bath-30-l","status":"publish","type":"product","link":"https:\/\/www.acto-tunisie.com\/fr\/produit\/disinfection-bath-30-l\/","title":{"rendered":"Disinfection Bath \n30L"},"content":{"rendered":"<p>Bac de solution d\u00e9sinfectante pour la d\u00e9sinfection \u00e0 froid<\/p>\n<p>Dimensions:<br \/>\n700 X 300 X 180 mm<\/p>\n<p>Avec cr\u00e9pine, avec couvercle<\/p>\n<p>Une section sur le capuchon permet d'\u00e9crire le nom de l'utilisateur et du produit.<\/p>\n<p>Il y a un tableau de dosage sur la couverture.<\/p>","protected":false},"excerpt":{"rendered":"<p>Disinfectant solution tub for Cold Disinfection Dimensions: -700 X 300 X 180 mm With Strainer, With Cover There is a section on the cap to write the name of the user and the product. There is a dosing table on the cover.<\/p>","protected":false},"featured_media":1626,"comment_status":"open","ping_status":"closed","template":"","meta":{"spay_email":""},"product_cat":[155],"product_tag":[],"_links":{"self":[{"href":"https:\/\/www.acto-tunisie.com\/fr\/wp-json\/wp\/v2\/product\/1629"}],"collection":[{"href":"https:\/\/www.acto-tunisie.com\/fr\/wp-json\/wp\/v2\/product"}],"about":[{"href":"https:\/\/www.acto-tunisie.com\/fr\/wp-json\/wp\/v2\/types\/product"}],"replies":[{"embeddable":true,"href":"https:\/\/www.acto-tunisie.com\/fr\/wp-json\/wp\/v2\/comments?post=1629"}],"wp:featuredmedia":[{"embeddable":true,"href":"https:\/\/www.acto-tunisie.com\/fr\/wp-json\/wp\/v2\/media\/1626"}],"wp:attachment":[{"href":"https:\/\/www.acto-tunisie.com\/fr\/wp-json\/wp\/v2\/media?parent=1629"}],"wp:term":[{"taxonomy":"product_cat","embeddable":true,"href":"https:\/\/www.acto-tunisie.com\/fr\/wp-json\/wp\/v2\/product_cat?post=1629"},{"taxonomy":"product_tag","embeddable":true,"href":"https:\/\/www.acto-tunisie.com\/fr\/wp-json\/wp\/v2\/product_tag?post=1629"}],"curies":[{"name":"wp","href":"https:\/\/api.w.org\/{rel}","templated":true}]}}