{"id":1621,"date":"2021-07-12T10:41:46","date_gmt":"2021-07-12T10:41:46","guid":{"rendered":"http:\/\/www.acto-tunisie.com\/?post_type=product&#038;p=1621"},"modified":"2021-07-12T10:41:46","modified_gmt":"2021-07-12T10:41:46","slug":"steel-dispenser","status":"publish","type":"product","link":"https:\/\/www.acto-tunisie.com\/fr\/produit\/steel-dispenser\/","title":{"rendered":"Steel Dispenser"},"content":{"rendered":"<p>Il peut \u00eatre facilement mont\u00e9 sur des murs en b\u00e9ton et en bois.<\/p>\n<p>Le bras en acier peut \u00eatre utilis\u00e9 \u00e0 l'aide d'une main ou d'un coude. Le corps ext\u00e9rieur du distributeur \u00e9tant en acier galvanis\u00e9 inoxydable, il est r\u00e9sistant aux chocs et poss\u00e8de des propri\u00e9t\u00e9s antibact\u00e9riennes. Le distributeur est r\u00e9sistant aux produits de nettoyage et peut \u00eatre facilement nettoy\u00e9.<\/p>\n<p>Les pi\u00e8ces en acier peuvent \u00eatre st\u00e9rilis\u00e9es en autoclave.<\/p>\n<p>Utilisation : Le d\u00e9sinfectant \/ liquide plac\u00e9 dans le distributeur en acier est pulv\u00e9ris\u00e9 avec les mains dans le dosage appropri\u00e9 \u00e0 l'aide d'un bras en acier. Utilis\u00e9 conform\u00e9ment aux instructions (par exemple EN 1500).<\/p>","protected":false},"excerpt":{"rendered":"<p>Le distributeur en acier est un \u00e9quipement hygi\u00e9nique et chirurgical d'aide au lavage des mains et peut \u00eatre utilis\u00e9 avec des liquides de toute densit\u00e9.<\/p>","protected":false},"featured_media":1622,"comment_status":"open","ping_status":"closed","template":"","meta":{"spay_email":""},"product_cat":[155],"product_tag":[],"_links":{"self":[{"href":"https:\/\/www.acto-tunisie.com\/fr\/wp-json\/wp\/v2\/product\/1621"}],"collection":[{"href":"https:\/\/www.acto-tunisie.com\/fr\/wp-json\/wp\/v2\/product"}],"about":[{"href":"https:\/\/www.acto-tunisie.com\/fr\/wp-json\/wp\/v2\/types\/product"}],"replies":[{"embeddable":true,"href":"https:\/\/www.acto-tunisie.com\/fr\/wp-json\/wp\/v2\/comments?post=1621"}],"wp:featuredmedia":[{"embeddable":true,"href":"https:\/\/www.acto-tunisie.com\/fr\/wp-json\/wp\/v2\/media\/1622"}],"wp:attachment":[{"href":"https:\/\/www.acto-tunisie.com\/fr\/wp-json\/wp\/v2\/media?parent=1621"}],"wp:term":[{"taxonomy":"product_cat","embeddable":true,"href":"https:\/\/www.acto-tunisie.com\/fr\/wp-json\/wp\/v2\/product_cat?post=1621"},{"taxonomy":"product_tag","embeddable":true,"href":"https:\/\/www.acto-tunisie.com\/fr\/wp-json\/wp\/v2\/product_tag?post=1621"}],"curies":[{"name":"wp","href":"https:\/\/api.w.org\/{rel}","templated":true}]}}