{"id":1424,"date":"2021-06-20T18:58:55","date_gmt":"2021-06-20T18:58:55","guid":{"rendered":"http:\/\/www.acto-tunisie.com\/?post_type=product&#038;p=1424"},"modified":"2021-07-13T10:01:29","modified_gmt":"2021-07-13T10:01:29","slug":"actodent-bohrerbad","status":"publish","type":"product","link":"https:\/\/www.acto-tunisie.com\/fr\/produit\/actodent-bohrerbad\/","title":{"rendered":"ACTODENT\u00ae BOHRERBAD"},"content":{"rendered":"<div class=\"elementor-element elementor-element-6979955f elementor-widget elementor-widget-text-editor\" data-id=\"6979955f\" data-element_type=\"widget\" data-widget_type=\"text-editor.default\">\n<div class=\"elementor-widget-container\">\n<div class=\"elementor-text-editor elementor-clearfix\">\n<p class=\" translation-block\"><strong>Actodent\u00ae&nbsp;Bohrerbad<\/strong>, is a ready-to-use disinfectant for disinfection of medical instruments, particularly dental instruments. Contains anti-corrosion agents. Used for pre-cleaning and disinfection of dental instruments with high cleaning power. Free of aldehyde and phenol.<\/p>\n<p class=\" translation-block\"><strong>Actodent\u00ae&nbsp;Bohrerbad<\/strong>&nbsp;is used for cleaning and disinfection of dental bur used in dentistry as well as dental surgical and laboratory materials. Has a wide material compatibility including steel, glass, porcelain, ceramic and metal. Suitable for use manually and with ultrasonic washing machine.<\/p>\n<hr \/>\n<p><strong>Composition chimique<\/strong><\/p>\n<p class=\" translation-block\"><strong>100 g contains:<\/strong>&nbsp;0.59 g of Bis (3-aminopropyl) dodecylamine, 0.72 g of Didecylmethylpoly (oxyethyl) ammoniumpropionate and auxiliary substances<\/p>\n<hr \/>\n<p><strong>Activit\u00e9 microbiologique<\/strong><\/p>\n<table>\n<thead>\n<tr>\n<td><strong>Activit\u00e9 microbiologique<\/strong><\/td>\n<td><strong>M\u00e9thode d'essai<\/strong><\/td>\n<td><strong>Concentration<\/strong><\/td>\n<td><strong>Dur\u00e9e de l'effet<\/strong><\/td>\n<\/tr>\n<\/thead>\n<tbody>\n<tr>\n<td>Bact\u00e9ricide<\/td>\n<td>EN 13727 \/ EN 14561<\/td>\n<td>Pr\u00eat \u00e0 l'emploi<\/td>\n<td>15 minutes<\/td>\n<\/tr>\n<tr>\n<td>Fongicide (C. albicans)<\/td>\n<td>EN 13624 EN 14562<\/td>\n<td>Pr\u00eat \u00e0 l'emploi<\/td>\n<td>15 minutes<\/td>\n<\/tr>\n<tr>\n<td>Tuberculocide Microbact\u00e9ricide<\/td>\n<td>EN 14563<\/td>\n<td>Pr\u00eat \u00e0 l'emploi<\/td>\n<td>30 minutes<\/td>\n<\/tr>\n<tr>\n<td>Virucide<\/td>\n<td>HBV, BHV, BRV<\/td>\n<td>Pr\u00eat \u00e0 l'emploi<\/td>\n<td>15 minutes<\/td>\n<\/tr>\n<\/tbody>\n<\/table>\n<hr \/>\n<p><strong>M\u00e9thode d'utilisation.<\/strong><\/p>\n<p>Il est pr\u00eat \u00e0 l'emploi. Elle n'est pas reconstitu\u00e9e. Mettre la solution dans le bain \u00e0 utiliser. D\u00e9montez et placez les instruments imm\u00e9diatement apr\u00e8s utilisation. S'assurer que la solution recouvre tous les instruments. Fermez le couvercle du bain.<\/p>\n<p>Attendez le temps d'action. Retirez tous les instruments de la solution et rincez-les avec de l'eau au moins potable, puis s\u00e9chez-les. La solution est adapt\u00e9e \u00e0 un usage quotidien.<\/p>\n<p>If turbidity and contamination of the solution increase, change immediately.<\/p>\n<p class=\" translation-block\">You can use either&nbsp;<strong>Acto<sup>\u00ae<\/sup>&nbsp;Oil Spray SF<\/strong>&nbsp;or&nbsp;<strong>Actoton<sup>\u00ae<\/sup>&nbsp;M<\/strong>&nbsp;for maintenance of the instruments<\/p>\n<hr \/>\n<p><strong>Emballage<\/strong><\/p>\n<table>\n<thead>\n<tr>\n<td><strong>Unit\u00e9<\/strong><\/td>\n<td><strong>Pi\u00e8ces dans le carton<\/strong><\/td>\n<td><strong>Article n\u00b0.<\/strong><\/td>\n<\/tr>\n<\/thead>\n<tbody>\n<tr>\n<td>2 L<\/td>\n<td>5<\/td>\n<td>01.0501.2<\/td>\n<\/tr>\n<\/tbody>\n<\/table>\n<p>&nbsp;<\/p>\n<\/div>\n<\/div>\n<\/div>\n<div class=\"elementor-element elementor-element-63ce9f9e elementor-widget elementor-widget-text-editor\" data-id=\"63ce9f9e\" data-element_type=\"widget\" data-widget_type=\"text-editor.default\">\n<div class=\"elementor-widget-container\"><\/div>\n<\/div>","protected":false},"excerpt":{"rendered":"<p style=\"font-weight: 500;\"><b><strong>D\u00e9sinfectant pour instruments dentaires et fraises dentaires<\/strong><\/b><\/p>\n<ul style=\"font-weight: 500;\">\n<li>Convient \u00e0 tous les instruments dentaires, en particulier aux fraises dentaires.<\/li>\n<li>Compatibilit\u00e9 \u00e9lev\u00e9e avec les mat\u00e9riaux<\/li>\n<li>A une action bact\u00e9ricide (y compris Tbc), fongicide et virucide.<\/li>\n<li>Exempt d'ald\u00e9hyde et de ph\u00e9nol<\/li>\n<li>Un produit pr\u00eat \u00e0 l'emploi<\/li>\n<li>Convient pour une utilisation manuelle et avec une machine \u00e0 laver \u00e0 ultrasons<\/li>\n<\/ul>","protected":false},"featured_media":1425,"comment_status":"open","ping_status":"closed","template":"","meta":{"spay_email":""},"product_cat":[144,145],"product_tag":[],"_links":{"self":[{"href":"https:\/\/www.acto-tunisie.com\/fr\/wp-json\/wp\/v2\/product\/1424"}],"collection":[{"href":"https:\/\/www.acto-tunisie.com\/fr\/wp-json\/wp\/v2\/product"}],"about":[{"href":"https:\/\/www.acto-tunisie.com\/fr\/wp-json\/wp\/v2\/types\/product"}],"replies":[{"embeddable":true,"href":"https:\/\/www.acto-tunisie.com\/fr\/wp-json\/wp\/v2\/comments?post=1424"}],"wp:featuredmedia":[{"embeddable":true,"href":"https:\/\/www.acto-tunisie.com\/fr\/wp-json\/wp\/v2\/media\/1425"}],"wp:attachment":[{"href":"https:\/\/www.acto-tunisie.com\/fr\/wp-json\/wp\/v2\/media?parent=1424"}],"wp:term":[{"taxonomy":"product_cat","embeddable":true,"href":"https:\/\/www.acto-tunisie.com\/fr\/wp-json\/wp\/v2\/product_cat?post=1424"},{"taxonomy":"product_tag","embeddable":true,"href":"https:\/\/www.acto-tunisie.com\/fr\/wp-json\/wp\/v2\/product_tag?post=1424"}],"curies":[{"name":"wp","href":"https:\/\/api.w.org\/{rel}","templated":true}]}}