{"id":1422,"date":"2021-06-20T14:37:47","date_gmt":"2021-06-20T14:37:47","guid":{"rendered":"http:\/\/www.acto-tunisie.com\/?post_type=product&#038;p=1422"},"modified":"2021-07-18T23:33:37","modified_gmt":"2021-07-18T23:33:37","slug":"actodiacit-pa","status":"publish","type":"product","link":"https:\/\/www.acto-tunisie.com\/fr\/produit\/actodiacit-pa\/","title":{"rendered":"ACTODIACIT\u00ae PA"},"content":{"rendered":"<div class=\"elementor-element elementor-element-6979955f elementor-widget elementor-widget-text-editor\" data-id=\"6979955f\" data-element_type=\"widget\" data-widget_type=\"text-editor.default\">\n<div class=\"elementor-widget-container\">\n<div class=\"elementor-text-editor elementor-clearfix\">\n<p class=\" translation-block\"><strong>Actodiacit<sup>\u00ae<\/sup>&nbsp;PA<\/strong>, is used for highly effective disinfection and decalcification purposes in hemodialysis devices with volumetric system and open system. Performs disinfection at body temperature. It is blood dissolver and descaler. Biodegradable. Suitable for use on all hemodialysis devices.<\/p>\n<hr \/>\n<p><strong>Composition chimique<\/strong><\/p>\n<p class=\" translation-block\"><strong>100 g contains:&nbsp;<\/strong>21 g Citric acid, lactic acid, malic acid and excipients<\/p>\n<hr \/>\n<p><strong>Activit\u00e9 microbiologique<\/strong><\/p>\n<table>\n<thead>\n<tr>\n<td><strong>Activit\u00e9 microbiologique<\/strong><\/td>\n<td><strong>M\u00e9thode d'essai<\/strong><\/td>\n<td><strong>Concentration<\/strong><\/td>\n<td><strong>Dur\u00e9e de l'effet<\/strong><\/td>\n<\/tr>\n<\/thead>\n<tbody>\n<tr>\n<td>Bactericidal)<\/td>\n<td>EN 13727 \/ EN 14561<\/td>\n<td>1%<\/td>\n<td>10 minutes<\/td>\n<\/tr>\n<tr>\n<td>Fongicide (C. albicans)<\/td>\n<td>EN 14562<\/td>\n<td>1%<\/td>\n<td>10 minutes<\/td>\n<\/tr>\n<tr>\n<td>Tuberculocide<\/td>\n<td>EN 14563<\/td>\n<td>1%<\/td>\n<td>10 minutes<\/td>\n<\/tr>\n<tr>\n<td>Virucidal (Parvovirus)<\/td>\n<td>EN 14476<\/td>\n<td>1%<\/td>\n<td>10 minutes<\/td>\n<\/tr>\n<tr>\n<td>Sporicide<\/td>\n<td>EN 13704<\/td>\n<td>3%<\/td>\n<td>10 minutes<\/td>\n<\/tr>\n<\/tbody>\n<\/table>\n<hr \/>\n<p><strong>M\u00e9thode d'utilisation.<\/strong><\/p>\n<p>Il est dilu\u00e9 \u00e0 1\/33 par de l'eau d'osmose inverse (RO) Il est utilis\u00e9 en tirant automatiquement la pipette de d\u00e9sinfection des appareils d'h\u00e9modialyse.<\/p>\n<hr \/>\n<p><strong>Emballage<\/strong><\/p>\n<table>\n<thead>\n<tr>\n<td><strong>Unit\u00e9<\/strong><\/td>\n<td><strong>Pi\u00e8ces dans le carton<\/strong><\/td>\n<td><strong>Article n\u00b0.<\/strong><\/td>\n<\/tr>\n<\/thead>\n<tbody>\n<tr>\n<td>5 L<\/td>\n<td>3<\/td>\n<td>01.8305.5<\/td>\n<\/tr>\n<\/tbody>\n<\/table>\n<p>&nbsp;<\/p>\n<\/div>\n<\/div>\n<\/div>","protected":false},"excerpt":{"rendered":"<p style=\"font-weight: 500;\"><b><strong>D\u00e9sinfectant \u00e0 l'acide perac\u00e9tique pour les appareils d'h\u00e9modialyse<\/strong><\/b><\/p>\n<ul style=\"font-weight: 500;\">\n<li>Contient de l'acide perac\u00e9tique<\/li>\n<li>Assure la d\u00e9sinfection et le d\u00e9tartrage en une seule \u00e9tape.<\/li>\n<li>Poss\u00e8de des propri\u00e9t\u00e9s bact\u00e9ricides (y compris Tbc), fongicides, virucides et sporicides.<\/li>\n<li>100% d\u00e9gradable, respectueux de l'environnement<\/li>\n<li>Utilisable sur tous les appareils d'h\u00e9modialyse<\/li>\n<\/ul>","protected":false},"featured_media":1423,"comment_status":"open","ping_status":"closed","template":"","meta":{"spay_email":""},"product_cat":[15,143],"product_tag":[],"_links":{"self":[{"href":"https:\/\/www.acto-tunisie.com\/fr\/wp-json\/wp\/v2\/product\/1422"}],"collection":[{"href":"https:\/\/www.acto-tunisie.com\/fr\/wp-json\/wp\/v2\/product"}],"about":[{"href":"https:\/\/www.acto-tunisie.com\/fr\/wp-json\/wp\/v2\/types\/product"}],"replies":[{"embeddable":true,"href":"https:\/\/www.acto-tunisie.com\/fr\/wp-json\/wp\/v2\/comments?post=1422"}],"wp:featuredmedia":[{"embeddable":true,"href":"https:\/\/www.acto-tunisie.com\/fr\/wp-json\/wp\/v2\/media\/1423"}],"wp:attachment":[{"href":"https:\/\/www.acto-tunisie.com\/fr\/wp-json\/wp\/v2\/media?parent=1422"}],"wp:term":[{"taxonomy":"product_cat","embeddable":true,"href":"https:\/\/www.acto-tunisie.com\/fr\/wp-json\/wp\/v2\/product_cat?post=1422"},{"taxonomy":"product_tag","embeddable":true,"href":"https:\/\/www.acto-tunisie.com\/fr\/wp-json\/wp\/v2\/product_tag?post=1422"}],"curies":[{"name":"wp","href":"https:\/\/api.w.org\/{rel}","templated":true}]}}