{"id":1417,"date":"2021-06-20T14:32:48","date_gmt":"2021-06-20T14:32:48","guid":{"rendered":"http:\/\/www.acto-tunisie.com\/?post_type=product&#038;p=1417"},"modified":"2021-07-13T09:18:45","modified_gmt":"2021-07-13T09:18:45","slug":"actoton-sn","status":"publish","type":"product","link":"https:\/\/www.acto-tunisie.com\/fr\/produit\/actoton-sn\/","title":{"rendered":"ACTOTON\u00ae SN"},"content":{"rendered":"<p class=\" translation-block\"><strong>Actoton\u00ae SN&nbsp;<\/strong>is liquid for washer-disinfectors is neutralization solution containing organic acid.&nbsp; It is&nbsp;used for&nbsp;neutralization&nbsp;of&nbsp;alkali residues after main washing process. It provides removal of lime formed. Suitable for use in all washers and disinfectors.<\/p>\n<hr \/>\n<p><strong>Composition chimique<\/strong><\/p>\n<p>Acide phosphorique et solvant.<strong>\u200b<\/strong><\/p>\n<p class=\" translation-block\"><strong>Actoton\u00ae SN&nbsp;<\/strong>is liquid for washer-disinfectors is neutralization solution containing organic acid.&nbsp; It is&nbsp;used for&nbsp;neutralization&nbsp;of&nbsp;alkali residues after main washing process. It provides removal of lime formed. Suitable for use in all washers and disinfectors.<\/p>\n<hr \/>\n<p><strong>Domaine d'utilisation:<\/strong><\/p>\n<p>Utilis\u00e9 pour l'\u00e9limination des r\u00e9sidus de calcaire dans la machine et pour la neutralisation des r\u00e9sidus alcalins du processus de lavage principal. La temp\u00e9rature d'utilisation est de 40-60 \u00b0C.<\/p>\n<hr \/>\n<p><strong>M\u00e9thode d'utilisation:<\/strong><\/p>\n<p>Dans le domaine m\u00e9dical, il est recommand\u00e9 d'utiliser 1 \u00e0 3 mL\/L pour les dispositifs de nettoyage et de d\u00e9sinfection. Pour assurer un bon dosage, il faut absolument suivre les recommandations du fabricant. Pour de meilleurs r\u00e9sultats, utiliser avec\u00a0<strong>Actoton\u00ae A<\/strong>\u00a0(solution alcaline).<\/p>\n<hr \/>\n<p><strong>Composition chimique<\/strong><\/p>\n<p>Acide phosphorique et solvant.<\/p>\n<hr \/>\n<p><strong>Emballage<\/strong><\/p>\n<table>\n<thead>\n<tr>\n<td><strong>Unit\u00e9<\/strong><\/td>\n<td><strong>Pi\u00e8ces dans le carton<\/strong><\/td>\n<td><strong>Article n\u00b0.<\/strong><\/td>\n<\/tr>\n<\/thead>\n<tbody>\n<tr>\n<td>5 L<\/td>\n<td>3<\/td>\n<td>04.1501.5<\/td>\n<\/tr>\n<\/tbody>\n<\/table>\n<p>&nbsp;<\/p>","protected":false},"excerpt":{"rendered":"<p style=\"font-weight: 500;\"><b><strong>Solution de neutralisation pour les laveurs-d\u00e9sinfecteurs<\/strong><\/b><\/p>\n<ul style=\"font-weight: 500;\">\n<li>\u00c0 base d'acide phosphorique<\/li>\n<li>Assure la neutralisation des r\u00e9sidus d'alcali<\/li>\n<li>Peut \u00eatre utilis\u00e9 dans tous les laveurs-d\u00e9sinfecteurs<\/li>\n<li>N'endommage pas les pi\u00e8ces de la machine et les outils<\/li>\n<li>Contient des inhibiteurs de corrosion<\/li>\n<\/ul>","protected":false},"featured_media":1418,"comment_status":"open","ping_status":"closed","template":"","meta":{"spay_email":""},"product_cat":[15,142],"product_tag":[],"_links":{"self":[{"href":"https:\/\/www.acto-tunisie.com\/fr\/wp-json\/wp\/v2\/product\/1417"}],"collection":[{"href":"https:\/\/www.acto-tunisie.com\/fr\/wp-json\/wp\/v2\/product"}],"about":[{"href":"https:\/\/www.acto-tunisie.com\/fr\/wp-json\/wp\/v2\/types\/product"}],"replies":[{"embeddable":true,"href":"https:\/\/www.acto-tunisie.com\/fr\/wp-json\/wp\/v2\/comments?post=1417"}],"wp:featuredmedia":[{"embeddable":true,"href":"https:\/\/www.acto-tunisie.com\/fr\/wp-json\/wp\/v2\/media\/1418"}],"wp:attachment":[{"href":"https:\/\/www.acto-tunisie.com\/fr\/wp-json\/wp\/v2\/media?parent=1417"}],"wp:term":[{"taxonomy":"product_cat","embeddable":true,"href":"https:\/\/www.acto-tunisie.com\/fr\/wp-json\/wp\/v2\/product_cat?post=1417"},{"taxonomy":"product_tag","embeddable":true,"href":"https:\/\/www.acto-tunisie.com\/fr\/wp-json\/wp\/v2\/product_tag?post=1417"}],"curies":[{"name":"wp","href":"https:\/\/api.w.org\/{rel}","templated":true}]}}