{"id":1415,"date":"2021-06-20T14:31:22","date_gmt":"2021-06-20T14:31:22","guid":{"rendered":"http:\/\/www.acto-tunisie.com\/?post_type=product&#038;p=1415"},"modified":"2021-07-13T09:17:38","modified_gmt":"2021-07-13T09:17:38","slug":"actoton-c","status":"publish","type":"product","link":"https:\/\/www.acto-tunisie.com\/fr\/produit\/actoton-c\/","title":{"rendered":"ACTOTON\u00ae C"},"content":{"rendered":"<div class=\"elementor-element elementor-element-6979955f elementor-widget elementor-widget-text-editor\" data-id=\"6979955f\" data-element_type=\"widget\" data-widget_type=\"text-editor.default\">\n<div class=\"elementor-widget-container\">\n<div class=\"elementor-text-editor elementor-clearfix\">\n<p class=\" translation-block\"><strong>Actoton<sup>\u00ae<\/sup>&nbsp;C<\/strong>&nbsp; is used for the neutralization of medical and surgical instruments and heat-resistant materials after alkaline washing. It contains citric acid to remove the alkali residues formed in the machine after washing.<\/p>\n<p>&nbsp;<\/p>\n<p class=\" translation-block\"><strong>Actoton<sup>\u00ae<\/sup>&nbsp;C<\/strong>&nbsp;is suitable for stainless steel, plastic, rubber, latex, laboratory glass and ceramic materials<\/p>\n<hr \/>\n<p><strong>Composition chimique<\/strong><\/p>\n<p>Acide citrique monohydrat\u00e9, 2-Propanol, agents de surface non ioniques et excipients.<\/p>\n<hr \/>\n<p><strong>Domaine d'utilisation:<\/strong><\/p>\n<p>Utilis\u00e9 pour l'\u00e9limination des r\u00e9sidus de calcaire dans la machine et pour la neutralisation des r\u00e9sidus alcalins du processus de lavage principal. La temp\u00e9rature d'utilisation est de 40-60 \u00b0C.<\/p>\n<hr \/>\n<p><strong>M\u00e9thode d'utilisation.<\/strong><\/p>\n<p class=\" translation-block\">In the medical field, 1-3 mL\/L is recommended for cleaning and disinfection devices. To ensure proper dosing, the manufacturer\u2019s recommendations must absolutely be followed. For better results, use with&nbsp;<strong>Actoton<sup>\u00ae<\/sup>&nbsp;A&nbsp;<\/strong>(Alkaline solution).<\/p>\n<hr \/>\n<p><strong>Emballage<\/strong><\/p>\n<table>\n<thead>\n<tr>\n<td><strong>Unit\u00e9<\/strong><\/td>\n<td><strong>Pi\u00e8ces dans le carton<\/strong><\/td>\n<td><strong>Article n\u00b0.<\/strong><\/td>\n<\/tr>\n<\/thead>\n<tbody>\n<tr>\n<td>5 L<\/td>\n<td>3<\/td>\n<td>04.1301.5<\/td>\n<\/tr>\n<\/tbody>\n<\/table>\n<p>&nbsp;<\/p>\n<\/div>\n<\/div>\n<\/div>\n<div class=\"elementor-element elementor-element-63ce9f9e elementor-widget elementor-widget-text-editor\" data-id=\"63ce9f9e\" data-element_type=\"widget\" data-widget_type=\"text-editor.default\">\n<div class=\"elementor-widget-container\"><\/div>\n<\/div>","protected":false},"excerpt":{"rendered":"<p style=\"font-weight: 500;\"><b><strong>Solution de neutralisation pour les laveurs-d\u00e9sinfecteurs<\/strong><\/b><\/p>\n<ul style=\"font-weight: 500;\">\n<li>\u00c0 base d'acide citrique<\/li>\n<li>Assure la neutralisation des r\u00e9sidus d'alcali<\/li>\n<li>Peut \u00eatre utilis\u00e9 dans tous les laveurs-d\u00e9sinfecteurs<\/li>\n<li>N'endommage pas les pi\u00e8ces de la machine et les outils<\/li>\n<li>Contient des inhibiteurs de corrosion<\/li>\n<\/ul>","protected":false},"featured_media":1416,"comment_status":"open","ping_status":"closed","template":"","meta":{"spay_email":""},"product_cat":[15,142],"product_tag":[],"_links":{"self":[{"href":"https:\/\/www.acto-tunisie.com\/fr\/wp-json\/wp\/v2\/product\/1415"}],"collection":[{"href":"https:\/\/www.acto-tunisie.com\/fr\/wp-json\/wp\/v2\/product"}],"about":[{"href":"https:\/\/www.acto-tunisie.com\/fr\/wp-json\/wp\/v2\/types\/product"}],"replies":[{"embeddable":true,"href":"https:\/\/www.acto-tunisie.com\/fr\/wp-json\/wp\/v2\/comments?post=1415"}],"wp:featuredmedia":[{"embeddable":true,"href":"https:\/\/www.acto-tunisie.com\/fr\/wp-json\/wp\/v2\/media\/1416"}],"wp:attachment":[{"href":"https:\/\/www.acto-tunisie.com\/fr\/wp-json\/wp\/v2\/media?parent=1415"}],"wp:term":[{"taxonomy":"product_cat","embeddable":true,"href":"https:\/\/www.acto-tunisie.com\/fr\/wp-json\/wp\/v2\/product_cat?post=1415"},{"taxonomy":"product_tag","embeddable":true,"href":"https:\/\/www.acto-tunisie.com\/fr\/wp-json\/wp\/v2\/product_tag?post=1415"}],"curies":[{"name":"wp","href":"https:\/\/api.w.org\/{rel}","templated":true}]}}