{"id":1411,"date":"2021-06-20T14:30:20","date_gmt":"2021-06-20T14:30:20","guid":{"rendered":"http:\/\/www.acto-tunisie.com\/?post_type=product&#038;p=1411"},"modified":"2021-07-13T09:17:16","modified_gmt":"2021-07-13T09:17:16","slug":"actoton-a","status":"publish","type":"product","link":"https:\/\/www.acto-tunisie.com\/fr\/produit\/actoton-a\/","title":{"rendered":"ACTOTON\u00ae A"},"content":{"rendered":"<div class=\"elementor-element elementor-element-6979955f elementor-widget elementor-widget-text-editor\" data-id=\"6979955f\" data-element_type=\"widget\" data-widget_type=\"text-editor.default\">\n<div class=\"elementor-widget-container\">\n<div class=\"elementor-text-editor elementor-clearfix\">\n<p class=\" translation-block\"><strong>Actoton<sup>\u00ae<\/sup>&nbsp;A<\/strong>&nbsp;&nbsp;is an alkaline cleaner for cleaning medical devices with washer-disinfectors. Can be safely used in washerdisinfectors capable of thermal&nbsp; disinfection&nbsp; at&nbsp; 93\u00b0C.&nbsp; Provides&nbsp; thorough&nbsp; and&nbsp; residue-free&nbsp; cleaning&nbsp; Suitable&nbsp; for&nbsp; use&nbsp; in&nbsp; different water hardness grades. Contains corrosion inhibitors. Can be used safely in any brand of washer-disinfector.<\/p>\n<hr \/>\n<p><strong>Composition chimique<\/strong><\/p>\n<p>Hydroxyde de potassium, agents complexants, inhibiteurs de corrosion.<\/p>\n<hr \/>\n<p><strong>Domaine d'utilisation:<\/strong><\/p>\n<p>Utilis\u00e9 pour le nettoyage des instruments chirurgicaux utilis\u00e9s dans le domaine m\u00e9dical, des instruments MIC, des chaussons de salle d'op\u00e9ration et des mat\u00e9riaux en verre utilis\u00e9s dans les laboratoires \u00e9quip\u00e9s de machines \u00e0 laver automatiques.<\/p>\n<hr \/>\n<p><strong>M\u00e9thode d'utilisation.<\/strong><\/p>\n<p class=\" translation-block\">Dosage in the washer-disinfectors used in medical field is recommended as 3-5 mL\/L depending on the water hardness. To ensure proper dosing, the manufacturer\u2019s recommendations must absolutely be followed.&nbsp;<strong>Actoton<sup>\u00ae<\/sup>&nbsp;SN<\/strong>&nbsp;or&nbsp;<strong>Actoton<sup>\u00ae<\/sup>&nbsp;C<\/strong>&nbsp;is recommended for the neutralization of alkali residues after the use of&nbsp;<strong>Actoton<sup>\u00ae<\/sup>&nbsp;A<\/strong>.<\/p>\n<hr \/>\n<p><strong>Emballage<\/strong><\/p>\n<table>\n<thead>\n<tr>\n<td><strong>Unit\u00e9<\/strong><\/td>\n<td><strong>Pi\u00e8ces dans le carton<\/strong><\/td>\n<td><strong>Article n\u00b0.<\/strong><\/td>\n<\/tr>\n<\/thead>\n<tbody>\n<tr>\n<td>5 L<\/td>\n<td>3<\/td>\n<td>04.4301.5<\/td>\n<\/tr>\n<\/tbody>\n<\/table>\n<p>&nbsp;<\/p>\n<\/div>\n<\/div>\n<\/div>\n<div class=\"elementor-element elementor-element-63ce9f9e elementor-widget elementor-widget-text-editor\" data-id=\"63ce9f9e\" data-element_type=\"widget\" data-widget_type=\"text-editor.default\">\n<div class=\"elementor-widget-container\"><\/div>\n<\/div>","protected":false},"excerpt":{"rendered":"<p style=\"font-weight: 500;\"><b><strong>Solution de nettoyage alcaline pour les laveurs-d\u00e9sinfecteurs<\/strong><\/b><\/p>\n<ul style=\"font-weight: 500;\">\n<li>Nettoyant liquide alcalin<\/li>\n<li>Utilis\u00e9 dans tous les laveurs-d\u00e9sinfecteurs<\/li>\n<li>N'endommage pas les pi\u00e8ces de la machine et les outils<\/li>\n<li>Efficace \u00e0 faible concentration<\/li>\n<li>Peut \u00eatre utilis\u00e9 dans des eaux de duret\u00e9 diff\u00e9rente<\/li>\n<\/ul>","protected":false},"featured_media":1414,"comment_status":"open","ping_status":"closed","template":"","meta":{"spay_email":""},"product_cat":[15,142],"product_tag":[],"_links":{"self":[{"href":"https:\/\/www.acto-tunisie.com\/fr\/wp-json\/wp\/v2\/product\/1411"}],"collection":[{"href":"https:\/\/www.acto-tunisie.com\/fr\/wp-json\/wp\/v2\/product"}],"about":[{"href":"https:\/\/www.acto-tunisie.com\/fr\/wp-json\/wp\/v2\/types\/product"}],"replies":[{"embeddable":true,"href":"https:\/\/www.acto-tunisie.com\/fr\/wp-json\/wp\/v2\/comments?post=1411"}],"wp:featuredmedia":[{"embeddable":true,"href":"https:\/\/www.acto-tunisie.com\/fr\/wp-json\/wp\/v2\/media\/1414"}],"wp:attachment":[{"href":"https:\/\/www.acto-tunisie.com\/fr\/wp-json\/wp\/v2\/media?parent=1411"}],"wp:term":[{"taxonomy":"product_cat","embeddable":true,"href":"https:\/\/www.acto-tunisie.com\/fr\/wp-json\/wp\/v2\/product_cat?post=1411"},{"taxonomy":"product_tag","embeddable":true,"href":"https:\/\/www.acto-tunisie.com\/fr\/wp-json\/wp\/v2\/product_tag?post=1411"}],"curies":[{"name":"wp","href":"https:\/\/api.w.org\/{rel}","templated":true}]}}