{"id":1407,"date":"2021-06-20T14:28:32","date_gmt":"2021-06-20T14:28:32","guid":{"rendered":"http:\/\/www.acto-tunisie.com\/?post_type=product&#038;p=1407"},"modified":"2021-07-13T09:16:47","modified_gmt":"2021-07-13T09:16:47","slug":"acto-edelstahl","status":"publish","type":"product","link":"https:\/\/www.acto-tunisie.com\/fr\/produit\/acto-edelstahl\/","title":{"rendered":"ACTO\u00ae EDELSTAHL"},"content":{"rendered":"<div class=\"elementor-element elementor-element-6979955f elementor-widget elementor-widget-text-editor\" data-id=\"6979955f\" data-element_type=\"widget\" data-widget_type=\"text-editor.default\">\n<div class=\"elementor-widget-container\">\n<div class=\"elementor-text-editor elementor-clearfix\">\n<p class=\" translation-block\"><strong>Acto<sup>\u00ae<\/sup>&nbsp;Edelstahl<\/strong>, is a spray for maintenance and protection of steel surfaces. Cleans surfaces without scratching. Provides brightness in the area where it is used. Has antistatic action.<\/p>\n<p>Emp\u00eache la corrosion et convient \u00e0 un usage fr\u00e9quent.<\/p>\n<p>Utilis\u00e9 sur les grandes surfaces en acier dans les h\u00f4pitaux, les cuisines industrielles et les \u00e9tablissements alimentaires.<\/p>\n<hr \/>\n<p><strong>Composition chimique<\/strong><\/p>\n<p>Huile de paraffine de qualit\u00e9 DAB, <5% d'agent de surface non ionique, gaz volatils propane et butane.<\/p>\n<hr \/>\n<p><strong>M\u00e9thode d'utilisation.<\/strong><\/p>\n<p>Secouez bien le flacon pulv\u00e9risateur avant de l'utiliser. Vaporisez \u00e0 une distance de 25 cm. Attendez 1 \u00e0 2 minutes pour que le produit agisse. Essuyer avec un chiffon sec et doux. Peut \u00eatre utilis\u00e9 aussi souvent que souhait\u00e9.<\/p>\n<hr \/>\n<p><strong>Emballage<\/strong><\/p>\n<table>\n<thead>\n<tr>\n<td><strong>Unit\u00e9<\/strong><\/td>\n<td><strong>Pi\u00e8ces dans le carton<\/strong><\/td>\n<td><strong>Article n\u00b0.<\/strong><\/td>\n<\/tr>\n<\/thead>\n<tbody>\n<tr>\n<td>400 ml<\/td>\n<td>12<\/td>\n<td>03.5003.400<\/td>\n<\/tr>\n<\/tbody>\n<\/table>\n<p>&nbsp;<\/p>\n<\/div>\n<\/div>\n<\/div>\n<div class=\"elementor-element elementor-element-63ce9f9e elementor-widget elementor-widget-text-editor\" data-id=\"63ce9f9e\" data-element_type=\"widget\" data-widget_type=\"text-editor.default\">\n<div class=\"elementor-widget-container\"><\/div>\n<\/div>","protected":false},"excerpt":{"rendered":"<p style=\"font-weight: 500;\"><b><strong>Spray de nettoyage et d'entretien pour les surfaces en acier<\/strong><\/b><\/p>\n<ul style=\"font-weight: 500;\">\n<li>Contient de l'huile de paraffine m\u00e9dicale<\/li>\n<li>Donne de la brillance aux surfaces en acier<\/li>\n<li>Convient pour l'entretien et le nettoyage des instruments<\/li>\n<li>Pr\u00e9vient la corrosion<\/li>\n<li>Sans silicone<\/li>\n<li>Antistatique<\/li>\n<li>Adapt\u00e9 \u00e0 un usage fr\u00e9quent<\/li>\n<\/ul>","protected":false},"featured_media":1409,"comment_status":"open","ping_status":"closed","template":"","meta":{"spay_email":""},"product_cat":[15,141],"product_tag":[],"_links":{"self":[{"href":"https:\/\/www.acto-tunisie.com\/fr\/wp-json\/wp\/v2\/product\/1407"}],"collection":[{"href":"https:\/\/www.acto-tunisie.com\/fr\/wp-json\/wp\/v2\/product"}],"about":[{"href":"https:\/\/www.acto-tunisie.com\/fr\/wp-json\/wp\/v2\/types\/product"}],"replies":[{"embeddable":true,"href":"https:\/\/www.acto-tunisie.com\/fr\/wp-json\/wp\/v2\/comments?post=1407"}],"wp:featuredmedia":[{"embeddable":true,"href":"https:\/\/www.acto-tunisie.com\/fr\/wp-json\/wp\/v2\/media\/1409"}],"wp:attachment":[{"href":"https:\/\/www.acto-tunisie.com\/fr\/wp-json\/wp\/v2\/media?parent=1407"}],"wp:term":[{"taxonomy":"product_cat","embeddable":true,"href":"https:\/\/www.acto-tunisie.com\/fr\/wp-json\/wp\/v2\/product_cat?post=1407"},{"taxonomy":"product_tag","embeddable":true,"href":"https:\/\/www.acto-tunisie.com\/fr\/wp-json\/wp\/v2\/product_tag?post=1407"}],"curies":[{"name":"wp","href":"https:\/\/api.w.org\/{rel}","templated":true}]}}