{"id":1405,"date":"2021-06-20T14:25:49","date_gmt":"2021-06-20T14:25:49","guid":{"rendered":"http:\/\/www.acto-tunisie.com\/?post_type=product&#038;p=1405"},"modified":"2021-07-18T23:48:48","modified_gmt":"2021-07-18T23:48:48","slug":"actosteel","status":"publish","type":"product","link":"https:\/\/www.acto-tunisie.com\/fr\/produit\/actosteel\/","title":{"rendered":"ACTOSTEEL\u00ae"},"content":{"rendered":"<div class=\"elementor-element elementor-element-6979955f elementor-widget elementor-widget-text-editor\" data-id=\"6979955f\" data-element_type=\"widget\" data-widget_type=\"text-editor.default\">\n<div class=\"elementor-widget-container\">\n<div class=\"elementor-text-editor elementor-clearfix\">\n<p class=\" translation-block\"><strong>Actosteel<sup>\u00ae<\/sup><\/strong>, removes stains, corrosion and rust occurring on medical instruments. Can eliminate the corrosion caused by poor quality water and sterilization steam.<\/p>\n<p>Utilis\u00e9 pour \u00e9liminer la rouille et la corrosion sur les instruments en acier inoxydable. Assure la neutralisation des r\u00e9sidus alcalins sur les instruments m\u00e9dicaux. \u00c9limine la formation \u00e9ventuelle de calcaire. Convient pour une utilisation manuelle et avec une machine \u00e0 laver \u00e0 ultrasons.<\/p>\n<hr \/>\n<p><strong>Composition chimique<\/strong><\/p>\n<p>100 g contiennent : > 30 g d'acide phosphorique, <5 g d'agent de surface non ionique, inhibiteur de corrosion et substances auxiliaires.<\/p>\n<hr \/>\n<p><strong>Concentration de l'utilisation<\/strong><\/p>\n<table>\n<thead>\n<tr>\n<td><strong>Rapport de concentration<\/strong><\/td>\n<td><strong>Quantit\u00e9 d'eau<\/strong><\/td>\n<td><strong>Quantit\u00e9 de produits<\/strong><\/td>\n<\/tr>\n<\/thead>\n<tbody>\n<tr>\n<td>0,5 %<\/td>\n<td>1000 ml<\/td>\n<td>5 ml<\/td>\n<\/tr>\n<tr>\n<td>0,3 %<\/td>\n<td>1000 ml<\/td>\n<td>3 ml<\/td>\n<\/tr>\n<\/tbody>\n<\/table>\n<p class=\" translation-block\"><strong>Manual usage;<\/strong>&nbsp;0.5% for 5 mins.<\/p>\n<p class=\" translation-block\"><strong>Use in ultrasonic devices;<\/strong>&nbsp;0.3% for 5 mins.<\/p>\n<p>Le taux de concentration et le temps de nettoyage peuvent \u00eatre augment\u00e9s en fonction du degr\u00e9 de salissure.<\/p>\n<hr \/>\n<p><strong>M\u00e9thode d'utilisation.<\/strong><\/p>\n<p class=\" translation-block\">Fill the instruments bath with water. Add&nbsp;<strong>Actosteel<sup>\u00ae&nbsp;<\/sup><\/strong>according to the recommended concentration of use.&nbsp; Disassemble the instruments immediately after use and place them in solution. Make sure that the solution covers&nbsp;&nbsp;&nbsp;&nbsp; all instruments. Brush any stubborn dirt and stains with a medium-hard brush. Close the lid of the bath. Wait for the recommended action time. Remove the instruments from the solution and rinse with at least drinking quality water and dry them.<\/p>\n<hr \/>\n<p><strong>Emballage<\/strong><\/p>\n<table>\n<thead>\n<tr>\n<td><strong>Unit\u00e9<\/strong><\/td>\n<td><strong>Pi\u00e8ces dans le carton<\/strong><\/td>\n<td><strong>Article n\u00b0.<\/strong><\/td>\n<\/tr>\n<\/thead>\n<tbody>\n<tr>\n<td>1 L<\/td>\n<td>14<\/td>\n<td>01.0901.1<\/td>\n<\/tr>\n<tr>\n<td>5 L<\/td>\n<td>4<\/td>\n<td>01.0901.5<\/td>\n<\/tr>\n<\/tbody>\n<\/table>\n<p>&nbsp;<\/p>\n<\/div>\n<\/div>\n<\/div>\n<div class=\"elementor-element elementor-element-63ce9f9e elementor-widget elementor-widget-text-editor\" data-id=\"63ce9f9e\" data-element_type=\"widget\" data-widget_type=\"text-editor.default\">\n<div class=\"elementor-widget-container\"><\/div>\n<\/div>","protected":false},"excerpt":{"rendered":"<p style=\"font-weight: 500;\"><b><strong>Dissolvant de rouille et de corrosion<\/strong><\/b><\/p>\n<ul style=\"font-weight: 500;\">\n<li>Contient de l'acide phosphorique<\/li>\n<li>Un d\u00e9capant efficace contre la rouille et la corrosion<\/li>\n<li>Emp\u00eache le noircissement et la d\u00e9coloration des instruments m\u00e9dicaux.<\/li>\n<li>Enl\u00e8ve les taches caus\u00e9es par la st\u00e9rilisation<\/li>\n<li>Un produit concentr\u00e9<\/li>\n<li>Convient pour une utilisation manuelle et avec une machine \u00e0 laver \u00e0 ultrasons<\/li>\n<\/ul>","protected":false},"featured_media":1406,"comment_status":"open","ping_status":"closed","template":"","meta":{"spay_email":""},"product_cat":[15,141],"product_tag":[],"_links":{"self":[{"href":"https:\/\/www.acto-tunisie.com\/fr\/wp-json\/wp\/v2\/product\/1405"}],"collection":[{"href":"https:\/\/www.acto-tunisie.com\/fr\/wp-json\/wp\/v2\/product"}],"about":[{"href":"https:\/\/www.acto-tunisie.com\/fr\/wp-json\/wp\/v2\/types\/product"}],"replies":[{"embeddable":true,"href":"https:\/\/www.acto-tunisie.com\/fr\/wp-json\/wp\/v2\/comments?post=1405"}],"wp:featuredmedia":[{"embeddable":true,"href":"https:\/\/www.acto-tunisie.com\/fr\/wp-json\/wp\/v2\/media\/1406"}],"wp:attachment":[{"href":"https:\/\/www.acto-tunisie.com\/fr\/wp-json\/wp\/v2\/media?parent=1405"}],"wp:term":[{"taxonomy":"product_cat","embeddable":true,"href":"https:\/\/www.acto-tunisie.com\/fr\/wp-json\/wp\/v2\/product_cat?post=1405"},{"taxonomy":"product_tag","embeddable":true,"href":"https:\/\/www.acto-tunisie.com\/fr\/wp-json\/wp\/v2\/product_tag?post=1405"}],"curies":[{"name":"wp","href":"https:\/\/api.w.org\/{rel}","templated":true}]}}