{"id":1401,"date":"2021-06-20T14:23:14","date_gmt":"2021-06-20T14:23:14","guid":{"rendered":"http:\/\/www.acto-tunisie.com\/?post_type=product&#038;p=1401"},"modified":"2021-07-13T09:10:44","modified_gmt":"2021-07-13T09:10:44","slug":"actoclean-flussig","status":"publish","type":"product","link":"https:\/\/www.acto-tunisie.com\/fr\/produit\/actoclean-flussig\/","title":{"rendered":"ACTOCLEAN\u00ae FL\u00dcSS\u0130G"},"content":{"rendered":"<div class=\"elementor-element elementor-element-6979955f elementor-widget elementor-widget-text-editor\" data-id=\"6979955f\" data-element_type=\"widget\" data-widget_type=\"text-editor.default\">\n<div class=\"elementor-widget-container\">\n<div class=\"elementor-text-editor elementor-clearfix\">\n<p class=\" translation-block\"><strong>Actoclean<sup>\u00ae<\/sup>&nbsp;Fl\u00fcssig<\/strong>, is an enzyme-free cleaning product in liquid form for medical instruments. Does not cause formation of corrosion. Phosphate-free.<\/p>\n<p class=\" translation-block\"><strong>Actoclean<sup>\u00ae<\/sup>&nbsp;Fl\u00fcssig<\/strong> is suitable for use manually or with ultrasonic washing machines for the cleaning of surgical instruments made of stainless steel, including MIC instruments, the dental instruments, endoscopes, anesthesia materials, heat resistant and non-heat-resistant materials.<\/p>\n<hr \/>\n<p><strong>Composition chimique<\/strong><\/p>\n<p class=\" translation-block\"><strong>100 g contains:<\/strong> Nonionic surfactant, 0.8 g Benzalkonium chloride, corrosion inhibitors and auxiliary<\/p>\n<hr \/>\n<p><strong>Concentration de l'utilisation<\/strong><\/p>\n<table>\n<thead>\n<tr>\n<td><strong>Rapport de concentration<\/strong><\/td>\n<td><strong>Quantit\u00e9 d'eau<\/strong><\/td>\n<td><strong>Quantit\u00e9 de produits<\/strong><\/td>\n<\/tr>\n<\/thead>\n<tbody>\n<tr>\n<td>% 0,5<\/td>\n<td>1000 ml<\/td>\n<td>5 ml<\/td>\n<\/tr>\n<tr>\n<td>% 1<\/td>\n<td>1000 ml<\/td>\n<td>10 ml<\/td>\n<\/tr>\n<\/tbody>\n<\/table>\n<hr \/>\n<p><strong>M\u00e9thode d'utilisation.<\/strong><\/p>\n<p class=\" translation-block\">Use a dosing pump to prepare the solution. Fill the instrument bath with water (at room temperature). The recommended concentration of use and contact time are between 0.5% and 1%, depending on the degree of dirtiness, for a maximum of 5 minutes. Add&nbsp;<strong>Actoclean<sup>\u00ae<\/sup>&nbsp;Flussig&nbsp;<\/strong>to the instrument bath in an appropriate ratio, mix the product. Make sure that all instruments come into contact with the solution during application. Keep the lid of the bath closed. Wait for the contact time. Remove all instruments from the solution and rinse with water of at least drinking quality, and dry them. If necessary, repeat the cleaning process and brush the instruments with a suitable brush. The solution is suitable for routine use and should be replaced immediately in case of visible dirtiness. You can use either&nbsp;<strong>Acto<sup>\u00ae<\/sup>&nbsp;Oil Spray SF&nbsp;<\/strong>or&nbsp;<strong>Actoton<sup>\u00ae<\/sup>&nbsp;M&nbsp;<\/strong>for maintenance of the instruments.<\/p>\n<hr \/>\n<p><strong>Emballage<\/strong><\/p>\n<table>\n<thead>\n<tr>\n<td><strong>Unit\u00e9<\/strong><\/td>\n<td><strong>Pi\u00e8ces dans le carton<\/strong><\/td>\n<td><strong>Article n\u00b0.<\/strong><\/td>\n<\/tr>\n<\/thead>\n<tbody>\n<tr>\n<td>1 L<\/td>\n<td>14<\/td>\n<td>01.0801.1<\/td>\n<\/tr>\n<tr>\n<td>5 L<\/td>\n<td>4<\/td>\n<td>01.0801.5<\/td>\n<\/tr>\n<\/tbody>\n<\/table>\n<p>&nbsp;<\/p>\n<\/div>\n<\/div>\n<\/div>\n<div class=\"elementor-element elementor-element-63ce9f9e elementor-widget elementor-widget-text-editor\" data-id=\"63ce9f9e\" data-element_type=\"widget\" data-widget_type=\"text-editor.default\">\n<div class=\"elementor-widget-container\"><\/div>\n<\/div>","protected":false},"excerpt":{"rendered":"<p style=\"font-weight: 500;\"><b><strong>Nettoyant concentr\u00e9 pour les instruments m\u00e9dicaux et les endoscopes<\/strong><\/b><\/p>\n<ul style=\"font-weight: 500;\">\n<li>Utilis\u00e9 pour le nettoyage des instruments et des endoscopes<\/li>\n<li>Peut \u00eatre utilis\u00e9 dans tout type de mat\u00e9riau<\/li>\n<li>Sans phosphate<\/li>\n<li>Un produit concentr\u00e9<\/li>\n<li>Biod\u00e9gradable dans la nature<\/li>\n<li>Convient pour une utilisation manuelle et avec une machine \u00e0 laver \u00e0 ultrasons<\/li>\n<\/ul>","protected":false},"featured_media":1402,"comment_status":"open","ping_status":"closed","template":"","meta":{"spay_email":""},"product_cat":[15,141],"product_tag":[],"_links":{"self":[{"href":"https:\/\/www.acto-tunisie.com\/fr\/wp-json\/wp\/v2\/product\/1401"}],"collection":[{"href":"https:\/\/www.acto-tunisie.com\/fr\/wp-json\/wp\/v2\/product"}],"about":[{"href":"https:\/\/www.acto-tunisie.com\/fr\/wp-json\/wp\/v2\/types\/product"}],"replies":[{"embeddable":true,"href":"https:\/\/www.acto-tunisie.com\/fr\/wp-json\/wp\/v2\/comments?post=1401"}],"wp:featuredmedia":[{"embeddable":true,"href":"https:\/\/www.acto-tunisie.com\/fr\/wp-json\/wp\/v2\/media\/1402"}],"wp:attachment":[{"href":"https:\/\/www.acto-tunisie.com\/fr\/wp-json\/wp\/v2\/media?parent=1401"}],"wp:term":[{"taxonomy":"product_cat","embeddable":true,"href":"https:\/\/www.acto-tunisie.com\/fr\/wp-json\/wp\/v2\/product_cat?post=1401"},{"taxonomy":"product_tag","embeddable":true,"href":"https:\/\/www.acto-tunisie.com\/fr\/wp-json\/wp\/v2\/product_tag?post=1401"}],"curies":[{"name":"wp","href":"https:\/\/api.w.org\/{rel}","templated":true}]}}