{"id":1396,"date":"2021-06-20T14:17:13","date_gmt":"2021-06-20T14:17:13","guid":{"rendered":"http:\/\/www.acto-tunisie.com\/?post_type=product&#038;p=1396"},"modified":"2021-07-18T23:40:49","modified_gmt":"2021-07-18T23:40:49","slug":"actosed-hp-ready","status":"publish","type":"product","link":"https:\/\/www.acto-tunisie.com\/fr\/produit\/actosed-hp-ready\/","title":{"rendered":"ACTOSED\u00ae HP READY"},"content":{"rendered":"<div class=\"elementor-element elementor-element-6979955f elementor-widget elementor-widget-text-editor\" data-id=\"6979955f\" data-element_type=\"widget\" data-widget_type=\"text-editor.default\">\n<div class=\"elementor-widget-container\">\n<div class=\"elementor-text-editor elementor-clearfix\">\n<p class=\" translation-block\"><strong>Actosed<sup>\u00ae&nbsp;<\/sup>HP&nbsp;Ready<\/strong>, is a sporicidal disinfectant containing peracetic acid and hydrogen peroxide, which is used for high-level disinfection of medical instruments and endoscopes, and acts on bacteria (including Tbc), viruses and fungi.&nbsp;<strong>Actosed<sup>\u00ae<\/sup><\/strong>&nbsp;<strong>HP<\/strong>&nbsp;<strong>Ready<\/strong>&nbsp;is activated during use and made ready for use.<\/p>\n<hr \/>\n<p><strong>Domaine d'utilisation:<\/strong><\/p>\n<p class=\" translation-block\"><strong>Actosed<sup>\u00ae<\/sup>&nbsp;HP&nbsp;Ready&nbsp;<\/strong>contains anti-corrosion agents. Used for high-level disinfection of medical instruments and endoscopes made of steel, glass, ceramics, silicone, plastic materials. Can be disposed of without the need for neutralization. Provides safe use for environment and personnel.<\/p>\n<p class=\" translation-block\"><strong>Actosed<sup>\u00ae<\/sup><\/strong>&nbsp;<strong>HP<\/strong>&nbsp;<strong>Ready<\/strong>&nbsp;is designed for high-level disinfection of surgical instruments and endoscopes. Suitable for manual use in disinfection bath manually and in automatic endoscope washing machines.<\/p>\n<hr \/>\n<p><strong>Composition chimique<\/strong><\/p>\n<p><strong>Quantit\u00e9 de substance active dans 100 g :<\/strong><\/p>\n<p class=\" translation-block\"><strong>Actosed<sup>\u00ae&nbsp;<\/sup>HP&nbsp;Ready<\/strong>: Stabilizer, Corrosion Inhibitor and excipients<\/p>\n<p class=\" translation-block\"><strong>Actosed<sup>\u00ae&nbsp;<\/sup>HP&nbsp;Ready<\/strong>: Activator: \u2264 6% Peracetic acid<\/p>\n<p>Le produit activ\u00e9 contient initialement \u22652000 ppm d'acide perac\u00e9tique et \u22655000 ppm de peroxyde d'hydrog\u00e8ne.<\/p>\n<hr \/>\n<p><strong>Activit\u00e9 microbiologique<\/strong><\/p>\n<table>\n<thead>\n<tr>\n<td><strong>Activit\u00e9 microbiologique<\/strong><\/td>\n<td><strong>M\u00e9thode d'essai<\/strong><\/td>\n<td><strong>Concentration<\/strong><\/td>\n<td><strong>Dur\u00e9e de l'effet<\/strong><\/td>\n<\/tr>\n<\/thead>\n<tbody>\n<tr>\n<td data-title=\"Microbiological Activity\">Bactericidal (Including MRSA)<\/td>\n<td data-title=\"Test Method\">EN 14561<\/td>\n<td data-title=\"Concentration\">Pr\u00eat \u00e0 l'emploi<\/td>\n<td data-title=\"Effect Time\">5 minutes<\/td>\n<\/tr>\n<tr>\n<td data-title=\"Microbiological Activity\">Fungicidal (C. albicans, A.brasiliensis)<\/td>\n<td data-title=\"Test Method\">EN 14562<\/td>\n<td data-title=\"Concentration\">Pr\u00eat \u00e0 l'emploi<\/td>\n<td data-title=\"Effect Time\">5 minutes<\/td>\n<\/tr>\n<tr>\n<td data-title=\"Microbiological Activity\">Tuberculocide<\/td>\n<td data-title=\"Test Method\">\u00a014563<\/td>\n<td data-title=\"Concentration\">Pr\u00eat \u00e0 l'emploi<\/td>\n<td data-title=\"Effect Time\">5 minutes<\/td>\n<\/tr>\n<tr>\n<td data-title=\"Microbiological Activity\">Virucide (VAdeno, Polio, MNV)<\/td>\n<td data-title=\"Test Method\">EN 14476<\/td>\n<td data-title=\"Concentration\">Pr\u00eat \u00e0 l'emploi<\/td>\n<td data-title=\"Effect Time\">5 minutes<\/td>\n<\/tr>\n<tr>\n<td data-title=\"Microbiological Activity\">Sporocidal (B. subtilis)<\/td>\n<td data-title=\"Test Method\">EN 13704<\/td>\n<td data-title=\"Concentration\">Pr\u00eat \u00e0 l'emploi<\/td>\n<td data-title=\"Effect Time\">5 minutes<\/td>\n<\/tr>\n<\/tbody>\n<\/table>\n<p>&nbsp;<\/p>\n<hr \/>\n<p><strong>M\u00e9thode d'utilisation.<\/strong><\/p>\n<p><strong>M\u00e9thode de pr\u00e9paration :<\/strong><\/p>\n<p class=\" translation-block\">It is offered as&nbsp;<strong>Actosed<sup>\u00ae<\/sup>&nbsp;HP Ready<\/strong>&nbsp;4750 ml +&nbsp;<strong>Actosed<sup>\u00ae<\/sup>&nbsp;HP Ready Activator<\/strong>&nbsp;250 ml. Using the activator together with the product, 5000 ml is completed. The product is activated by mixing&nbsp;<strong>Actosed<sup>\u00ae<\/sup>&nbsp;HP Ready<\/strong>&nbsp;with&nbsp;<strong>Actosed<sup>\u00ae<\/sup>&nbsp;HP Ready Activator<\/strong>. The entire&nbsp;<strong>Actosed<sup>\u00ae<\/sup>&nbsp;HP Ready Activator<\/strong>&nbsp;bottle is poured into the&nbsp;<strong>Actosed<sup>\u00ae<\/sup>&nbsp;HP Ready<\/strong>. The lid is closed and ensured that it is mixed thoroughly. The product is ready to use and does not need to be reconstituted.<\/p>\n<p class=\" translation-block\"><strong>Test Strip:<\/strong>&nbsp;It is sold in boxes containing 25 strips. The prepared solution is stable for 5 days. The effectiveness of the solution should be checked with test strips.<\/p>\n<p><strong>D\u00e9sinfection manuelle :<\/strong><\/p>\n<p class=\" translation-block\">The instruments should be cleaned with an enzymatic cleaner before disinfection. During this cleaning process, we recommend our product called&nbsp;<strong>Actoclean<sup>\u00ae<\/sup><\/strong>&nbsp;<strong>Perfect<\/strong>. After the pre-cleaning process, the outer surfaces and internal channels are rinsed in a way that no residue remains, and dried. Prepared product is put into the bath.<\/p>\n<p>Les instruments pr\u00e9-nettoy\u00e9s sont immerg\u00e9s dans le bain de mani\u00e8re \u00e0 ce que toutes les surfaces et cavit\u00e9s entrent en contact avec la solution. Le couvercle du bain doit toujours \u00eatre maintenu ferm\u00e9 pendant l'utilisation. Apr\u00e8s la dur\u00e9e de l'impact, les instruments m\u00e9dicaux sont retir\u00e9s du bain, rinc\u00e9s avec de l'eau st\u00e9rile ou de l'eau ayant au moins la qualit\u00e9 d'eau potable. Le processus de rin\u00e7age doit durer au moins une minute, conform\u00e9ment \u00e0 la proc\u00e9dure.<\/p>\n<p>Portez des \u00e9quipements de protection individuelle (tels que des gants, des lunettes, etc.) lorsque vous travaillez avec la solution.<\/p>\n<p><strong>D\u00e9sinfection avec la machine \u00e0 laver les endoscopes :<\/strong><\/p>\n<p class=\" translation-block\">Always follow the machine manufacturer\u2019s recommendations. The prepared&nbsp;<strong>Actosed<sup>\u00ae<\/sup><\/strong>&nbsp;<strong>HP<\/strong>&nbsp;<strong>Ready<\/strong>&nbsp;is added to the machine. The preparation is as described above. Pre-cleaned instruments are placed in the machine so that all surfaces shall be in contact with the solution. Washing should be performed according to the schedule set by the machine manufacturer in accordance with the instructions for use of the solution.<\/p>\n<p><strong>Instruction de rin\u00e7age :<\/strong><\/p>\n<p>Processus de rin\u00e7age : apr\u00e8s le temps de contact recommand\u00e9, rincez les dispositifs m\u00e9dicaux avec de l'eau au moins potable et s\u00e9chez-les.  Lors du rin\u00e7age, utilisez suffisamment d'eau pour recouvrir compl\u00e8tement le dispositif et laissez-le dans l'eau pendant au moins une minute. Ne r\u00e9utilisez pas l'eau pour le rin\u00e7age ou \u00e0 d'autres fins. Suivez les instructions du fabricant pour des instructions de rin\u00e7age suppl\u00e9mentaires.<\/p>\n<hr \/>\n<p><strong>Emballage<\/strong>\u200b<\/p>\n<table>\n<thead>\n<tr>\n<td><strong>Unit\u00e9<\/strong><\/td>\n<td><strong>Pi\u00e8ces dans le carton<\/strong><\/td>\n<td><strong>Article n\u00b0.<\/strong><\/td>\n<\/tr>\n<\/thead>\n<tbody>\n<tr>\n<td data-title=\"Unit\">5 L (4750 ml + 250 ml Activator)<\/td>\n<td data-title=\"Pieces in Box\">2<\/td>\n<td data-title=\"Article-No.\">01.7303.5<\/td>\n<\/tr>\n<tr>\n<td data-title=\"Unit\">Test Strip \u2013 Pack of 25 pcs\n(Bandelette de test - Pack de 25 pi\u00e8ces)<\/td>\n<td data-title=\"Pieces in Box\">1<\/td>\n<td data-title=\"Article-No.\">14.5199.25<\/td>\n<\/tr>\n<\/tbody>\n<\/table>\n<p>&nbsp;<\/p>\n<\/div>\n<\/div>\n<\/div>\n<div class=\"elementor-element elementor-element-63ce9f9e elementor-widget elementor-widget-text-editor\" data-id=\"63ce9f9e\" data-element_type=\"widget\" data-widget_type=\"text-editor.default\">\n<div class=\"elementor-widget-container\"><\/div>\n<\/div>","protected":false},"excerpt":{"rendered":"<p style=\"font-weight: 500;\"><b><strong>D\u00e9sinfectant de haut niveau pour les instruments m\u00e9dicaux et les endoscopes<\/strong><\/b><\/p>\n<ul style=\"font-weight: 500;\">\n<li>Contient une combinaison d'acide perac\u00e9tique et de peroxyde d'hydrog\u00e8ne.<\/li>\n<li>Utilis\u00e9 pour la d\u00e9sinfection de haut niveau des endoscopes flexibles et rigides nettoy\u00e9s et des instruments m\u00e9dicaux.<\/li>\n<li>Large spectre d'action, y compris sur les spores, et action rapide sur les bact\u00e9ries (y compris Tbc), les virus et les champignons.<\/li>\n<li>Biod\u00e9gradable<\/li>\n<li>Offre une utilisation s\u00fbre pour les professionnels de la sant\u00e9<\/li>\n<li>Peut \u00eatre utilis\u00e9 manuellement ou avec une machine \u00e0 laver les endoscopes<\/li>\n<\/ul>","protected":false},"featured_media":1397,"comment_status":"open","ping_status":"closed","template":"","meta":{"spay_email":""},"product_cat":[15,140],"product_tag":[],"_links":{"self":[{"href":"https:\/\/www.acto-tunisie.com\/fr\/wp-json\/wp\/v2\/product\/1396"}],"collection":[{"href":"https:\/\/www.acto-tunisie.com\/fr\/wp-json\/wp\/v2\/product"}],"about":[{"href":"https:\/\/www.acto-tunisie.com\/fr\/wp-json\/wp\/v2\/types\/product"}],"replies":[{"embeddable":true,"href":"https:\/\/www.acto-tunisie.com\/fr\/wp-json\/wp\/v2\/comments?post=1396"}],"wp:featuredmedia":[{"embeddable":true,"href":"https:\/\/www.acto-tunisie.com\/fr\/wp-json\/wp\/v2\/media\/1397"}],"wp:attachment":[{"href":"https:\/\/www.acto-tunisie.com\/fr\/wp-json\/wp\/v2\/media?parent=1396"}],"wp:term":[{"taxonomy":"product_cat","embeddable":true,"href":"https:\/\/www.acto-tunisie.com\/fr\/wp-json\/wp\/v2\/product_cat?post=1396"},{"taxonomy":"product_tag","embeddable":true,"href":"https:\/\/www.acto-tunisie.com\/fr\/wp-json\/wp\/v2\/product_tag?post=1396"}],"curies":[{"name":"wp","href":"https:\/\/api.w.org\/{rel}","templated":true}]}}