{"id":1394,"date":"2021-06-20T13:35:56","date_gmt":"2021-06-20T13:35:56","guid":{"rendered":"http:\/\/www.acto-tunisie.com\/?post_type=product&#038;p=1394"},"modified":"2021-07-18T23:41:46","modified_gmt":"2021-07-18T23:41:46","slug":"actosed-pa-powder","status":"publish","type":"product","link":"https:\/\/www.acto-tunisie.com\/fr\/produit\/actosed-pa-powder\/","title":{"rendered":"ACTOSED\u00ae PA POWDER"},"content":{"rendered":"<div class=\"elementor-element elementor-element-6979955f elementor-widget elementor-widget-text-editor\" data-id=\"6979955f\" data-element_type=\"widget\" data-widget_type=\"text-editor.default\">\n<div class=\"elementor-widget-container\">\n<div class=\"elementor-text-editor elementor-clearfix\">\n<p class=\" translation-block\"><strong>Actosed<sup>\u00ae<\/sup><\/strong>&nbsp;<strong>PA<\/strong>&nbsp;<strong>Powder,<\/strong>&nbsp;is a high-level disinfectant in powder form, which is containing peracetic acid and used for the disinfection of medical instruments and endoscopes. Has bactericidal (including Tbc), fungicidal, virucidal and sporicidal action. Shows optimum efficiency with short contact time and provides safe usage. Thanks to its high cleaning power, it can be used for pre-cleaning and disinfection of medical instruments in all kinds of contamination.&nbsp;<strong>Actosed<sup>\u00ae<\/sup>&nbsp;PA&nbsp;Powder&nbsp;<\/strong>is a product that is suitable for daily use, and the minimum effective concentration (MEC) should be checked with the test strips during the duration of use. When&nbsp;<strong>Actosed<sup>\u00ae<\/sup>&nbsp;PA Powder&nbsp;<\/strong>is dissolved in water, peracetic acid is produced.<\/p>\n<hr \/>\n<p><strong>Composition chimique<\/strong><\/p>\n<p class=\" translation-block\"><strong>100 g contains<\/strong> &lt;50 g Sodium percarbonate, &lt;30 g TAED, corrosion inhibitors and auxiliary substances.<\/p>\n<hr \/>\n<p><strong>Activit\u00e9 microbiologique<\/strong><\/p>\n<table>\n<thead>\n<tr>\n<td><strong>Activit\u00e9 microbiologique<\/strong><\/td>\n<td><strong>M\u00e9thode d'essai<\/strong><\/td>\n<td><strong>Concentration<\/strong><\/td>\n<td><strong>Dur\u00e9e de l'effet<\/strong><\/td>\n<\/tr>\n<\/thead>\n<tbody>\n<tr>\n<td>Bactericidal (Including MRSA)<\/td>\n<td>EN 13727 \/ EN 14561<\/td>\n<td>1,62% (16,2 g\/l)<\/td>\n<td>5 minutes<\/td>\n<\/tr>\n<tr>\n<td>Fungicidal (C. albicans, A.brasiliensis)<\/td>\n<td>EN 13624 \/ EN 14562<\/td>\n<td>1,62% (16,2 g\/l)<\/td>\n<td>10 minutes<\/td>\n<\/tr>\n<tr>\n<td>Tuberculocide<\/td>\n<td>EN 14348 \/ EN 14563<\/td>\n<td>1,62% (16,2 g\/l)<\/td>\n<td>10 minutes<\/td>\n<\/tr>\n<tr>\n<td>Virucidal (VAdeno, Polio, MNV)<\/td>\n<td>EN 14476<\/td>\n<td>1,62% (16,2 g\/l)<\/td>\n<td>10 minutes<\/td>\n<\/tr>\n<tr>\n<td>Sporocidal (B. subtilis)<\/td>\n<td>EN 13704<\/td>\n<td>1,62% (16,2 g\/l)<\/td>\n<td>10 minutes<\/td>\n<\/tr>\n<\/tbody>\n<\/table>\n<hr \/>\n<p><strong>Compatibilit\u00e9 des mat\u00e9riaux<\/strong><\/p>\n<p class=\" translation-block\"><strong>Actosed<sup>\u00ae<\/sup>&nbsp;PA Powder&nbsp;<\/strong>has a wide material compatibility when used at recommended concentrations and durations of use. It is compatible with flexible and rigid endoscopes, anesthesia materials, surgical instruments made of stainless steel, thermoplastics, elastomer and glass materials. Product is not suitable for instruments with deteriorated coating nor instruments which are made of copper, brass and anodized aluminum material. Material compatibility of&nbsp;<strong>Actosed<sup>\u00ae<\/sup>&nbsp;PA Powder&nbsp;<\/strong>has been tested and approved by&nbsp;<strong>KARL STORZ.<\/strong><\/p>\n<hr \/>\n<p><strong>M\u00e9thode d'utilisation.<\/strong><\/p>\n<p><strong>M\u00e9thode de pr\u00e9paration :<\/strong><\/p>\n<p class=\" translation-block\">Fill the cuvette with warm tap water (30- 40\u00b0C). Add&nbsp;<strong>Actosed<sup>\u00ae&nbsp;<\/sup>PA&nbsp;Powder&nbsp;<\/strong>at the recommended ratio. Stir occasionally to form a clear solution. Wait for at least 15 minutes until all powder is dissolved.<\/p>\n<p>Veillez \u00e0 ce que tous les instruments et les canaux entrent en contact avec la solution pendant l'application. Maintenez le couvercle du bain d\u00e9sinfectant ferm\u00e9 pendant l'utilisation. Apr\u00e8s le temps de contact recommand\u00e9, rincez les dispositifs m\u00e9dicaux avec de l'eau ayant au moins la qualit\u00e9 de l'eau potable, puis s\u00e9chez-les. La solution doit \u00eatre pr\u00e9par\u00e9e quotidiennement et doit \u00eatre remplac\u00e9e imm\u00e9diatement en cas de salissure.<\/p>\n<hr \/>\n<p><strong>Emballage<\/strong><\/p>\n<table>\n<thead>\n<tr>\n<td><strong>Unit\u00e9<\/strong><\/td>\n<td><strong>Pi\u00e8ces dans le carton<\/strong><\/td>\n<td><strong>Article n\u00b0.<\/strong><\/td>\n<\/tr>\n<\/thead>\n<tbody>\n<tr>\n<td>81 g<\/td>\n<td>240<\/td>\n<td>01..9605.81<\/td>\n<\/tr>\n<tr>\n<td>810 g<\/td>\n<td>10<\/td>\n<td>01..9605.810<\/td>\n<\/tr>\n<tr>\n<td>5 Kg<\/td>\n<td>1<\/td>\n<td>01..9605.5<\/td>\n<\/tr>\n<tr>\n<td>Test Strip \u2013 Pack of 25 pcs\n(Bandelette de test - Pack de 25 pi\u00e8ces)<\/td>\n<td>1<\/td>\n<td>14.4204.25<\/td>\n<\/tr>\n<\/tbody>\n<\/table>\n<p>&nbsp;<\/p>\n<\/div>\n<\/div>\n<\/div>","protected":false},"excerpt":{"rendered":"<p style=\"font-weight: 500;\"><b><strong>D\u00e9sinfectant de haut niveau pour les endoscopes et les instruments m\u00e9dicaux<\/strong><\/b><\/p>\n<ul style=\"font-weight: 500;\">\n<li>D\u00e9sinfectant sous forme de poudre contenant de l'acide perac\u00e9tique<\/li>\n<li>Utilis\u00e9 pour la d\u00e9sinfection de haut niveau des endoscopes flexibles et rigides et des instruments m\u00e9dicaux.<\/li>\n<li>Haute performance de nettoyage<\/li>\n<li>Utilisable dans de nombreux mat\u00e9riaux diff\u00e9rents avec une compatibilit\u00e9 optimale avec les mat\u00e9riaux.<\/li>\n<li>A une action bact\u00e9ricide (y compris Tbc), fongicide, virucide et sporicide.<\/li>\n<li>Biod\u00e9gradable<\/li>\n<li>Offre une utilisation s\u00fbre pour le personnel de sant\u00e9<\/li>\n<li>Peut \u00eatre utilis\u00e9 manuellement ou avec une machine \u00e0 laver les endoscopes<\/li>\n<\/ul>","protected":false},"featured_media":1395,"comment_status":"open","ping_status":"closed","template":"","meta":{"spay_email":""},"product_cat":[15,140],"product_tag":[],"_links":{"self":[{"href":"https:\/\/www.acto-tunisie.com\/fr\/wp-json\/wp\/v2\/product\/1394"}],"collection":[{"href":"https:\/\/www.acto-tunisie.com\/fr\/wp-json\/wp\/v2\/product"}],"about":[{"href":"https:\/\/www.acto-tunisie.com\/fr\/wp-json\/wp\/v2\/types\/product"}],"replies":[{"embeddable":true,"href":"https:\/\/www.acto-tunisie.com\/fr\/wp-json\/wp\/v2\/comments?post=1394"}],"wp:featuredmedia":[{"embeddable":true,"href":"https:\/\/www.acto-tunisie.com\/fr\/wp-json\/wp\/v2\/media\/1395"}],"wp:attachment":[{"href":"https:\/\/www.acto-tunisie.com\/fr\/wp-json\/wp\/v2\/media?parent=1394"}],"wp:term":[{"taxonomy":"product_cat","embeddable":true,"href":"https:\/\/www.acto-tunisie.com\/fr\/wp-json\/wp\/v2\/product_cat?post=1394"},{"taxonomy":"product_tag","embeddable":true,"href":"https:\/\/www.acto-tunisie.com\/fr\/wp-json\/wp\/v2\/product_tag?post=1394"}],"curies":[{"name":"wp","href":"https:\/\/api.w.org\/{rel}","templated":true}]}}