{"id":1388,"date":"2021-06-20T13:28:54","date_gmt":"2021-06-20T13:28:54","guid":{"rendered":"http:\/\/www.acto-tunisie.com\/?post_type=product&#038;p=1388"},"modified":"2021-07-18T23:44:35","modified_gmt":"2021-07-18T23:44:35","slug":"actosed-opa","status":"publish","type":"product","link":"https:\/\/www.acto-tunisie.com\/fr\/produit\/actosed-opa\/","title":{"rendered":"ACTOSED\u00ae OPA"},"content":{"rendered":"<div class=\"elementor-element elementor-element-6979955f elementor-widget elementor-widget-text-editor\" data-id=\"6979955f\" data-element_type=\"widget\" data-widget_type=\"text-editor.default\">\n<div class=\"elementor-widget-container\">\n<div class=\"elementor-text-editor elementor-clearfix\">\n<p class=\" translation-block\"><strong>Actosed<sup>\u00ae<\/sup>&nbsp;OPA<\/strong>, is a non-activation ready-to-use product for high-level disinfection of medical instruments and endoscopes. It has bactericidal (including Tbc), fungicidal, virucidal and sporicidal action.<\/p>\n<p class=\" translation-block\"><strong>Actosed<sup>\u00ae<\/sup>&nbsp;OPA&nbsp;<\/strong>can be used manually or with an endoscope washing machine for high-level disinfection of flexible and rigid endoscopes, surgical instruments made of stainless steel, including MIC instruments, anesthesia materials and heat-labile medical instruments.<\/p>\n<hr \/>\n<p><strong>Composition chimique<\/strong><\/p>\n<p class=\" translation-block\"><strong>100 g contains<\/strong>: 0.55% Ortho-phthalaldehyde (OPA), corrosion inhibitor and auxiliary substances.<\/p>\n<hr \/>\n<p><strong>Activit\u00e9 microbiologique<\/strong><\/p>\n<table>\n<thead>\n<tr>\n<td><strong>Activit\u00e9 microbiologique<\/strong><\/td>\n<td><strong>M\u00e9thode d'essai<\/strong><\/td>\n<td><strong>Concentration<\/strong><\/td>\n<td><strong>Dur\u00e9e de l'effet<\/strong><\/td>\n<\/tr>\n<\/thead>\n<tbody>\n<tr>\n<td>Bact\u00e9ricide<\/td>\n<td>EN 13727 \/ EN 14561<\/td>\n<td>Pr\u00eat \u00e0 l'emploi<\/td>\n<td>5 minutes<\/td>\n<\/tr>\n<tr>\n<td>Fongicide (C. albicans)<\/td>\n<td>EN 13624 \/ EN 14562<\/td>\n<td>Pr\u00eat \u00e0 l'emploi<\/td>\n<td>5 minutes<\/td>\n<\/tr>\n<tr>\n<td>Tuberculocide Microbact\u00e9ricide<\/td>\n<td>EN 14348 \/ EN 14563<\/td>\n<td>Pr\u00eat \u00e0 l'emploi<\/td>\n<td>5 minutes<\/td>\n<\/tr>\n<tr>\n<td>Virucidal (Adeno, Polio, MNV)<\/td>\n<td>EN 14476<\/td>\n<td>Pr\u00eat \u00e0 l'emploi<\/td>\n<td>5 minutes<\/td>\n<\/tr>\n<tr>\n<td>Sporocide<\/td>\n<td>DGHM, \/ EN 13704<\/td>\n<td>Pr\u00eat \u00e0 l'emploi<\/td>\n<td>3 heures<\/td>\n<\/tr>\n<\/tbody>\n<\/table>\n<hr \/>\n<p><strong>Compatibilit\u00e9 des mat\u00e9riaux<\/strong><\/p>\n<p class=\" translation-block\"><strong>Actosed<sup>\u00ae<\/sup>&nbsp;OPA&nbsp;<\/strong>is suitable for heat-resistant and heat-sensitive medical instruments and endoscopes made of aluminum, brass, copper, stainless steel, polyurethane, rubber, latex, silicone and glass materials with neutral pH value. The product is used in the widely-known endoscope brands such as Wolf, Storz, Fujinon, Pentax, Olympus.<\/p>\n<hr \/>\n<p><strong>M\u00e9thode d'utilisation.<\/strong><\/p>\n<p class=\" translation-block\">Before using&nbsp;<strong>Actosed<sup>\u00ae<\/sup>&nbsp;OPA<\/strong>, clean the surfaces and canals of the instrument with a suitable enzymatic cleaner. At this stage, we recommend that&nbsp;<strong>Actoclean<sup>\u00ae<\/sup>&nbsp;Perfect&nbsp;<\/strong>be used. After cleaning, rinse and dry the instruments. Pour&nbsp;<strong>Actosed<sup>\u00ae<\/sup>&nbsp;OPA&nbsp;<\/strong>solution into the instrument bath. Use the product at room temperature. Make sure all tools and canals come into contact with the solution during application. Refer to the microbiological activity table for recommended contact times. Keep the lid of the disinfectant container closed during use.<\/p>\n<p class=\" translation-block\"><strong>Actosed<sup>\u00ae<\/sup>&nbsp;OPA&nbsp;<\/strong>is stable for up to 14 days. The minimum effective concentration (MEC) of the product used should be checked with the test strips. If turbidity occurs in the appearance of the solution and dirtiness increases, it should be replaced before 14 days. For use with the endoscope washing machine, always follow the device manufacturer\u2019s instructions for use. For disposal, follow the procedures indicated on the label carefully.<\/p>\n<p class=\" translation-block\"><strong>Rinsing process;<\/strong> after the recommended contact time, rinse the medical devices with water of at least drinking water quality and dry. During the rinse, use enough water to completely cover the appliance and leave the appliance in the water for at least 1 minute. Repeat this process 2 (two) more times. Make sure that a new water supply is provided for each rinse. Do not reuse water for rinsing or other purposes. Follow the manufacturer\u2019s instructions for additional rinsing instructions.<\/p>\n<hr \/>\n<p><strong>Emballage<\/strong><\/p>\n<table>\n<thead>\n<tr>\n<td><strong>Unit\u00e9<\/strong><\/td>\n<td><strong>Pi\u00e8ces dans le carton<\/strong><\/td>\n<td><strong>Article n\u00b0.<\/strong><\/td>\n<\/tr>\n<\/thead>\n<tbody>\n<tr>\n<td>5 L<\/td>\n<td>4<\/td>\n<td>01.2323.5<\/td>\n<\/tr>\n<tr>\n<td>Test Strip \u2013 Pack of 25 pcs\n(Bandelette de test - Pack de 25 pi\u00e8ces)<\/td>\n<td>1<\/td>\n<td>14.4144.25<\/td>\n<\/tr>\n<\/tbody>\n<\/table>\n<p>&nbsp;<\/p>\n<\/div>\n<\/div>\n<\/div>\n<div class=\"elementor-element elementor-element-63ce9f9e elementor-widget elementor-widget-text-editor\" data-id=\"63ce9f9e\" data-element_type=\"widget\" data-widget_type=\"text-editor.default\">\n<div class=\"elementor-widget-container\"><\/div>\n<\/div>","protected":false},"excerpt":{"rendered":"<p style=\"font-weight: 500;\"><b><strong>D\u00e9sinfectant de haut niveau pour les endoscopes et les instruments m\u00e9dicaux<\/strong><\/b><\/p>\n<ul style=\"font-weight: 500;\">\n<li>contient 0,55% d'ortho-phtalald\u00e9hyde<\/li>\n<li>Offre une utilisation s\u00fbre pour les instruments m\u00e9dicaux et les endoscopes pr\u00e9-nettoy\u00e9s<\/li>\n<li>Haute compatibilit\u00e9 des mat\u00e9riaux<\/li>\n<li>Pr\u00e9sente une activit\u00e9 antimicrobienne sup\u00e9rieure<\/li>\n<li>Action rapide<\/li>\n<li>Peut \u00eatre utilis\u00e9 jusqu'\u00e0 14 jours en contr\u00f4lant le niveau d'activit\u00e9 \u00e0 l'aide de bandes de test.<\/li>\n<li>Peut \u00eatre utilis\u00e9 avec une machine \u00e0 laver manuelle ou \u00e0 laver les endoscopes<\/li>\n<li>Produit pr\u00eat \u00e0 l'emploi<\/li>\n<\/ul>","protected":false},"featured_media":1389,"comment_status":"open","ping_status":"closed","template":"","meta":{"spay_email":""},"product_cat":[15,140],"product_tag":[],"_links":{"self":[{"href":"https:\/\/www.acto-tunisie.com\/fr\/wp-json\/wp\/v2\/product\/1388"}],"collection":[{"href":"https:\/\/www.acto-tunisie.com\/fr\/wp-json\/wp\/v2\/product"}],"about":[{"href":"https:\/\/www.acto-tunisie.com\/fr\/wp-json\/wp\/v2\/types\/product"}],"replies":[{"embeddable":true,"href":"https:\/\/www.acto-tunisie.com\/fr\/wp-json\/wp\/v2\/comments?post=1388"}],"wp:featuredmedia":[{"embeddable":true,"href":"https:\/\/www.acto-tunisie.com\/fr\/wp-json\/wp\/v2\/media\/1389"}],"wp:attachment":[{"href":"https:\/\/www.acto-tunisie.com\/fr\/wp-json\/wp\/v2\/media?parent=1388"}],"wp:term":[{"taxonomy":"product_cat","embeddable":true,"href":"https:\/\/www.acto-tunisie.com\/fr\/wp-json\/wp\/v2\/product_cat?post=1388"},{"taxonomy":"product_tag","embeddable":true,"href":"https:\/\/www.acto-tunisie.com\/fr\/wp-json\/wp\/v2\/product_tag?post=1388"}],"curies":[{"name":"wp","href":"https:\/\/api.w.org\/{rel}","templated":true}]}}