{"id":1385,"date":"2021-06-20T13:09:54","date_gmt":"2021-06-20T13:09:54","guid":{"rendered":"http:\/\/www.acto-tunisie.com\/?post_type=product&#038;p=1385"},"modified":"2021-07-18T23:38:43","modified_gmt":"2021-07-18T23:38:43","slug":"actosal-pa-powder","status":"publish","type":"product","link":"https:\/\/www.acto-tunisie.com\/fr\/produit\/actosal-pa-powder\/","title":{"rendered":"ACTOSAL\u00ae PA POWDER"},"content":{"rendered":"<div class=\"elementor-element elementor-element-6979955f elementor-widget elementor-widget-text-editor\" data-id=\"6979955f\" data-element_type=\"widget\" data-widget_type=\"text-editor.default\">\n<div class=\"elementor-widget-container\">\n<div class=\"elementor-text-editor elementor-clearfix\">\n<p class=\" translation-block\"><strong>Actosal<sup>\u00ae<\/sup> PA Powder<\/strong>, est bas\u00e9 sur le syst\u00e8me de l'oxyg\u00e8ne actif. Il a un large spectre d'action. Aucun liquide sp\u00e9cial n'est n\u00e9cessaire pour pr\u00e9parer la solution. Le produit pr\u00e9par\u00e9 avec de l'eau permet une application facile et pratique. Sa composition ne contient pas d'alcool, de compos\u00e9s d'ammonium quaternaire, de biguanide, d'ald\u00e9hyde et de ph\u00e9nol.<\/p>\n<p>La solution est utilis\u00e9e seule dans les applications de nettoyage et de d\u00e9sinfection de l'air\/environnement, des sols et des surfaces. Aux doses d'utilisation, elle n'a pas d'effet n\u00e9faste sur le personnel qui l'utilise et sur les mat\u00e9riaux utilis\u00e9s. La solution a une couleur rose. La d\u00e9coloration de la solution indique que l'activit\u00e9 de la solution a diminu\u00e9. L'indicateur d'activit\u00e9 est \u00e9valu\u00e9 par le changement de couleur. Utilis\u00e9 selon les recommandations d'utilisation, il n'a pas d'effet n\u00e9faste sur le personnel utilisateur et les mat\u00e9riaux utilis\u00e9s.<\/p>\n<p>Utilis\u00e9 pour la d\u00e9sinfection des sols et des surfaces dans des zones telles que les salles d'op\u00e9ration, les soins intensifs, les laboratoires, les centres de dialyse, etc. et pour la d\u00e9sinfection a\u00e9rienne des zones critiques (d\u00e9sinfection terminale\/bu\u00e9e) et dans les incubateurs.<\/p>\n<hr \/>\n<p><strong>Composition chimique<\/strong><\/p>\n<p>100 g contiennent : 50% monopersulfate de potassium, 19,95% nettoyant, 2% inhibiteur de corrosion et substances auxiliaires.<\/p>\n<hr \/>\n<p><strong>Activit\u00e9 microbiologique<\/strong><\/p>\n<table>\n<thead>\n<tr>\n<td><strong>Activit\u00e9 microbiologique<\/strong><\/td>\n<td><strong>M\u00e9thode d'essai<\/strong><\/td>\n<td><strong>Concentration<\/strong><\/td>\n<td><strong>Dur\u00e9e de l'effet<\/strong><\/td>\n<\/tr>\n<\/thead>\n<tbody>\n<tr>\n<td>Bact\u00e9ricide<\/td>\n<td>EN 13727 \/ EN 1656 \/ EN 1276<\/td>\n<td>0.25 %<\/td>\n<td>5 min<\/td>\n<\/tr>\n<tr>\n<td>Fungicidal (C.albicans, A.niger)<\/td>\n<td>EN 13624 \/ EN 1657 \/ EN 1650<\/td>\n<td>0.25 %<\/td>\n<td>5 min<\/td>\n<\/tr>\n<tr>\n<td>Tuberculocide Microbact\u00e9ricide<\/td>\n<td>EN 14348<\/td>\n<td>0.25 %<\/td>\n<td>5 min<\/td>\n<\/tr>\n<tr>\n<td>Virucidal (Adeno, Polio, MNV)<\/td>\n<td>EN 14476<\/td>\n<td>0,25 %<\/td>\n<td>5 min<\/td>\n<\/tr>\n<\/tbody>\n<\/table>\n<hr \/>\n<p><strong>M\u00e9thode d'utilisation:<\/strong><\/p>\n<p class=\" translation-block\">Remplissez d'abord le r\u00e9cipient dans lequel vous pr\u00e9parerez la solution avec de l'eau, puis \najoutez <strong>Actosal<sup>\u00ae<\/sup> PA Powder <\/strong>dans un rapport appropri\u00e9. Laissez la poudre se dissoudre pendant 5 \u00e0 10 minutes. La poudre doit \u00eatre remu\u00e9e jusqu'\u00e0 ce qu'elle soit compl\u00e8tement dissoute et qu'une solution claire, transparente et rose apparaisse.<\/p>\n<p>Il s'applique apr\u00e8s chaque contamination en passant une serpilli\u00e8re pour les processus de d\u00e9sinfection et de nettoyage des sols et en essuyant pour les autres surfaces. Pr\u00e9parez un dosage suffisant et mettez-le dans l'appareil pour la d\u00e9sinfection de l'environnement. La solution pr\u00e9par\u00e9e dans le flacon pulv\u00e9risateur est utilis\u00e9e par pulv\u00e9risation pour la d\u00e9sinfection des surfaces.<\/p>\n<p>1 litre d'eau -5 g de\u00a0<strong>Actosal<sup>\u00ae<\/sup>\u00a0PA Powder<\/strong><\/p>\n<p>5 litre d'eau -5 g de\u00a0<strong>Actosal<sup>\u00ae<\/sup>\u00a0PA Powder<\/strong><\/p>\n<p>10 litre d'eau -50 g de\u00a0<strong>Actosal<sup>\u00ae<\/sup>\u00a0PA Powder<\/strong><\/p>\n<hr \/>\n<p><strong>Concentration de l'utilisation<\/strong><\/p>\n<table>\n<thead>\n<tr>\n<td><strong>Rapport de concentration<\/strong><\/td>\n<td><strong>Quantit\u00e9 d'eau<\/strong><\/td>\n<td><strong>Quantit\u00e9 de produits<\/strong><\/td>\n<\/tr>\n<\/thead>\n<tbody>\n<tr>\n<td>%0,5<\/td>\n<td>1000 ml<\/td>\n<td>5 ml<\/td>\n<\/tr>\n<\/tbody>\n<\/table>\n<hr \/>\n<p><strong>Emballage<\/strong><\/p>\n<table>\n<thead>\n<tr>\n<td><strong>Unit\u00e9<\/strong><\/td>\n<td><strong>Pi\u00e8ces dans le carton<\/strong><\/td>\n<td><strong>Article n\u00b0.<\/strong><\/td>\n<\/tr>\n<\/thead>\n<tbody>\n<tr>\n<td>50 g<\/td>\n<td>108<\/td>\n<td>05.5502.1<\/td>\n<\/tr>\n<tr>\n<td>1 Kg<\/td>\n<td>10<\/td>\n<td>05.5502.1<\/td>\n<\/tr>\n<tr>\n<td>5 Kg<\/td>\n<td>1<\/td>\n<td>05.5502.5<\/td>\n<\/tr>\n<\/tbody>\n<\/table>\n<p>&nbsp;<\/p>\n<\/div>\n<\/div>\n<\/div>\n<div class=\"elementor-element elementor-element-63ce9f9e elementor-widget elementor-widget-text-editor\" data-id=\"63ce9f9e\" data-element_type=\"widget\" data-widget_type=\"text-editor.default\">\n<div class=\"elementor-widget-container\"><\/div>\n<\/div>","protected":false},"excerpt":{"rendered":"<p style=\"font-weight: 500;\"><b><strong>D\u00e9sinfectant concentr\u00e9 de haut niveau pour les sols et les surfaces<\/strong><\/b><\/p>\n<ul style=\"font-weight: 500;\">\n<li>D\u00e9sinfectant des sols et des surfaces \u00e0 large spectre d'action<\/li>\n<li>Poss\u00e8de une action bact\u00e9ricide, fongicide, tuberculocide et virucide.<\/li>\n<li>Bas\u00e9 sur le syst\u00e8me d'oxyg\u00e8ne actif<\/li>\n<li>Action rapide et nettoyage et d\u00e9sinfection en une seule op\u00e9ration<\/li>\n<li>Peut \u00eatre utilis\u00e9 sous forme d'essuyage pour le sol et les surfaces ou de pulv\u00e9risation en pr\u00e9parant l'emballage du spray.<\/li>\n<li>La solution pr\u00e9par\u00e9e \u00e0 la concentration appropri\u00e9e pour la d\u00e9sinfection de l'environnement peut \u00eatre appliqu\u00e9e en la mettant dans le dispositif<\/li>\n<\/ul>","protected":false},"featured_media":1387,"comment_status":"open","ping_status":"closed","template":"","meta":{"spay_email":""},"product_cat":[15,57],"product_tag":[],"_links":{"self":[{"href":"https:\/\/www.acto-tunisie.com\/fr\/wp-json\/wp\/v2\/product\/1385"}],"collection":[{"href":"https:\/\/www.acto-tunisie.com\/fr\/wp-json\/wp\/v2\/product"}],"about":[{"href":"https:\/\/www.acto-tunisie.com\/fr\/wp-json\/wp\/v2\/types\/product"}],"replies":[{"embeddable":true,"href":"https:\/\/www.acto-tunisie.com\/fr\/wp-json\/wp\/v2\/comments?post=1385"}],"wp:featuredmedia":[{"embeddable":true,"href":"https:\/\/www.acto-tunisie.com\/fr\/wp-json\/wp\/v2\/media\/1387"}],"wp:attachment":[{"href":"https:\/\/www.acto-tunisie.com\/fr\/wp-json\/wp\/v2\/media?parent=1385"}],"wp:term":[{"taxonomy":"product_cat","embeddable":true,"href":"https:\/\/www.acto-tunisie.com\/fr\/wp-json\/wp\/v2\/product_cat?post=1385"},{"taxonomy":"product_tag","embeddable":true,"href":"https:\/\/www.acto-tunisie.com\/fr\/wp-json\/wp\/v2\/product_tag?post=1385"}],"curies":[{"name":"wp","href":"https:\/\/api.w.org\/{rel}","templated":true}]}}