{"id":1384,"date":"2021-06-20T13:10:16","date_gmt":"2021-06-20T13:10:16","guid":{"rendered":"http:\/\/www.acto-tunisie.com\/?post_type=product&#038;p=1384"},"modified":"2021-07-18T23:26:16","modified_gmt":"2021-07-18T23:26:16","slug":"actoanid-flache","status":"publish","type":"product","link":"https:\/\/www.acto-tunisie.com\/fr\/produit\/actoanid-flache\/","title":{"rendered":"ACTOANID\u00ae Fl\u00e4che"},"content":{"rendered":"<div class=\"elementor-element elementor-element-6979955f elementor-widget elementor-widget-text-editor\" data-id=\"6979955f\" data-element_type=\"widget\" data-widget_type=\"text-editor.default\">\n<div class=\"elementor-widget-container\">\n<div class=\"elementor-text-editor elementor-clearfix\">\n<p class=\" translation-block\"><strong>Actoanid<sup>\u00ae<\/sup> Fl\u00e4che <\/strong>est un produit concentr\u00e9 contenant un biguanide et un compos\u00e9 d'ammonium quaternaire. Effectue le nettoyage et la d\u00e9sinfection de la surface en m\u00eame temps. A une haute compatibilit\u00e9 avec les mat\u00e9riaux. Exempt d'ald\u00e9hyde et de ph\u00e9nol. Dans les zones \u00e0 risque des h\u00f4pitaux, il est utilis\u00e9 pour le nettoyage et la d\u00e9sinfection de tous les sols, surfaces et appareils r\u00e9sistant \u00e0 l'eau, sols durs et PVC, verres acryliques, incubateurs et cuisines contamin\u00e9s par du sang et des s\u00e9cr\u00e9tions corporelles.<\/p>\n<hr \/>\n<p><strong>Composition chimique<\/strong><\/p>\n<p>100 g contiennent : 2,5 g de chlorhydrate de poly (hexam\u00e9thyl\u00e8ne biguanide), 8,0 g de chlorure de di\u00e9thyldim\u00e9thylammonium et des substances auxiliaires.<\/p>\n<hr \/>\n<p><strong>Activit\u00e9 microbiologique<\/strong><\/p>\n<table>\n<thead>\n<tr>\n<td><strong>Activit\u00e9 microbiologique<\/strong><\/td>\n<td><strong>M\u00e9thode d'essai<\/strong><\/td>\n<td><strong>Concentration<\/strong><\/td>\n<td><strong>Dur\u00e9e de l'effet<\/strong><\/td>\n<\/tr>\n<\/thead>\n<tbody>\n<tr>\n<td>Bact\u00e9ricide<\/td>\n<td>EN 13727<\/td>\n<td>0.25 %<\/td>\n<td>15 min<\/td>\n<\/tr>\n<tr>\n<td>Fungicidal (C.albicans, A.niger)<\/td>\n<td>EN 13624<\/td>\n<td>0.25 %<\/td>\n<td>15 min<\/td>\n<\/tr>\n<tr>\n<td>Tuberculocidal , Mycobactericidal<\/td>\n<td>EN 14348<\/td>\n<td>1 %<\/td>\n<td>15 min<\/td>\n<\/tr>\n<tr>\n<td>Virucidal (Adeno, Polio, MNV)<\/td>\n<td>EN 14476<\/td>\n<td>1 %<\/td>\n<td>15 min<\/td>\n<\/tr>\n<\/tbody>\n<\/table>\n<hr \/>\n<p><strong>M\u00e9thode d'utilisation:<\/strong><\/p>\n<p class=\" translation-block\"><strong>Actoanid<sup>\u00ae<\/sup> Fl\u00e4che<\/strong> peut \u00eatre utilis\u00e9 dans les zones m\u00e9dicales par pulv\u00e9risation et essuyage sur les surfaces ou par la m\u00e9thode d'immersion. Le proc\u00e9d\u00e9 Scrub-Wipe-Disinfection (par exemple, la m\u00e9thode des deux seaux) ou des proc\u00e9d\u00e9s similaires peuvent \u00eatre utilis\u00e9s par essuyage, \u00e0 l'aide de chiffons, dans des dispositifs de dosage centralis\u00e9s ou d\u00e9centralis\u00e9s, \u00e0 l'aide de machines de nettoyage, par pulv\u00e9risation \u00e0 partir d'outils fixes ou portables (syst\u00e8me\/brouillard). Il s'applique par mopping pour les processus de d\u00e9sinfection et de nettoyage des sols, et par essuyage pour les autres surfaces. Il doit \u00eatre appliqu\u00e9 apr\u00e8s la contamination. Terminez toujours le processus de d\u00e9sinfection et de nettoyage en essuyant en forme de \"S\" de la zone propre vers la zone sale, de la p\u00e9riph\u00e9rie vers le centre et de haut en bas.<\/p>\n<hr \/>\n<p><strong>Concentration de l'utilisation<\/strong><\/p>\n<table>\n<thead>\n<tr>\n<td><strong>Rapport de concentration<\/strong><\/td>\n<td><strong>Quantit\u00e9 d'eau<\/strong><\/td>\n<td><strong>Quantit\u00e9 de produits<\/strong><\/td>\n<\/tr>\n<\/thead>\n<tbody>\n<tr>\n<td>%0,5<\/td>\n<td>995  mL<\/td>\n<td>5 mL<\/td>\n<\/tr>\n<\/tbody>\n<\/table>\n<hr \/>\n<p><strong>Emballage<\/strong><\/p>\n<table>\n<thead>\n<tr>\n<td><strong>Unit\u00e9<\/strong><\/td>\n<td><strong>Pi\u00e8ces dans le carton<\/strong><\/td>\n<td><strong>Article n\u00b0.<\/strong><\/td>\n<\/tr>\n<\/thead>\n<tbody>\n<tr>\n<td>1 L<\/td>\n<td>14<\/td>\n<td>05.2001.1<\/td>\n<\/tr>\n<tr>\n<td>5 L<\/td>\n<td>4<\/td>\n<td>05.2001.5<\/td>\n<\/tr>\n<\/tbody>\n<\/table>\n<p>&nbsp;<\/p>\n<\/div>\n<\/div>\n<\/div>","protected":false},"excerpt":{"rendered":"<p style=\"font-weight: 500;\"><b><strong>D\u00e9sinfectant pour sols et surfaces \u00e0 base de biguanide<\/strong><\/b><\/p>\n<ul style=\"font-weight: 500;\">\n<li>Contient des compos\u00e9s de biguanide et d'ammonium quaternaire<\/li>\n<li>Sans ald\u00e9hyde ni ph\u00e9nol<\/li>\n<li>Compatibilit\u00e9 \u00e9lev\u00e9e avec les mat\u00e9riaux<\/li>\n<li>A une action bact\u00e9ricide, fongicide et virucide<\/li>\n<li>Un produit concentr\u00e9<\/li>\n<li>Gr\u00e2ce \u00e0 son fort effet nettoyant, il permet de d\u00e9sinfecter et de nettoyer en une seule \u00e9tape<\/li>\n<li>Certifi\u00e9 par la Soci\u00e9t\u00e9 allemande de microbiologie et d'hygi\u00e8ne VAH\/DGHM<\/li>\n<\/ul>","protected":false},"featured_media":1386,"comment_status":"open","ping_status":"closed","template":"","meta":{"spay_email":""},"product_cat":[15,57],"product_tag":[],"_links":{"self":[{"href":"https:\/\/www.acto-tunisie.com\/fr\/wp-json\/wp\/v2\/product\/1384"}],"collection":[{"href":"https:\/\/www.acto-tunisie.com\/fr\/wp-json\/wp\/v2\/product"}],"about":[{"href":"https:\/\/www.acto-tunisie.com\/fr\/wp-json\/wp\/v2\/types\/product"}],"replies":[{"embeddable":true,"href":"https:\/\/www.acto-tunisie.com\/fr\/wp-json\/wp\/v2\/comments?post=1384"}],"wp:featuredmedia":[{"embeddable":true,"href":"https:\/\/www.acto-tunisie.com\/fr\/wp-json\/wp\/v2\/media\/1386"}],"wp:attachment":[{"href":"https:\/\/www.acto-tunisie.com\/fr\/wp-json\/wp\/v2\/media?parent=1384"}],"wp:term":[{"taxonomy":"product_cat","embeddable":true,"href":"https:\/\/www.acto-tunisie.com\/fr\/wp-json\/wp\/v2\/product_cat?post=1384"},{"taxonomy":"product_tag","embeddable":true,"href":"https:\/\/www.acto-tunisie.com\/fr\/wp-json\/wp\/v2\/product_tag?post=1384"}],"curies":[{"name":"wp","href":"https:\/\/api.w.org\/{rel}","templated":true}]}}