{"id":1382,"date":"2021-06-20T13:06:21","date_gmt":"2021-06-20T13:06:21","guid":{"rendered":"http:\/\/www.acto-tunisie.com\/?post_type=product&#038;p=1382"},"modified":"2021-07-18T23:37:45","modified_gmt":"2021-07-18T23:37:45","slug":"actosal-flache-af","status":"publish","type":"product","link":"https:\/\/www.acto-tunisie.com\/fr\/produit\/actosal-flache-af\/","title":{"rendered":"ACTOSAL\u00ae FL\u00c4CHE AF"},"content":{"rendered":"<div class=\"elementor-element elementor-element-6979955f elementor-widget elementor-widget-text-editor\" data-id=\"6979955f\" data-element_type=\"widget\" data-widget_type=\"text-editor.default\">\n<div class=\"elementor-widget-container\">\n<div class=\"elementor-text-editor elementor-clearfix\">\n<p class=\" translation-block\"><strong>Actosal<sup>\u00ae<\/sup> Flache AF<\/strong>, est un produit concentr\u00e9 qui nettoie et d\u00e9sinfecte simultan\u00e9ment avec un contenu chimique. Exempt d'ald\u00e9hyde et de ph\u00e9nol. Convient pour une utilisation sur toutes les surfaces.<\/p>\n<p>Dans les zones \u00e0 risque des h\u00f4pitaux, il est utilis\u00e9 pour le nettoyage et la d\u00e9sinfection de tous les sols, surfaces et appareils r\u00e9sistant \u00e0 l'eau, les sols durs et en PVC, les verres acryliques, les incubateurs, les lames, les r\u00e9cipients urinaires et les cuisines contamin\u00e9s par du sang et des s\u00e9cr\u00e9tions corporelles.<\/p>\n<hr \/>\n<p><strong>Composition chimique<\/strong><\/p>\n<p>100 g contiennent : 9,9 g de chlorure de di\u00e9thyldim\u00e9thylammonium (70%) et des substances auxiliaires.<\/p>\n<hr \/>\n<p><strong>Activit\u00e9 microbiologique<\/strong><\/p>\n<table>\n<thead>\n<tr>\n<td><strong>Activit\u00e9 microbiologique<\/strong><\/td>\n<td><strong>M\u00e9thode d'essai<\/strong><\/td>\n<td><strong>Concentration<\/strong><\/td>\n<td><strong>Dur\u00e9e de l'effet<\/strong><\/td>\n<\/tr>\n<\/thead>\n<tbody>\n<tr>\n<td>Bact\u00e9ricide<\/td>\n<td>EN 1276<\/td>\n<td>0.25 %<\/td>\n<td>15 min<\/td>\n<\/tr>\n<tr>\n<td>Fungicidal (C.albicans, A.niger)<\/td>\n<td>EN 1650<\/td>\n<td>0.25 %<\/td>\n<td>15 min<\/td>\n<\/tr>\n<tr>\n<td>Virucidal (Adeno, Polio, MNV)<\/td>\n<td>EN 14476<\/td>\n<td>0,25 %<\/td>\n<td>15 min<\/td>\n<\/tr>\n<\/tbody>\n<\/table>\n<hr \/>\n<p><strong>M\u00e9thode d'utilisation:<\/strong><\/p>\n<p>Si n\u00e9cessaire, il est appliqu\u00e9 par essuyage pour la d\u00e9sinfection du sol, des surfaces et des \u00e9quipements. Les proc\u00e9d\u00e9s de r\u00e9curage, d'essuyage et de d\u00e9sinfection (par exemple, la m\u00e9thode des deux seaux) ou des proc\u00e9d\u00e9s similaires peuvent \u00eatre utilis\u00e9s pour l'essuyage \u00e0 l'aide d'un chiffon. Il s'applique par mopping pour les processus de d\u00e9sinfection et de nettoyage des sols, et par essuyage pour les autres surfaces. Terminez toujours le processus de d\u00e9sinfection et de nettoyage en essuyant en forme de \"S\" de la zone propre vers la zone sale, de la p\u00e9riph\u00e9rie vers le centre et de haut en bas.<\/p>\n<hr \/>\n<p><strong>Concentration de l'utilisation<\/strong><\/p>\n<table>\n<thead>\n<tr>\n<td><strong>Rapport de concentration<\/strong><\/td>\n<td><strong>Quantit\u00e9 d'eau<\/strong><\/td>\n<td><strong>Quantit\u00e9 de produits<\/strong><\/td>\n<\/tr>\n<\/thead>\n<tbody>\n<tr>\n<td>%0,25<\/td>\n<td>997,5 ml<\/td>\n<td>2,5 ml<\/td>\n<\/tr>\n<\/tbody>\n<\/table>\n<hr \/>\n<p><strong>Emballage<\/strong><\/p>\n<table>\n<thead>\n<tr>\n<td><strong>Unit\u00e9<\/strong><\/td>\n<td><strong>Pi\u00e8ces dans le carton<\/strong><\/td>\n<td><strong>Article n\u00b0.<\/strong><\/td>\n<\/tr>\n<\/thead>\n<tbody>\n<tr>\n<td>1 L<\/td>\n<td>14<\/td>\n<td>05.5502.1<\/td>\n<\/tr>\n<tr>\n<td>5 L<\/td>\n<td>4<\/td>\n<td>05.5502.5<\/td>\n<\/tr>\n<\/tbody>\n<\/table>\n<p>&nbsp;<\/p>\n<\/div>\n<\/div>\n<\/div>","protected":false},"excerpt":{"rendered":"<p style=\"font-weight: 500;\"><b><strong>D\u00e9sinfectant pour sols et surfaces<\/strong><\/b><\/p>\n<ul style=\"font-weight: 500;\">\n<li>Contient des compos\u00e9s d'ammonium quaternaire<\/li>\n<li>Sans ald\u00e9hyde ni ph\u00e9nol<\/li>\n<li>Peut \u00eatre utilis\u00e9 sur tout type de surface<\/li>\n<li>A une action bact\u00e9ricide, fongicide et virucide<\/li>\n<li>Un produit concentr\u00e9<\/li>\n<\/ul>","protected":false},"featured_media":1383,"comment_status":"open","ping_status":"closed","template":"","meta":{"spay_email":""},"product_cat":[15,57],"product_tag":[],"_links":{"self":[{"href":"https:\/\/www.acto-tunisie.com\/fr\/wp-json\/wp\/v2\/product\/1382"}],"collection":[{"href":"https:\/\/www.acto-tunisie.com\/fr\/wp-json\/wp\/v2\/product"}],"about":[{"href":"https:\/\/www.acto-tunisie.com\/fr\/wp-json\/wp\/v2\/types\/product"}],"replies":[{"embeddable":true,"href":"https:\/\/www.acto-tunisie.com\/fr\/wp-json\/wp\/v2\/comments?post=1382"}],"wp:featuredmedia":[{"embeddable":true,"href":"https:\/\/www.acto-tunisie.com\/fr\/wp-json\/wp\/v2\/media\/1383"}],"wp:attachment":[{"href":"https:\/\/www.acto-tunisie.com\/fr\/wp-json\/wp\/v2\/media?parent=1382"}],"wp:term":[{"taxonomy":"product_cat","embeddable":true,"href":"https:\/\/www.acto-tunisie.com\/fr\/wp-json\/wp\/v2\/product_cat?post=1382"},{"taxonomy":"product_tag","embeddable":true,"href":"https:\/\/www.acto-tunisie.com\/fr\/wp-json\/wp\/v2\/product_tag?post=1382"}],"curies":[{"name":"wp","href":"https:\/\/api.w.org\/{rel}","templated":true}]}}