{"id":1380,"date":"2021-06-20T13:01:24","date_gmt":"2021-06-20T13:01:24","guid":{"rendered":"http:\/\/www.acto-tunisie.com\/?post_type=product&#038;p=1380"},"modified":"2021-07-30T16:23:00","modified_gmt":"2021-07-30T16:23:00","slug":"actosept-af-citrus","status":"publish","type":"product","link":"https:\/\/www.acto-tunisie.com\/fr\/produit\/actosept-af-citrus\/","title":{"rendered":"ACTOSEPT\u00ae AF CITRUS 5 L"},"content":{"rendered":"<div class=\"elementor-element elementor-element-33896c66 elementor-position-left elementor-vertical-align-middle elementor-view-default elementor-widget elementor-widget-icon-box\" data-id=\"33896c66\" data-element_type=\"widget\" data-widget_type=\"icon-box.default\">\n<div class=\"elementor-widget-container\">\n<div class=\"elementor-icon-box-wrapper\">\n<div class=\"elementor-icon-box-content\">\n<div class=\"elementor-element elementor-element-6979955f elementor-widget elementor-widget-text-editor\" data-id=\"6979955f\" data-element_type=\"widget\" data-widget_type=\"text-editor.default\">\n<div class=\"elementor-widget-container\">\n<div class=\"elementor-text-editor elementor-clearfix\">\n<p class=\" translation-block\"><strong>Actosept<sup>\u00ae<\/sup> AF Citrus<\/strong>, convient pour le nettoyage et la d\u00e9sinfection des dispositifs m\u00e9dicaux utilis\u00e9s dans le domaine m\u00e9dical. Un produit \u00e0 action rapide, pr\u00eat \u00e0 l'emploi et \u00e0 base d'alcool. Exempt d'ald\u00e9hyde et de ph\u00e9nol. Poss\u00e8de une qualit\u00e9 de s\u00e9chage rapide.<\/p>\n<p>Peut \u00eatre utilis\u00e9 en toute s\u00e9curit\u00e9 sur toute surface de dispositif m\u00e9dical r\u00e9sistant \u00e0 l'alcool. Convient \u00e9galement pour la d\u00e9sinfection et le nettoyage des surfaces des dispositifs m\u00e9dicaux utilis\u00e9s dans le domaine dentaire.<\/p>\n<hr \/>\n<p><strong>Composition chimique<\/strong><\/p>\n<p>Une solution de 100 g contient: 20 g d'alcool \u00e9thylique, 10 g de 2-Propanol, 0,05 g de propionate de didesylm\u00e9thylpoly (oxy\u00e9thyl) ammonium et des substances auxiliaires.<\/p>\n<hr \/>\n<p><strong>Activit\u00e9 microbiologique<\/strong><\/p>\n<table>\n<thead>\n<tr>\n<td><strong>Activit\u00e9 microbiologique<\/strong><\/td>\n<td><strong>M\u00e9thode d'essai<\/strong><\/td>\n<td><strong>Concentration<\/strong><\/td>\n<td><strong>Dur\u00e9e de l'effet<\/strong><\/td>\n<\/tr>\n<\/thead>\n<tbody>\n<tr>\n<td>Bact\u00e9ricide<\/td>\n<td>EN 13727<\/td>\n<td>Pr\u00eat \u00e0 l'emploi<\/td>\n<td>1 min.<\/td>\n<\/tr>\n<tr>\n<td>Fungicidal (C.albicans)<\/td>\n<td>EN 13624<\/td>\n<td>Pr\u00eat \u00e0 l'emploi<\/td>\n<td>1 min.<\/td>\n<\/tr>\n<tr>\n<td>Fongicide (A. niger)<\/td>\n<td>EN 14348<\/td>\n<td>Pr\u00eat \u00e0 l'emploi<\/td>\n<td>5 min.<\/td>\n<\/tr>\n<tr>\n<td>Virucidal (Vaccina)<\/td>\n<td>EN 14476<\/td>\n<td>Pr\u00eat \u00e0 l'emploi<\/td>\n<td>5 min.<\/td>\n<\/tr>\n<\/tbody>\n<\/table>\n<hr \/>\n<p><strong>M\u00e9thode d'utilisation:<\/strong><\/p>\n<p class=\" translation-block\"><strong>Actosept<sup>\u00ae<\/sup> AF Citrus <\/strong>est un produit facile \u00e0 utiliser. Vaporisez la surface \u00e0 d\u00e9sinfecter \u00e0 une distance de 30 cm et veillez \u00e0 ce que la surface soit enti\u00e8rement recouverte de produit. Attendez le temps d'action recommand\u00e9. Terminez toujours le processus de d\u00e9sinfection et de nettoyage avec une lingette propre en essuyant en forme de \"S\" de la zone propre vers la zone sale, de la p\u00e9riph\u00e9rie vers le centre et de haut en bas.<\/p>\n<hr \/>\n<p><strong>Emballage<\/strong><\/p>\n<table>\n<thead>\n<tr>\n<td><strong>Unit\u00e9<\/strong><\/td>\n<td><strong>Pi\u00e8ces dans le carton<\/strong><\/td>\n<td><strong>Article n\u00b0.<\/strong><\/td>\n<\/tr>\n<\/thead>\n<tbody>\n<tr>\n<td>500 ml<\/td>\n<td>20<\/td>\n<td>05.2401.500<\/td>\n<\/tr>\n<tr>\n<td>1 L<\/td>\n<td>12<\/td>\n<td>05.2401.1<\/td>\n<\/tr>\n<tr>\n<td>4500 + 500 ml<\/td>\n<td>3<\/td>\n<td>05.2401.45<\/td>\n<\/tr>\n<tr>\n<td>5 L<\/td>\n<td>4<\/td>\n<td>05.2401.5<\/td>\n<\/tr>\n<\/tbody>\n<\/table>\n<p>&nbsp;<\/p>\n<\/div>\n<\/div>\n<\/div>\n<\/div>\n<\/div>\n<\/div>\n<\/div>","protected":false},"excerpt":{"rendered":"<p style=\"font-weight: 500;\"><b><strong>Spray d\u00e9sinfectant \u00e0 base d'alcool pour les dispositifs m\u00e9dicaux et les surfaces, avec un parfum de citron.<\/strong><\/b><\/p>\n<ul style=\"font-weight: 500;\">\n<li>Pr\u00eat \u00e0 l'emploi \u00e0 base d'alcool<\/li>\n<li>A la qualit\u00e9 de d\u00e9sinfection rapide et de s\u00e9chage sur les surfaces<\/li>\n<li>Bact\u00e9ricide, fongicide et virucide<\/li>\n<li>Peut \u00eatre utilis\u00e9 sur toute surface de dispositifs m\u00e9dicaux<\/li>\n<li>Exempt d'ald\u00e9hyde et de ph\u00e9nol<\/li>\n<li>Facile \u00e0 utiliser<\/li>\n<li>Haute compatibilit\u00e9 des mat\u00e9riaux<\/li>\n<\/ul>","protected":false},"featured_media":1381,"comment_status":"open","ping_status":"closed","template":"","meta":{"spay_email":""},"product_cat":[55],"product_tag":[],"_links":{"self":[{"href":"https:\/\/www.acto-tunisie.com\/fr\/wp-json\/wp\/v2\/product\/1380"}],"collection":[{"href":"https:\/\/www.acto-tunisie.com\/fr\/wp-json\/wp\/v2\/product"}],"about":[{"href":"https:\/\/www.acto-tunisie.com\/fr\/wp-json\/wp\/v2\/types\/product"}],"replies":[{"embeddable":true,"href":"https:\/\/www.acto-tunisie.com\/fr\/wp-json\/wp\/v2\/comments?post=1380"}],"wp:featuredmedia":[{"embeddable":true,"href":"https:\/\/www.acto-tunisie.com\/fr\/wp-json\/wp\/v2\/media\/1381"}],"wp:attachment":[{"href":"https:\/\/www.acto-tunisie.com\/fr\/wp-json\/wp\/v2\/media?parent=1380"}],"wp:term":[{"taxonomy":"product_cat","embeddable":true,"href":"https:\/\/www.acto-tunisie.com\/fr\/wp-json\/wp\/v2\/product_cat?post=1380"},{"taxonomy":"product_tag","embeddable":true,"href":"https:\/\/www.acto-tunisie.com\/fr\/wp-json\/wp\/v2\/product_tag?post=1380"}],"curies":[{"name":"wp","href":"https:\/\/api.w.org\/{rel}","templated":true}]}}