{"id":1375,"date":"2021-06-20T12:58:22","date_gmt":"2021-06-20T12:58:22","guid":{"rendered":"http:\/\/www.acto-tunisie.com\/?post_type=product&#038;p=1375"},"modified":"2021-07-26T19:49:31","modified_gmt":"2021-07-26T19:49:31","slug":"actoanid-spray-500-ml","status":"publish","type":"product","link":"https:\/\/www.acto-tunisie.com\/fr\/produit\/actoanid-spray-500-ml\/","title":{"rendered":"ACTOANID\u00ae SPRAY 500 ml"},"content":{"rendered":"<div class=\"elementor-element elementor-element-33896c66 elementor-position-left elementor-vertical-align-middle elementor-view-default elementor-widget elementor-widget-icon-box\" data-id=\"33896c66\" data-element_type=\"widget\" data-widget_type=\"icon-box.default\">\n<div class=\"elementor-widget-container\">\n<div class=\"elementor-icon-box-wrapper\">\n<div class=\"elementor-icon-box-content\">\n<div class=\"elementor-element elementor-element-33896c66 elementor-position-left elementor-vertical-align-middle elementor-view-default elementor-widget elementor-widget-icon-box\" data-id=\"33896c66\" data-element_type=\"widget\" data-widget_type=\"icon-box.default\">\n<div class=\"elementor-widget-container\">\n<div class=\"elementor-icon-box-wrapper\">\n<div class=\"elementor-icon-box-content\">\n<p class=\" translation-block\"><span style=\"color: #000000;\"><strong>Actoanid<sup>\u00ae<\/sup> Spray<\/strong>, est un d\u00e9sinfectant pour dispositifs m\u00e9dicaux sans alcool, pr\u00eat \u00e0 l'emploi, con\u00e7u pour \u00eatre utilis\u00e9 sur toutes les surfaces, y compris les surfaces sensibles \u00e0 l'alcool. Il est facile \u00e0 utiliser, rapidement efficace et son odeur n'est pas d\u00e9rangeante. Exempt d'ald\u00e9hyde et de ph\u00e9nol. Offre diff\u00e9rentes pr\u00e9f\u00e9rences d'utilisation avec un spray et une buse \u00e0 mousse. Utilis\u00e9 en toute s\u00e9curit\u00e9 sur les surfaces sensibles telles que l'incubateur et la sonde \u00e0 ultrasons. Certifi\u00e9 par la Soci\u00e9t\u00e9 allemande de microbiologie <strong>Actoanid<sup>\u00ae<\/sup> Spray<\/strong>. Test\u00e9 dermatologiquement en Allemagne <strong>DERMATEST<\/strong> laboratoire.<\/span><\/p>\n<p><span style=\"color: #000000;\">Convient pour le nettoyage et la d\u00e9sinfection des surfaces des dispositifs m\u00e9dicaux sensibles \u00e0 l'alcool utilis\u00e9s dans les h\u00f4pitaux, les cabinets m\u00e9dicaux et les cliniques.<\/span><\/p>\n<hr \/>\n<p><span style=\"color: #000000;\"><strong>Composition chimique<\/strong><\/span><\/p>\n<p class=\" translation-block\"><span style=\"color: #000000;\"><strong>100 g contains<\/strong>; 0,23 g Chlorhydrate de poly (hexam\u00e9thyl\u00e8ne biguanide), 0,28 g Compos\u00e9s d'ammonium quaternaire, substances auxiliaires<\/span><\/p>\n<hr \/>\n<p><span style=\"color: #000000;\"><strong>Activit\u00e9 microbiologique<\/strong><\/span><\/p>\n<table>\n<thead>\n<tr>\n<td><span style=\"color: #000000;\"><strong>Activit\u00e9 microbiologique<\/strong><\/span><\/td>\n<td><span style=\"color: #000000;\"><strong>M\u00e9thode d'essai<\/strong><\/span><\/td>\n<td><span style=\"color: #000000;\"><strong>Concentration<\/strong><\/span><\/td>\n<td><span style=\"color: #000000;\"><strong>Dur\u00e9e de l'effet<\/strong><\/span><\/td>\n<\/tr>\n<\/thead>\n<tbody>\n<tr>\n<td><span style=\"color: #000000;\">Bact\u00e9ricide<\/span><\/td>\n<td><span style=\"color: #000000;\">EN 13727 \/ EN 1276<\/span><\/td>\n<td><span style=\"color: #000000;\">Pr\u00eat \u00e0 l'emploi<\/span><\/td>\n<td><span style=\"color: #000000;\">1 minute<\/span><\/td>\n<\/tr>\n<tr>\n<td><span style=\"color: #000000;\">Fungicidal (C.albicans, A.niger)<\/span><\/td>\n<td><span style=\"color: #000000;\">EN 13624<\/span><\/td>\n<td><span style=\"color: #000000;\">Pr\u00eat \u00e0 l'emploi<\/span><\/td>\n<td><span style=\"color: #000000;\">1 minute<\/span><\/td>\n<\/tr>\n<tr>\n<td><span style=\"color: #000000;\">Virucidal (Adeno, Polio, MNV)<\/span><\/td>\n<td><span style=\"color: #000000;\">EN 14476<\/span><\/td>\n<td><span style=\"color: #000000;\">Pr\u00eat \u00e0 l'emploi<\/span><\/td>\n<td><span style=\"color: #000000;\">1 minute<\/span><\/td>\n<\/tr>\n<\/tbody>\n<\/table>\n<hr \/>\n<p><span style=\"color: #000000;\"><strong>M\u00e9thode d'utilisation:<\/strong><\/span><\/p>\n<p><span style=\"color: #000000;\">Vaporisez \u00e0 une distance de 30 cm, jusqu'\u00e0 couvrir toute la surface des dispositifs m\u00e9dicaux. Attendez le temps d'exposition recommand\u00e9. Terminez toujours le processus de d\u00e9sinfection et de nettoyage avec une lingette propre en essuyant en forme de \"S\" de la zone propre vers la zone sale, de la p\u00e9riph\u00e9rie vers le centre et de haut en bas.<\/span><\/p>\n<hr \/>\n<p><span style=\"color: #000000;\"><strong>Emballage<\/strong><\/span><\/p>\n<table>\n<thead>\n<tr>\n<td><span style=\"color: #000000;\"><strong>Unit\u00e9<\/strong><\/span><\/td>\n<td><span style=\"color: #000000;\"><strong>Pi\u00e8ces dans le carton<\/strong><\/span><\/td>\n<td><span style=\"color: #000000;\"><strong>Article n\u00b0.<\/strong><\/span><\/td>\n<\/tr>\n<\/thead>\n<tbody>\n<tr>\n<td><span style=\"color: #000000;\">750 ml<\/span><\/td>\n<td><span style=\"color: #000000;\">15<\/span><\/td>\n<td><span style=\"color: #000000;\">05.1230.750<\/span><\/td>\n<\/tr>\n<tr>\n<td><span style=\"color: #000000;\">1 L<\/span><\/td>\n<td><span style=\"color: #000000;\">12<\/span><\/td>\n<td><span style=\"color: #000000;\">05.1230.1<\/span><\/td>\n<\/tr>\n<tr>\n<td><span style=\"color: #000000;\">4500 ml + 500 ml<\/span><\/td>\n<td><span style=\"color: #000000;\">3<\/span><\/td>\n<td><span style=\"color: #000000;\">05.1230.45<\/span><\/td>\n<\/tr>\n<tr>\n<td><span style=\"color: #000000;\">5 L<\/span><\/td>\n<td><span style=\"color: #000000;\">4<\/span><\/td>\n<td><span style=\"color: #000000;\">05.1230.5<\/span><\/td>\n<\/tr>\n<\/tbody>\n<\/table>\n<hr \/>\n<p><span style=\"color: #000000;\"><a style=\"color: #000000;\" href=\"http:\/\/www.acto-tunisie.com\/fr\/files\/actoanis-spray\/Sdb_Actoanid_Spray.pdf\/\"><strong>> T\u00e9l\u00e9charger la fiche de donn\u00e9es de s\u00e9curit\u00e9<\/strong><\/a><\/span><\/p>\n<p>&nbsp;<\/p>\n<p>&nbsp;<\/p>\n<\/div>\n<\/div>\n<\/div>\n<\/div>\n<\/div>\n<\/div>\n<\/div>\n<\/div>","protected":false},"excerpt":{"rendered":"<p><strong>D\u00e9sinfectant rapide des surfaces pour les dispositifs m\u00e9dicaux<\/strong><\/p>\n<ul>\n<li>Contient la combinaison de polyhexanide et d'ammonium quaternaire<\/li>\n<li>Convient pour une utilisation sur des surfaces sensibles \u00e0 l'alcool<\/li>\n<li>Exempt d'alcool, d'ald\u00e9hyde et de ph\u00e9nol<\/li>\n<li>Large compatibilit\u00e9 avec les mat\u00e9riaux, y compris les incubateurs et les verres acryliques.<\/li>\n<li>Bact\u00e9ricide, fongicide et virucide<\/li>\n<li>Temps de contact court<\/li>\n<li>Produit pr\u00eat \u00e0 l'emploi<\/li>\n<li>Offre diff\u00e9rentes possibilit\u00e9s d'utilisation avec la buse de pulv\u00e9risation et de mousse.<\/li>\n<li>Certifi\u00e9 par la Soci\u00e9t\u00e9 allemande de microbiologie et d'hygi\u00e8ne VAH\/DGHM<\/li>\n<li>Test\u00e9 dermatologiquement et approuv\u00e9 dans le laboratoire allemand DERMATEST<\/li>\n<\/ul>\n<p><img loading=\"lazy\" class=\"alignnone size-full wp-image-1599\" title=\"actoanid spray ikon\" src=\"http:\/\/www.acto-tunisie.com\/wp-content\/uploads\/2021\/06\/actoanid-spray-ikon.jpg\" alt=\"actoanid spray ikon\" width=\"598\" height=\"115\" srcset=\"https:\/\/www.acto-tunisie.com\/wp-content\/uploads\/2021\/06\/actoanid-spray-ikon.jpg 598w, https:\/\/www.acto-tunisie.com\/wp-content\/uploads\/2021\/06\/actoanid-spray-ikon-300x58.jpg 300w, https:\/\/www.acto-tunisie.com\/wp-content\/uploads\/2021\/06\/actoanid-spray-ikon-16x3.jpg 16w\" sizes=\"(max-width: 598px) 100vw, 598px\" \/><\/p>","protected":false},"featured_media":1378,"comment_status":"open","ping_status":"closed","template":"","meta":{"spay_email":""},"product_cat":[15,56],"product_tag":[],"_links":{"self":[{"href":"https:\/\/www.acto-tunisie.com\/fr\/wp-json\/wp\/v2\/product\/1375"}],"collection":[{"href":"https:\/\/www.acto-tunisie.com\/fr\/wp-json\/wp\/v2\/product"}],"about":[{"href":"https:\/\/www.acto-tunisie.com\/fr\/wp-json\/wp\/v2\/types\/product"}],"replies":[{"embeddable":true,"href":"https:\/\/www.acto-tunisie.com\/fr\/wp-json\/wp\/v2\/comments?post=1375"}],"wp:featuredmedia":[{"embeddable":true,"href":"https:\/\/www.acto-tunisie.com\/fr\/wp-json\/wp\/v2\/media\/1378"}],"wp:attachment":[{"href":"https:\/\/www.acto-tunisie.com\/fr\/wp-json\/wp\/v2\/media?parent=1375"}],"wp:term":[{"taxonomy":"product_cat","embeddable":true,"href":"https:\/\/www.acto-tunisie.com\/fr\/wp-json\/wp\/v2\/product_cat?post=1375"},{"taxonomy":"product_tag","embeddable":true,"href":"https:\/\/www.acto-tunisie.com\/fr\/wp-json\/wp\/v2\/product_tag?post=1375"}],"curies":[{"name":"wp","href":"https:\/\/api.w.org\/{rel}","templated":true}]}}