{"id":1374,"date":"2021-06-20T12:52:53","date_gmt":"2021-06-20T12:52:53","guid":{"rendered":"http:\/\/www.acto-tunisie.com\/?post_type=product&#038;p=1374"},"modified":"2021-07-13T08:51:24","modified_gmt":"2021-07-13T08:51:24","slug":"actodermanol-gel","status":"publish","type":"product","link":"https:\/\/www.acto-tunisie.com\/fr\/produit\/actodermanol-gel\/","title":{"rendered":"ACTODERMANOL\u00ae Gel"},"content":{"rendered":"<p style=\"font-weight: 500;\" class=\" translation-block\">Actodermanol\u00ae Gel est utilis\u00e9 pour le soin quotidien de la peau et des mains. Il permet un nettoyage et un soin hygi\u00e9nique instantan\u00e9 des mains. L'extrait d'aloe vera, le dexpanth\u00e9nol et la vitamine E, associ\u00e9s \u00e0 la glyc\u00e9rine, emp\u00eachent la peau de se dess\u00e9cher et revitalisent les cellules en apportant de l'humidit\u00e9 et des vitamines essentielles.<\/p>\n<p style=\"font-weight: 500;\" class=\" translation-block\">Actodermanol\u00ae Gel assure une activit\u00e9 rafra\u00eechissante et r\u00e9ductrice de germes par son effet nettoyant. Actodermanol\u00ae Gel a un pH neutre, est agr\u00e9able pour la peau et pratique \u00e0 utiliser.<\/p>\n<hr \/>\n<p style=\"font-weight: 500;\"><b><strong>Composition chimique<\/strong><\/b><\/p>\n<p style=\"font-weight: 500;\">Alcool ; Alcool isopropylique ; Aqua ; Glyc\u00e9rine ; Carbomer ; Propyl\u00e8ne Glycol ; Extrait d'Aloe Barbadensis ; Parfum ; Tri\u00e9thanolamine ; Panth\u00e9nol ; Ac\u00e9tate de Tocopheryl.<\/p>\n<div class=\"elementor-element elementor-element-7ac32590 elementor-position-left elementor-vertical-align-middle elementor-view-default elementor-widget elementor-widget-icon-box\" data-id=\"7ac32590\" data-element_type=\"widget\" data-widget_type=\"icon-box.default\">\n<div class=\"elementor-widget-container\">\n<div class=\"elementor-icon-box-wrapper\">\n<div class=\"elementor-icon-box-content\">\n<hr \/>\n<p class=\"elementor-icon-box-title\"><strong>Emballage<\/strong>\u200b<\/p>\n<\/div>\n<\/div>\n<\/div>\n<\/div>\n<div class=\"elementor-element elementor-element-63ce9f9e elementor-widget elementor-widget-text-editor\" data-id=\"63ce9f9e\" data-element_type=\"widget\" data-widget_type=\"text-editor.default\">\n<div class=\"elementor-widget-container\">\n<div class=\"elementor-text-editor elementor-clearfix\">\n<table class=\"rg-table\" summary=\"Hed\">\n<thead>\n<tr>\n<th class=\"text\">Unit\u00e9<\/th>\n<th class=\"text\">Pi\u00e8ces dans le carton<\/th>\n<th class=\"text\">Article n\u00b0.<\/th>\n<\/tr>\n<\/thead>\n<tbody>\n<tr>\n<td class=\"text\" data-title=\"Unit\">100 ml<\/td>\n<td class=\"text\" data-title=\"Pieces in Box\">50<\/td>\n<td class=\"text\" data-title=\"Article-No.\">06.6010.100<\/td>\n<\/tr>\n<\/tbody>\n<\/table>\n<\/div>\n<\/div>\n<\/div>","protected":false},"excerpt":{"rendered":"<p style=\"font-weight: 500;\"><b><strong>Gel pour le soin des mains et de la peau avec une teneur en alcool de 80 % (V\/V)<\/strong><\/b><\/p>\n<ul style=\"font-weight: 500;\">\n<li>Nettoyage et protection des mains<\/li>\n<li>Hydratant<\/li>\n<li>Revitalisant et rafra\u00eechissant<\/li>\n<li>R\u00e9duction des germes<\/li>\n<li>pH neutre pour la peau<\/li>\n<\/ul>","protected":false},"featured_media":1372,"comment_status":"open","ping_status":"closed","template":"","meta":{"spay_email":""},"product_cat":[15,54],"product_tag":[],"_links":{"self":[{"href":"https:\/\/www.acto-tunisie.com\/fr\/wp-json\/wp\/v2\/product\/1374"}],"collection":[{"href":"https:\/\/www.acto-tunisie.com\/fr\/wp-json\/wp\/v2\/product"}],"about":[{"href":"https:\/\/www.acto-tunisie.com\/fr\/wp-json\/wp\/v2\/types\/product"}],"replies":[{"embeddable":true,"href":"https:\/\/www.acto-tunisie.com\/fr\/wp-json\/wp\/v2\/comments?post=1374"}],"wp:featuredmedia":[{"embeddable":true,"href":"https:\/\/www.acto-tunisie.com\/fr\/wp-json\/wp\/v2\/media\/1372"}],"wp:attachment":[{"href":"https:\/\/www.acto-tunisie.com\/fr\/wp-json\/wp\/v2\/media?parent=1374"}],"wp:term":[{"taxonomy":"product_cat","embeddable":true,"href":"https:\/\/www.acto-tunisie.com\/fr\/wp-json\/wp\/v2\/product_cat?post=1374"},{"taxonomy":"product_tag","embeddable":true,"href":"https:\/\/www.acto-tunisie.com\/fr\/wp-json\/wp\/v2\/product_tag?post=1374"}],"curies":[{"name":"wp","href":"https:\/\/api.w.org\/{rel}","templated":true}]}}