{"id":1371,"date":"2021-06-20T12:50:26","date_gmt":"2021-06-20T12:50:26","guid":{"rendered":"http:\/\/www.acto-tunisie.com\/?post_type=product&#038;p=1371"},"modified":"2021-07-13T08:51:03","modified_gmt":"2021-07-13T08:51:03","slug":"actoderm-gel","status":"publish","type":"product","link":"https:\/\/www.acto-tunisie.com\/fr\/produit\/actoderm-gel\/","title":{"rendered":"ACTODERM\u00ae Gel"},"content":{"rendered":"<p style=\"font-weight: 500;\" class=\" translation-block\">Actoderm\u00ae Gel a \u00e9t\u00e9 d\u00e9velopp\u00e9 pour les soins quotidiens ainsi que pour le nettoyage rapide et hygi\u00e9nique de la peau et des mains. Il offre \u00e0 la fois protection et hygi\u00e8ne. Les ingr\u00e9dients dexpanth\u00e9nol et vitamine E, en combinaison avec la glyc\u00e9rine, emp\u00eachent le dess\u00e8chement de la peau et revitalisent les cellules en apportant des vitamines essentielles et de l'humidit\u00e9. L'effet nettoyant assure un rafra\u00eechissement de la peau, y compris une r\u00e9duction des germes. Actoderm\u00ae Gel a un pH neutre et respecte la peau.<\/p>\n<hr \/>\n<p style=\"font-weight: 500;\"><b><strong>Composition chimique<\/strong><\/b><\/p>\n<p style=\"font-weight: 500;\" class=\" translation-block\"><b><strong>Ingr\u00e9dients: <\/strong><\/b>Alcool; Aqua ; Glyc\u00e9rine ; Carbomer ; Propyl\u00e8ne Glycol ; Parfum ; Triethanolamine ; Panthenol ; Tocopheryl Acetate.<\/p>\n<hr \/>\n<p style=\"font-weight: 500;\"><b><strong><span data-mce-mark=\"1\">Mode d'emploi<\/span><\/strong><\/b><\/p>\n<p style=\"font-weight: 500;\" class=\" translation-block\">Actoderm<sup>\u00ae <\/sup>Gel est pr\u00eat \u00e0 l'emploi et peut \u00eatre utilis\u00e9 imm\u00e9diatement, \u00e0 tout moment et en tout lieu. Prenez une quantit\u00e9 appropri\u00e9e du gel dans vos mains et \u00e9talez-le sur la peau et les mains qui doivent \u00eatre nettoy\u00e9es, comme les avant-bras, les coudes, etc. Ne convient pas pour le nettoyage des plaies ouvertes et des muqueuses.<\/p>\n<hr \/>\n<p style=\"font-weight: 500;\"><b><strong>Domaines d'application<\/strong><\/b><\/p>\n<p style=\"font-weight: 500;\" class=\" translation-block\"><b><strong>Actoderm<sup>\u00ae <\/sup>Gel <\/strong><\/b>a \u00e9t\u00e9 d\u00e9velopp\u00e9 pour les soins quotidiens ainsi que pour le nettoyage rapide et hygi\u00e9nique de la peau et des mains.<\/p>\n<p style=\"font-weight: 500;\">Les allergies ne pouvant \u00eatre exclues, le gel Actoderm\u00ae ne doit pas \u00eatre utilis\u00e9 en cas d'allergies connues \u00e0 l'un des ingr\u00e9dients. Il n'y a pas d'effets secondaires connus.<\/p>\n<div class=\"elementor-element elementor-element-7ac32590 elementor-position-left elementor-vertical-align-middle elementor-view-default elementor-widget elementor-widget-icon-box\" data-id=\"7ac32590\" data-element_type=\"widget\" data-widget_type=\"icon-box.default\">\n<div class=\"elementor-widget-container\">\n<div class=\"elementor-icon-box-wrapper\">\n<div class=\"elementor-icon-box-content\">\n<hr \/>\n<p class=\"elementor-icon-box-title\"><strong>Emballage<\/strong>\u200b<\/p>\n<\/div>\n<\/div>\n<\/div>\n<\/div>\n<div class=\"elementor-element elementor-element-63ce9f9e elementor-widget elementor-widget-text-editor\" data-id=\"63ce9f9e\" data-element_type=\"widget\" data-widget_type=\"text-editor.default\">\n<div class=\"elementor-widget-container\">\n<div class=\"elementor-text-editor elementor-clearfix\">\n<table class=\"rg-table\" summary=\"Hed\">\n<thead>\n<tr>\n<th class=\"text\">Unit\u00e9<\/th>\n<th class=\"text\">Pi\u00e8ces dans le carton<\/th>\n<th class=\"text\">Article n\u00b0.<\/th>\n<\/tr>\n<\/thead>\n<tbody>\n<tr>\n<td class=\"text\" data-title=\"Unit\">100 ml<\/td>\n<td class=\"text\" data-title=\"Pieces in Box\">50<\/td>\n<td class=\"text\" data-title=\"Article-No.\">06.1157.100<\/td>\n<\/tr>\n<\/tbody>\n<\/table>\n<\/div>\n<\/div>\n<\/div>","protected":false},"excerpt":{"rendered":"<p style=\"font-weight: 500;\"><b><strong>Gel pour la peau et les mains<\/strong><\/b><\/p>\n<ul style=\"font-weight: 500;\">\n<li>sert aux soins quotidiens de la peau et des mains<\/li>\n<li>nettoyage rapide et hygi\u00e9nique<\/li>\n<li>excellente coh\u00e9rence<\/li>\n<li>respectueux de la peau ; pH neutre<\/li>\n<li>hydrate ; ne dess\u00e8che pas la peau<\/li>\n<li>offre \u00e0 la fois protection et hygi\u00e8ne<\/li>\n<li>adapt\u00e9 \u00e0 un usage quotidien<\/li>\n<li>Test\u00e9 dermatologiquement et class\u00e9 \"tr\u00e8s bon\".<\/li>\n<\/ul>\n<p><img loading=\"lazy\" class=\"alignnone size-full wp-image-1611\" title=\"\" src=\"http:\/\/www.acto-tunisie.com\/wp-content\/uploads\/2021\/06\/Layer-2.png\" alt=\"\" width=\"185\" height=\"115\" srcset=\"https:\/\/www.acto-tunisie.com\/wp-content\/uploads\/2021\/06\/Layer-2.png 185w, https:\/\/www.acto-tunisie.com\/wp-content\/uploads\/2021\/06\/Layer-2-16x10.png 16w\" sizes=\"(max-width: 185px) 100vw, 185px\" \/><\/p>","protected":false},"featured_media":1373,"comment_status":"open","ping_status":"closed","template":"","meta":{"spay_email":""},"product_cat":[15,54],"product_tag":[],"_links":{"self":[{"href":"https:\/\/www.acto-tunisie.com\/fr\/wp-json\/wp\/v2\/product\/1371"}],"collection":[{"href":"https:\/\/www.acto-tunisie.com\/fr\/wp-json\/wp\/v2\/product"}],"about":[{"href":"https:\/\/www.acto-tunisie.com\/fr\/wp-json\/wp\/v2\/types\/product"}],"replies":[{"embeddable":true,"href":"https:\/\/www.acto-tunisie.com\/fr\/wp-json\/wp\/v2\/comments?post=1371"}],"wp:featuredmedia":[{"embeddable":true,"href":"https:\/\/www.acto-tunisie.com\/fr\/wp-json\/wp\/v2\/media\/1373"}],"wp:attachment":[{"href":"https:\/\/www.acto-tunisie.com\/fr\/wp-json\/wp\/v2\/media?parent=1371"}],"wp:term":[{"taxonomy":"product_cat","embeddable":true,"href":"https:\/\/www.acto-tunisie.com\/fr\/wp-json\/wp\/v2\/product_cat?post=1371"},{"taxonomy":"product_tag","embeddable":true,"href":"https:\/\/www.acto-tunisie.com\/fr\/wp-json\/wp\/v2\/product_tag?post=1371"}],"curies":[{"name":"wp","href":"https:\/\/api.w.org\/{rel}","templated":true}]}}