{"id":1366,"date":"2021-06-20T12:41:49","date_gmt":"2021-06-20T12:41:49","guid":{"rendered":"http:\/\/www.acto-tunisie.com\/?post_type=product&#038;p=1366"},"modified":"2021-07-18T23:18:58","modified_gmt":"2021-07-18T23:18:58","slug":"actodermanol-100-ml-hand-and-skin-antiseptic-with-ethanol-70-v-v","status":"publish","type":"product","link":"https:\/\/www.acto-tunisie.com\/fr\/produit\/actodermanol-100-ml-hand-and-skin-antiseptic-with-ethanol-70-v-v\/","title":{"rendered":"ACTODERMANOL\u00ae 100 ml Antiseptique pour les mains et la peau avec \u00e9thanol 70 % (V\/V)"},"content":{"rendered":"<p class=\" translation-block\"><strong>Actodermanol<\/strong><strong><sup>\u00ae<\/sup><\/strong><strong>, <\/strong>est un antiseptique pour les mains et la peau \u00e0 base d'alcool. Il a \u00e9t\u00e9 formul\u00e9 pour un usage fr\u00e9quent pour la d\u00e9sinfection hygi\u00e9nique et chirurgicale des mains. Ne provoque aucune r\u00e9action allergique. Test\u00e9 dermatologiquement. Ne contient pas d'ald\u00e9hyde, de ph\u00e9nol, de peroxyde d'hydrog\u00e8ne, de chlorhexidine et autres.<\/p>\n<p>Convient \u00e0 une utilisation fr\u00e9quente dans la journ\u00e9e pendant les soins aux patients, avant le contact avec les patients neutrop\u00e9niques et immunosuppresseurs, avant et apr\u00e8s le contact avec les patients dans la chambre d'isolement, pour l'antisepsie de la peau avant une injection, avant et apr\u00e8s les proc\u00e9dures invasives, avant et apr\u00e8s le port de gants, en particulier dans les unit\u00e9s o\u00f9 la charge de travail et le nombre de patients sont intenses. Convient pour une utilisation dans le domaine de la sant\u00e9 publique.<\/p>\n<p class=\" translation-block\"><strong>Actodermanol<\/strong><strong><sup>\u00ae<\/sup><\/strong> est bact\u00e9ricide (y compris pour la tuberculose, le SARM, l'ERV, <em>A.baumannii<\/em>), fongicide et virucide (Vaccinia -incl. HBV\/ HIV\/ HCV, virus Corona-).<\/p>\n<hr \/>\n<p><strong>Composition chimique<\/strong><\/p>\n<p>100 g contiennent : 62,8 g de 2-Propanol (70 % V\/V), \u00e9mollient (Lanoline), substances auxiliaires.<\/p>\n<hr \/>\n<p><strong>Activit\u00e9 microbiologique<\/strong><\/p>\n<table width=\"1120\">\n<thead>\n<tr>\n<td><strong>Activit\u00e9 microbiologique<\/strong><\/td>\n<td><strong>Domaine d'application<\/strong><\/td>\n<td><strong>Dose d'application<\/strong><\/td>\n<\/tr>\n<\/thead>\n<tbody>\n<tr>\n<td>Bactericidal EN 13727<\/td>\n<td>En pulv\u00e9risant sur les mains et la peau, et en essuyant<\/td>\n<td>3-5 ml \/ 30 sec<\/td>\n<\/tr>\n<tr>\n<td>Fungicidal (C. albicans, A. niger) EN 13624<\/td>\n<td>En pulv\u00e9risant sur les mains et la peau, et en essuyant<\/td>\n<td>3-5 ml \/ 30 sec<\/td>\n<\/tr>\n<tr>\n<td>Tuberculocide Mycobact\u00e9ricide EN 14348<\/td>\n<td>En pulv\u00e9risant sur les mains et la peau, et en essuyant<\/td>\n<td>3-5 ml \/ 30 sec<\/td>\n<\/tr>\n<tr>\n<td>Virucidal (Vaccinia) EN 14476<\/td>\n<td>En pulv\u00e9risant sur les mains et la peau, et en essuyant<\/td>\n<td>3-5 ml \/ 30 sec<\/td>\n<\/tr>\n<\/tbody>\n<\/table>\n<hr \/>\n<p><strong>M\u00e9thode d'utilisation:<\/strong><\/p>\n<p>La solution est pr\u00eate \u00e0 l'emploi. Elle s'utilise sans dilution.<\/p>\n<p class=\" translation-block\"><strong>D\u00e9sinfection hygi\u00e9nique des mains: <\/strong>Enlevez tous les bijoux. Prenez 3-5 ml de <strong>Actodermanol<\/strong><strong><sup>\u00ae<\/sup><\/strong> Appliquer pendant 30 secondes selon <strong>EN 1500 <\/strong>standard.<\/p>\n<p class=\" translation-block\"><strong>D\u00e9sinfection des mains chirurgicales: <\/strong>Enlevez tous les bijoux. Prenez la quantit\u00e9 suffisante de produit de mani\u00e8re \u00e0 garder la peau humide pendant l'application.\nSelon <strong>EN 12791 <\/strong>standard, d\u00e9sinfectez vos mains, y compris les poignets et les coudes, \u00e0 l'aide de <strong>Actoderm<\/strong><strong><sup>\u00ae<\/sup><\/strong><strong> <\/strong>par frottement humide des deux mains pendant 3 minutes au total. Si n\u00e9cessaire, reprenez du d\u00e9sinfectant pendant la proc\u00e9dure.<\/p>\n<p>Vaporiser sur la peau avant les injections. Essuyez apr\u00e8s avoir attendu 30 secondes. Enlevez tous les bijoux avant l'utilisation. Veillez \u00e0 ce que les ongles ne soient pas longs<\/p>\n<hr \/>\n<p><strong>Emballage<\/strong><\/p>\n<table width=\"1120\">\n<thead>\n<tr>\n<td><strong>Unit\u00e9<\/strong><\/td>\n<td><strong>Pi\u00e8ces dans le carton<\/strong><\/td>\n<td><strong>Article n\u00b0.<\/strong><\/td>\n<\/tr>\n<\/thead>\n<tbody>\n<tr>\n<td>50 ml<\/td>\n<td>110<\/td>\n<td>06.1046.50<\/td>\n<\/tr>\n<tr>\n<td>100 ml<\/td>\n<td>81<\/td>\n<td>06.1046.100<\/td>\n<\/tr>\n<tr>\n<td>250 ml<\/td>\n<td>49<\/td>\n<td>06.1046.250<\/td>\n<\/tr>\n<tr>\n<td>500 ml<\/td>\n<td>30<\/td>\n<td>06.1046.500<\/td>\n<\/tr>\n<tr>\n<td>1 L<\/td>\n<td>10<\/td>\n<td>06.1046.1<\/td>\n<\/tr>\n<tr>\n<td>5 L<\/td>\n<td>4<\/td>\n<td>06.1046.5<\/td>\n<\/tr>\n<\/tbody>\n<\/table>\n<hr \/>\n<p><a href=\"http:\/\/www.acto-tunisie.com\/fr\/files\/actodermanol\/Sdb_Actodermanol.pdf\/\"><strong>> T\u00e9l\u00e9charger la fiche de donn\u00e9es de s\u00e9curit\u00e9<\/strong><\/a><\/p>","protected":false},"excerpt":{"rendered":"<p><strong>Antiseptique pour les mains et la peau avec \u00e9thanol 70 % (V\/V)<\/strong><\/p>\n<ul>\n<li>Contient de l'alcool \u00e9thylique<\/li>\n<li>Adapt\u00e9 \u00e0 un usage fr\u00e9quent<\/li>\n<li>Test\u00e9 dermatologiquement et approuv\u00e9 dans le laboratoire allemand DERMATEST<\/li>\n<li>Test\u00e9 selon les normes EN 1500 et EN 12791<\/li>\n<li>30 secondes pour l'antisepsie hygi\u00e9nique des mains<\/li>\n<li>3 minutes pour l'antisepsie des mains chirurgicales<\/li>\n<\/ul>\n<p><img loading=\"lazy\" class=\"alignnone size-full wp-image-1609\" title=\"actodermanol ikonlar\" src=\"http:\/\/www.acto-tunisie.com\/wp-content\/uploads\/2021\/06\/actodermanol-ikonlar.png\" alt=\"actodermanol ikonlar\" width=\"962\" height=\"246\" srcset=\"https:\/\/www.acto-tunisie.com\/wp-content\/uploads\/2021\/06\/actodermanol-ikonlar.png 962w, https:\/\/www.acto-tunisie.com\/wp-content\/uploads\/2021\/06\/actodermanol-ikonlar-300x77.png 300w, https:\/\/www.acto-tunisie.com\/wp-content\/uploads\/2021\/06\/actodermanol-ikonlar-768x196.png 768w, https:\/\/www.acto-tunisie.com\/wp-content\/uploads\/2021\/06\/actodermanol-ikonlar-16x4.png 16w, https:\/\/www.acto-tunisie.com\/wp-content\/uploads\/2021\/06\/actodermanol-ikonlar-600x153.png 600w\" sizes=\"(max-width: 962px) 100vw, 962px\" \/><\/p>","protected":false},"featured_media":1363,"comment_status":"open","ping_status":"closed","template":"","meta":{"spay_email":""},"product_cat":[15,54],"product_tag":[70,71,69],"_links":{"self":[{"href":"https:\/\/www.acto-tunisie.com\/fr\/wp-json\/wp\/v2\/product\/1366"}],"collection":[{"href":"https:\/\/www.acto-tunisie.com\/fr\/wp-json\/wp\/v2\/product"}],"about":[{"href":"https:\/\/www.acto-tunisie.com\/fr\/wp-json\/wp\/v2\/types\/product"}],"replies":[{"embeddable":true,"href":"https:\/\/www.acto-tunisie.com\/fr\/wp-json\/wp\/v2\/comments?post=1366"}],"wp:featuredmedia":[{"embeddable":true,"href":"https:\/\/www.acto-tunisie.com\/fr\/wp-json\/wp\/v2\/media\/1363"}],"wp:attachment":[{"href":"https:\/\/www.acto-tunisie.com\/fr\/wp-json\/wp\/v2\/media?parent=1366"}],"wp:term":[{"taxonomy":"product_cat","embeddable":true,"href":"https:\/\/www.acto-tunisie.com\/fr\/wp-json\/wp\/v2\/product_cat?post=1366"},{"taxonomy":"product_tag","embeddable":true,"href":"https:\/\/www.acto-tunisie.com\/fr\/wp-json\/wp\/v2\/product_tag?post=1366"}],"curies":[{"name":"wp","href":"https:\/\/api.w.org\/{rel}","templated":true}]}}