{"id":1299,"date":"2021-06-18T19:40:21","date_gmt":"2021-06-18T19:40:21","guid":{"rendered":"http:\/\/www.acto-tunisie.com\/?post_type=product&#038;p=1299"},"modified":"2025-09-24T21:29:05","modified_gmt":"2025-09-24T21:29:05","slug":"acto-95-5-layers-ffp2-respiratory-mask","status":"publish","type":"product","link":"https:\/\/www.acto-tunisie.com\/fr\/produit\/acto-95-5-layers-ffp2-respiratory-mask\/","title":{"rendered":"ACTO 95 | 5 Layers FFP2 Respiratory Mask"},"content":{"rendered":"<div class=\"elementor-element elementor-element-6979955f elementor-widget elementor-widget-text-editor\" data-id=\"6979955f\" data-element_type=\"widget\" data-widget_type=\"text-editor.default\">\n<div class=\"elementor-widget-container\">\n<div class=\"elementor-text-editor elementor-clearfix translation-block\"><strong>ACTO<sup>\u00ae<\/sup>&nbsp;95 FFP2 MASK<\/strong> Effective Protection Against Micro-droplets, Micro-particles, &amp; Aerosols<\/div>\n<\/div>\n<\/div>\n<div class=\"elementor-element elementor-element-2978744c elementor-position-left elementor-vertical-align-middle elementor-view-default elementor-widget elementor-widget-icon-box\" data-id=\"2978744c\" data-element_type=\"widget\" data-widget_type=\"icon-box.default\">\n<div class=\"elementor-widget-container\">\n<div class=\"elementor-icon-box-wrapper\">\n<div class=\"elementor-icon-box-content\">\n<hr \/>\n<p class=\"elementor-icon-box-title\"><strong>Mode d'emploi :<\/strong><\/p>\n<\/div>\n<\/div>\n<\/div>\n<\/div>\n<div class=\"elementor-element elementor-element-58d50a54 elementor-widget elementor-widget-text-editor\" data-id=\"58d50a54\" data-element_type=\"widget\" data-widget_type=\"text-editor.default\">\n<div class=\"elementor-widget-container\">\n<div class=\"elementor-text-editor elementor-clearfix\">\n<p>\u2022 Avant de toucher le masque, d\u00e9sinfectez vos mains avec un d\u00e9sinfectant pour les mains ou lavez-vous les mains \u00e0 l'eau et au savon.<br \/>\n\u2022 Avant de l'utiliser, assurez-vous que le masque de protection respiratoire filtrant les particules, y compris tous ses composants, ne pr\u00e9sente pas de trous, de taches, de fissures ou de dommages.<\/p>\n<p><img loading=\"lazy\" class=\"alignnone size-full wp-image-1606\" title=\"Acto 95 FFP2 Maske TR ikonlar 3\" src=\"http:\/\/www.acto-tunisie.com\/wp-content\/uploads\/2021\/06\/Acto-95-FFP2-Maske-TR-ikonlar-3.jpg\" alt=\"Acto 95 FFP2 Maske TR ikonlar 3\" width=\"1159\" height=\"220\" srcset=\"https:\/\/www.acto-tunisie.com\/wp-content\/uploads\/2021\/06\/Acto-95-FFP2-Maske-TR-ikonlar-3.jpg 1159w, https:\/\/www.acto-tunisie.com\/wp-content\/uploads\/2021\/06\/Acto-95-FFP2-Maske-TR-ikonlar-3-300x57.jpg 300w, https:\/\/www.acto-tunisie.com\/wp-content\/uploads\/2021\/06\/Acto-95-FFP2-Maske-TR-ikonlar-3-1024x194.jpg 1024w, https:\/\/www.acto-tunisie.com\/wp-content\/uploads\/2021\/06\/Acto-95-FFP2-Maske-TR-ikonlar-3-768x146.jpg 768w, https:\/\/www.acto-tunisie.com\/wp-content\/uploads\/2021\/06\/Acto-95-FFP2-Maske-TR-ikonlar-3-16x3.jpg 16w, https:\/\/www.acto-tunisie.com\/wp-content\/uploads\/2021\/06\/Acto-95-FFP2-Maske-TR-ikonlar-3-600x114.jpg 600w\" sizes=\"(max-width: 1159px) 100vw, 1159px\" \/><\/p>\n<p>1. Ouvrez le masque et tirez-le sur le menton, puis sur le nez.<br \/>\n2. Placez les boucles derri\u00e8re les oreilles et ne touchez pas le masque. Assurez-vous que le masque recouvre votre nez, votre bouche et votre menton et que l'\u00e9tanch\u00e9it\u00e9 est optimale tout autour.<br \/>\n3. Appuyez sur le clip nasal avec vos index et ajustez-le au nez.<\/p>\n<p>- Ne r\u00e9utilisez pas votre masque s'il a \u00e9t\u00e9 contamin\u00e9 par des fluides corporels apr\u00e8s une exposition \u00e0 un a\u00e9rosol ou si vous ne pouvez pas respirer librement.<br \/>\n\u2022 Jetez le masque dans les d\u00e9chets m\u00e9dicaux.<br \/>\n- N'oubliez pas que l'ext\u00e9rieur du masque est sale, ne le touchez pas avec votre main.<br \/>\n\u2022 Se laver les mains apr\u00e8s avoir retir\u00e9 le masque.<\/p>\n<p>Ce respirateur ne contient aucun composant fabriqu\u00e9 \u00e0 partir de latex de caoutchouc naturel. Il peut contribuer \u00e0 r\u00e9duire l'exposition par inhalation \u00e0 certaines particules biologiques pr\u00e9sentes dans l'air (p. ex. virus, moisissures, bact\u00e9ries et particules allerg\u00e8nes).<\/p>\n<hr \/>\n<p><strong>Avertissements:<\/strong><br \/>\nDanger ! Pour des raisons de s\u00e9curit\u00e9, ce mode d'emploi doit \u00eatre lu attentivement et compris. Le non-respect des instructions ainsi qu'une utilisation incorrecte de ce masque de protection, par exemple un port trop prolong\u00e9, peuvent nuire \u00e0 l'efficacit\u00e9 de ce masque de protection et entra\u00eener des maladies, voire la mort. Veuillez conserver ces instructions \u00e0 titre de r\u00e9f\u00e9rence. Le masque de protection respiratoire ACTO\u00ae 95 a \u00e9t\u00e9 fabriqu\u00e9 par ACTO\u00ae GmbH, conform\u00e9ment au r\u00e8glement 2016\/425 sur les EPI de l'UE.<\/p>\n<p><strong>Notes pour l'utilisateur:<\/strong><br \/>\nCe respirateur r\u00e9pond aux exigences de la norme EN 149 : 2001 + A1 : 2009, respirateur filtrant pour une utilisation contre les particules. Il doit \u00eatre utilis\u00e9 pour prot\u00e9ger l'utilisateur contre les solides et les particules et a\u00e9rosols en suspension dans l'air. Une s\u00e9lection, une formation, une utilisation et un entretien appropri\u00e9s sont essentiels pour garantir que le produit contribue \u00e0 prot\u00e9ger l'utilisateur contre certains polluants et a\u00e9rosols en suspension dans l'air. Avant toute utilisation, l'utilisateur doit \u00eatre form\u00e9\/instruit \u00e0 l'utilisation du masque complet conform\u00e9ment aux directives de sant\u00e9 et de s\u00e9curit\u00e9.<\/p>\n<p class=\" translation-block\">Conservez le respirateur neuf et non utilis\u00e9 dans son emballage d'origine. Conservez le masque \u00e0 l'abri des zones contamin\u00e9es, de la poussi\u00e8re, des rayons directs du soleil, des temp\u00e9ratures extr\u00eames, d'une humidit\u00e9 excessive et des produits chimiques dangereux. La temp\u00e9rature de stockage doit \u00eatre comprise entre -25 \u00b0 C et +40 \u00b0 C. L'humidit\u00e9 relative maximale de stockage doit \u00eatre inf\u00e9rieure \u00e0 80 %. N'utilisez les respirateurs qu'avant la date de p\u00e9remption indiqu\u00e9e. La date de p\u00e9remption est indiqu\u00e9e sur l'emballage<\/p>\n<\/div>\n<\/div>\n<\/div>\n<div class=\"elementor-element elementor-element-79fcc1e elementor-position-left elementor-vertical-align-middle elementor-view-default elementor-widget elementor-widget-icon-box\" data-id=\"79fcc1e\" data-element_type=\"widget\" data-widget_type=\"icon-box.default\">\n<div class=\"elementor-widget-container\">\n<div class=\"elementor-icon-box-wrapper\">\n<div class=\"elementor-icon-box-icon\">\n<hr \/>\n<\/div>\n<div class=\"elementor-icon-box-content\">\n<p class=\"elementor-icon-box-title\"><strong>Comment porter le masque<\/strong><\/p>\n<\/div>\n<\/div>\n<\/div>\n<\/div>\n<section class=\"elementor-section elementor-inner-section elementor-element elementor-element-c4ac2ba elementor-section-boxed elementor-section-height-default elementor-section-height-default\" data-id=\"c4ac2ba\" data-element_type=\"section\">\n<div class=\"elementor-container elementor-column-gap-default\">\n<div class=\"elementor-row\">\n<div class=\"elementor-column elementor-col-20 elementor-inner-column elementor-element elementor-element-2d5e0c9\" data-id=\"2d5e0c9\" data-element_type=\"column\">\n<div class=\"elementor-column-wrap elementor-element-populated\">\n<div class=\"elementor-widget-wrap\">\n<div class=\"elementor-element elementor-element-3ae04c8a elementor-widget elementor-widget-image\" data-id=\"3ae04c8a\" data-element_type=\"widget\" data-widget_type=\"image.default\">\n<div class=\"elementor-widget-container\">\n<div class=\"elementor-image\"><img loading=\"lazy\" class=\"alignnone size-full wp-image-1605\" title=\"Acto Surgical Mask info 2\" src=\"http:\/\/www.acto-tunisie.com\/wp-content\/uploads\/2021\/06\/Acto-Surgical-Mask-info-2.jpg\" alt=\"Acto Surgical Mask info 2\" width=\"376\" height=\"318\" srcset=\"https:\/\/www.acto-tunisie.com\/wp-content\/uploads\/2021\/06\/Acto-Surgical-Mask-info-2.jpg 376w, https:\/\/www.acto-tunisie.com\/wp-content\/uploads\/2021\/06\/Acto-Surgical-Mask-info-2-300x254.jpg 300w, https:\/\/www.acto-tunisie.com\/wp-content\/uploads\/2021\/06\/Acto-Surgical-Mask-info-2-14x12.jpg 14w\" sizes=\"(max-width: 376px) 100vw, 376px\" \/><\/div>\n<\/div>\n<\/div>\n<div class=\"elementor-element elementor-element-40d5df57 elementor-widget elementor-widget-text-editor\" data-id=\"40d5df57\" data-element_type=\"widget\" data-widget_type=\"text-editor.default\">\n<div class=\"elementor-widget-container\">\n<div class=\"elementor-text-editor elementor-clearfix\">\n<p>Avant de mettre un masque, nettoyez vos mains avec une cr\u00e8me pour les mains \u00e0 base d'alcool ou du savon et de l'eau.<\/p>\n<\/div>\n<\/div>\n<\/div>\n<\/div>\n<\/div>\n<\/div>\n<div class=\"elementor-column elementor-col-20 elementor-inner-column elementor-element elementor-element-fe3c462\" data-id=\"fe3c462\" data-element_type=\"column\">\n<div class=\"elementor-column-wrap elementor-element-populated\">\n<div class=\"elementor-widget-wrap\">\n<div class=\"elementor-element elementor-element-3483ab20 elementor-widget elementor-widget-image\" data-id=\"3483ab20\" data-element_type=\"widget\" data-widget_type=\"image.default\">\n<div class=\"elementor-widget-container\">\n<div class=\"elementor-image\"><img loading=\"lazy\" class=\"alignnone size-full wp-image-1603\" title=\"Acto Surgical Mask info 3\" src=\"http:\/\/www.acto-tunisie.com\/wp-content\/uploads\/2021\/06\/Acto-Surgical-Mask-info-3.jpg\" alt=\"Acto Surgical Mask info 3\" width=\"379\" height=\"303\" srcset=\"https:\/\/www.acto-tunisie.com\/wp-content\/uploads\/2021\/06\/Acto-Surgical-Mask-info-3.jpg 379w, https:\/\/www.acto-tunisie.com\/wp-content\/uploads\/2021\/06\/Acto-Surgical-Mask-info-3-300x240.jpg 300w, https:\/\/www.acto-tunisie.com\/wp-content\/uploads\/2021\/06\/Acto-Surgical-Mask-info-3-16x12.jpg 16w\" sizes=\"(max-width: 379px) 100vw, 379px\" \/><\/div>\n<\/div>\n<\/div>\n<div class=\"elementor-element elementor-element-5a0391a1 elementor-widget elementor-widget-text-editor\" data-id=\"5a0391a1\" data-element_type=\"widget\" data-widget_type=\"text-editor.default\">\n<div class=\"elementor-widget-container\">\n<div class=\"elementor-text-editor elementor-clearfix\">\n<p>Couvrez la bouche et le nez avec le masque et assurez-vous qu'il n'y a pas d'espace entre votre visage et le masque.<\/p>\n<\/div>\n<\/div>\n<\/div>\n<\/div>\n<\/div>\n<\/div>\n<div class=\"elementor-column elementor-col-20 elementor-inner-column elementor-element elementor-element-28f18f5\" data-id=\"28f18f5\" data-element_type=\"column\">\n<div class=\"elementor-column-wrap elementor-element-populated\">\n<div class=\"elementor-widget-wrap\">\n<div class=\"elementor-element elementor-element-753a5caf elementor-widget elementor-widget-image\" data-id=\"753a5caf\" data-element_type=\"widget\" data-widget_type=\"image.default\">\n<div class=\"elementor-widget-container\">\n<div class=\"elementor-image\"><img loading=\"lazy\" class=\"alignnone size-full wp-image-1604\" title=\"Acto Surgical Mask info 4\" src=\"http:\/\/www.acto-tunisie.com\/wp-content\/uploads\/2021\/06\/Acto-Surgical-Mask-info-4.jpg\" alt=\"Acto Surgical Mask info 4\" width=\"354\" height=\"304\" srcset=\"https:\/\/www.acto-tunisie.com\/wp-content\/uploads\/2021\/06\/Acto-Surgical-Mask-info-4.jpg 354w, https:\/\/www.acto-tunisie.com\/wp-content\/uploads\/2021\/06\/Acto-Surgical-Mask-info-4-300x258.jpg 300w, https:\/\/www.acto-tunisie.com\/wp-content\/uploads\/2021\/06\/Acto-Surgical-Mask-info-4-14x12.jpg 14w\" sizes=\"(max-width: 354px) 100vw, 354px\" \/><\/div>\n<\/div>\n<\/div>\n<div class=\"elementor-element elementor-element-315f7a94 elementor-widget elementor-widget-text-editor\" data-id=\"315f7a94\" data-element_type=\"widget\" data-widget_type=\"text-editor.default\">\n<div class=\"elementor-widget-container\">\n<div class=\"elementor-text-editor elementor-clearfix\">\n<p>\u00c9vitez de toucher le masque lorsque vous l'utilisez ; si vous le faites, nettoyez vos mains avec une cr\u00e8me pour les mains \u00e0 base d'alcool ou du savon et de l'eau.<\/p>\n<\/div>\n<\/div>\n<\/div>\n<\/div>\n<\/div>\n<\/div>\n<div class=\"elementor-column elementor-col-20 elementor-inner-column elementor-element elementor-element-a5d3b7c\" data-id=\"a5d3b7c\" data-element_type=\"column\">\n<div class=\"elementor-column-wrap elementor-element-populated\">\n<div class=\"elementor-widget-wrap\">\n<div class=\"elementor-element elementor-element-4ea78070 elementor-widget elementor-widget-image\" data-id=\"4ea78070\" data-element_type=\"widget\" data-widget_type=\"image.default\">\n<div class=\"elementor-widget-container\">\n<div class=\"elementor-image\"><img loading=\"lazy\" class=\"alignnone size-full wp-image-1602\" title=\"Acto Surgical Mask info 5\" src=\"http:\/\/www.acto-tunisie.com\/wp-content\/uploads\/2021\/06\/Acto-Surgical-Mask-info-5.jpg\" alt=\"Acto Surgical Mask info 5\" width=\"349\" height=\"302\" srcset=\"https:\/\/www.acto-tunisie.com\/wp-content\/uploads\/2021\/06\/Acto-Surgical-Mask-info-5.jpg 349w, https:\/\/www.acto-tunisie.com\/wp-content\/uploads\/2021\/06\/Acto-Surgical-Mask-info-5-300x260.jpg 300w, https:\/\/www.acto-tunisie.com\/wp-content\/uploads\/2021\/06\/Acto-Surgical-Mask-info-5-14x12.jpg 14w\" sizes=\"(max-width: 349px) 100vw, 349px\" \/><\/div>\n<\/div>\n<\/div>\n<div class=\"elementor-element elementor-element-22028e7a elementor-widget elementor-widget-text-editor\" data-id=\"22028e7a\" data-element_type=\"widget\" data-widget_type=\"text-editor.default\">\n<div class=\"elementor-widget-container\">\n<div class=\"elementor-text-editor elementor-clearfix\">\n<p>Remplacez le masque par un nouveau d\u00e8s qu'il est humide et ne r\u00e9utilisez pas les masques \u00e0 usage unique.<\/p>\n<\/div>\n<\/div>\n<\/div>\n<\/div>\n<\/div>\n<\/div>\n<div class=\"elementor-column elementor-col-20 elementor-inner-column elementor-element elementor-element-b43fd22\" data-id=\"b43fd22\" data-element_type=\"column\">\n<div class=\"elementor-column-wrap elementor-element-populated\">\n<div class=\"elementor-widget-wrap\">\n<div class=\"elementor-element elementor-element-7aa4f8c9 elementor-widget elementor-widget-image\" data-id=\"7aa4f8c9\" data-element_type=\"widget\" data-widget_type=\"image.default\">\n<div class=\"elementor-widget-container\">\n<div class=\"elementor-image\"><img loading=\"lazy\" class=\"alignnone size-full wp-image-1601\" title=\"Acto Surgical Mask info 6\" src=\"http:\/\/www.acto-tunisie.com\/wp-content\/uploads\/2021\/06\/Acto-Surgical-Mask-info-6.jpg\" alt=\"Acto Surgical Mask info 6\" width=\"352\" height=\"307\" srcset=\"https:\/\/www.acto-tunisie.com\/wp-content\/uploads\/2021\/06\/Acto-Surgical-Mask-info-6.jpg 352w, https:\/\/www.acto-tunisie.com\/wp-content\/uploads\/2021\/06\/Acto-Surgical-Mask-info-6-300x262.jpg 300w, https:\/\/www.acto-tunisie.com\/wp-content\/uploads\/2021\/06\/Acto-Surgical-Mask-info-6-14x12.jpg 14w\" sizes=\"(max-width: 352px) 100vw, 352px\" \/><\/div>\n<\/div>\n<\/div>\n<div class=\"elementor-element elementor-element-5637f7fb elementor-widget elementor-widget-text-editor\" data-id=\"5637f7fb\" data-element_type=\"widget\" data-widget_type=\"text-editor.default\">\n<div class=\"elementor-widget-container\">\n<div class=\"elementor-text-editor elementor-clearfix\">\n<p>Pour retirer le masque : le retirer par l'arri\u00e8re (ne pas toucher l'avant du masque) ; le jeter imm\u00e9diatement dans une poubelle ferm\u00e9e ; se nettoyer les mains avec une cr\u00e8me pour les mains \u00e0 base d'alcool ou du savon et de l'eau.<\/p>\n<\/div>\n<\/div>\n<\/div>\n<\/div>\n<\/div>\n<\/div>\n<\/div>\n<\/div>\n<\/section>\n<div class=\"elementor-element elementor-element-7ac32590 elementor-position-left elementor-vertical-align-middle elementor-view-default elementor-widget elementor-widget-icon-box\" data-id=\"7ac32590\" data-element_type=\"widget\" data-widget_type=\"icon-box.default\">\n<div class=\"elementor-widget-container\">\n<div class=\"elementor-icon-box-wrapper\">\n<div class=\"elementor-icon-box-content\">\n<hr \/>\n<p class=\"elementor-icon-box-title\"><strong>Emballage<\/strong>\u200b<\/p>\n<\/div>\n<\/div>\n<\/div>\n<\/div>\n<div class=\"elementor-element elementor-element-63ce9f9e elementor-widget elementor-widget-text-editor\" data-id=\"63ce9f9e\" data-element_type=\"widget\" data-widget_type=\"text-editor.default\">\n<div class=\"elementor-widget-container\">\n<div class=\"elementor-text-editor elementor-clearfix\">\n<table class=\"rg-table\" summary=\"Hed\">\n<thead>\n<tr>\n<th class=\"text\">Unit\u00e9<\/th>\n<th class=\"text\">Pi\u00e8ces dans le carton<\/th>\n<th class=\"text\">Article n\u00b0.<\/th>\n<\/tr>\n<\/thead>\n<tbody>\n<tr>\n<td class=\"text\" data-title=\"Unit\">10 Pcs<\/td>\n<td class=\"text\" data-title=\"Pieces in Box\">42<\/td>\n<td class=\"text\" data-title=\"Article-No.\">13.6378.10<\/td>\n<\/tr>\n<\/tbody>\n<\/table>\n<\/div>\n<\/div>\n<\/div>","protected":false},"excerpt":{"rendered":"<p><strong>Masque respiratoire FFP2 \u00e0 5 couches<\/strong><\/p>\n<ul>\n<li>5 couches de non-tiss\u00e9 et de tissu meltblown<\/li>\n<li>Design ergonomique<\/li>\n<li>Recommandation du RKI : FFP2 \/ FFP3 pour la protection contre l'effet corona.<\/li>\n<\/ul>\n<p><img loading=\"lazy\" class=\"alignnone size-full wp-image-1600\" title=\"Acto 95 FFP2 Maske EN ikonlar 1 1\" src=\"http:\/\/www.acto-tunisie.com\/wp-content\/uploads\/2021\/06\/Acto-95-FFP2-Maske-EN-ikonlar-1-1.jpg\" alt=\"Acto 95 FFP2 Maske EN ikonlar 1 1\" width=\"662\" height=\"178\" srcset=\"https:\/\/www.acto-tunisie.com\/wp-content\/uploads\/2021\/06\/Acto-95-FFP2-Maske-EN-ikonlar-1-1.jpg 662w, https:\/\/www.acto-tunisie.com\/wp-content\/uploads\/2021\/06\/Acto-95-FFP2-Maske-EN-ikonlar-1-1-300x81.jpg 300w, https:\/\/www.acto-tunisie.com\/wp-content\/uploads\/2021\/06\/Acto-95-FFP2-Maske-EN-ikonlar-1-1-16x4.jpg 16w, https:\/\/www.acto-tunisie.com\/wp-content\/uploads\/2021\/06\/Acto-95-FFP2-Maske-EN-ikonlar-1-1-600x161.jpg 600w\" sizes=\"(max-width: 662px) 100vw, 662px\" \/><\/p>\n<div class=\"elementor-element elementor-element-6321029 elementor-widget elementor-widget-image\" data-id=\"6321029\" data-element_type=\"widget\" data-widget_type=\"image.default\">\n<div class=\"elementor-widget-container\"><\/div>\n<\/div>","protected":false},"featured_media":1345,"comment_status":"open","ping_status":"closed","template":"","meta":{"spay_email":""},"product_cat":[136],"product_tag":[],"_links":{"self":[{"href":"https:\/\/www.acto-tunisie.com\/fr\/wp-json\/wp\/v2\/product\/1299"}],"collection":[{"href":"https:\/\/www.acto-tunisie.com\/fr\/wp-json\/wp\/v2\/product"}],"about":[{"href":"https:\/\/www.acto-tunisie.com\/fr\/wp-json\/wp\/v2\/types\/product"}],"replies":[{"embeddable":true,"href":"https:\/\/www.acto-tunisie.com\/fr\/wp-json\/wp\/v2\/comments?post=1299"}],"wp:featuredmedia":[{"embeddable":true,"href":"https:\/\/www.acto-tunisie.com\/fr\/wp-json\/wp\/v2\/media\/1345"}],"wp:attachment":[{"href":"https:\/\/www.acto-tunisie.com\/fr\/wp-json\/wp\/v2\/media?parent=1299"}],"wp:term":[{"taxonomy":"product_cat","embeddable":true,"href":"https:\/\/www.acto-tunisie.com\/fr\/wp-json\/wp\/v2\/product_cat?post=1299"},{"taxonomy":"product_tag","embeddable":true,"href":"https:\/\/www.acto-tunisie.com\/fr\/wp-json\/wp\/v2\/product_tag?post=1299"}],"curies":[{"name":"wp","href":"https:\/\/api.w.org\/{rel}","templated":true}]}}