{"id":1298,"date":"2021-06-18T19:48:36","date_gmt":"2021-06-18T19:48:36","guid":{"rendered":"http:\/\/www.acto-tunisie.com\/?post_type=product&#038;p=1298"},"modified":"2025-09-29T13:53:58","modified_gmt":"2025-09-29T13:53:58","slug":"acto-disposable-surgical-mask","status":"publish","type":"product","link":"https:\/\/www.acto-tunisie.com\/fr\/produit\/acto-disposable-surgical-mask\/","title":{"rendered":"Acto Disposable Surgical Mask"},"content":{"rendered":"<div class=\"elementor-element elementor-element-6979955f elementor-widget elementor-widget-text-editor\" data-id=\"6979955f\" data-element_type=\"widget\" data-widget_type=\"text-editor.default\">\n<div class=\"elementor-widget-container\">\n<div class=\"elementor-text-editor elementor-clearfix\">\n<p class=\" translation-block\"><strong>ACTO<sup>\u00ae<\/sup>&nbsp;SURGICAL MASK<\/strong> is made of nonwoven fabric. Latex-free. It is air-permeable.<\/p>\n<\/div>\n<\/div>\n<\/div>\n<div class=\"elementor-element elementor-element-2978744c elementor-position-left elementor-vertical-align-middle elementor-view-default elementor-widget elementor-widget-icon-box\" data-id=\"2978744c\" data-element_type=\"widget\" data-widget_type=\"icon-box.default\">\n<div class=\"elementor-widget-container\">\n<div class=\"elementor-icon-box-wrapper\">\n<div class=\"elementor-icon-box-content\">\n<hr \/>\n<p class=\"elementor-icon-box-title\"><strong>Utilisation pr\u00e9vue:<\/strong><\/p>\n<\/div>\n<\/div>\n<\/div>\n<\/div>\n<div class=\"elementor-element elementor-element-58d50a54 elementor-widget elementor-widget-text-editor\" data-id=\"58d50a54\" data-element_type=\"widget\" data-widget_type=\"text-editor.default\">\n<div class=\"elementor-widget-container\">\n<div class=\"elementor-text-editor elementor-clearfix\">\n<p>Il s'agit d'un masque jetable, protecteur, non st\u00e9rile, filtr\u00e9, \u00e0 trois couches et muni de boucles d'oreille, utilis\u00e9 pour limiter la propagation des infections.<br \/>\ndes agents du personnel aux patients, des patients au personnel ou \u00e0 d'autres personnes pendant les proc\u00e9dures m\u00e9dicales dans les salles d'op\u00e9ration, les h\u00f4pitaux et d'autres zones m\u00e9dicales pr\u00e9sentant des caract\u00e9ristiques similaires. En cas de pand\u00e9mie ou d'\u00e9pid\u00e9mie, elle est utilis\u00e9e contre le<br \/>\nla propagation du risque d'infection.<\/p>\n<p><img loading=\"lazy\" class=\"alignnone size-full wp-image-1608\" title=\"Acto Surgical Mask info 7\" src=\"http:\/\/www.acto-tunisie.com\/wp-content\/uploads\/2021\/06\/Acto-Surgical-Mask-info-7.jpg\" alt=\"Acto Surgical Mask info 7\" width=\"1294\" height=\"328\" srcset=\"https:\/\/www.acto-tunisie.com\/wp-content\/uploads\/2021\/06\/Acto-Surgical-Mask-info-7.jpg 1294w, https:\/\/www.acto-tunisie.com\/wp-content\/uploads\/2021\/06\/Acto-Surgical-Mask-info-7-300x76.jpg 300w, https:\/\/www.acto-tunisie.com\/wp-content\/uploads\/2021\/06\/Acto-Surgical-Mask-info-7-1024x260.jpg 1024w, https:\/\/www.acto-tunisie.com\/wp-content\/uploads\/2021\/06\/Acto-Surgical-Mask-info-7-768x195.jpg 768w, https:\/\/www.acto-tunisie.com\/wp-content\/uploads\/2021\/06\/Acto-Surgical-Mask-info-7-16x4.jpg 16w, https:\/\/www.acto-tunisie.com\/wp-content\/uploads\/2021\/06\/Acto-Surgical-Mask-info-7-600x152.jpg 600w\" sizes=\"(max-width: 1294px) 100vw, 1294px\" \/><\/p>\n<\/div>\n<\/div>\n<\/div>\n<div class=\"elementor-element elementor-element-79fcc1e elementor-position-left elementor-vertical-align-middle elementor-view-default elementor-widget elementor-widget-icon-box\" data-id=\"79fcc1e\" data-element_type=\"widget\" data-widget_type=\"icon-box.default\">\n<div class=\"elementor-widget-container\">\n<div class=\"elementor-icon-box-wrapper\">\n<div class=\"elementor-icon-box-content\">\n<hr \/>\n<p class=\"elementor-icon-box-title\"><strong>Comment porter le masque<\/strong><\/p>\n<\/div>\n<\/div>\n<\/div>\n<\/div>\n<section class=\"elementor-section elementor-inner-section elementor-element elementor-element-c4ac2ba elementor-section-boxed elementor-section-height-default elementor-section-height-default\" data-id=\"c4ac2ba\" data-element_type=\"section\">\n<div class=\"elementor-container elementor-column-gap-default\">\n<div class=\"elementor-row\">\n<div class=\"elementor-column elementor-col-20 elementor-inner-column elementor-element elementor-element-2d5e0c9\" data-id=\"2d5e0c9\" data-element_type=\"column\">\n<div class=\"elementor-column-wrap elementor-element-populated\">\n<div class=\"elementor-widget-wrap\">\n<div class=\"elementor-element elementor-element-3ae04c8a elementor-widget elementor-widget-image\" data-id=\"3ae04c8a\" data-element_type=\"widget\" data-widget_type=\"image.default\">\n<div class=\"elementor-widget-container\">\n<div class=\"elementor-image\"><img loading=\"lazy\" class=\"alignnone size-full wp-image-1605\" title=\"Acto Surgical Mask info 2\" src=\"http:\/\/www.acto-tunisie.com\/wp-content\/uploads\/2021\/06\/Acto-Surgical-Mask-info-2.jpg\" alt=\"Acto Surgical Mask info 2\" width=\"376\" height=\"318\" srcset=\"https:\/\/www.acto-tunisie.com\/wp-content\/uploads\/2021\/06\/Acto-Surgical-Mask-info-2.jpg 376w, https:\/\/www.acto-tunisie.com\/wp-content\/uploads\/2021\/06\/Acto-Surgical-Mask-info-2-300x254.jpg 300w, https:\/\/www.acto-tunisie.com\/wp-content\/uploads\/2021\/06\/Acto-Surgical-Mask-info-2-14x12.jpg 14w\" sizes=\"(max-width: 376px) 100vw, 376px\" \/><\/div>\n<\/div>\n<\/div>\n<div class=\"elementor-element elementor-element-40d5df57 elementor-widget elementor-widget-text-editor\" data-id=\"40d5df57\" data-element_type=\"widget\" data-widget_type=\"text-editor.default\">\n<div class=\"elementor-widget-container\">\n<div class=\"elementor-text-editor elementor-clearfix\">\n<p>Avant de mettre un masque, nettoyez vos mains avec une cr\u00e8me pour les mains \u00e0 base d'alcool ou du savon et de l'eau.<\/p>\n<\/div>\n<\/div>\n<\/div>\n<\/div>\n<\/div>\n<\/div>\n<div class=\"elementor-column elementor-col-20 elementor-inner-column elementor-element elementor-element-fe3c462\" data-id=\"fe3c462\" data-element_type=\"column\">\n<div class=\"elementor-column-wrap elementor-element-populated\">\n<div class=\"elementor-widget-wrap\">\n<div class=\"elementor-element elementor-element-3483ab20 elementor-widget elementor-widget-image\" data-id=\"3483ab20\" data-element_type=\"widget\" data-widget_type=\"image.default\">\n<div class=\"elementor-widget-container\">\n<div class=\"elementor-image\"><img loading=\"lazy\" class=\"alignnone size-full wp-image-1603\" title=\"Acto Surgical Mask info 3\" src=\"http:\/\/www.acto-tunisie.com\/wp-content\/uploads\/2021\/06\/Acto-Surgical-Mask-info-3.jpg\" alt=\"Acto Surgical Mask info 3\" width=\"379\" height=\"303\" srcset=\"https:\/\/www.acto-tunisie.com\/wp-content\/uploads\/2021\/06\/Acto-Surgical-Mask-info-3.jpg 379w, https:\/\/www.acto-tunisie.com\/wp-content\/uploads\/2021\/06\/Acto-Surgical-Mask-info-3-300x240.jpg 300w, https:\/\/www.acto-tunisie.com\/wp-content\/uploads\/2021\/06\/Acto-Surgical-Mask-info-3-16x12.jpg 16w\" sizes=\"(max-width: 379px) 100vw, 379px\" \/><\/div>\n<\/div>\n<\/div>\n<div class=\"elementor-element elementor-element-5a0391a1 elementor-widget elementor-widget-text-editor\" data-id=\"5a0391a1\" data-element_type=\"widget\" data-widget_type=\"text-editor.default\">\n<div class=\"elementor-widget-container\">\n<div class=\"elementor-text-editor elementor-clearfix\">\n<p>Couvrez la bouche et le nez avec le masque et assurez-vous qu'il n'y a pas d'espace entre votre visage et le masque.<\/p>\n<\/div>\n<\/div>\n<\/div>\n<\/div>\n<\/div>\n<\/div>\n<div class=\"elementor-column elementor-col-20 elementor-inner-column elementor-element elementor-element-28f18f5\" data-id=\"28f18f5\" data-element_type=\"column\">\n<div class=\"elementor-column-wrap elementor-element-populated\">\n<div class=\"elementor-widget-wrap\">\n<div class=\"elementor-element elementor-element-753a5caf elementor-widget elementor-widget-image\" data-id=\"753a5caf\" data-element_type=\"widget\" data-widget_type=\"image.default\">\n<div class=\"elementor-widget-container\">\n<div class=\"elementor-image\"><img loading=\"lazy\" class=\"alignnone size-full wp-image-1604\" title=\"Acto Surgical Mask info 4\" src=\"http:\/\/www.acto-tunisie.com\/wp-content\/uploads\/2021\/06\/Acto-Surgical-Mask-info-4.jpg\" alt=\"Acto Surgical Mask info 4\" width=\"354\" height=\"304\" srcset=\"https:\/\/www.acto-tunisie.com\/wp-content\/uploads\/2021\/06\/Acto-Surgical-Mask-info-4.jpg 354w, https:\/\/www.acto-tunisie.com\/wp-content\/uploads\/2021\/06\/Acto-Surgical-Mask-info-4-300x258.jpg 300w, https:\/\/www.acto-tunisie.com\/wp-content\/uploads\/2021\/06\/Acto-Surgical-Mask-info-4-14x12.jpg 14w\" sizes=\"(max-width: 354px) 100vw, 354px\" \/><\/div>\n<\/div>\n<\/div>\n<div class=\"elementor-element elementor-element-315f7a94 elementor-widget elementor-widget-text-editor\" data-id=\"315f7a94\" data-element_type=\"widget\" data-widget_type=\"text-editor.default\">\n<div class=\"elementor-widget-container\">\n<div class=\"elementor-text-editor elementor-clearfix\">\n<p>\u00c9vitez de toucher le masque lorsque vous l'utilisez ; si vous le faites, nettoyez vos mains avec une cr\u00e8me pour les mains \u00e0 base d'alcool ou du savon et de l'eau.<\/p>\n<\/div>\n<\/div>\n<\/div>\n<\/div>\n<\/div>\n<\/div>\n<div class=\"elementor-column elementor-col-20 elementor-inner-column elementor-element elementor-element-a5d3b7c\" data-id=\"a5d3b7c\" data-element_type=\"column\">\n<div class=\"elementor-column-wrap elementor-element-populated\">\n<div class=\"elementor-widget-wrap\">\n<div class=\"elementor-element elementor-element-4ea78070 elementor-widget elementor-widget-image\" data-id=\"4ea78070\" data-element_type=\"widget\" data-widget_type=\"image.default\">\n<div class=\"elementor-widget-container\">\n<div class=\"elementor-image\"><img loading=\"lazy\" class=\"alignnone size-full wp-image-1602\" title=\"Acto Surgical Mask info 5\" src=\"http:\/\/www.acto-tunisie.com\/wp-content\/uploads\/2021\/06\/Acto-Surgical-Mask-info-5.jpg\" alt=\"Acto Surgical Mask info 5\" width=\"349\" height=\"302\" srcset=\"https:\/\/www.acto-tunisie.com\/wp-content\/uploads\/2021\/06\/Acto-Surgical-Mask-info-5.jpg 349w, https:\/\/www.acto-tunisie.com\/wp-content\/uploads\/2021\/06\/Acto-Surgical-Mask-info-5-300x260.jpg 300w, https:\/\/www.acto-tunisie.com\/wp-content\/uploads\/2021\/06\/Acto-Surgical-Mask-info-5-14x12.jpg 14w\" sizes=\"(max-width: 349px) 100vw, 349px\" \/><\/div>\n<\/div>\n<\/div>\n<div class=\"elementor-element elementor-element-22028e7a elementor-widget elementor-widget-text-editor\" data-id=\"22028e7a\" data-element_type=\"widget\" data-widget_type=\"text-editor.default\">\n<div class=\"elementor-widget-container\">\n<div class=\"elementor-text-editor elementor-clearfix\">\n<p>Remplacez le masque par un nouveau d\u00e8s qu'il est humide et ne r\u00e9utilisez pas les masques \u00e0 usage unique.<\/p>\n<\/div>\n<\/div>\n<\/div>\n<\/div>\n<\/div>\n<\/div>\n<div class=\"elementor-column elementor-col-20 elementor-inner-column elementor-element elementor-element-b43fd22\" data-id=\"b43fd22\" data-element_type=\"column\">\n<div class=\"elementor-column-wrap elementor-element-populated\">\n<div class=\"elementor-widget-wrap\">\n<div class=\"elementor-element elementor-element-7aa4f8c9 elementor-widget elementor-widget-image\" data-id=\"7aa4f8c9\" data-element_type=\"widget\" data-widget_type=\"image.default\">\n<div class=\"elementor-widget-container\">\n<div class=\"elementor-image\"><img loading=\"lazy\" class=\"alignnone size-full wp-image-1601\" title=\"Acto Surgical Mask info 6\" src=\"http:\/\/www.acto-tunisie.com\/wp-content\/uploads\/2021\/06\/Acto-Surgical-Mask-info-6.jpg\" alt=\"Acto Surgical Mask info 6\" width=\"352\" height=\"307\" srcset=\"https:\/\/www.acto-tunisie.com\/wp-content\/uploads\/2021\/06\/Acto-Surgical-Mask-info-6.jpg 352w, https:\/\/www.acto-tunisie.com\/wp-content\/uploads\/2021\/06\/Acto-Surgical-Mask-info-6-300x262.jpg 300w, https:\/\/www.acto-tunisie.com\/wp-content\/uploads\/2021\/06\/Acto-Surgical-Mask-info-6-14x12.jpg 14w\" sizes=\"(max-width: 352px) 100vw, 352px\" \/><\/div>\n<\/div>\n<\/div>\n<div class=\"elementor-element elementor-element-5637f7fb elementor-widget elementor-widget-text-editor\" data-id=\"5637f7fb\" data-element_type=\"widget\" data-widget_type=\"text-editor.default\">\n<div class=\"elementor-widget-container\">\n<div class=\"elementor-text-editor elementor-clearfix\">\n<p>Pour retirer le masque : le retirer par l'arri\u00e8re (ne pas toucher l'avant du masque) ; le jeter imm\u00e9diatement dans une poubelle ferm\u00e9e ; se nettoyer les mains avec une cr\u00e8me pour les mains \u00e0 base d'alcool ou du savon et de l'eau.<\/p>\n<\/div>\n<\/div>\n<\/div>\n<\/div>\n<\/div>\n<\/div>\n<\/div>\n<\/div>\n<\/section>\n<div class=\"elementor-element elementor-element-7ac32590 elementor-position-left elementor-vertical-align-middle elementor-view-default elementor-widget elementor-widget-icon-box\" data-id=\"7ac32590\" data-element_type=\"widget\" data-widget_type=\"icon-box.default\">\n<div class=\"elementor-widget-container\">\n<div class=\"elementor-icon-box-wrapper\">\n<div class=\"elementor-icon-box-icon\">\n<hr \/>\n<\/div>\n<div class=\"elementor-icon-box-content\">\n<p class=\"elementor-icon-box-title\"><strong>Emballage<\/strong>\u200b<\/p>\n<\/div>\n<\/div>\n<\/div>\n<\/div>\n<div class=\"elementor-element elementor-element-63ce9f9e elementor-widget elementor-widget-text-editor\" data-id=\"63ce9f9e\" data-element_type=\"widget\" data-widget_type=\"text-editor.default\">\n<div class=\"elementor-widget-container\">\n<div class=\"elementor-text-editor elementor-clearfix\">\n<table class=\"rg-table\" summary=\"Hed\">\n<thead>\n<tr>\n<th class=\"text\">Unit\u00e9<\/th>\n<th class=\"text\">Pi\u00e8ces dans le carton<\/th>\n<th class=\"text\">Article n\u00b0.<\/th>\n<\/tr>\n<\/thead>\n<tbody>\n<tr>\n<td class=\"text\" data-title=\"Unit\">50 pcs<\/td>\n<td class=\"text\" data-title=\"Pieces in Box\">30<\/td>\n<td class=\"text\" data-title=\"Article-No.\">13.6100.50<\/td>\n<\/tr>\n<\/tbody>\n<\/table>\n<\/div>\n<\/div>\n<\/div>","protected":false},"excerpt":{"rendered":"<p><strong>Masque jetable \u00e0 3 couches<\/strong><\/p>\n<ul>\n<li>3 plis (non-tiss\u00e9 fil\u00e9-li\u00e9 \/ non-tiss\u00e9 fondu-souffl\u00e9 \/ non-tiss\u00e9 fil\u00e9-li\u00e9)<\/li>\n<li>Piqu\u00e9 par ultrasons<\/li>\n<li>Boucle d'oreille<\/li>\n<li>Avec pince-nez<\/li>\n<\/ul>\n<p><img loading=\"lazy\" class=\"alignnone size-full wp-image-1607\" title=\"Acto Surgical Mask ikon 1 1\" src=\"http:\/\/www.acto-tunisie.com\/wp-content\/uploads\/2021\/06\/Acto-Surgical-Mask-ikon-1-1.png\" alt=\"Acto Surgical Mask ikon 1 1\" width=\"494\" height=\"231\" srcset=\"https:\/\/www.acto-tunisie.com\/wp-content\/uploads\/2021\/06\/Acto-Surgical-Mask-ikon-1-1.png 494w, https:\/\/www.acto-tunisie.com\/wp-content\/uploads\/2021\/06\/Acto-Surgical-Mask-ikon-1-1-300x140.png 300w, https:\/\/www.acto-tunisie.com\/wp-content\/uploads\/2021\/06\/Acto-Surgical-Mask-ikon-1-1-16x7.png 16w\" sizes=\"(max-width: 494px) 100vw, 494px\" \/><\/p>","protected":false},"featured_media":1355,"comment_status":"open","ping_status":"closed","template":"","meta":{"spay_email":""},"product_cat":[136],"product_tag":[],"_links":{"self":[{"href":"https:\/\/www.acto-tunisie.com\/fr\/wp-json\/wp\/v2\/product\/1298"}],"collection":[{"href":"https:\/\/www.acto-tunisie.com\/fr\/wp-json\/wp\/v2\/product"}],"about":[{"href":"https:\/\/www.acto-tunisie.com\/fr\/wp-json\/wp\/v2\/types\/product"}],"replies":[{"embeddable":true,"href":"https:\/\/www.acto-tunisie.com\/fr\/wp-json\/wp\/v2\/comments?post=1298"}],"wp:featuredmedia":[{"embeddable":true,"href":"https:\/\/www.acto-tunisie.com\/fr\/wp-json\/wp\/v2\/media\/1355"}],"wp:attachment":[{"href":"https:\/\/www.acto-tunisie.com\/fr\/wp-json\/wp\/v2\/media?parent=1298"}],"wp:term":[{"taxonomy":"product_cat","embeddable":true,"href":"https:\/\/www.acto-tunisie.com\/fr\/wp-json\/wp\/v2\/product_cat?post=1298"},{"taxonomy":"product_tag","embeddable":true,"href":"https:\/\/www.acto-tunisie.com\/fr\/wp-json\/wp\/v2\/product_tag?post=1298"}],"curies":[{"name":"wp","href":"https:\/\/api.w.org\/{rel}","templated":true}]}}