{"id":1236,"date":"2021-06-18T19:21:37","date_gmt":"2021-06-18T19:21:37","guid":{"rendered":"http:\/\/www.acto-tunisie.com\/?post_type=product&#038;p=1236"},"modified":"2021-07-13T08:35:42","modified_gmt":"2021-07-13T08:35:42","slug":"acto-lubricant-gel","status":"publish","type":"product","link":"https:\/\/www.acto-tunisie.com\/fr\/produit\/acto-lubricant-gel\/","title":{"rendered":"Acto Lubricant Gel"},"content":{"rendered":"<div class=\"elementor-element elementor-element-6979955f elementor-widget elementor-widget-text-editor\" data-id=\"6979955f\" data-element_type=\"widget\" data-widget_type=\"text-editor.default\">\n<div class=\"elementor-widget-container\">\n<div class=\"elementor-text-editor elementor-clearfix\">\n<p class=\" translation-block\"><strong>ACTO<sup>\u00ae<\/sup>&nbsp; Lubricant Gel<\/strong>&nbsp;is a hydrogel that helps relieve symptoms of genital dryness. It helps reduce vaginal dryness. This gel is used in endoscopy, colonoscopy, gynecological examinations, rectal endoscopic, catheter operations. It is suitable for use with condoms and other latex products.<\/p>\n<p>Il peut \u00e9galement \u00eatre utilis\u00e9 lors de rapports sexuels sans pr\u00e9servatif. Il est \u00e0 base d'eau et peut \u00eatre facilement rinc\u00e9 \u00e0 l'eau. Il ne tache pas. Il est formul\u00e9 pour \u00eatre adapt\u00e9 \u00e0 la peau.<\/p>\n<hr \/>\n<p><strong>Composition chimique<\/strong><\/p>\n<p>Mono Propyl\u00e8ne glycol*, Glyc\u00e9rine*, Aloe Vera, substances auxiliaires. (*Pharma Grade)<\/p>\n<p><strong>Contre-indications:<\/strong><\/p>\n<p>Il n'a pas de contre-indications connues.<\/p>\n<hr \/>\n<p><strong>M\u00e9thode d'utilisation.<\/strong><\/p>\n<p>Appliquez la gel\u00e9e lubrifiante sur les gants ou l'instrument en quantit\u00e9 suffisante pour qu'elle forme un film sur la zone qui entre en contact avec le patient.<\/p>\n<p>Une quantit\u00e9 requise du gel lubrifiant est appliqu\u00e9e sur le pr\u00e9servatif ou la zone g\u00e9nitale en cas de s\u00e9cheresse vaginale. Il peut \u00eatre appliqu\u00e9 selon les besoins.<\/p>\n<hr \/>\n<p><strong>Emballage<\/strong><\/p>\n<table width=\"1120\">\n<thead>\n<tr>\n<td><strong>Unit\u00e9<\/strong><\/td>\n<td><strong>Pi\u00e8ces dans le carton<\/strong><\/td>\n<td><strong>Article n\u00b0.<\/strong><\/td>\n<\/tr>\n<\/thead>\n<tbody>\n<tr>\n<td>42 ml<\/td>\n<td>240<\/td>\n<td>06.3526.42<\/td>\n<\/tr>\n<\/tbody>\n<\/table>\n<p>&nbsp;<\/p>\n<\/div>\n<\/div>\n<\/div>","protected":false},"excerpt":{"rendered":"<p><strong>Gel lubrifiant<\/strong><\/p>\n<ul>\n<li>Hydrogel<\/li>\n<li>A base d'eau et peut \u00eatre facilement rinc\u00e9<\/li>\n<li>Sans odeur<\/li>\n<li>Contient de l'Aloe Vera<\/li>\n<li>Test\u00e9 dermatologiquement et approuv\u00e9 par le laboratoire allemand DERMATEST<\/li>\n<\/ul>","protected":false},"featured_media":1339,"comment_status":"open","ping_status":"closed","template":"","meta":{"spay_email":""},"product_cat":[125],"product_tag":[],"_links":{"self":[{"href":"https:\/\/www.acto-tunisie.com\/fr\/wp-json\/wp\/v2\/product\/1236"}],"collection":[{"href":"https:\/\/www.acto-tunisie.com\/fr\/wp-json\/wp\/v2\/product"}],"about":[{"href":"https:\/\/www.acto-tunisie.com\/fr\/wp-json\/wp\/v2\/types\/product"}],"replies":[{"embeddable":true,"href":"https:\/\/www.acto-tunisie.com\/fr\/wp-json\/wp\/v2\/comments?post=1236"}],"wp:featuredmedia":[{"embeddable":true,"href":"https:\/\/www.acto-tunisie.com\/fr\/wp-json\/wp\/v2\/media\/1339"}],"wp:attachment":[{"href":"https:\/\/www.acto-tunisie.com\/fr\/wp-json\/wp\/v2\/media?parent=1236"}],"wp:term":[{"taxonomy":"product_cat","embeddable":true,"href":"https:\/\/www.acto-tunisie.com\/fr\/wp-json\/wp\/v2\/product_cat?post=1236"},{"taxonomy":"product_tag","embeddable":true,"href":"https:\/\/www.acto-tunisie.com\/fr\/wp-json\/wp\/v2\/product_tag?post=1236"}],"curies":[{"name":"wp","href":"https:\/\/api.w.org\/{rel}","templated":true}]}}