{"id":1233,"date":"2021-06-18T19:30:00","date_gmt":"2021-06-18T19:30:00","guid":{"rendered":"http:\/\/www.acto-tunisie.com\/?post_type=product&#038;p=1233"},"modified":"2021-07-13T08:37:29","modified_gmt":"2021-07-13T08:37:29","slug":"acto-sun-fresh","status":"publish","type":"product","link":"https:\/\/www.acto-tunisie.com\/fr\/produit\/acto-sun-fresh\/","title":{"rendered":"Acto Sun Fresh"},"content":{"rendered":"<p class=\" translation-block\"><strong>ACTO<sup>\u00ae<\/sup>&nbsp;Sun Fresh,&nbsp;<\/strong>reduces skin indications such as tension after solarium and sunbath, and provides skin relaxation. It helps to balance the skin pH. It refreshes your skin with its special formulation. It is suitable for all ages.<\/p>\n<hr \/>\n<p><strong>Composition chimique<\/strong><\/p>\n<p>Aqua, Panthenol, Polysorbate 20, Poloxamer 188, Polyaminopropyl Biguanide, Lavandula Angustifolia Oil, Menthol, Allantoin, Aloe Barbadensis Leaf Extract.<\/p>\n<hr \/>\n<p><strong>M\u00e9thode d'utilisation.<\/strong><\/p>\n<p>Lors de la premi\u00e8re utilisation, appuyer plusieurs fois sur la pompe de pulv\u00e9risation jusqu'\u00e0 obtenir une pulv\u00e9risation r\u00e9guli\u00e8re. Apr\u00e8s le bronzage ou le solarium, vaporisez 10 \u00e0 15 fois directement sur la zone \u00e0 couvrir. Placez et conservez le flacon verticalement dans sa bo\u00eete d'emballage. Ne pas rincer ni s\u00e9cher.<\/p>\n<p>Il est utilis\u00e9 pour \u00e9liminer les tensions cutan\u00e9es apr\u00e8s les bains de solarium et de soleil, et il apporte un confort \u00e0 la peau. Il aide \u00e0 stabiliser le pH de la peau. Il rafra\u00eechit votre peau gr\u00e2ce \u00e0 sa formulation sp\u00e9ciale. Convient \u00e0 tous les \u00e2ges. Sans paraben. Sans alcool. Ne contient pas de colorants. Rafra\u00eechissant et hydratant.<\/p>\n<hr \/>\n<p><strong>Emballage<\/strong><\/p>\n<table width=\"1120\">\n<thead>\n<tr>\n<td><strong>Unit\u00e9<\/strong><\/td>\n<td><strong>Pi\u00e8ces dans le carton<\/strong><\/td>\n<td><strong>Article n\u00b0.<\/strong><\/td>\n<\/tr>\n<\/thead>\n<tbody>\n<tr>\n<td>100 ml<\/td>\n<td>50<\/td>\n<td>08.2343.100<\/td>\n<\/tr>\n<\/tbody>\n<\/table>","protected":false},"excerpt":{"rendered":"<p><strong>Spray rafra\u00eechissant apr\u00e8s soleil<\/strong><\/p>\n<ul>\n<li>Solution rafra\u00eechissante pour les rougeurs, les d\u00e9mangeaisons et les tensions cutan\u00e9es<\/li>\n<li>Caract\u00e9ristiques rafra\u00eechissantes et humidifiantes.<\/li>\n<li>Sans alcool<\/li>\n<li>Caract\u00e9ristiques rafra\u00eechissantes et hydratantes. Solution rafra\u00eechissante pour les rougeurs, les d\u00e9mangeaisons et les tensions cutan\u00e9es Sans parab\u00e8ne.<\/li>\n<li>Ne contient pas de colorants. Rafra\u00eechissant et hydratant.<\/li>\n<\/ul>\n<p>&nbsp;<\/p>","protected":false},"featured_media":1342,"comment_status":"open","ping_status":"closed","template":"","meta":{"spay_email":""},"product_cat":[125],"product_tag":[],"_links":{"self":[{"href":"https:\/\/www.acto-tunisie.com\/fr\/wp-json\/wp\/v2\/product\/1233"}],"collection":[{"href":"https:\/\/www.acto-tunisie.com\/fr\/wp-json\/wp\/v2\/product"}],"about":[{"href":"https:\/\/www.acto-tunisie.com\/fr\/wp-json\/wp\/v2\/types\/product"}],"replies":[{"embeddable":true,"href":"https:\/\/www.acto-tunisie.com\/fr\/wp-json\/wp\/v2\/comments?post=1233"}],"wp:featuredmedia":[{"embeddable":true,"href":"https:\/\/www.acto-tunisie.com\/fr\/wp-json\/wp\/v2\/media\/1342"}],"wp:attachment":[{"href":"https:\/\/www.acto-tunisie.com\/fr\/wp-json\/wp\/v2\/media?parent=1233"}],"wp:term":[{"taxonomy":"product_cat","embeddable":true,"href":"https:\/\/www.acto-tunisie.com\/fr\/wp-json\/wp\/v2\/product_cat?post=1233"},{"taxonomy":"product_tag","embeddable":true,"href":"https:\/\/www.acto-tunisie.com\/fr\/wp-json\/wp\/v2\/product_tag?post=1233"}],"curies":[{"name":"wp","href":"https:\/\/api.w.org\/{rel}","templated":true}]}}