{"id":1232,"date":"2021-06-18T19:09:52","date_gmt":"2021-06-18T19:09:52","guid":{"rendered":"http:\/\/www.acto-tunisie.com\/?post_type=product&#038;p=1232"},"modified":"2021-07-13T08:34:15","modified_gmt":"2021-07-13T08:34:15","slug":"acto-men-hygiene-spray","status":"publish","type":"product","link":"https:\/\/www.acto-tunisie.com\/fr\/produit\/acto-men-hygiene-spray\/","title":{"rendered":"Acto Men Hygiene Spray"},"content":{"rendered":"<p class=\" translation-block\"><strong>Acto<sup>\u00ae<\/sup>&nbsp;Men Hygiene Spray<\/strong>&nbsp;is designed for males who cares his hygiene. It is suitable for personal cleaning of the male genital area. The product eliminates the irritation and odor caused by transpiration and also alleviates the itching feeling caused by unhygienic environment.<\/p>\n<hr \/>\n<p><strong>Composition chimique<\/strong><\/p>\n<p>Aqua, Panthenol, Polaxamer 188, Polyaminopropyl Biguanide, Allantoin, Aloebarbadensis leaf extract<\/p>\n<hr \/>\n<p><strong>M\u00e9thode d'utilisation.<\/strong><\/p>\n<p>Vous pouvez assurer l'hygi\u00e8ne de la zone g\u00e9nitale en vaporisant notre produit 5 fois le matin et le soir. (Vous pouvez augmenter la fr\u00e9quence d'utilisation en fonction des besoins dans la journ\u00e9e). Appuyez sur la pompe de pulv\u00e9risation jusqu'\u00e0 obtenir une pulv\u00e9risation r\u00e9guli\u00e8re lors de la premi\u00e8re utilisation. Appliquez-le sur la zone g\u00e9nitale externe. Placez le flacon dans sa bo\u00eete d'emballage et conservez-le verticalement. Ne le rincez pas.<\/p>\n<p class=\" translation-block\"><strong>Acto<sup>\u00ae<\/sup>&nbsp;Men Hygiene Spray<\/strong>&nbsp;is used to wash external genital for removal of microorganisms and prevention of infection before and after sexual intercourse.<\/p>\n<p class=\" translation-block\"><strong>Acto<sup>\u00ae<\/sup>&nbsp;Men Hygiene Spray<\/strong>&nbsp;can be used as long as and as frequent as you want for relief of itching and to avoid from unpleasant odor. After application washing and rinsing is not required.<\/p>\n<hr \/>\n<p><strong>Emballage<\/strong><\/p>\n<table width=\"1120\">\n<thead>\n<tr>\n<td><strong>Unit\u00e9<\/strong><\/td>\n<td><strong>Pi\u00e8ces dans le carton<\/strong><\/td>\n<td><strong>Article n\u00b0.<\/strong><\/td>\n<\/tr>\n<\/thead>\n<tbody>\n<tr>\n<td>75 ml<\/td>\n<td>100<\/td>\n<td>08.3295.75<\/td>\n<\/tr>\n<\/tbody>\n<\/table>\n<p>&nbsp;<\/p>\n<p>&nbsp;<\/p>","protected":false},"excerpt":{"rendered":"<p><strong>Spray nettoyant g\u00e9nital externe<\/strong><\/p>\n<ul>\n<li>Ni allergique ni toxique<\/li>\n<li>Sans colorants ni parfums<\/li>\n<li>Sert \u00e0 l'hygi\u00e8ne g\u00e9nitale quotidienne<\/li>\n<li>Emp\u00eache les odeurs d\u00e9sagr\u00e9ables<\/li>\n<li>Aide \u00e0 r\u00e9duire la sensation de d\u00e9mangeaison<\/li>\n<li>Formulation sans paraben, sans savon et sans alcool<\/li>\n<li>Convient \u00e0 tous les types de peau<\/li>\n<li>Pas de n\u00e9cessit\u00e9 de rin\u00e7age apr\u00e8s l'application<\/li>\n<li>Test\u00e9 dermatologiquement et class\u00e9 \"Tr\u00e8s bon\"<\/li>\n<\/ul>\n<p>&nbsp;<\/p>","protected":false},"featured_media":1332,"comment_status":"open","ping_status":"closed","template":"","meta":{"spay_email":""},"product_cat":[125],"product_tag":[],"_links":{"self":[{"href":"https:\/\/www.acto-tunisie.com\/fr\/wp-json\/wp\/v2\/product\/1232"}],"collection":[{"href":"https:\/\/www.acto-tunisie.com\/fr\/wp-json\/wp\/v2\/product"}],"about":[{"href":"https:\/\/www.acto-tunisie.com\/fr\/wp-json\/wp\/v2\/types\/product"}],"replies":[{"embeddable":true,"href":"https:\/\/www.acto-tunisie.com\/fr\/wp-json\/wp\/v2\/comments?post=1232"}],"wp:featuredmedia":[{"embeddable":true,"href":"https:\/\/www.acto-tunisie.com\/fr\/wp-json\/wp\/v2\/media\/1332"}],"wp:attachment":[{"href":"https:\/\/www.acto-tunisie.com\/fr\/wp-json\/wp\/v2\/media?parent=1232"}],"wp:term":[{"taxonomy":"product_cat","embeddable":true,"href":"https:\/\/www.acto-tunisie.com\/fr\/wp-json\/wp\/v2\/product_cat?post=1232"},{"taxonomy":"product_tag","embeddable":true,"href":"https:\/\/www.acto-tunisie.com\/fr\/wp-json\/wp\/v2\/product_tag?post=1232"}],"curies":[{"name":"wp","href":"https:\/\/api.w.org\/{rel}","templated":true}]}}