{"id":1229,"date":"2021-06-18T19:25:06","date_gmt":"2021-06-18T19:25:06","guid":{"rendered":"http:\/\/www.acto-tunisie.com\/?post_type=product&#038;p=1229"},"modified":"2021-07-13T08:36:23","modified_gmt":"2021-07-13T08:36:23","slug":"acto-mouth","status":"publish","type":"product","link":"https:\/\/www.acto-tunisie.com\/fr\/produit\/acto-mouth\/","title":{"rendered":"Acto Mouth"},"content":{"rendered":"<p class=\" translation-block\"><strong>ACTO<sup>\u00ae<\/sup>&nbsp;Mouth<\/strong>, is used for oral care. It supports the oral hygiene by cleaning areas where tooth brush and\/or dental floss cannot reach and helps to refresh the breath.<\/p>\n<hr \/>\n<p><strong>Composition chimique<\/strong><\/p>\n<p class=\" translation-block\">100 g of&nbsp;<strong>ACTO<sup>\u00ae<\/sup>&nbsp;Mouth&nbsp;<\/strong>solution contains: 0,1 % Polyhexanide, and auxilary substances.<\/p>\n<hr \/>\n<p><strong>M\u00e9thode d'utilisation.<\/strong><\/p>\n<p class=\" translation-block\"><strong>ACTO<sup>\u00ae<\/sup>&nbsp;Mouth&nbsp;<\/strong>is ready-to-use and can be applied immediately, anytime and anywhere. With the spraying applicator,&nbsp;<strong>ACTO<sup>\u00ae<\/sup>&nbsp;Mouth&nbsp;<\/strong>no capital letter is able to be applied exactly to the affected areas. To do this, place the applicator in front of or slightly into your mouth and press the spraying button once. Do not swallow and do not rinse! Applicable several times a day. We suggest an application interval at your own discretion.<\/p>\n<hr \/>\n<p><strong>Contre-indications:<\/strong><\/p>\n<p class=\" translation-block\">Since allergies cannot be excluded, do not use&nbsp;<strong>ACTO<sup>\u00ae<\/sup>&nbsp;Mouth&nbsp;<\/strong>if you are allergic to any of the ingredients.<\/p>\n<p class=\" translation-block\"><strong>Side<\/strong>&nbsp;<strong>effects:<\/strong>&nbsp;Rarely, a mild burning may be felt after the application of&nbsp;<strong>ACTO<sup>\u00ae<\/sup>&nbsp;Mouth<\/strong>, but which will disappear instantly.<\/p>\n<hr \/>\n<p><strong>Emballage<\/strong><\/p>\n<table width=\"1120\">\n<thead>\n<tr>\n<td><strong>Unit\u00e9<\/strong><\/td>\n<td><strong>Pi\u00e8ces dans le carton<\/strong><\/td>\n<td><strong>Article n\u00b0.<\/strong><\/td>\n<\/tr>\n<\/thead>\n<tbody>\n<tr>\n<td>50 ml<\/td>\n<td>100<\/td>\n<td>08.4809.50<\/td>\n<\/tr>\n<tr>\n<td>100 ml<\/td>\n<td>500<\/td>\n<td>08.4809.100<\/td>\n<\/tr>\n<\/tbody>\n<\/table>\n<p>&nbsp;<\/p>","protected":false},"excerpt":{"rendered":"<p><strong>Solution pour les soins bucco-dentaires<\/strong><\/p>\n<ul>\n<li>Pour l'hygi\u00e8ne buccale avant, pendant et apr\u00e8s les op\u00e9rations dentaires et buccales.<\/li>\n<li>Parfum frais de menthe, d\u00e9sodorise la bouche et rafra\u00eechit l'haleine instantan\u00e9ment.<\/li>\n<li>Il est non-toxique et non-irritant.<\/li>\n<\/ul>\n<p>&nbsp;<\/p>","protected":false},"featured_media":1338,"comment_status":"open","ping_status":"closed","template":"","meta":{"spay_email":""},"product_cat":[125],"product_tag":[],"_links":{"self":[{"href":"https:\/\/www.acto-tunisie.com\/fr\/wp-json\/wp\/v2\/product\/1229"}],"collection":[{"href":"https:\/\/www.acto-tunisie.com\/fr\/wp-json\/wp\/v2\/product"}],"about":[{"href":"https:\/\/www.acto-tunisie.com\/fr\/wp-json\/wp\/v2\/types\/product"}],"replies":[{"embeddable":true,"href":"https:\/\/www.acto-tunisie.com\/fr\/wp-json\/wp\/v2\/comments?post=1229"}],"wp:featuredmedia":[{"embeddable":true,"href":"https:\/\/www.acto-tunisie.com\/fr\/wp-json\/wp\/v2\/media\/1338"}],"wp:attachment":[{"href":"https:\/\/www.acto-tunisie.com\/fr\/wp-json\/wp\/v2\/media?parent=1229"}],"wp:term":[{"taxonomy":"product_cat","embeddable":true,"href":"https:\/\/www.acto-tunisie.com\/fr\/wp-json\/wp\/v2\/product_cat?post=1229"},{"taxonomy":"product_tag","embeddable":true,"href":"https:\/\/www.acto-tunisie.com\/fr\/wp-json\/wp\/v2\/product_tag?post=1229"}],"curies":[{"name":"wp","href":"https:\/\/api.w.org\/{rel}","templated":true}]}}