{"id":1185,"date":"2021-06-03T05:27:14","date_gmt":"2021-06-03T05:27:14","guid":{"rendered":"http:\/\/www.acto-tunisie.com\/?post_type=product&#038;p=1185"},"modified":"2021-08-03T14:49:28","modified_gmt":"2021-08-03T14:49:28","slug":"actoanid-wipes-80-pcs","status":"publish","type":"product","link":"https:\/\/www.acto-tunisie.com\/fr\/produit\/actoanid-wipes-80-pcs\/","title":{"rendered":"ACTOANID\u00ae Wipes 80 Pcs"},"content":{"rendered":"<p class=\" translation-block\"><strong>Actoanid<sup>\u00ae<\/sup>&nbsp;Wipes&nbsp;<\/strong>is used for cleaning and disinfection of the surfaces of non-alcohol resistant medical devices which are not suitable for contact with liquid. It is polyhexanide and quaternary ammonium combination based. It is a product suitable for cleaning large areas and in the form of wipes containing nonwovens (viscose\/polyester). It does not contain aldehyde and phenol derivatives.<\/p>\n<p>Bact\u00e9ricide, Fongicide (C.albicans, A.brasilensis) en 1 minute, selon EN 16615.<\/p>\n<hr \/>\n<p><strong>Domaine d'application :<\/strong><\/p>\n<p>Il est utilis\u00e9 pour le nettoyage et la d\u00e9sinfection des dispositifs m\u00e9dicaux dont la surface est non invasive, r\u00e9guli\u00e8re et lisse. Il convient pour une d\u00e9sinfection s\u00fbre et efficace des dispositifs m\u00e9dicaux tels que les incubateurs, les sondes \u00e0 ultrasons (\u00e0 l'exception des sondes vaginales), les surfaces externes des appareils d'h\u00e9modialyse, les unit\u00e9s dentaires (\u00e0 l'exception des forets et des tuyaux) qui doivent \u00eatre d\u00e9sinfect\u00e9s fr\u00e9quemment.<\/p>\n<hr \/>\n<p><strong>Composition chimique<\/strong><\/p>\n<p class=\" translation-block\"><strong>Content of 100 g Impregnation Solution<\/strong>; 0.25 g g Poly (Hexamethylene Biguanide) Hydrochloride, 0.25 g Quaternary Ammonium Compounds and excipients<\/p>\n<hr \/>\n<p><strong>Activit\u00e9 microbiologique<\/strong><\/p>\n<table>\n<thead>\n<tr>\n<td><strong>Activit\u00e9 microbiologique<\/strong><\/td>\n<td><strong>M\u00e9thode d'essai<\/strong><\/td>\n<td><strong>Concentration<\/strong><\/td>\n<td><strong>Dur\u00e9e de l'effet<\/strong><\/td>\n<\/tr>\n<\/thead>\n<tbody>\n<tr>\n<td>Bact\u00e9ricide<\/td>\n<td>EN 16615<\/td>\n<td>Pr\u00eat \u00e0 l'emploi<\/td>\n<td>1 minute<\/td>\n<\/tr>\n<tr>\n<td>Fungicidal (Aspergillus brasiliensis, Candida albicans)<\/td>\n<td>EN 16615<\/td>\n<td>Pr\u00eat \u00e0 l'emploi<\/td>\n<td>1 minute<\/td>\n<\/tr>\n<tr>\n<td>Virucide limit\u00e9 (Vaccinia)<\/td>\n<td>EN 14476<\/td>\n<td>Pr\u00eat \u00e0 l'emploi<\/td>\n<td>1 minute<\/td>\n<\/tr>\n<\/tbody>\n<\/table>\n<hr \/>\n<p><strong>M\u00e9thode d'utilisation.<\/strong><\/p>\n<p class=\" translation-block\">Remove the blood and other body fluids on the surface with an absorbent material before the procedure. Wipe the surface of the medical device with&nbsp;<strong>Actoanid<sup>\u00ae<\/sup>&nbsp;Wipes&nbsp;<\/strong>to use 3-4 wipes per square meter. Make sure that the wipes reach the entire surface of the device and there is no dry place left. Wait for the duration of the effect. Drying should not be done after use. The packaging should be tightly closed after each use. Used wipes should not be reused.<\/p>\n<hr \/>\n<p><strong>Emballage<\/strong><\/p>\n<table>\n<thead>\n<tr>\n<td><strong>Unit\u00e9<\/strong><\/td>\n<td><strong>Pi\u00e8ces dans le carton<\/strong><\/td>\n<td><strong>Article n\u00b0.<\/strong><\/td>\n<\/tr>\n<\/thead>\n<tbody>\n<tr>\n<td>100 wipes 15\u00d724 cm<\/td>\n<td>6 (Conteneur PE)<\/td>\n<td>05.1210.100<\/td>\n<\/tr>\n<tr>\n<td>80 wipes 15\u00d720 cm<\/td>\n<td>18 Sac d'emballage<\/td>\n<td>05.1210.80<\/td>\n<\/tr>\n<\/tbody>\n<\/table>\n<hr \/>\n<p><a href=\"http:\/\/www.acto-tunisie.com\/fr\/files\/Sdb_Actoanid-Wipes.pdf\/\"><strong>> T\u00e9l\u00e9charger la fiche de donn\u00e9es de s\u00e9curit\u00e9<\/strong><\/a><\/p>","protected":false},"excerpt":{"rendered":"<p><strong>Lingettes d\u00e9sinfectantes pr\u00eates \u00e0 l'emploi pour les surfaces sensibles \u00e0 l'alcool<\/strong><\/p>\n<ul>\n<li>Une combinaison de principes actifs modernes : PHMB et QAC<\/li>\n<li>Convient pour les surfaces sensibles \u00e0 l'alcool<\/li>\n<li>Sans ald\u00e9hyde ni ph\u00e9nol<\/li>\n<li>Grande compatibilit\u00e9 avec les mat\u00e9riaux, y compris les incubateurs et les verres acryliques.<\/li>\n<li>Efficace en 60 sec. contre les bact\u00e9ries et fongicide<\/li>\n<li>Pr\u00eat \u00e0 l'emploi<\/li>\n<li>Dispositif m\u00e9dical de classe IIa<\/li>\n<\/ul>\n<p><img loading=\"lazy\" class=\"alignnone size-full wp-image-1597\" title=\"Actoanid Spray TR ikon\" src=\"http:\/\/www.acto-tunisie.com\/wp-content\/uploads\/2021\/06\/Actoanid-Spray-TR-ikon.jpg\" alt=\"Actoanid Spray TR ikon\" width=\"394\" height=\"148\" srcset=\"https:\/\/www.acto-tunisie.com\/wp-content\/uploads\/2021\/06\/Actoanid-Spray-TR-ikon.jpg 394w, https:\/\/www.acto-tunisie.com\/wp-content\/uploads\/2021\/06\/Actoanid-Spray-TR-ikon-300x113.jpg 300w, https:\/\/www.acto-tunisie.com\/wp-content\/uploads\/2021\/06\/Actoanid-Spray-TR-ikon-16x6.jpg 16w\" sizes=\"(max-width: 394px) 100vw, 394px\" \/><\/p>","protected":false},"featured_media":1886,"comment_status":"open","ping_status":"closed","template":"","meta":{"spay_email":""},"product_cat":[56],"product_tag":[],"_links":{"self":[{"href":"https:\/\/www.acto-tunisie.com\/fr\/wp-json\/wp\/v2\/product\/1185"}],"collection":[{"href":"https:\/\/www.acto-tunisie.com\/fr\/wp-json\/wp\/v2\/product"}],"about":[{"href":"https:\/\/www.acto-tunisie.com\/fr\/wp-json\/wp\/v2\/types\/product"}],"replies":[{"embeddable":true,"href":"https:\/\/www.acto-tunisie.com\/fr\/wp-json\/wp\/v2\/comments?post=1185"}],"wp:featuredmedia":[{"embeddable":true,"href":"https:\/\/www.acto-tunisie.com\/fr\/wp-json\/wp\/v2\/media\/1886"}],"wp:attachment":[{"href":"https:\/\/www.acto-tunisie.com\/fr\/wp-json\/wp\/v2\/media?parent=1185"}],"wp:term":[{"taxonomy":"product_cat","embeddable":true,"href":"https:\/\/www.acto-tunisie.com\/fr\/wp-json\/wp\/v2\/product_cat?post=1185"},{"taxonomy":"product_tag","embeddable":true,"href":"https:\/\/www.acto-tunisie.com\/fr\/wp-json\/wp\/v2\/product_tag?post=1185"}],"curies":[{"name":"wp","href":"https:\/\/api.w.org\/{rel}","templated":true}]}}