{"id":1183,"date":"2021-06-03T05:17:45","date_gmt":"2021-06-03T05:17:45","guid":{"rendered":"http:\/\/www.acto-tunisie.com\/?post_type=product&#038;p=1183"},"modified":"2021-07-18T23:02:00","modified_gmt":"2021-07-18T23:02:00","slug":"actosept-af-new-1-l","status":"publish","type":"product","link":"https:\/\/www.acto-tunisie.com\/fr\/produit\/actosept-af-new-1-l\/","title":{"rendered":"ACTOSEPT\u00ae AF New 1 L"},"content":{"rendered":"<div class=\"elementor-element elementor-element-33896c66 elementor-position-left elementor-vertical-align-middle elementor-view-default elementor-widget elementor-widget-icon-box\" data-id=\"33896c66\" data-element_type=\"widget\" data-widget_type=\"icon-box.default\">\n<div class=\"elementor-widget-container\">\n<div class=\"elementor-icon-box-wrapper\">\n<div class=\"elementor-icon-box-content\">\n<h3 class=\"elementor-icon-box-title\">Propri\u00e9t\u00e9s<\/h3>\n<\/div>\n<\/div>\n<\/div>\n<\/div>\n<div class=\"elementor-element elementor-element-6979955f elementor-widget elementor-widget-text-editor\" data-id=\"6979955f\" data-element_type=\"widget\" data-widget_type=\"text-editor.default\">\n<div class=\"elementor-widget-container\">\n<div class=\"elementor-text-editor elementor-clearfix\">\n<p class=\" translation-block\"><strong>Actosept<sup>\u00ae<\/sup> AF NEW<\/strong> est un d\u00e9sinfectant de surface pr\u00eat \u00e0 l'emploi, \u00e0 action rapide, contenant de l'alcool. Il contient de l'\u00e9thanol, du 2-propanol et du polyhexanide. Le produit est utilis\u00e9 en toute s\u00e9curit\u00e9 pour la d\u00e9sinfection rapide des petites surfaces gr\u00e2ce \u00e0 son large spectre d'action et \u00e0 sa facilit\u00e9 d'utilisation.<\/p>\n<p>Il est utilis\u00e9 pour la d\u00e9sinfection rapide de tous types de surfaces, \u00e0 l'exception du verre acrylique et des surfaces sensibles \u00e0 l'alcool. Il convient aux bureaux, tables et chaises des infirmi\u00e8res, aux chariots \u00e0 pansements, aux zones de contact fr\u00e9quent avec les mains et la peau, aux unit\u00e9s de soins aux patients. Il a une odeur agr\u00e9able et fra\u00eeche.<\/p>\n<\/div>\n<\/div>\n<\/div>\n<div class=\"elementor-element elementor-element-2978744c elementor-position-left elementor-vertical-align-middle elementor-view-default elementor-widget elementor-widget-icon-box\" data-id=\"2978744c\" data-element_type=\"widget\" data-widget_type=\"icon-box.default\">\n<div class=\"elementor-widget-container\">\n<div class=\"elementor-icon-box-wrapper\">\n<div class=\"elementor-icon-box-icon\"><\/div>\n<div class=\"elementor-icon-box-content\">\n<h3 class=\"elementor-icon-box-title\">Composition chimique<\/h3>\n<\/div>\n<\/div>\n<\/div>\n<\/div>\n<div class=\"elementor-element elementor-element-58d50a54 elementor-widget elementor-widget-text-editor\" data-id=\"58d50a54\" data-element_type=\"widget\" data-widget_type=\"text-editor.default\">\n<div class=\"elementor-widget-container\">\n<div class=\"elementor-text-editor elementor-clearfix\">100 g contiennent : 50 g d'\u00e9thanol, 10 g de 2-propanol, 0,05 g de polyhexanide, des agents de surface et des substances auxiliaires.<\/div>\n<\/div>\n<\/div>\n<div class=\"elementor-element elementor-element-70b4daa3 elementor-position-left elementor-vertical-align-middle elementor-view-default elementor-widget elementor-widget-icon-box\" data-id=\"70b4daa3\" data-element_type=\"widget\" data-widget_type=\"icon-box.default\">\n<div class=\"elementor-widget-container\">\n<div class=\"elementor-icon-box-wrapper\">\n<div class=\"elementor-icon-box-icon\"><\/div>\n<div class=\"elementor-icon-box-content\">\n<h3 class=\"elementor-icon-box-title\">Activit\u00e9 microbiologique<\/h3>\n<\/div>\n<\/div>\n<\/div>\n<\/div>\n<div class=\"elementor-element elementor-element-2abb3e12 elementor-widget elementor-widget-text-editor\" data-id=\"2abb3e12\" data-element_type=\"widget\" data-widget_type=\"text-editor.default\">\n<div class=\"elementor-widget-container\">\n<div class=\"elementor-text-editor elementor-clearfix\">\n<table class=\"rg-table\" summary=\"Hed\">\n<thead>\n<tr>\n<th class=\"text\">Activit\u00e9 microbiologique<\/th>\n<th class=\"text\">M\u00e9thode d'essai<\/th>\n<th class=\"text\">Concentration<\/th>\n<th class=\"text\">Dur\u00e9e de l'effet<\/th>\n<\/tr>\n<\/thead>\n<tbody>\n<tr>\n<td class=\"text\" data-title=\"Microbiological Activity\">Bact\u00e9ricide<\/td>\n<td class=\"text\" data-title=\"Test Method\">DGHM, EN 13727<\/td>\n<td class=\"text\" data-title=\"Concentration\">Une solution pr\u00eate \u00e0 \u00eatre utilis\u00e9e directement<\/td>\n<td class=\"text\" data-title=\"Effect Time\">Attendez 30 secondes apr\u00e8s la pulv\u00e9risation, puis commencez \u00e0 essuyer.<\/td>\n<\/tr>\n<tr>\n<td class=\"text\" data-title=\"Microbiological Activity\">Fungicidal (C.albicans)<\/td>\n<td class=\"text\" data-title=\"Test Method\">DGHM<\/td>\n<td class=\"text\" data-title=\"Concentration\">Une solution pr\u00eate \u00e0 \u00eatre utilis\u00e9e directement<\/td>\n<td class=\"text\" data-title=\"Effect Time\">Attendez 30 secondes apr\u00e8s la pulv\u00e9risation, puis commencez \u00e0 essuyer.<\/td>\n<\/tr>\n<tr>\n<td class=\"text\" data-title=\"Microbiological Activity\">Tuberculocide Microbact\u00e9ricide<\/td>\n<td class=\"text\" data-title=\"Test Method\">EN 14348<\/td>\n<td class=\"text\" data-title=\"Concentration\">Une solution pr\u00eate \u00e0 \u00eatre utilis\u00e9e directement<\/td>\n<td class=\"text\" data-title=\"Effect Time\">Attendez 30 secondes apr\u00e8s la pulv\u00e9risation, puis commencez \u00e0 essuyer.<\/td>\n<\/tr>\n<tr>\n<td class=\"text\" data-title=\"Microbiological Activity\">Virucidal (Corona, Rota)<\/td>\n<td class=\"text\" data-title=\"Test Method\">EN 14476<\/td>\n<td class=\"text\" data-title=\"Concentration\">Une solution pr\u00eate \u00e0 \u00eatre utilis\u00e9e directement<\/td>\n<td class=\"text\" data-title=\"Effect Time\">Attendez 30 secondes apr\u00e8s la pulv\u00e9risation, puis commencez \u00e0 essuyer.<\/td>\n<\/tr>\n<\/tbody>\n<\/table>\n<\/div>\n<\/div>\n<\/div>\n<div class=\"elementor-element elementor-element-3360a4e elementor-position-left elementor-vertical-align-middle elementor-view-default elementor-widget elementor-widget-icon-box\" data-id=\"3360a4e\" data-element_type=\"widget\" data-widget_type=\"icon-box.default\">\n<div class=\"elementor-widget-container\">\n<div class=\"elementor-icon-box-wrapper\">\n<div class=\"elementor-icon-box-icon\"><\/div>\n<div class=\"elementor-icon-box-content\">\n<h3 class=\"elementor-icon-box-title\">M\u00e9thode d'utilisation:<\/h3>\n<\/div>\n<\/div>\n<\/div>\n<\/div>\n<div class=\"elementor-element elementor-element-440c6c4f elementor-widget elementor-widget-text-editor\" data-id=\"440c6c4f\" data-element_type=\"widget\" data-widget_type=\"text-editor.default\">\n<div class=\"elementor-widget-container\">\n<div class=\"elementor-text-editor elementor-clearfix\">\n<p class=\" translation-block\"><strong>Actosept<sup>\u00ae<\/sup> AF NEW <\/strong>est un produit pr\u00eat \u00e0 l'emploi et facile \u00e0 utiliser. Apr\u00e8s chaque contamination dans les zones m\u00e9dicales, il est pulv\u00e9ris\u00e9 sur les surfaces \u00e0 d\u00e9sinfecter \u00e0 une distance de 30 cm, en veillant \u00e0 ce que la surface soit enti\u00e8rement couverte par la pulv\u00e9risation et l'essuyage. Attendez 30 secondes pour que le produit fasse effet et commencez le processus d'essuyage.<\/p>\n<\/div>\n<\/div>\n<\/div>\n<div class=\"elementor-element elementor-element-7ac32590 elementor-position-left elementor-vertical-align-middle elementor-view-default elementor-widget elementor-widget-icon-box\" data-id=\"7ac32590\" data-element_type=\"widget\" data-widget_type=\"icon-box.default\">\n<div class=\"elementor-widget-container\">\n<div class=\"elementor-icon-box-wrapper\">\n<div class=\"elementor-icon-box-icon\"><\/div>\n<div class=\"elementor-icon-box-content\">\n<h3 class=\"elementor-icon-box-title\">Emballage<\/h3>\n<\/div>\n<\/div>\n<\/div>\n<\/div>\n<div class=\"elementor-element elementor-element-63ce9f9e elementor-widget elementor-widget-text-editor\" data-id=\"63ce9f9e\" data-element_type=\"widget\" data-widget_type=\"text-editor.default\">\n<div class=\"elementor-widget-container\">\n<div class=\"elementor-text-editor elementor-clearfix\">\n<table class=\"rg-table\" summary=\"Hed\">\n<thead>\n<tr>\n<th class=\"text\">Unit\u00e9<\/th>\n<th class=\"text\">Pi\u00e8ces dans le carton<\/th>\n<th class=\"text\">Article n\u00b0.<\/th>\n<\/tr>\n<\/thead>\n<tbody>\n<tr>\n<td class=\"text\" data-title=\"Unit\">500 ml<\/td>\n<td class=\"text\" data-title=\"Pieces in Box\">20<\/td>\n<td class=\"text\" data-title=\"Article-No.\">05.2301.500<\/td>\n<\/tr>\n<tr>\n<td class=\"text\" data-title=\"Unit\">1 L<\/td>\n<td class=\"text\" data-title=\"Pieces in Box\">12<\/td>\n<td class=\"text\" data-title=\"Article-No.\">05.2301.1<\/td>\n<\/tr>\n<tr>\n<td class=\"text\" data-title=\"Unit\">4500 + 500 ml<\/td>\n<td class=\"text\" data-title=\"Pieces in Box\">3<\/td>\n<td class=\"text\" data-title=\"Article-No.\">05.2301.45<\/td>\n<\/tr>\n<tr>\n<td class=\"text\" data-title=\"Unit\">5 L<\/td>\n<td class=\"text\" data-title=\"Pieces in Box\">4<\/td>\n<td class=\"text\" data-title=\"Article-No.\">05.2301.5<\/td>\n<\/tr>\n<\/tbody>\n<\/table>\n<\/div>\n<\/div>\n<\/div>","protected":false},"excerpt":{"rendered":"<h2><strong>D\u00e9sinfectant rapide des surfaces pr\u00eat \u00e0 l'emploi<\/strong><\/h2>\n<ul>\n<li>Contient de l'alcool et du polyhexanide<\/li>\n<li>Sans ald\u00e9hyde ni ph\u00e9nol<\/li>\n<li>A une large compatibilit\u00e9 avec les mat\u00e9riaux<\/li>\n<li>A une action bact\u00e9ricide (y compris Tbc), fongicide et virucide.<\/li>\n<li>Has a fast drying quality<\/li>\n<\/ul>\n<p><img loading=\"lazy\" class=\"alignnone size-full wp-image-1594\" title=\"actosep af new ikon\" src=\"http:\/\/www.acto-tunisie.com\/wp-content\/uploads\/2021\/06\/actosep-af-new-ikon.png\" alt=\"actosep af new ikon\" width=\"909\" height=\"231\" srcset=\"https:\/\/www.acto-tunisie.com\/wp-content\/uploads\/2021\/06\/actosep-af-new-ikon.png 909w, https:\/\/www.acto-tunisie.com\/wp-content\/uploads\/2021\/06\/actosep-af-new-ikon-300x76.png 300w, https:\/\/www.acto-tunisie.com\/wp-content\/uploads\/2021\/06\/actosep-af-new-ikon-768x195.png 768w, https:\/\/www.acto-tunisie.com\/wp-content\/uploads\/2021\/06\/actosep-af-new-ikon-16x4.png 16w, https:\/\/www.acto-tunisie.com\/wp-content\/uploads\/2021\/06\/actosep-af-new-ikon-600x152.png 600w\" sizes=\"(max-width: 909px) 100vw, 909px\" \/><\/p>","protected":false},"featured_media":1379,"comment_status":"open","ping_status":"closed","template":"","meta":{"spay_email":""},"product_cat":[15,57],"product_tag":[],"_links":{"self":[{"href":"https:\/\/www.acto-tunisie.com\/fr\/wp-json\/wp\/v2\/product\/1183"}],"collection":[{"href":"https:\/\/www.acto-tunisie.com\/fr\/wp-json\/wp\/v2\/product"}],"about":[{"href":"https:\/\/www.acto-tunisie.com\/fr\/wp-json\/wp\/v2\/types\/product"}],"replies":[{"embeddable":true,"href":"https:\/\/www.acto-tunisie.com\/fr\/wp-json\/wp\/v2\/comments?post=1183"}],"wp:featuredmedia":[{"embeddable":true,"href":"https:\/\/www.acto-tunisie.com\/fr\/wp-json\/wp\/v2\/media\/1379"}],"wp:attachment":[{"href":"https:\/\/www.acto-tunisie.com\/fr\/wp-json\/wp\/v2\/media?parent=1183"}],"wp:term":[{"taxonomy":"product_cat","embeddable":true,"href":"https:\/\/www.acto-tunisie.com\/fr\/wp-json\/wp\/v2\/product_cat?post=1183"},{"taxonomy":"product_tag","embeddable":true,"href":"https:\/\/www.acto-tunisie.com\/fr\/wp-json\/wp\/v2\/product_tag?post=1183"}],"curies":[{"name":"wp","href":"https:\/\/api.w.org\/{rel}","templated":true}]}}