{"id":1182,"date":"2021-06-03T05:11:16","date_gmt":"2021-06-03T05:11:16","guid":{"rendered":"http:\/\/www.acto-tunisie.com\/?post_type=product&#038;p=1182"},"modified":"2021-08-03T14:42:01","modified_gmt":"2021-08-03T14:42:01","slug":"actosept-af-tucher-100-pcs-alcohol-based-ready-to-use-wipes-for-rapid-surface-disinfection","status":"publish","type":"product","link":"https:\/\/www.acto-tunisie.com\/fr\/produit\/actosept-af-tucher-100-pcs-alcohol-based-ready-to-use-wipes-for-rapid-surface-disinfection\/","title":{"rendered":"ACTOSEPT\u00ae AF T\u00fccher 100 Pcs"},"content":{"rendered":"<div class=\"elementor-element elementor-element-33896c66 elementor-position-left elementor-vertical-align-middle elementor-view-default elementor-widget elementor-widget-icon-box\" data-id=\"33896c66\" data-element_type=\"widget\" data-widget_type=\"icon-box.default\">\n<div class=\"elementor-widget-container\">\n<div class=\"elementor-icon-box-wrapper\">\n<div class=\"elementor-icon-box-content\">\n<div class=\"elementor-element elementor-element-33896c66 elementor-position-left elementor-vertical-align-middle elementor-view-default elementor-widget elementor-widget-icon-box\" data-id=\"33896c66\" data-element_type=\"widget\" data-widget_type=\"icon-box.default\">\n<div class=\"elementor-widget-container\">\n<div class=\"elementor-icon-box-wrapper\">\n<div class=\"elementor-icon-box-content\">\n<div class=\"elementor-element elementor-element-33896c66 elementor-position-left elementor-vertical-align-middle elementor-view-default elementor-widget elementor-widget-icon-box\" data-id=\"33896c66\" data-element_type=\"widget\" data-widget_type=\"icon-box.default\">\n<div class=\"elementor-widget-container\">\n<div class=\"elementor-icon-box-wrapper\">\n<div class=\"elementor-icon-box-content\">\n<p class=\" translation-block\"><strong>Actosept<sup>\u00ae<\/sup> AF T\u00fccher <\/strong>est utilis\u00e9 pour la d\u00e9sinfection des surfaces des dispositifs m\u00e9dicaux r\u00e9sistants \u00e0 l'alcool qui ne sont pas adapt\u00e9s au contact avec un liquide. Il s'agit d'un produit contenant de l'alcool utilis\u00e9 pour la d\u00e9sinfection rapide des surfaces des dispositifs m\u00e9dicaux. C'est un produit adapt\u00e9 au nettoyage de grandes surfaces et sous forme de lingettes contenant des non tiss\u00e9s (viscose\/polyester). Il ne contient pas d'ald\u00e9hyde ni de ph\u00e9nol.<\/p>\n<hr \/>\n<p><strong>Domaine d'application<\/strong><\/p>\n<p>Il est utilis\u00e9 pour la d\u00e9sinfection des dispositifs m\u00e9dicaux non r\u00e9sistants \u00e0 l'alcool ayant une surface non invasive, r\u00e9guli\u00e8re et lisse. Il convient pour une d\u00e9sinfection s\u00fbre et efficace des dispositifs m\u00e9dicaux tels que les unit\u00e9s dentaires (\u00e0 l'exclusion des forets et des tuyaux), les appareils d'anesth\u00e9sie, les lampes de salle d'op\u00e9ration et les bureaux qui doivent \u00eatre d\u00e9sinfect\u00e9s fr\u00e9quemment.<\/p>\n<hr \/>\n<p><strong>Composition chimique<\/strong><\/p>\n<p class=\" translation-block\"><strong>Contenu de 100 g de solution d'impr\u00e9gnation; <\/strong> 50 g Ethanol, 10 g 2-Propanol, 0,05 \ng<br>\nPropionate de did\u00e9cyldim\u00e9thylammonium et excipients.<\/p>\n<hr \/>\n<p><strong>Activit\u00e9 microbiologique<\/strong><\/p>\n<table>\n<thead>\n<tr>\n<td><strong>Activit\u00e9 microbiologique<\/strong><\/td>\n<td><strong>M\u00e9thode d'essai<\/strong><\/td>\n<td><strong>Dur\u00e9e de l'effet<\/strong><\/td>\n<\/tr>\n<\/thead>\n<tbody>\n<tr>\n<td>Bact\u00e9ricide<\/td>\n<td>EN 13727, EN16615<\/td>\n<td>30 sec.<\/td>\n<\/tr>\n<tr>\n<td>Fungicidal (C. albicans, A. brasilensis)<\/td>\n<td>EN 16615<\/td>\n<td>30 sec.<\/td>\n<\/tr>\n<tr>\n<td>Mycobactericidal, Tuberculocidal<\/td>\n<td>EN 14348<\/td>\n<td>30 sec.<\/td>\n<\/tr>\n<tr>\n<td>Virucidal (Corona, Rota)<\/td>\n<td>EN 14476<\/td>\n<td>30 sec.<\/td>\n<\/tr>\n<\/tbody>\n<\/table>\n<hr \/>\n<p><strong>M\u00e9thode d'utilisation:<\/strong><\/p>\n<p>Essuyez la surface pr\u00e9-nettoy\u00e9e du dispositif m\u00e9dical avec Actosept\u00ae AF T\u00fccher en utilisant 3-4 lingettes par m\u00e8tre carr\u00e9. Veillez \u00e0 ce que les lingettes atteignent toute la surface du dispositif et qu'il ne reste aucun endroit sec. Attendez la dur\u00e9e de l'effet. Le s\u00e9chage ne doit pas \u00eatre effectu\u00e9 apr\u00e8s l'utilisation. L'emballage doit \u00eatre ferm\u00e9 herm\u00e9tiquement apr\u00e8s chaque utilisation. Les lingettes usag\u00e9es ne doivent pas \u00eatre r\u00e9utilis\u00e9es.<\/p>\n<hr \/>\n<p><strong>Emballage<\/strong><\/p>\n<table>\n<thead>\n<tr>\n<td><strong>Unit\u00e9<\/strong><\/td>\n<td><strong>Pi\u00e8ces dans le carton<\/strong><\/td>\n<td><strong>Article n\u00b0.<\/strong><\/td>\n<\/tr>\n<\/thead>\n<tbody>\n<tr>\n<td>100 wipes 15\u00d724 cm<\/td>\n<td>6 (Conteneur PE)<\/td>\n<td>05.3101.100<\/td>\n<\/tr>\n<tr>\n<td>80 wipes 15\u00d720 cm<\/td>\n<td>18 Bo\u00eete d'emballage<\/td>\n<td>05.3101.80<\/td>\n<\/tr>\n<\/tbody>\n<\/table>\n<hr \/>\n<p><a href=\"http:\/\/www.acto-tunisie.com\/fr\/files\/actosept-af\/Sdb_Actosept-AF-Tuecher.pdf\/\"><strong>> T\u00e9l\u00e9charger la fiche de donn\u00e9es de s\u00e9curit\u00e9<\/strong><\/a><\/p>\n<\/div>\n<\/div>\n<\/div>\n<\/div>\n<\/div>\n<\/div>\n<\/div>\n<\/div>\n<\/div>\n<\/div>\n<\/div>\n<\/div>","protected":false},"excerpt":{"rendered":"<p><strong>Lingettes pr\u00eates \u00e0 l'emploi \u00e0 base d'alcool pour la d\u00e9sinfection rapide des surfaces<\/strong><\/p>\n<ul>\n<li>Lingettes facilement efficaces \u00e0 base d'alcool<\/li>\n<li>D\u00e9sinfection rapide et s\u00e9chage rapide<\/li>\n<li>Efficace en 30 secondes contre les bact\u00e9ries, les champignons, les virus TBC et les virus envelopp\u00e9s.<\/li>\n<li>Pr\u00eat \u00e0 l'emploi<\/li>\n<li>Haute compatibilit\u00e9 des mat\u00e9riaux<\/li>\n<li>Exempt d'ald\u00e9hyde et de ph\u00e9nol<\/li>\n<li>La solution d'impr\u00e9gnation Actosept\u00ae AF est homologu\u00e9e VAH.<\/li>\n<li>La solution d'impr\u00e9gnation Actosept\u00ae AF a \u00e9t\u00e9 test\u00e9e dermatologiquement et s'est av\u00e9r\u00e9e \"excellente\".<\/li>\n<li>Dispositif m\u00e9dical de classe IIa<\/li>\n<\/ul>\n<p><img loading=\"lazy\" class=\"alignnone size-full wp-image-1591\" title=\"actosep af tucher ikon\" src=\"http:\/\/www.acto-tunisie.com\/wp-content\/uploads\/2021\/06\/actosep-af-tucher-ikon.jpg\" alt=\"actosep af tucher ikon\" width=\"683\" height=\"231\" srcset=\"https:\/\/www.acto-tunisie.com\/wp-content\/uploads\/2021\/06\/actosep-af-tucher-ikon.jpg 683w, https:\/\/www.acto-tunisie.com\/wp-content\/uploads\/2021\/06\/actosep-af-tucher-ikon-300x101.jpg 300w, https:\/\/www.acto-tunisie.com\/wp-content\/uploads\/2021\/06\/actosep-af-tucher-ikon-16x5.jpg 16w, https:\/\/www.acto-tunisie.com\/wp-content\/uploads\/2021\/06\/actosep-af-tucher-ikon-600x203.jpg 600w\" sizes=\"(max-width: 683px) 100vw, 683px\" \/><\/p>","protected":false},"featured_media":1876,"comment_status":"open","ping_status":"closed","template":"","meta":{"spay_email":""},"product_cat":[55],"product_tag":[],"_links":{"self":[{"href":"https:\/\/www.acto-tunisie.com\/fr\/wp-json\/wp\/v2\/product\/1182"}],"collection":[{"href":"https:\/\/www.acto-tunisie.com\/fr\/wp-json\/wp\/v2\/product"}],"about":[{"href":"https:\/\/www.acto-tunisie.com\/fr\/wp-json\/wp\/v2\/types\/product"}],"replies":[{"embeddable":true,"href":"https:\/\/www.acto-tunisie.com\/fr\/wp-json\/wp\/v2\/comments?post=1182"}],"wp:featuredmedia":[{"embeddable":true,"href":"https:\/\/www.acto-tunisie.com\/fr\/wp-json\/wp\/v2\/media\/1876"}],"wp:attachment":[{"href":"https:\/\/www.acto-tunisie.com\/fr\/wp-json\/wp\/v2\/media?parent=1182"}],"wp:term":[{"taxonomy":"product_cat","embeddable":true,"href":"https:\/\/www.acto-tunisie.com\/fr\/wp-json\/wp\/v2\/product_cat?post=1182"},{"taxonomy":"product_tag","embeddable":true,"href":"https:\/\/www.acto-tunisie.com\/fr\/wp-json\/wp\/v2\/product_tag?post=1182"}],"curies":[{"name":"wp","href":"https:\/\/api.w.org\/{rel}","templated":true}]}}