{"id":1177,"date":"2021-06-03T05:05:48","date_gmt":"2021-06-03T05:05:48","guid":{"rendered":"http:\/\/www.acto-tunisie.com\/?post_type=product&#038;p=1177"},"modified":"2021-07-18T23:36:14","modified_gmt":"2021-07-18T23:36:14","slug":"actoman-plus-1-l-liquid-soap-for-hand-and-skin-antisepsis","status":"publish","type":"product","link":"https:\/\/www.acto-tunisie.com\/fr\/produit\/actoman-plus-1-l-liquid-soap-for-hand-and-skin-antisepsis\/","title":{"rendered":"ACTOMAN\u00ae PLUS 1 L"},"content":{"rendered":"<div class=\"elementor-element elementor-element-388e04c6 elementor-position-left elementor-vertical-align-middle elementor-view-default elementor-widget elementor-widget-icon-box\" data-id=\"388e04c6\" data-element_type=\"widget\" data-widget_type=\"icon-box.default\">\n<div class=\"elementor-widget-container\">\n<div class=\"elementor-icon-box-wrapper\">\n<div class=\"elementor-icon-box-content\">\n<p class=\" translation-block\"><strong>Actoman<sup>\u00ae<\/sup> Plus  <\/strong>utilis\u00e9 comme antiseptique hygi\u00e9nique et chirurgical pour les mains avant les interventions chirurgicales, antiseptique hygi\u00e9nique pour les mains du personnel de sant\u00e9 et des patients, et produit de lavage corporel avant les interventions chirurgicales.<\/p>\n<hr \/>\n<p><strong>Composition chimique<\/strong><\/p>\n<p>4 % Gluconate de chlorhexidine, glyc\u00e9rine, dexpanth\u00e9nol et substances auxiliaires.<\/p>\n<hr \/>\n<p><strong>Activit\u00e9 microbiologique<\/strong><\/p>\n<table>\n<thead>\n<tr>\n<td><strong>Activit\u00e9 microbiologique<\/strong><\/td>\n<td><strong>Domaine d'application<\/strong><\/td>\n<td><strong>Dose d'application<\/strong><\/td>\n<\/tr>\n<\/thead>\n<tbody>\n<tr>\n<td>Bactericidal EN 13727<\/td>\n<td>Pour la d\u00e9sinfection chirurgicale et hygi\u00e9nique des mains et de la peau ; d\u00e9sinfection du corps avant l'op\u00e9ration.<\/td>\n<td>Utilisation directe (pr\u00eat \u00e0 l'emploi)<\/td>\n<\/tr>\n<tr>\n<td>Fungicidal (C. albicans, A. niger) EN 13624<\/td>\n<td>Pour la d\u00e9sinfection chirurgicale et hygi\u00e9nique des mains et de la peau ; d\u00e9sinfection du corps avant l'op\u00e9ration.<\/td>\n<td>Utilisation directe (pr\u00eat \u00e0 l'emploi)<\/td>\n<\/tr>\n<tr>\n<td>Virucidal EN 14476<\/td>\n<td>Pour la d\u00e9sinfection chirurgicale et hygi\u00e9nique des mains et de la peau ; d\u00e9sinfection du corps avant l'op\u00e9ration.<\/td>\n<td>Utilisation directe (pr\u00eat \u00e0 l'emploi)<\/td>\n<\/tr>\n<\/tbody>\n<\/table>\n<hr \/>\n<p><strong>M\u00e9thode d'utilisation:<\/strong><\/p>\n<p><strong>D\u00e9sinfection hygi\u00e9nique des mains:<\/strong><\/p>\n<p class=\" translation-block\">Apr\u00e8s avoir mouill\u00e9 la zone d'application avec de l'eau, prendre 3 \u00e0 5 mL<strong>Actoman<sup>\u00ae<\/sup> Plus <\/strong>dans la paume de votre main et \u00e9talez la mousse sur vos mains de mani\u00e8re \u00e0 couvrir toute la surface. Rincez vos mains, y compris les poignets, avec <strong>Actoman<sup>\u00ae<\/sup> Plus <\/strong>en faisant mousser conform\u00e9ment aux instructions de lavage hygi\u00e9nique des mains. Apr\u00e8s la proc\u00e9dure, rincez vos mains \u00e0 l'eau et s\u00e9chez-les.<\/p>\n<p><strong>D\u00e9sinfection des mains chirurgicales:<\/strong><\/p>\n<p class=\" translation-block\">Apr\u00e8s avoir mouill\u00e9 la zone d'application avec de l'eau, prenez 5 mL <strong>Actoman<sup>\u00ae<\/sup> Plus <\/strong>dans votre paume, faites mousser vos mains et vos bras jusqu'au coude et frottez pendant 3 minutes conform\u00e9ment aux instructions de lavage des mains en chirurgie. Rincez \u00e0 l'eau, r\u00e9p\u00e9tez la m\u00eame proc\u00e9dure une seconde fois, s\u00e9chez avec une serviette st\u00e9rile.<\/p>\n<p><strong>Lavage du corps avant les interventions chirurgicales :<\/strong><\/p>\n<p class=\" translation-block\">Humidifiez toute la surface du corps sous le menton ou autour de la zone d'op\u00e9ration avec de l'eau. Utilisez environ 40 \u00e0 100 ml <strong>Actoman<sup>\u00ae<\/sup> Plus<\/strong>. Mousser compl\u00e8tement la surface d\u00e9sir\u00e9e avec <strong>Actoman<sup>\u00ae<\/sup> Plus <\/strong>et laver pendant 5 minutes. R\u00e9p\u00e9tez l'op\u00e9ration une deuxi\u00e8me fois. Rincez \u00e0 l'eau et s\u00e9chez<\/p>\n<hr \/>\n<p><strong>Emballage<\/strong><\/p>\n<table>\n<thead>\n<tr>\n<td><strong>Unit\u00e9<\/strong><\/td>\n<td><strong>Pi\u00e8ces dans le carton<\/strong><\/td>\n<td><strong>Article n\u00b0.<\/strong><\/td>\n<\/tr>\n<\/thead>\n<tbody>\n<tr>\n<td>500 ml<\/td>\n<td>30<\/td>\n<td>06.1188.500<\/td>\n<\/tr>\n<tr>\n<td>1 L<\/td>\n<td>10<\/td>\n<td>06.1188.1<\/td>\n<\/tr>\n<\/tbody>\n<\/table>\n<hr \/>\n<p><a href=\"http:\/\/www.acto-tunisie.com\/fr\/files\/Sdb_Actoman-Plus.pdf\/\"><strong>> T\u00e9l\u00e9charger la fiche de donn\u00e9es de s\u00e9curit\u00e9<\/strong><\/a><\/p>\n<p>&nbsp;<\/p>\n<\/div>\n<\/div>\n<\/div>\n<\/div>\n<div class=\"elementor-element elementor-element-6bc36dc7 elementor-widget elementor-widget-text-editor\" data-id=\"6bc36dc7\" data-element_type=\"widget\" data-widget_type=\"text-editor.default\">\n<div class=\"elementor-widget-container\">\n<div class=\"elementor-text-editor elementor-clearfix\"><\/div>\n<\/div>\n<\/div>","protected":false},"excerpt":{"rendered":"<div class=\"elementor-element elementor-element-151665b4 elementor-icon-list--layout-traditional elementor-list-item-link-full_width elementor-widget elementor-widget-icon-list\" data-id=\"151665b4\" data-element_type=\"widget\" data-widget_type=\"icon-list.default\">\n<div class=\"elementor-widget-container\">\n<p><strong>Savon liquide pour l'antisepsie des mains et de la peau<\/strong><\/p>\n<ul>\n<li>Contient du gluconate de chlorhexidine \u00e0 4 %.<\/li>\n<li>Efficace contre les bact\u00e9ries, les levures et les virus<\/li>\n<li>Utilis\u00e9 pour le lavage hygi\u00e9nique et chirurgical des mains et l'antisepsie corporelle.<\/li>\n<li>Test\u00e9 dermatologiquement et approuv\u00e9 dans le laboratoire allemand DERMATEST<\/li>\n<li>Formul\u00e9 pour un usage fr\u00e9quent<\/li>\n<li>Ne provoque pas de r\u00e9actions allergiques<\/li>\n<li>Compatible avec le pH de la peau<\/li>\n<\/ul>\n<p><img loading=\"lazy\" class=\"alignnone wp-image-1590 size-full\" title=\"actoman plus ikon\" src=\"http:\/\/www.acto-tunisie.com\/wp-content\/uploads\/2021\/06\/actoman-plus-ikon.png\" alt=\"actoman plus ikon\" width=\"450\" height=\"140\" srcset=\"https:\/\/www.acto-tunisie.com\/wp-content\/uploads\/2021\/06\/actoman-plus-ikon.png 450w, https:\/\/www.acto-tunisie.com\/wp-content\/uploads\/2021\/06\/actoman-plus-ikon-300x93.png 300w, https:\/\/www.acto-tunisie.com\/wp-content\/uploads\/2021\/06\/actoman-plus-ikon-16x5.png 16w\" sizes=\"(max-width: 450px) 100vw, 450px\" \/><\/p>\n<\/div>\n<\/div>\n<div class=\"elementor-element elementor-element-7d6bebbe elementor-widget elementor-widget-image\" data-id=\"7d6bebbe\" data-element_type=\"widget\" data-widget_type=\"image.default\"><\/div>","protected":false},"featured_media":1178,"comment_status":"open","ping_status":"closed","template":"","meta":{"spay_email":""},"product_cat":[54],"product_tag":[117],"_links":{"self":[{"href":"https:\/\/www.acto-tunisie.com\/fr\/wp-json\/wp\/v2\/product\/1177"}],"collection":[{"href":"https:\/\/www.acto-tunisie.com\/fr\/wp-json\/wp\/v2\/product"}],"about":[{"href":"https:\/\/www.acto-tunisie.com\/fr\/wp-json\/wp\/v2\/types\/product"}],"replies":[{"embeddable":true,"href":"https:\/\/www.acto-tunisie.com\/fr\/wp-json\/wp\/v2\/comments?post=1177"}],"wp:featuredmedia":[{"embeddable":true,"href":"https:\/\/www.acto-tunisie.com\/fr\/wp-json\/wp\/v2\/media\/1178"}],"wp:attachment":[{"href":"https:\/\/www.acto-tunisie.com\/fr\/wp-json\/wp\/v2\/media?parent=1177"}],"wp:term":[{"taxonomy":"product_cat","embeddable":true,"href":"https:\/\/www.acto-tunisie.com\/fr\/wp-json\/wp\/v2\/product_cat?post=1177"},{"taxonomy":"product_tag","embeddable":true,"href":"https:\/\/www.acto-tunisie.com\/fr\/wp-json\/wp\/v2\/product_tag?post=1177"}],"curies":[{"name":"wp","href":"https:\/\/api.w.org\/{rel}","templated":true}]}}