{"id":1114,"date":"2021-05-22T14:21:50","date_gmt":"2021-05-22T14:21:50","guid":{"rendered":"http:\/\/www.acto-tunisie.com\/?post_type=product&#038;p=1114"},"modified":"2021-07-18T23:11:44","modified_gmt":"2021-07-18T23:11:44","slug":"actosept-af-1-l","status":"publish","type":"product","link":"https:\/\/www.acto-tunisie.com\/fr\/produit\/actosept-af-1-l\/","title":{"rendered":"ACTOSEPT\u00ae AF 1 L"},"content":{"rendered":"<p class=\" translation-block\"><strong>Actosept<sup>\u00ae<\/sup> AF<\/strong>; \n est un d\u00e9sinfectant de surface pr\u00eat \u00e0 l'emploi \u00e0 action rapide qui contient de l'alcool. Ce produit, qui contient de l'\u00e9thanol, du 2-propanol et du propionate de did\u00e9cyldim\u00e9thylammonium, peut \u00eatre utilis\u00e9 pour la d\u00e9sinfection rapide de petites surfaces gr\u00e2ce \u00e0 son large spectre d'efficacit\u00e9 et \u00e0 sa facilit\u00e9 d'utilisation.<\/p>\n<hr \/>\n<p><strong>Composition chimique<\/strong><\/p>\n<p>100 g contiennent : 50 g d'\u00e9thanol, 10 g de 2-propanol, 0,05 g de propionate de did\u00e9cyldim\u00e9thylammonium, des agents de surface non ioniques et des substances auxiliaires.<\/p>\n<hr \/>\n<p><strong>Activit\u00e9 microbiologique<\/strong><\/p>\n<table class=\"rg-table\" summary=\"Hed\">\n<thead>\n<tr>\n<th class=\"text\">Activit\u00e9 microbiologique<\/th>\n<th class=\"text\">M\u00e9thode d'essai<\/th>\n<th class=\"text\">Concentration<\/th>\n<th class=\"text\">Dur\u00e9e de l'effet<\/th>\n<\/tr>\n<\/thead>\n<tbody>\n<tr>\n<td class=\"text\" data-title=\"Microbiological Activity\">Bact\u00e9ricide<\/td>\n<td class=\"text\" data-title=\"Test Method\">EN 13727 \/ EN 1276<\/td>\n<td class=\"text\" data-title=\"Concentration\">Pr\u00eat \u00e0 l'emploi<\/td>\n<td class=\"text\" data-title=\"Effect Time\">30 sec<\/td>\n<\/tr>\n<tr>\n<td class=\"text\" data-title=\"Microbiological Activity\">Fungicidal (C.albicans, A.niger)<\/td>\n<td class=\"text\" data-title=\"Test Method\">EN 13624<\/td>\n<td class=\"text\" data-title=\"Concentration\">Pr\u00eat \u00e0 l'emploi<\/td>\n<td class=\"text\" data-title=\"Effect Time\">30 sec<\/td>\n<\/tr>\n<tr>\n<td class=\"text\" data-title=\"Microbiological Activity\">Tuberculocidal, Mycobactericidal<\/td>\n<td class=\"text\" data-title=\"Test Method\">EN 14348<\/td>\n<td class=\"text\" data-title=\"Concentration\">Pr\u00eat \u00e0 l'emploi<\/td>\n<td class=\"text\" data-title=\"Effect Time\">30 sec<\/td>\n<\/tr>\n<tr>\n<td class=\"text\" data-title=\"Microbiological Activity\">Virucidal (Adeno, Polio, MNV)<\/td>\n<td class=\"text\" data-title=\"Test Method\">EN 14476<\/td>\n<td class=\"text\" data-title=\"Concentration\">Pr\u00eat \u00e0 l'emploi<\/td>\n<td class=\"text\" data-title=\"Effect Time\">30 sec<\/td>\n<\/tr>\n<\/tbody>\n<\/table>\n<hr \/>\n<p><strong>M\u00e9thode d'utilisation:<\/strong><\/p>\n<p class=\" translation-block\"><strong>Actosept<sup>\u00ae<\/sup> AF<\/strong>  est un produit facile \u00e0 utiliser. Vaporisez la surface \u00e0 une distance de 30 cm et assurez-vous que la surface est compl\u00e8tement couverte. Attendez 30 secondes pour que le produit agisse.<\/p>\n<hr \/>\n<p><strong>Emballage<\/strong><\/p>\n<table class=\"rg-table\" summary=\"Hed\">\n<thead>\n<tr>\n<th class=\"text\">Unit\u00e9<\/th>\n<th class=\"text\">Pi\u00e8ces dans le carton<\/th>\n<th class=\"text\">Article n\u00b0.<\/th>\n<\/tr>\n<\/thead>\n<tbody>\n<tr>\n<td class=\"text\" data-title=\"Unit\">1 L<\/td>\n<td class=\"text\" data-title=\"Pieces in Box\">12<\/td>\n<td class=\"text\" data-title=\"Article-No.\">05.2242.1<\/td>\n<\/tr>\n<tr>\n<td class=\"text\" data-title=\"Unit\">5 L<\/td>\n<td class=\"text\" data-title=\"Pieces in Box\">4<\/td>\n<td class=\"text\" data-title=\"Article-No.\">05.2242.5<\/td>\n<\/tr>\n<\/tbody>\n<\/table>\n<hr \/>\n<p><a href=\"http:\/\/www.acto-tunisie.com\/fr\/files\/actosept-af\/Sdb_Actosept.pdf\/\"><strong>> T\u00e9l\u00e9charger la fiche de donn\u00e9es de s\u00e9curit\u00e9<\/strong><\/a><\/p>","protected":false},"excerpt":{"rendered":"<p style=\"font-weight: 500;\"><b><strong>D\u00e9sinfection alcoolique rapide par spray pour les dispositifs m\u00e9dicaux et les surfaces<\/strong><\/b><\/p>\n<ul style=\"font-weight: 500;\">\n<li>combinaison d'\u00e9thanol, de 1-propanol et de compos\u00e9s d'ammonium quaternaire<\/li>\n<li>sans ald\u00e9hydes, ph\u00e9nols, colorants et odeurs<\/li>\n<li>bact\u00e9ricide, fongicide, tuberculocide et virucide efficace en 30 secondes.<\/li>\n<li>excellente compatibilit\u00e9 avec les mat\u00e9riaux (exception : verre acrylique, surfaces sensibles \u00e0 l'alcool)<\/li>\n<li>s\u00e9chage rapide sans laisser de r\u00e9sidus ; aucun rin\u00e7age n\u00e9cessaire<\/li>\n<li>Liste DGHM\/VAH<\/li>\n<li>test\u00e9 dermatologiquement et jug\u00e9 \"tr\u00e8s bon\".<\/li>\n<li>dispositif m\u00e9dical de classe II A<\/li>\n<\/ul>\n<p><img loading=\"lazy\" class=\"size-full wp-image-1586\" title=\"actosept af\" src=\"http:\/\/www.acto-tunisie.com\/wp-content\/uploads\/2021\/05\/actosept-af-ikonlar.png\" alt=\"actosept af\" width=\"442\" height=\"100\" srcset=\"https:\/\/www.acto-tunisie.com\/wp-content\/uploads\/2021\/05\/actosept-af-ikonlar.png 442w, https:\/\/www.acto-tunisie.com\/wp-content\/uploads\/2021\/05\/actosept-af-ikonlar-300x68.png 300w, https:\/\/www.acto-tunisie.com\/wp-content\/uploads\/2021\/05\/actosept-af-ikonlar-16x4.png 16w\" sizes=\"(max-width: 442px) 100vw, 442px\" \/><\/p>","protected":false},"featured_media":1115,"comment_status":"open","ping_status":"closed","template":"","meta":{"spay_email":""},"product_cat":[15,55],"product_tag":[82,71],"_links":{"self":[{"href":"https:\/\/www.acto-tunisie.com\/fr\/wp-json\/wp\/v2\/product\/1114"}],"collection":[{"href":"https:\/\/www.acto-tunisie.com\/fr\/wp-json\/wp\/v2\/product"}],"about":[{"href":"https:\/\/www.acto-tunisie.com\/fr\/wp-json\/wp\/v2\/types\/product"}],"replies":[{"embeddable":true,"href":"https:\/\/www.acto-tunisie.com\/fr\/wp-json\/wp\/v2\/comments?post=1114"}],"wp:featuredmedia":[{"embeddable":true,"href":"https:\/\/www.acto-tunisie.com\/fr\/wp-json\/wp\/v2\/media\/1115"}],"wp:attachment":[{"href":"https:\/\/www.acto-tunisie.com\/fr\/wp-json\/wp\/v2\/media?parent=1114"}],"wp:term":[{"taxonomy":"product_cat","embeddable":true,"href":"https:\/\/www.acto-tunisie.com\/fr\/wp-json\/wp\/v2\/product_cat?post=1114"},{"taxonomy":"product_tag","embeddable":true,"href":"https:\/\/www.acto-tunisie.com\/fr\/wp-json\/wp\/v2\/product_tag?post=1114"}],"curies":[{"name":"wp","href":"https:\/\/api.w.org\/{rel}","templated":true}]}}