{"id":1107,"date":"2021-05-22T14:11:22","date_gmt":"2021-05-22T14:11:22","guid":{"rendered":"http:\/\/www.acto-tunisie.com\/?post_type=product&#038;p=1107"},"modified":"2021-08-03T14:46:22","modified_gmt":"2021-08-03T14:46:22","slug":"actoderm-250-ml-hand-and-skin-antiseptic-2-propanol-70-v-v","status":"publish","type":"product","link":"https:\/\/www.acto-tunisie.com\/fr\/produit\/actoderm-250-ml-hand-and-skin-antiseptic-2-propanol-70-v-v\/","title":{"rendered":"ACTODERM\u00ae 250 ml Antiseptique pour les mains et la peau - 2-Propanol 70% (v\/v)"},"content":{"rendered":"<p class=\" translation-block\"><b><strong>Actoderm<sup>\u00ae<\/sup>, <\/strong><\/b>est un antiseptique \u00e0 base d'alcool pour les mains et la peau. Utilis\u00e9 pour la d\u00e9sinfection hygi\u00e9nique et chirurgicale des mains. Ne provoque aucune r\u00e9action allergique. Test\u00e9 dermatologiquement. Ne contient pas d'ald\u00e9hyde, de ph\u00e9nol, de peroxyde d'hydrog\u00e8ne, de chlorhexidine, etc.<\/p>\n<p>Convient \u00e0 une utilisation fr\u00e9quente dans la journ\u00e9e pendant les soins aux patients, avant et apr\u00e8s le contact avec des patients neutrop\u00e9niques et immunosuppresseurs, avant et apr\u00e8s le contact avec des patients en chambre d'isolement, pour l'antisepsie cutan\u00e9e avant une injection, avant et apr\u00e8s des proc\u00e9dures invasives, avant et apr\u00e8s le port de gants, en particulier dans les unit\u00e9s o\u00f9 la charge de travail et le nombre de patients sont intenses. Convient pour une utilisation dans le domaine de la sant\u00e9 publique.<\/p>\n<hr \/>\n<p><strong>Composition chimique<\/strong><\/p>\n<p>100 g contiennent : 62,8 g de 2-Propanol (70% V\/V), adoucissant (Lanoline), substances auxiliaires.<\/p>\n<hr \/>\n<p><strong>Activit\u00e9 microbiologique<\/strong><\/p>\n<p class=\" translation-block\"><strong>Actoderm<sup>\u00ae<\/sup><\/strong>  a des effets bact\u00e9ricides (y compris contre la tuberculose, le SARM, l'ERV, A. baumannii), fongicides et virucides (y compris contre les virus HBV \/ HIV \/ HCV, Vaccinia, Rota, Corona).<\/p>\n<table>\n<thead>\n<tr>\n<td><strong>Activit\u00e9 microbiologique<\/strong><\/td>\n<td><strong>Domaine d'application<\/strong><\/td>\n<td><strong>Dose d'application<\/strong><\/td>\n<\/tr>\n<\/thead>\n<tbody>\n<tr>\n<td>Bactericidal EN 13727<\/td>\n<td>En pulv\u00e9risant sur les mains et la peau, et en essuyant<\/td>\n<td>3-5 ml \/ 30 sec<\/td>\n<\/tr>\n<tr>\n<td>Fungicidal (C. albicans, A. niger) EN 13624<\/td>\n<td>En pulv\u00e9risant sur les mains et la peau, et en essuyant<\/td>\n<td>3-5 ml \/ 30 sec<\/td>\n<\/tr>\n<tr>\n<td>Tuberculocidal\u00a0Mycobactericidal EN 14348<\/td>\n<td>En pulv\u00e9risant sur les mains et la peau, et en essuyant<\/td>\n<td>3-5 ml \/ 30 sec<\/td>\n<\/tr>\n<tr>\n<td>Virucidal (Adeno, Polio, MNV) EN 14476<\/td>\n<td>En pulv\u00e9risant sur les mains et la peau, et en essuyant<\/td>\n<td>3-5 ml \/ 30 sec<\/td>\n<\/tr>\n<\/tbody>\n<\/table>\n<p>&nbsp;<\/p>\n<hr \/>\n<p><strong>Mode d'emploi<\/strong><\/p>\n<p class=\" translation-block\"><b><strong>D\u00e9sinfection hygi\u00e9nique des mains: <\/strong><\/b>Enlevez tous les bijoux. Prenez 3-5 ml \nde <b><strong>Actoderm<sup>\u00ae<\/sup><\/strong><\/b>.Appliquer pendant 30 secondes selon la norme <b><strong>EN 1500 <\/strong><\/b> standard.<\/p>\n<p class=\" translation-block\"><b><strong>D\u00e9sinfection des mains chirurgicales: <\/strong><\/b>Enlevez tous les bijoux. Prenez la quantit\u00e9 suffisante de produit de mani\u00e8re \u00e0 garder la peau humide pendant l'application. Selon <b><strong>EN 12791 <\/strong><\/b>standard, d\u00e9sinfectez vos mains, y compris les poignets et les coudes, \u00e0 l'aide de <b><strong>Actoderm<sup>\u00ae<\/sup> <\/strong><\/b>par frottement humide des deux mains pendant 3 minutes au total. \nSi n\u00e9cessaire, reprenez du d\u00e9sinfectant pendant la proc\u00e9dure.<\/p>\n<p>Vaporiser sur la peau avant les injections. Essuyez apr\u00e8s avoir attendu 30 secondes. Enlevez tous les bijoux avant l'utilisation. Veillez \u00e0 ce que les ongles ne soient pas longs.<\/p>\n<hr \/>\n<p><strong>Domaines d'application<\/strong><\/p>\n<p class=\" translation-block\"><b><strong>Actoderm<sup>\u00ae<\/sup><\/strong><\/b>  convient pour la d\u00e9sinfection hygi\u00e9nique et chirurgicale des mains et de la peau avant les op\u00e9rations, les excisions, les injections et les ponctions. A utiliser avant de mettre et d'enlever les gants et avant et apr\u00e8s tout contact avec les patients pour \u00e9viter toute contamination. Il ne convient PAS \u00e0 la d\u00e9sinfection des plaies ouvertes et des muqueuses. Les r\u00e9actions allergiques \u00e0 l'un des ingr\u00e9dients sont rares, mais doivent \u00eatre v\u00e9rifi\u00e9es avant l'utilisation.<\/p>\n<hr \/>\n<p><strong>Emballage<\/strong><\/p>\n<table>\n<thead>\n<tr>\n<td><strong>Unit\u00e9<\/strong><\/td>\n<td><strong>Pi\u00e8ces dans le carton<\/strong><\/td>\n<td><strong>Article n\u00b0.<\/strong><\/td>\n<\/tr>\n<\/thead>\n<tbody>\n<tr>\n<td>50 ml<\/td>\n<td>110<\/td>\n<td>06.2501.50<\/td>\n<\/tr>\n<tr>\n<td>100 ml<\/td>\n<td>81<\/td>\n<td>06.2501.100<\/td>\n<\/tr>\n<tr>\n<td>250 ml<\/td>\n<td>49<\/td>\n<td>06.2501.250<\/td>\n<\/tr>\n<tr>\n<td>500 ml<\/td>\n<td>30<\/td>\n<td>06.2501.500<\/td>\n<\/tr>\n<tr>\n<td>1 L<\/td>\n<td>10<\/td>\n<td>06.2501.1<\/td>\n<\/tr>\n<tr>\n<td>5 L<\/td>\n<td>4<\/td>\n<td>06.2501.5<\/td>\n<\/tr>\n<\/tbody>\n<\/table>\n<hr \/>\n<p><a href=\"http:\/\/www.acto-tunisie.com\/fr\/files\/actoderm\/MSDS_ACTO_GmbH_Actoderm.pdf\/\"><strong>> T\u00e9l\u00e9charger la fiche de donn\u00e9es de s\u00e9curit\u00e9<\/strong><\/a><br \/>\n<a href=\"http:\/\/www.acto-tunisie.com\/fr\/files\/actoderm\/Instructions-for_use_Actoderm_Biozid.pdf\/\"><strong>> T\u00e9l\u00e9charger le mode d'emploi<\/strong><\/a><br \/>\n<a href=\"http:\/\/www.acto-tunisie.com\/fr\/files\/actoderm\/Product-data-sheet-ACTODERM_Biozid.pdf\/\"><strong>> T\u00e9l\u00e9charger la fiche technique du produit<\/strong><\/a><br \/>\n<a href=\"http:\/\/www.acto-tunisie.com\/fr\/files\/actoderm\/Actoderm_Brochure.pdf\/\"><strong>> T\u00e9l\u00e9charger DERMATEST<\/strong><\/a><br \/>\n<a href=\"http:\/\/www.acto-tunisie.com\/fr\/files\/actoderm\/Actoderm_Dermatest_EN.pdf\/\"><strong>> T\u00e9l\u00e9charger BROSHURE<\/strong><\/a><\/p>\n<p>&nbsp;<\/p>","protected":false},"excerpt":{"rendered":"<p><strong>Antiseptique pour les mains et la peau - 2-Propanol 70% (V\/V)<\/strong><\/p>\n<ul>\n<li>Contient de l'alcool isopropylique<\/li>\n<li>Adapt\u00e9 \u00e0 un usage fr\u00e9quent<\/li>\n<li>Certifi\u00e9 par la Soci\u00e9t\u00e9 allemande de microbiologie et d'hygi\u00e8ne VAH\/DGHM<\/li>\n<li>Test\u00e9 dermatologiquement et approuv\u00e9 dans le laboratoire allemand DERMATEST<\/li>\n<li>Test\u00e9 selon les normes EN 1500 et EN 12791<\/li>\n<li>30 secondes pour l'antisepsie hygi\u00e9nique des mains<\/li>\n<li>3 minutes pour l'antisepsie des mains chirurgicales<\/li>\n<\/ul>\n<p><img loading=\"lazy\" class=\"aligncenter wp-image-1104 size-full\" src=\"http:\/\/www.acto-tunisie.com\/wp-content\/uploads\/2021\/05\/actoderm-test.jpg\" alt=\"actoderm-test\" width=\"793\" height=\"139\" srcset=\"https:\/\/www.acto-tunisie.com\/wp-content\/uploads\/2021\/05\/actoderm-test.jpg 793w, https:\/\/www.acto-tunisie.com\/wp-content\/uploads\/2021\/05\/actoderm-test-300x53.jpg 300w, https:\/\/www.acto-tunisie.com\/wp-content\/uploads\/2021\/05\/actoderm-test-768x135.jpg 768w, https:\/\/www.acto-tunisie.com\/wp-content\/uploads\/2021\/05\/actoderm-test-600x105.jpg 600w\" sizes=\"(max-width: 793px) 100vw, 793px\" \/><\/p>","protected":false},"featured_media":1883,"comment_status":"open","ping_status":"closed","template":"","meta":{"spay_email":""},"product_cat":[15,54],"product_tag":[70,71,69],"_links":{"self":[{"href":"https:\/\/www.acto-tunisie.com\/fr\/wp-json\/wp\/v2\/product\/1107"}],"collection":[{"href":"https:\/\/www.acto-tunisie.com\/fr\/wp-json\/wp\/v2\/product"}],"about":[{"href":"https:\/\/www.acto-tunisie.com\/fr\/wp-json\/wp\/v2\/types\/product"}],"replies":[{"embeddable":true,"href":"https:\/\/www.acto-tunisie.com\/fr\/wp-json\/wp\/v2\/comments?post=1107"}],"wp:featuredmedia":[{"embeddable":true,"href":"https:\/\/www.acto-tunisie.com\/fr\/wp-json\/wp\/v2\/media\/1883"}],"wp:attachment":[{"href":"https:\/\/www.acto-tunisie.com\/fr\/wp-json\/wp\/v2\/media?parent=1107"}],"wp:term":[{"taxonomy":"product_cat","embeddable":true,"href":"https:\/\/www.acto-tunisie.com\/fr\/wp-json\/wp\/v2\/product_cat?post=1107"},{"taxonomy":"product_tag","embeddable":true,"href":"https:\/\/www.acto-tunisie.com\/fr\/wp-json\/wp\/v2\/product_tag?post=1107"}],"curies":[{"name":"wp","href":"https:\/\/api.w.org\/{rel}","templated":true}]}}