{"id":1094,"date":"2021-05-22T09:08:30","date_gmt":"2021-05-22T09:08:30","guid":{"rendered":"http:\/\/www.acto-tunisie.com\/?post_type=product&#038;p=1094"},"modified":"2021-07-13T08:06:35","modified_gmt":"2021-07-13T08:06:35","slug":"actolind-w-gel-10-ml","status":"publish","type":"product","link":"https:\/\/www.acto-tunisie.com\/fr\/produit\/actolind-w-gel-10-ml\/","title":{"rendered":"ACTOLIND\u00ae w GEL 10 ml"},"content":{"rendered":"<p><img loading=\"lazy\" class=\"alignnone wp-image-1091 size-full\" src=\"http:\/\/www.acto-tunisie.com\/wp-content\/uploads\/2021\/05\/actolind-gel-en.png\" alt=\"\" width=\"383\" height=\"97\" srcset=\"https:\/\/www.acto-tunisie.com\/wp-content\/uploads\/2021\/05\/actolind-gel-en.png 383w, https:\/\/www.acto-tunisie.com\/wp-content\/uploads\/2021\/05\/actolind-gel-en-300x76.png 300w\" sizes=\"(max-width: 383px) 100vw, 383px\" \/><\/p>\n<p style=\"font-weight: 500;\"><b><strong>Protection, soins, humidification des plaies<br \/>\n<\/strong><\/b><\/p>\n<ul style=\"font-weight: 500;\">\n<li style=\"list-style-type: none;\">\n<ul>\n<li>Class\u00e9 comme le premier choix pour les plaies chroniques colonis\u00e9es et infect\u00e9es ainsi que pour les br\u00fblures.<\/li>\n<li>Convient pour le nettoyage, l'humidification et la d\u00e9contamination des plaies et des mat\u00e9riaux tels que les bandages, les pansements, les compresses et les produits de comblement des plaies.<\/li>\n<li>Efficace contre les organismes multir\u00e9sistants (SARM, ERV) et les pathog\u00e8nes mycosiques (Candida albicans)<\/li>\n<li>Acc\u00e9l\u00e8re la granulation et l'\u00e9pith\u00e9lialisation<\/li>\n<li>Test\u00e9 dermatologiquement \"Excellent\".<\/li>\n<li>Biocompatible<\/li>\n<li>Bien tol\u00e9r\u00e9<\/li>\n<\/ul>\n<\/li>\n<\/ul>\n<hr \/>\n<p style=\"font-weight: 500;\"><b><strong>Propri\u00e9t\u00e9s<\/strong><\/b><\/p>\n<p style=\"font-weight: 500;\"><b><strong>La combinaison optimale de mol\u00e9cules de r\u00e9f\u00e9rence et de mol\u00e9cules intelligentes pour le traitement des plaies<\/strong><\/b><\/p>\n<p style=\"font-weight: 500;\" class=\" translation-block\"><b><strong>Actolind<sup>\u00ae<\/sup> w Gel <\/strong><\/b>est un produit utilis\u00e9 pour le nettoyage m\u00e9canique, la d\u00e9contamination et l'hydratation des plaies chroniques et infect\u00e9es ainsi que des br\u00fblures du 1er et du 2\u00e8me degr\u00e9 avec les dispositifs m\u00e9dicaux tels que les bandages, les pansements, les tampons et les produits de comblement.<\/p>\n<p style=\"font-weight: 500;\" class=\" translation-block\"><b><strong>Actolind<sup>\u00ae<\/sup> w Gel <\/strong><\/b>nettoie, hydrate et d\u00e9connecte la surface de la plaie de l'environnement ext\u00e9rieur en formant une couche de film protecteur. Il remplit l'espace entre le pansement et la surface de la plaie et aide \u00e0 raccourcir le processus de gu\u00e9rison en maintenant la plaie stable.<\/p>\n<p style=\"font-weight: 500;\"><b><strong><em>Ce produit est un dispositif m\u00e9dical de classe III conform\u00e9ment \u00e0 la directive 93\/42\/CEE relative aux dispositifs m\u00e9dicaux.<\/em><\/strong><\/b><\/p>\n<hr \/>\n<p style=\"font-weight: 500;\"><b><strong>Composition chimique<\/strong><\/b><\/p>\n<p style=\"font-weight: 500;\">0,1% Polyhexanide (PHMB), Poloxamer, et substances auxiliaires<\/p>\n<p style=\"font-weight: 500;\"><b><strong> <img loading=\"lazy\" class=\"alignnone size-full wp-image-1092\" src=\"http:\/\/www.acto-tunisie.com\/wp-content\/uploads\/2021\/05\/acotlind-info.png\" alt=\"\" width=\"300\" height=\"42\" \/><\/strong><\/b><\/p>\n<hr \/>\n<p style=\"font-weight: 500;\"><b><strong>Mode d'emploi<\/strong><\/b><\/p>\n<p style=\"font-weight: 500;\"><b><strong>Indications:<\/strong><\/b><\/p>\n<ul style=\"font-weight: 500;\">\n<li>Plaies aigu\u00ebs infect\u00e9es ou non (par exemple, plaies traumatiques r\u00e9sultant de coupures, de d\u00e9chirures, d'excoriations, d'\u00e9crasements, de morsures, de piq\u00fbres ou de plaies chirurgicales).<\/li>\n<li>Plaies chroniques infect\u00e9es ou non (ulc\u00e8res diab\u00e9tiques, ulc\u00e8res veineux, d\u00e9cubitus (escarres), etc.)<\/li>\n<li>Plaies thermiques ou chimiques infect\u00e9es ou non (br\u00fblures du 1er et du 2e degr\u00e9, br\u00fblures chimiques, plaies caus\u00e9es par un courant \u00e9lectrique, plaies par radiation, etc.)<\/li>\n<li>R\u00e9gions d'entr\u00e9e des cath\u00e9ters urologiques<\/li>\n<li>Entretien de la peau p\u00e9ristomiale, des fistules et des abc\u00e8s, surface de la plaie avant le pansement, convenant au nettoyage antiseptique, au ramollissement et \u00e0 l'\u00e9limination des mat\u00e9riaux de pansement, c'est-\u00e0-dire les bandages, les pansements, les tampons et les produits de comblement des plaies qui sont s\u00e9ch\u00e9s, contamin\u00e9s et adh\u00e8rent \u00e0 la plaie.<\/li>\n<\/ul>\n<p><img loading=\"lazy\" class=\"alignnone size-full wp-image-1090\" src=\"http:\/\/www.acto-tunisie.com\/wp-content\/uploads\/2021\/05\/actolind-urun-detay-2.png\" alt=\"\" width=\"179\" height=\"131\" \/><\/p>\n<p style=\"font-weight: 500;\" class=\" translation-block\"><b><strong>Actolind<sup>\u00ae<\/sup> w Gel <\/strong><\/b>peut \u00eatre appliqu\u00e9 en combinaison avec <b><strong>Actolind<sup>\u00ae<\/sup> w Solution<\/strong><\/b>.La plaie doit \u00eatre nettoy\u00e9e avec <b><strong>Actolind<sup>\u00ae<\/sup> w Solution <\/strong><\/b>avant l'application de <b><strong>Actolind<sup>\u00ae<\/sup> w Gel <\/strong><\/b>pour \u00e9liminer les contaminants et les d\u00e9p\u00f4ts.<\/p>\n<p style=\"font-weight: 500;\">Le lit de la plaie doit \u00eatre recouvert d'une grande quantit\u00e9 de gel avant l'application des pansements et des bandages.<\/p>\n<p style=\"font-weight: 500;\" class=\" translation-block\"><b><strong>Actolind<sup>\u00ae<\/sup> w Gel <\/strong><\/b>n'inhibe pas la granulation ou l'\u00e9pith\u00e9lialisation.<\/p>\n<p style=\"font-weight: 500;\">Il n'a pas de propri\u00e9t\u00e9s irritantes ou analg\u00e9siques. Il ne provoque aucune sensibilisation et peut \u00eatre utilis\u00e9 en toute s\u00e9curit\u00e9 pendant une longue p\u00e9riode.<\/p>\n<p style=\"font-weight: 500;\" class=\" translation-block\"><b><strong>Actolind<sup>\u00ae<\/sup> w Gel <\/strong><\/b>peut rester \u00e0 la surface de la plaie jusqu'au prochain changement de pansement. Ainsi, <b><strong>Actolind<sup>\u00ae<\/sup> w Gel <\/strong><\/b>maintient la surface de la plaie constamment humide et minimise l'adh\u00e9rence du pansement sur la surface de la plaie en emp\u00eachant son dess\u00e8chement.<\/p>\n<p style=\"font-weight: 500;\" class=\" translation-block\"><b><strong>Actolind<sup>\u00ae<\/sup> w Gel <\/strong><\/b>est efficace contre les agents pathog\u00e8nes mycosiques et multir\u00e9sistants (SARM, ERV). Il est \u00e9galement bien tol\u00e9r\u00e9 par les allergiques et les diab\u00e9tiques. La couche de film protecteur, form\u00e9e par<\/p>\n<p style=\"font-weight: 500;\" class=\" translation-block\"><b><strong>Actolind<sup>\u00ae<\/sup> w Gel<\/strong><\/b>, peut \u00eatre facilement retir\u00e9 de la surface de la plaie lors du prochain changement de pansement. A cet effet, <b><strong>Actolind<sup>\u00ae<\/sup> w Solution <\/strong><\/b>est recommand\u00e9. Cette application doit \u00eatre r\u00e9p\u00e9t\u00e9e r\u00e9guli\u00e8rement pour \u00e9liminer les tissus morts et les cro\u00fbtes pendant le processus de gu\u00e9rison.<\/p>\n<hr \/>\n<p style=\"font-weight: 500;\"><b><strong>Utilisation:<\/strong><\/b><\/p>\n<p style=\"font-weight: 500;\" class=\" translation-block\"><b><strong>Actolind\u00ae w Gel <\/strong><\/b>peut \u00eatre appliqu\u00e9 directement sur la plaie ainsi que sur le bandage et les gazes. Les mat\u00e9riaux tels que le bandage, la gaze, les v\u00eatements d'essuyage, etc. ne doivent pas \u00eatre r\u00e9utilis\u00e9s.<\/p>\n<p style=\"font-weight: 500;\">Le produit ouvert doit \u00eatre utilis\u00e9 sur un seul patient afin d'\u00e9viter tout risque de contamination.<\/p>\n<p style=\"font-weight: 500;\" class=\" translation-block\">La plaie enti\u00e8re et ses environs doivent \u00eatre soigneusement nettoy\u00e9s \u00e0 l'aide de <b><strong>Actolind<sup>\u00ae<\/sup> w Solution <\/strong><\/b>pour minimiser le risque de transmission de contaminants et de micro-organismes \u00e0 la surface de la plaie. Pour un nettoyage optimal de la plaie, il est recommand\u00e9 de mouiller la plaie, constitu\u00e9e de tissus profonds et intens\u00e9ment n\u00e9cros\u00e9s, pendant au moins 10-15 min. \u00e0 l'aide d'une compresse enti\u00e8rement mouill\u00e9e (application d'un pansement humide).<\/p>\n<p style=\"font-weight: 500;\" class=\" translation-block\">Ne pas diluer la solution ! La plaie nettoy\u00e9e doit \u00eatre recouverte de <b><strong>Actolind<sup>\u00ae <\/sup>w Gel <\/strong><\/b>et band\u00e9 correctement.<\/p>\n<p style=\"font-weight: 500;\"><b><strong>\u00a0<\/strong><\/b><b><strong>N'utilisez pas Actolind\u00ae w Gel dans les cas suivants :<\/strong><\/b><\/p>\n<ol style=\"font-weight: 500;\">\n<li class=\" translation-block\">In hyaline cartilage and aseptic joint surgeries, in the middle and internal ear and in the eye (If&nbsp;<b><strong>Actolind<sup>\u00ae<\/sup>&nbsp;w Gel&nbsp;<\/strong><\/b>contacts the aseptic cartilage, wash immediately with Ringer solution or physiological saline solution)<\/li>\n<li>En cas d'hypersensibilit\u00e9 \u00e0 l'un des ingr\u00e9dients.<\/li>\n<li>Sur le syst\u00e8me nerveux central ou les m\u00e9ninges<\/li>\n<li>Avec des agents de surface anioniques, des savons nettoyants, des cr\u00e8mes, des huiles, des enzymes, etc. (Ces substances doivent \u00eatre enti\u00e8rement \u00e9limin\u00e9es de la surface de la plaie avant l'utilisation).<\/li>\n<\/ol>\n<hr \/>\n<table class=\"rg-table\" summary=\"Hed\">\n<thead>\n<tr>\n<th class=\"text\">Unit\u00e9<\/th>\n<th class=\"text\">Unit\u00e9 d'emballage<\/th>\n<th class=\"text\">Type d'emballage<\/th>\n<th class=\"text\">Article n\u00b0.<\/th>\n<\/tr>\n<\/thead>\n<tbody>\n<tr>\n<td class=\"text\" data-title=\"Unit\">5 ml<\/td>\n<td class=\"text\" data-title=\"Menge im Karton\">100 x 5 strip<\/td>\n<td class=\"text\" data-title=\"Packaging Type\">Bande monodose<\/td>\n<td class=\"text\" data-title=\"Article-No.\">06.6803.05<\/td>\n<\/tr>\n<tr>\n<td class=\"text\" data-title=\"Unit\">10 ml<\/td>\n<td class=\"text\" data-title=\"Menge im Karton\">50 x 5 strip<\/td>\n<td class=\"text\" data-title=\"Packaging Type\">Bande monodose<\/td>\n<td class=\"text\" data-title=\"Article-No.\">06.6803.10<\/td>\n<\/tr>\n<tr>\n<td class=\"text\" data-title=\"Unit\">30 ml<\/td>\n<td class=\"text\" data-title=\"Menge im Karton\">240<\/td>\n<td class=\"text\" data-title=\"Packaging Type\">Tube<\/td>\n<td class=\"text\" data-title=\"Article-No.\">06.6803.50<\/td>\n<\/tr>\n<tr>\n<td class=\"text\" data-title=\"Unit\">40 ml<\/td>\n<td class=\"text\" data-title=\"Menge im Karton\">200<\/td>\n<td class=\"text\" data-title=\"Packaging Type\">Tube<\/td>\n<td class=\"text\" data-title=\"Article-No.\">06.6803.100<\/td>\n<\/tr>\n<tr>\n<td class=\"text\" data-title=\"Unit\">50 ml<\/td>\n<td class=\"text\" data-title=\"Menge im Karton\">200<\/td>\n<td class=\"text\" data-title=\"Packaging Type\">Tube<\/td>\n<td class=\"text\" data-title=\"Article-No.\">06.6803.250<\/td>\n<\/tr>\n<tr>\n<td class=\"text\" data-title=\"Unit\">100 ml<\/td>\n<td class=\"text\" data-title=\"Menge im Karton\">200<\/td>\n<td class=\"text\" data-title=\"Packaging Type\">Tube<\/td>\n<td class=\"text\" data-title=\"Article-No.\">06.6803.350<\/td>\n<\/tr>\n<\/tbody>\n<\/table>\n<hr \/>\n<p>&nbsp;<\/p>\n<p><a href=\"http:\/\/www.acto-tunisie.com\/fr\/files\/actolind-w-gel\/Actolind-w-Gel-Usage.pdf\/\"><strong>> T\u00e9l\u00e9charger le mode d'emploi<\/strong><\/a><br \/>\n<a href=\"http:\/\/www.acto-tunisie.com\/fr\/files\/actolind-w-gel\/Actolind-w-Gel-Dermatest.pdf\/\"><strong>> T\u00e9l\u00e9charger DERMATEST<\/strong><\/a><br \/>\n<a href=\"http:\/\/www.acto-tunisie.com\/fr\/files\/actolind-w-gel\/Actolind-w-Gel-Brosur.pdf\/\"><strong>> T\u00e9l\u00e9charger BROSHURE<\/strong><\/a><\/p>","protected":false},"excerpt":{"rendered":"<ul style=\"font-weight: 500;\">\n<li>Class\u00e9 comme le premier choix pour les plaies chroniques colonis\u00e9es et infect\u00e9es ainsi que pour les br\u00fblures.<\/li>\n<li>Convient pour le nettoyage, l'humidification et la d\u00e9contamination des plaies et des mat\u00e9riaux tels que les bandages, les pansements, les compresses et les produits de comblement des plaies.<\/li>\n<li>Efficace contre les organismes multir\u00e9sistants (SARM, ERV) et les pathog\u00e8nes mycosiques (Candida albicans)<\/li>\n<li>Acc\u00e9l\u00e8re la granulation et l'\u00e9pith\u00e9lialisation<\/li>\n<li>Test\u00e9 dermatologiquement \"Excellent\".<\/li>\n<li>Biocompatible<\/li>\n<li>Bien tol\u00e9r\u00e9<\/li>\n<\/ul>","protected":false},"featured_media":1097,"comment_status":"open","ping_status":"closed","template":"","meta":{"spay_email":""},"product_cat":[64],"product_tag":[81,79],"_links":{"self":[{"href":"https:\/\/www.acto-tunisie.com\/fr\/wp-json\/wp\/v2\/product\/1094"}],"collection":[{"href":"https:\/\/www.acto-tunisie.com\/fr\/wp-json\/wp\/v2\/product"}],"about":[{"href":"https:\/\/www.acto-tunisie.com\/fr\/wp-json\/wp\/v2\/types\/product"}],"replies":[{"embeddable":true,"href":"https:\/\/www.acto-tunisie.com\/fr\/wp-json\/wp\/v2\/comments?post=1094"}],"wp:featuredmedia":[{"embeddable":true,"href":"https:\/\/www.acto-tunisie.com\/fr\/wp-json\/wp\/v2\/media\/1097"}],"wp:attachment":[{"href":"https:\/\/www.acto-tunisie.com\/fr\/wp-json\/wp\/v2\/media?parent=1094"}],"wp:term":[{"taxonomy":"product_cat","embeddable":true,"href":"https:\/\/www.acto-tunisie.com\/fr\/wp-json\/wp\/v2\/product_cat?post=1094"},{"taxonomy":"product_tag","embeddable":true,"href":"https:\/\/www.acto-tunisie.com\/fr\/wp-json\/wp\/v2\/product_tag?post=1094"}],"curies":[{"name":"wp","href":"https:\/\/api.w.org\/{rel}","templated":true}]}}