{"id":1082,"date":"2021-05-22T08:57:39","date_gmt":"2021-05-22T08:57:39","guid":{"rendered":"http:\/\/www.acto-tunisie.com\/?post_type=product&#038;p=1082"},"modified":"2021-07-13T07:22:27","modified_gmt":"2021-07-13T07:22:27","slug":"actolind-w-solution-500-ml-wound-care","status":"publish","type":"product","link":"https:\/\/www.acto-tunisie.com\/fr\/produit\/actolind-w-solution-500-ml-wound-care\/","title":{"rendered":"ACTOLIND\u00ae w SOLUTION 500 ml"},"content":{"rendered":"<p><img loading=\"lazy\" class=\"alignnone size-medium wp-image-1069\" src=\"http:\/\/www.acto-tunisie.com\/wp-content\/uploads\/2021\/05\/actolind-solution-en-300x57.png\" alt=\"\" width=\"300\" height=\"57\" srcset=\"https:\/\/www.acto-tunisie.com\/wp-content\/uploads\/2021\/05\/actolind-solution-en-300x57.png 300w, https:\/\/www.acto-tunisie.com\/wp-content\/uploads\/2021\/05\/actolind-solution-en.png 500w\" sizes=\"(max-width: 300px) 100vw, 300px\" \/><\/p>\n<p style=\"font-weight: 500;\"><b><strong><span data-mce-mark=\"1\">Solution pour le nettoyage, le rin\u00e7age, l'humidification et le soin des plaies<\/span><\/strong><\/b><\/p>\n<ul style=\"font-weight: 500;\">\n<li>Class\u00e9 comme le premier choix pour les plaies chroniques colonis\u00e9es et infect\u00e9es ainsi que pour les br\u00fblures.<\/li>\n<li>Convient pour le nettoyage, l'irrigation, l'humidification et la d\u00e9contamination des plaies et des mat\u00e9riaux tels que les bandages, les pansements, les compresses et les produits de comblement.<\/li>\n<li>Efficace contre les organismes multir\u00e9sistants (MDRO, MRSA, VRE) et les pathog\u00e8nes mycosiques (Candida albicans)<\/li>\n<li>Acc\u00e9l\u00e8re la granulation et l'\u00e9pith\u00e9lialisation<\/li>\n<li>Test\u00e9 dermatologiquement \"Excellent\".<\/li>\n<li>Biocompatible<\/li>\n<li>Bien tol\u00e9r\u00e9<\/li>\n<\/ul>\n<p style=\"font-weight: 500;\"><img loading=\"lazy\" class=\"alignnone size-full wp-image-1070\" src=\"http:\/\/www.acto-tunisie.com\/wp-content\/uploads\/2021\/05\/actolind-test.png\" alt=\"actolind-test\" width=\"218\" height=\"92\" \/><\/p>\n<hr \/>\n<p style=\"font-weight: 500;\">\u00a0<b><strong>Propri\u00e9t\u00e9s<\/strong><\/b><\/p>\n<p style=\"font-weight: 500;\"><b><strong>La combinaison optimale de mol\u00e9cules de r\u00e9f\u00e9rence et de mol\u00e9cules intelligentes pour le traitement des plaies<\/strong><\/b><\/p>\n<p style=\"font-weight: 500;\" class=\" translation-block\"><b><strong>Actolind<sup>\u00ae<\/sup> w Solution <\/strong><\/b>est une solution de nettoyage, d'irrigation, de d\u00e9contamination, d'humidification et de soins utilis\u00e9e avec des mat\u00e9riaux tels que des bandages, des pansements, des tampons et des produits de comblement des plaies pour les plaies aigu\u00ebs, chroniques et infect\u00e9es ainsi que pour les br\u00fblures du 1er et du 2e degr\u00e9.<\/p>\n<p style=\"font-weight: 500;\" class=\" translation-block\">>Actolind<sup>\u00ae<\/sup> w Solution <\/strong><\/b>nettoie m\u00e9caniquement les plaies. Les agents tensioactifs contenus dans sa composition permettent un nettoyage pratique et indolore n\u00e9cessaire avant le soin des plaies en diminuant la tension superficielle. <b><strong>Actolind<sup>\u00ae<\/sup> w Solution <\/strong><\/b>contribue au processus de gu\u00e9rison des plaies en assurant un effet nettoyant et hydratant tr\u00e8s positif sur les zones appliqu\u00e9es.<\/p>\n<p style=\"font-weight: 500;\" class=\" translation-block\"><b><strong>Actolind<sup>\u00ae<\/sup> w Solution <\/strong><\/b>est efficace contre les agents pathog\u00e8nes mycosiques et multir\u00e9sistants (par exemple SARM, ERV). Il est \u00e9galement bien tol\u00e9r\u00e9 par les allergiques et les diab\u00e9tiques.<\/p>\n<p style=\"font-weight: 500;\"><b><strong><em>Ce produit est un dispositif m\u00e9dical de classe III conform\u00e9ment \u00e0 la directive 93\/42\/CEE relative aux dispositifs m\u00e9dicaux.<\/em><\/strong><\/b><\/p>\n<hr \/>\n<p style=\"font-weight: 500;\"><b><strong>Composition chimique<\/strong><\/b><\/p>\n<p style=\"font-weight: 500;\">Poloxamer, Polyhexam\u00e9thyl\u00e8ne biguanide (Polyhexanide, 0,1%) eau purifi\u00e9e<\/p>\n<hr \/>\n<p style=\"font-weight: 500;\"><b><strong>Mode d'emploi<\/strong><\/b><\/p>\n<p style=\"font-weight: 500;\"><b><strong>Indications:<\/strong><\/b><\/p>\n<ul style=\"font-weight: 500;\">\n<li>Plaies aigu\u00ebs infect\u00e9es ou non (par exemple, plaies traumatiques r\u00e9sultant de coupures, de d\u00e9chirures, d'excoriations, d'\u00e9crasements, de morsures, de piq\u00fbres ou de plaies chirurgicales).<\/li>\n<li>Plaies chroniques infect\u00e9es ou non (ulc\u00e8res diab\u00e9tiques, ulc\u00e8res veineux, d\u00e9cubitus (escarres), etc.)<\/li>\n<li>Plaies thermiques ou chimiques infect\u00e9es ou non (br\u00fblures du 1er et du 2e degr\u00e9, br\u00fblures chimiques, plaies caus\u00e9es par un courant \u00e9lectrique, plaies par radiation, etc.)<\/li>\n<li>R\u00e9gions d'entr\u00e9e des cath\u00e9ters urologiques,<\/li>\n<li>Entretien de la peau p\u00e9ristomiale, des fistules et des abc\u00e8s, de la surface de la plaie avant le pansement, adapt\u00e9 au nettoyage antiseptique, au ramollissement et \u00e0 l'\u00e9limination des mat\u00e9riaux de pansement, des bandages, des pansements, des tampons et des produits de comblement des plaies qui sont s\u00e9ch\u00e9s, contamin\u00e9s et adh\u00e8rent \u00e0 la plaie.<\/li>\n<\/ul>\n<p style=\"font-weight: 500;\" class=\" translation-block\"><b><strong>Actolind<sup>\u00ae<\/sup> w Solution <\/strong><\/b>doit \u00eatre utilis\u00e9 pour le nettoyage et l'irrigation de la surface de la plaie avant tout traitement.<\/p>\n<p style=\"font-weight: 500;\" class=\" translation-block\"><b><strong>Actolind<sup>\u00ae<\/sup> w Solution <\/strong><\/b>peuvent \u00eatre appliqu\u00e9es en combinaison \navec <b><strong>Actolind<sup>\u00ae<\/sup> w Gel<\/strong><\/b>. La plaie doit \u00eatre nettoy\u00e9e avec <b><strong>Actolind<sup>\u00ae<\/sup> w Solution <\/strong><\/b>avant l'application \nde <b><strong>Actolind<sup>\u00ae<\/sup> w Gel <\/strong><\/b>pour \u00e9liminer les contaminants et les d\u00e9p\u00f4ts.<\/p>\n<p style=\"font-weight: 500;\" class=\" translation-block\"><b><strong>Actolind<sup>\u00ae<\/sup> w Solution <\/strong><\/b>peut \u00e9galement \u00eatre utilis\u00e9 pour le nettoyage antiseptique et le ramollissement des pansements incrust\u00e9s qui sont s\u00e9ch\u00e9s et coll\u00e9s \u00e0 la surface de la plaie et difficiles \u00e0 enlever.<\/p>\n<p style=\"font-weight: 500;\" class=\" translation-block\"><b><strong>Actolind<sup>\u00ae<\/sup> w Solution <\/strong><\/b>n'inhibe pas la granulation ou l'\u00e9pith\u00e9lialisation. Il n'a pas de propri\u00e9t\u00e9s irritantes ou analg\u00e9siques. Il ne provoque aucune sensibilisation et peut \u00eatre utilis\u00e9 en toute s\u00e9curit\u00e9 pendant une longue p\u00e9riode.<\/p>\n<hr \/>\n<p style=\"font-weight: 500;\"><b><strong>Utilisation:<\/strong><\/b><\/p>\n<p style=\"font-weight: 500;\" class=\" translation-block\"><b><strong>Actolind<sup>\u00ae<\/sup> w Solution <\/strong><\/b>peut \u00eatre appliqu\u00e9 directement sur la plaie ainsi que sur le bandage et les gazes.<\/p>\n<p style=\"font-weight: 500;\" class=\" translation-block\">La plaie enti\u00e8re et ses environs doivent \u00eatre soigneusement nettoy\u00e9s \u00e0 l'aide de <b><strong>Actolind<sup>\u00ae<\/sup> w Solution<\/strong><\/b>. Pour un nettoyage optimal de la plaie, il est recommand\u00e9 de mouiller la plaie constitu\u00e9e de tissus profonds et intens\u00e9ment n\u00e9cros\u00e9s, pendant au moins 10-15 min. \u00e0 l'aide d'une compresse enti\u00e8rement mouill\u00e9e (application de pansement humide). L'application peut \u00eatre r\u00e9p\u00e9t\u00e9e en fonction de l'\u00e9tat de la plaie sans limite de temps. Ne pas diluer la solution ! La plaie nettoy\u00e9e peut \u00eatre recouverte \navec <b><strong>Actolind<sup>\u00ae<\/sup> w Gel <\/strong><\/b>et band\u00e9 correctement.<\/p>\n<p style=\"font-weight: 500;\" class=\" translation-block\">Mouiller soigneusement les pansements et les bandages coll\u00e9s \u00e0 la surface de la plaie\navec <b><strong>Actolind<sup>\u00ae<\/sup> w Solution<\/strong><\/b>, attendez 5 \u00e0 10 minutes. Pour les ramollir et les retirer soigneusement de la plaie. Mouillage des mat\u00e9riaux du pansement\navec <b><strong>Actolind<sup>\u00ae<\/sup> w Solution <\/strong><\/b>emp\u00eache l'adh\u00e9rence \u00e0 la surface de la plaie et facilite consid\u00e9rablement le changement de pansement. Afin de maintenir un climat humide dans la plaie, le pansement peut \u00eatre chang\u00e9 quotidiennement, voire plusieurs fois par jour si n\u00e9cessaire. <b><strong>Actolind<sup>\u00ae<\/sup> w Solution <\/strong><\/b>est compatible avec tous les pansements modernes.<\/p>\n<p style=\"font-weight: 500;\" class=\" translation-block\">Les infections \u00e9ventuelles peuvent \u00eatre \u00e9vit\u00e9es en nettoyant r\u00e9guli\u00e8rement les ports d'entr\u00e9e du cath\u00e9ter, les connecteurs flexibles et son environnement \nen <b><strong>Actolind<sup>\u00ae<\/sup> w Solution<\/strong><\/b>. \nSpray <b><strong>Actolind<sup>\u00ae<\/sup> w Solution <\/strong><\/b>sur la zone \u00e0 une courte distance et attendez 1-5 min. Les ingr\u00e9dients \nde <b><strong>Actolind<sup>\u00ae<\/sup> w Solution <\/strong><\/b>sont particuli\u00e8rement adapt\u00e9s aux muqueuses, nettoient les cath\u00e9ters et le mat\u00e9riel PEG sans les endommager. Comme pour le soin des plaies, les pansements collants incrust\u00e9s s'enl\u00e8vent facilement apr\u00e8s avoir \u00e9t\u00e9 mouill\u00e9s avec de l'eau <b><strong>Actolind<sup>\u00ae<\/sup> w Solution<\/strong><\/b>.<\/p>\n<p style=\"font-weight: 500;\" class=\" translation-block\"><b><strong> Actolind\u00ae w Solution <\/strong><\/b>peut \u00eatre chauff\u00e9 \u00e0 la temp\u00e9rature du corps avant d'\u00eatre utilis\u00e9.<\/p>\n<p style=\"font-weight: 500;\" class=\" translation-block\"><b><strong> <\/strong><\/b><b><strong>Ne pas utiliser Actolind<sup>\u00ae<\/sup> w Solution dans les cas suivants:<\/strong><\/b><\/p>\n<ol style=\"font-weight: 500;\">\n<li class=\" translation-block\">Dans les chirurgies du cartilage hyalin et des articulations aseptiques, dans l'oreille moyenne et interne et dans l'\u0153il \n(si <b><strong>Actolind<sup>\u00ae<\/sup> w Solution <\/strong><\/b>contacts avec le cartilage aseptique, lavage imm\u00e9diat avec une solution de Ringer ou une solution saline physiologique)<\/li>\n<li>En cas d'hypersensibilit\u00e9 \u00e0 l'un des ingr\u00e9dients.<\/li>\n<li>Sur le syst\u00e8me nerveux central ou les m\u00e9ninges<\/li>\n<li>Avec des agents de surface anioniques, des savons nettoyants, des cr\u00e8mes, des huiles, des enzymes, etc. (Ces substances doivent \u00eatre enti\u00e8rement \u00e9limin\u00e9es de la surface de la plaie avant l'utilisation).<\/li>\n<li>Lavage p\u00e9riton\u00e9al et lavage<\/li>\n<\/ol>\n<hr \/>\n<p class=\"elementor-icon-box-title\"><strong>Emballage<\/strong><\/p>\n<table class=\"rg-table\" summary=\"Hed\">\n<thead>\n<tr>\n<th class=\"text\">Unit\u00e9<\/th>\n<th class=\"text\">Unit\u00e9 d'emballage<\/th>\n<th class=\"text\">Type d'emballage<\/th>\n<th class=\"text\">Article n\u00b0.<\/th>\n<\/tr>\n<\/thead>\n<tbody>\n<tr>\n<td class=\"text\" data-title=\"Unit\">5 ml<\/td>\n<td class=\"text\" data-title=\"Packaging Unit\">100 x 5 strip<\/td>\n<td class=\"text\" data-title=\"Packaging Type\">Bande monodose<\/td>\n<td class=\"text\" data-title=\"Article-No.\">06.6703.05<\/td>\n<\/tr>\n<tr>\n<td class=\"text\" data-title=\"Unit\">10 ml<\/td>\n<td class=\"text\" data-title=\"Packaging Unit\">50 x 5 strip<\/td>\n<td class=\"text\" data-title=\"Packaging Type\">Bande monodose<\/td>\n<td class=\"text\" data-title=\"Article-No.\">06.6703.10<\/td>\n<\/tr>\n<tr>\n<td class=\"text\" data-title=\"Unit\">50 ml<\/td>\n<td class=\"text\" data-title=\"Packaging Unit\">200<\/td>\n<td class=\"text\" data-title=\"Packaging Type\">Bouteille avec bouchon pulv\u00e9risateur<\/td>\n<td class=\"text\" data-title=\"Article-No.\">06.6703.50<\/td>\n<\/tr>\n<tr>\n<td class=\"text\" data-title=\"Unit\">100 ml<\/td>\n<td class=\"text\" data-title=\"Packaging Unit\">100<\/td>\n<td class=\"text\" data-title=\"Packaging Type\">Bouteille avec bouchon pulv\u00e9risateur<\/td>\n<td class=\"text\" data-title=\"Article-No.\">06.6703.100<\/td>\n<\/tr>\n<tr>\n<td class=\"text\" data-title=\"Unit\">250 ml<\/td>\n<td class=\"text\" data-title=\"Packaging Unit\">40<\/td>\n<td class=\"text\" data-title=\"Packaging Type\">Bouteille avec bouchon pulv\u00e9risateur<\/td>\n<td class=\"text\" data-title=\"Article-No.\">06.6703.250<\/td>\n<\/tr>\n<tr>\n<td class=\"text\" data-title=\"Unit\">350 ml<\/td>\n<td class=\"text\" data-title=\"Packaging Unit\">40<\/td>\n<td class=\"text\" data-title=\"Packaging Type\">Bouteille<\/td>\n<td class=\"text\" data-title=\"Article-No.\">06.6703.350<\/td>\n<\/tr>\n<tr>\n<td class=\"text\" data-title=\"Unit\">500 ml<\/td>\n<td class=\"text\" data-title=\"Packaging Unit\">20<\/td>\n<td class=\"text\" data-title=\"Packaging Type\">Bouteille<\/td>\n<td class=\"text\" data-title=\"Article-No.\">06.6703.500<\/td>\n<\/tr>\n<tr>\n<td class=\"text\" data-title=\"Unit\">1 L<\/td>\n<td class=\"text\" data-title=\"Packaging Unit\">10<\/td>\n<td class=\"text\" data-title=\"Packaging Type\">Bouteille<\/td>\n<td class=\"text\" data-title=\"Article-No.\">06.6703.1<\/td>\n<\/tr>\n<\/tbody>\n<\/table>\n<hr \/>\n<p><a href=\"http:\/\/www.acto-tunisie.com\/fr\/files\/actolind-w-solution\/Actolind_W%20Solution_instruction-of-use.pdf\/\"><strong>> T\u00e9l\u00e9charger le mode d'emploi<\/strong><\/a><br \/>\n<a href=\"http:\/\/www.acto-tunisie.com\/fr\/files\/actolind-w-solution\/Actolind_W%20Solution_Dermatest.pdf\/\"><strong>> T\u00e9l\u00e9charger DERMATEST<\/strong><\/a><br \/>\n<a href=\"http:\/\/www.acto-tunisie.com\/fr\/files\/actolind-w-solution\/Actolind_W_Solution_Broshure.pdf\/\"><strong>> T\u00e9l\u00e9charger BROSHURE<\/strong><\/a><\/p>","protected":false},"excerpt":{"rendered":"<ul>\n<li>Soutien th\u00e9rapeutique<\/li>\n<li>Aide \u00e0 raccourcir la p\u00e9riode de r\u00e9cup\u00e9ration<\/li>\n<li>Facilite l'\u00e9limination des micro-organismes r\u00e9sistants aux antibiotiques, tels que le SARM-RE-VRE, de la surface de la plaie.<\/li>\n<li>Test\u00e9 dermatologiquement (\"tr\u00e8s bien\")<\/li>\n<li>Aide \u00e0 pr\u00e9venir la formation de biofilms<\/li>\n<li>Contribue \u00e0 acc\u00e9l\u00e9rer la granulation et l'\u00e9pith\u00e9lisation.<\/li>\n<li>Biocompatible<\/li>\n<\/ul>","protected":false},"featured_media":1086,"comment_status":"open","ping_status":"closed","template":"","meta":{"spay_email":""},"product_cat":[64],"product_tag":[77,72],"_links":{"self":[{"href":"https:\/\/www.acto-tunisie.com\/fr\/wp-json\/wp\/v2\/product\/1082"}],"collection":[{"href":"https:\/\/www.acto-tunisie.com\/fr\/wp-json\/wp\/v2\/product"}],"about":[{"href":"https:\/\/www.acto-tunisie.com\/fr\/wp-json\/wp\/v2\/types\/product"}],"replies":[{"embeddable":true,"href":"https:\/\/www.acto-tunisie.com\/fr\/wp-json\/wp\/v2\/comments?post=1082"}],"wp:featuredmedia":[{"embeddable":true,"href":"https:\/\/www.acto-tunisie.com\/fr\/wp-json\/wp\/v2\/media\/1086"}],"wp:attachment":[{"href":"https:\/\/www.acto-tunisie.com\/fr\/wp-json\/wp\/v2\/media?parent=1082"}],"wp:term":[{"taxonomy":"product_cat","embeddable":true,"href":"https:\/\/www.acto-tunisie.com\/fr\/wp-json\/wp\/v2\/product_cat?post=1082"},{"taxonomy":"product_tag","embeddable":true,"href":"https:\/\/www.acto-tunisie.com\/fr\/wp-json\/wp\/v2\/product_tag?post=1082"}],"curies":[{"name":"wp","href":"https:\/\/api.w.org\/{rel}","templated":true}]}}